{"id":1765,"date":"2024-12-14T03:13:20","date_gmt":"2024-12-14T03:13:20","guid":{"rendered":"https:\/\/mj-clothing.com\/?post_type=product&#038;p=1765"},"modified":"2024-12-17T07:10:04","modified_gmt":"2024-12-17T07:10:04","slug":"vintage-jacket","status":"publish","type":"product","link":"https:\/\/mj-clothing.com\/hu\/manufacturer\/vintage-jacket\/","title":{"rendered":"Vintage kab\u00e1t"},"content":{"rendered":"<p data-sourcepos=\"1:1-1:110\">A vintage kab\u00e1t id\u0151tlen darab, amely b\u00e1rmilyen \u00f6lt\u00f6z\u00e9khez egyedi sz\u00ednt adhat. \u00cdme, mi\u00e9rt szerethetsz egyet:<\/p>\n<h3 data-sourcepos=\"3:1-3:32\"><strong>Mi\u00e9rt v\u00e1lasszon vintage kab\u00e1tot?<\/strong><\/h3>\n<ul data-sourcepos=\"5:1-9:0\">\n<li data-sourcepos=\"5:1-5:118\"><strong>Egyedi st\u00edlus:<\/strong>\u00a0 A kab\u00e1tok gyakran olyan k\u00fcl\u00f6nleges mint\u00e1kkal \u00e9s r\u00e9szletekkel rendelkeznek, amelyeket a modern ruh\u00e1zatban nem tal\u00e1lsz meg.<\/li>\n<li data-sourcepos=\"6:1-6:111\"><strong>Kiv\u00e1l\u00f3 min\u0151s\u00e9g:<\/strong> Sok kab\u00e1t kiv\u00e1l\u00f3 min\u0151s\u00e9g\u0171 anyagokb\u00f3l k\u00e9sz\u00fcl, amelyek ki\u00e1llt\u00e1k az id\u0151 pr\u00f3b\u00e1j\u00e1t.<\/li>\n<li data-sourcepos=\"7:1-7:125\"><strong>Fenntarthat\u00f3 divat:<\/strong> Ha vintage ruh\u00e1t v\u00e1lasztasz, cs\u00f6kkented a k\u00f6rnyezetre gyakorolt hat\u00e1st, \u00e9s egy ruhadarabnak m\u00e1sodik \u00e9letet adsz.<\/li>\n<li data-sourcepos=\"8:1-9:0\"><strong>Karakter \u00e9s t\u00f6rt\u00e9nelem:<\/strong> A kab\u00e1tok t\u00f6rt\u00e9netet mes\u00e9lhetnek, nosztalgi\u00e1val \u00e9s szem\u00e9lyis\u00e9ggel gazdag\u00edtva ruhat\u00e1radat.<\/li>\n<\/ul>\n<h3 data-sourcepos=\"10:1-10:34\"><strong>Hogyan stiliz\u00e1ljunk egy vintage kab\u00e1tot:<\/strong><\/h3>\n<ul data-sourcepos=\"12:1-16:0\">\n<li data-sourcepos=\"12:1-12:79\"><strong>Alkalmi:<\/strong> P\u00e1ros\u00edtsd farmerrel, p\u00f3l\u00f3val \u00e9s tornacip\u0151vel a laza megjelen\u00e9shez.<\/li>\n<li data-sourcepos=\"13:1-13:98\"><strong>Smart Casual:<\/strong> Viselheti chin\u00f3val, gombos inggel \u00e9s papuccsal egy eleg\u00e1ns \u00f6ssze\u00e1ll\u00edt\u00e1shoz.<\/li>\n<li data-sourcepos=\"14:1-14:93\"><strong>Edgy:<\/strong> Kombin\u00e1ld b\u0151rnadr\u00e1ggal, grafikus p\u00f3l\u00f3val \u00e9s csizm\u00e1val a rock and roll hangulat\u00e9rt.<\/li>\n<li data-sourcepos=\"15:1-16:0\"><strong>Hivatalos:<\/strong> R\u00e9tegezze \u00f6lt\u00f6nyzak\u00f3 f\u00f6l\u00e9, hogy a form\u00e1lis viseletet egyediv\u00e9 var\u00e1zsolja.<\/li>\n<\/ul>\n<h3 data-sourcepos=\"17:1-17:39\"><strong>Tippek a vintage kab\u00e1t kiv\u00e1laszt\u00e1s\u00e1hoz:<\/strong><\/h3>\n<ul data-sourcepos=\"19:1-23:0\">\n<li data-sourcepos=\"19:1-19:82\"><strong>Illeszked\u00e9s:<\/strong> Gy\u0151z\u0151dj\u00f6n meg arr\u00f3l, hogy a kab\u00e1t j\u00f3l illeszkedik, figyelembe v\u00e9ve az esetleges m\u00f3dos\u00edt\u00e1sokat.<\/li>\n<li data-sourcepos=\"20:1-20:64\"><strong>Felt\u00e9tel:<\/strong> Ellen\u0151rizze, hogy nincs-e rajta s\u00e9r\u00fcl\u00e9s, folt vagy kop\u00e1s.<\/li>\n<li data-sourcepos=\"21:1-21:93\"><strong>St\u00edlus:<\/strong> Vegye figyelembe szem\u00e9lyes st\u00edlus\u00e1t, \u00e9s v\u00e1lasszon olyan kab\u00e1tot, amely kieg\u00e9sz\u00edti a ruhat\u00e1r\u00e1t.<\/li>\n<li data-sourcepos=\"22:1-23:0\"><strong>Anyag:<\/strong> Keresse az olyan kiv\u00e1l\u00f3 min\u0151s\u00e9g\u0171 anyagokat, mint a b\u0151r, a gyapj\u00fa vagy a farmer.<\/li>\n<\/ul>\n<h3 data-sourcepos=\"24:1-24:34\"><strong>Hol lehet megtal\u00e1lni a Vintage kab\u00e1tot:<\/strong><\/h3>\n<ul data-sourcepos=\"26:1-30:0\">\n<li data-sourcepos=\"26:1-26:76\"><strong>Takar\u00e9kboltok:<\/strong> Remek hely, ahol rejtett gy\u00f6ngyszemeket tal\u00e1lhatsz megfizethet\u0151 \u00e1ron.<\/li>\n<li data-sourcepos=\"27:1-27:89\"><strong>Consignment \u00fczletek:<\/strong> Ezek az \u00fczletek gyakran rendelkeznek vintage ruh\u00e1kb\u00f3l \u00f6ssze\u00e1ll\u00edtott gy\u0171jtem\u00e9nyeivel.<\/li>\n<li data-sourcepos=\"28:1-28:97\"><strong>Online piacterek:<\/strong> Az olyan weboldalak, mint az eBay \u00e9s az Etsy kab\u00e1tok hatalmas v\u00e1laszt\u00e9k\u00e1t k\u00edn\u00e1lj\u00e1k.<\/li>\n<li data-sourcepos=\"29:1-30:0\"><strong>Vintage ruh\u00e1zati \u00fczletek:<\/strong> Vintage divatra szakosodott szak\u00fczletek.<\/li>\n<\/ul>\n<div class=\"attachment-container search-images\">\n<div class=\"image-container hide-from-message-actions ng-star-inserted\">\n<div class=\"overlay-container ng-star-inserted\"><\/div>\n<\/div>\n<\/div>","protected":false},"excerpt":{"rendered":"<table style=\"height: 442px;\" width=\"514\">\n<tbody>\n<tr>\n<td width=\"146\"><strong><b>Term\u00e9k<\/b><\/strong>\u00a0<strong><b>N\u00e9v:<\/b><\/strong><\/td>\n<td width=\"601\"><strong>Vintage kab\u00e1t<\/strong><\/td>\n<\/tr>\n<tr>\n<td width=\"146\"><strong><b>Materlal:<\/b><\/strong><\/td>\n<td width=\"601\">Poli\u00e9szter\/pamut<\/td>\n<\/tr>\n<tr>\n<td width=\"146\"><strong><b>Technika:<\/b><\/strong><\/td>\n<td width=\"601\">Nyomtat\u00e1s \u00e9s fest\u00e9s<\/td>\n<\/tr>\n<tr>\n<td width=\"146\"><strong><b>St\u00edlus:<\/b><\/strong><\/td>\n<td width=\"601\">Alkalmi<\/td>\n<\/tr>\n<tr>\n<td width=\"146\"><strong><b>Sz\u00ednes<\/b><\/strong><strong><b>:<\/b><\/strong><\/td>\n<td width=\"601\">\u00a0Egyedi sz\u00ednek<\/td>\n<\/tr>\n<tr>\n<td width=\"146\"><strong><b>M\u00e9ret:<\/b><\/strong><\/td>\n<td width=\"601\">S \/M \/L \/XL \/2XL<\/td>\n<\/tr>\n<tr>\n<td width=\"146\"><strong><b>OEM\/ODM:<\/b><\/strong><\/td>\n<td width=\"601\">Elfogadhat\u00f3<\/td>\n<\/tr>\n<tr>\n<td width=\"146\"><strong><b>Min\u0151s\u00e9g:<\/b><\/strong><\/td>\n<td width=\"601\">100% Kiv\u00e1l\u00f3 min\u0151s\u00e9g<\/td>\n<\/tr>\n<tr>\n<td width=\"146\"><strong><b>M<\/b><\/strong><strong><b>OQ:<\/b><\/strong><\/td>\n<td width=\"601\">200 db<\/td>\n<\/tr>\n<\/tbody>\n<\/table>","protected":false},"featured_media":1769,"template":"","meta":[],"product_brand":[],"product_cat":[38],"product_tag":[],"class_list":{"0":"post-1765","1":"product","2":"type-product","3":"status-publish","4":"has-post-thumbnail","6":"product_cat-mens-clothing","8":"first","9":"instock","10":"shipping-taxable","11":"product-type-simple"},"_links":{"self":[{"href":"https:\/\/mj-clothing.com\/hu\/wp-json\/wp\/v2\/product\/1765","targetHints":{"allow":["GET"]}}],"collection":[{"href":"https:\/\/mj-clothing.com\/hu\/wp-json\/wp\/v2\/product"}],"about":[{"href":"https:\/\/mj-clothing.com\/hu\/wp-json\/wp\/v2\/types\/product"}],"wp:featuredmedia":[{"embeddable":true,"href":"https:\/\/mj-clothing.com\/hu\/wp-json\/wp\/v2\/media\/1769"}],"wp:attachment":[{"href":"https:\/\/mj-clothing.com\/hu\/wp-json\/wp\/v2\/media?parent=1765"}],"wp:term":[{"taxonomy":"product_brand","embeddable":true,"href":"https:\/\/mj-clothing.com\/hu\/wp-json\/wp\/v2\/product_brand?post=1765"},{"taxonomy":"product_cat","embeddable":true,"href":"https:\/\/mj-clothing.com\/hu\/wp-json\/wp\/v2\/product_cat?post=1765"},{"taxonomy":"product_tag","embeddable":true,"href":"https:\/\/mj-clothing.com\/hu\/wp-json\/wp\/v2\/product_tag?post=1765"}],"curies":[{"name":"wp","href":"https:\/\/api.w.org\/{rel}","templated":true}]}}