{"id":1777,"date":"2024-12-14T03:30:07","date_gmt":"2024-12-14T03:30:07","guid":{"rendered":"https:\/\/mj-clothing.com\/?post_type=product&#038;p=1777"},"modified":"2024-12-17T07:04:15","modified_gmt":"2024-12-17T07:04:15","slug":"cropped-leather-jacket","status":"publish","type":"product","link":"https:\/\/mj-clothing.com\/hu\/manufacturer\/cropped-leather-jacket\/","title":{"rendered":"V\u00e1gott b\u0151rdzseki"},"content":{"rendered":"<p data-sourcepos=\"1:1-1:117\">A kiv\u00e1gott b\u0151rdzseki st\u00edlusos \u00e9s sokoldal\u00fa darab, amely b\u00e1rmilyen ruh\u00e1t feldobhat. \u00cdme, mi\u00e9rt szerethetsz egyet:<\/p>\n<h3 data-sourcepos=\"3:1-3:40\"><strong>Mi\u00e9rt v\u00e1lasszon Cropped b\u0151rdzsekit?<\/strong><\/h3>\n<ul data-sourcepos=\"5:1-9:0\">\n<li data-sourcepos=\"5:1-5:120\"><strong><span class=\"citation-0 recitation\">Divatos \u00e9s modern:<\/span><\/strong><span class=\"citation-0 recitation citation-end-0\"> A r\u00f6vidre szabott kab\u00e1tok n\u00e9pszer\u0171 trend, amely modern k\u00fcls\u0151t k\u00f6lcs\u00f6n\u00f6zhet a megjelen\u00e9sednek.<\/span><\/li>\n<li data-sourcepos=\"5:1-5:120\"><strong style=\"font-size: 14.4px;\">Sokoldal\u00fa st\u00edlus:<\/strong><span style=\"font-size: 14.4px;\"> Fel vagy le lehet \u00f6lt\u00f6ztetni, \u00edgy k\u00fcl\u00f6nb\u00f6z\u0151 alkalmakra t\u00f6k\u00e9letes.<\/span><\/li>\n<li data-sourcepos=\"7:1-7:113\"><strong><span class=\"citation-1 recitation\">H\u00edzelg\u0151 szab\u00e1s:<\/span><\/strong><span class=\"citation-1 recitation citation-end-1\"> Egy kiv\u00e1gott kab\u00e1t kiemelheti a derek\u00e1t, \u00e9s h\u00edzelg\u0151 sziluettet hozhat l\u00e9tre.<\/span><\/li>\n<li data-sourcepos=\"7:1-7:113\"><strong style=\"font-size: 14.4px;\">Eleg\u00e1ns \u00e9s eleg\u00e1ns:<\/strong><span style=\"font-size: 14.4px;\"> A b\u0151r egy csipetnyi kem\u00e9nys\u00e9get \u00e9s kifinomults\u00e1got k\u00f6lcs\u00f6n\u00f6z.<\/span><\/li>\n<\/ul>\n<h3 data-sourcepos=\"10:1-10:42\"><strong>Hogyan stiliz\u00e1ljunk egy r\u00f6vidre v\u00e1gott b\u0151rdzsekit:<\/strong><\/h3>\n<ul data-sourcepos=\"12:1-15:0\">\n<li data-sourcepos=\"12:1-12:82\"><strong>Casual Chic:<\/strong> P\u00e1ros\u00edtsd farmerrel, p\u00f3l\u00f3val \u00e9s tornacip\u0151vel a laza megjelen\u00e9shez.<\/li>\n<li data-sourcepos=\"13:1-13:102\"><strong>Smart Casual:<\/strong> Viselje szokny\u00e1val, bl\u00fazzal \u00e9s bokacsizm\u00e1val, hogy n\u0151ies \u00e9s st\u00edlusos legyen az \u00f6lt\u00f6z\u00e9ke.<\/li>\n<li data-sourcepos=\"14:1-15:0\"><strong>Edgy Look:<\/strong> Kombin\u00e1ld b\u0151rnadr\u00e1ggal, grafikus p\u00f3l\u00f3val \u00e9s csizm\u00e1val a rock and roll hangulat\u00e9rt.<\/li>\n<\/ul>\n<h3 data-sourcepos=\"16:1-16:47\"><strong>Tippek a kiv\u00e1gott b\u0151rdzseki kiv\u00e1laszt\u00e1s\u00e1hoz:<\/strong><\/h3>\n<ul data-sourcepos=\"18:1-22:0\">\n<li data-sourcepos=\"18:1-18:71\"><strong>Illeszked\u00e9s:<\/strong> V\u00e1lasszon olyan kab\u00e1tot, amely j\u00f3l illeszkedik \u00e9s h\u00edzeleg a testalkat\u00e1nak.<\/li>\n<li data-sourcepos=\"19:1-19:60\"><strong>Anyag:<\/strong> V\u00e1lasszon kiv\u00e1l\u00f3 min\u0151s\u00e9g\u0171 b\u0151rt, amely tart\u00f3s.<\/li>\n<li data-sourcepos=\"20:1-20:87\"><strong>St\u00edlus:<\/strong> Vegye figyelembe szem\u00e9lyes st\u00edlus\u00e1t, \u00e9s v\u00e1lasszon olyan kab\u00e1tot, amely t\u00fckr\u00f6zi \u00edzl\u00e9s\u00e9t.<\/li>\n<li data-sourcepos=\"21:1-22:0\"><strong>Sz\u00edn:<\/strong> A fekete klasszikus v\u00e1laszt\u00e1s, de m\u00e1s sz\u00edneket is v\u00e1laszthat, p\u00e9ld\u00e1ul barn\u00e1t vagy bord\u00f3t.<\/li>\n<\/ul>","protected":false},"excerpt":{"rendered":"<table style=\"height: 523px;\" width=\"508\">\n<tbody>\n<tr>\n<td width=\"146\"><strong><b>Term\u00e9k<\/b><\/strong>\u00a0<strong><b>N\u00e9v:<\/b><\/strong><\/td>\n<td width=\"601\"><strong>V\u00e1gott b\u0151rdzseki<\/strong><\/td>\n<\/tr>\n<tr>\n<td width=\"146\"><strong><b>Materlal:<\/b><\/strong><\/td>\n<td width=\"601\">Poli\u00e9szter\/pamut<\/td>\n<\/tr>\n<tr>\n<td width=\"146\"><strong><b>Technika:<\/b><\/strong><\/td>\n<td width=\"601\">B\u0151r<\/td>\n<\/tr>\n<tr>\n<td width=\"146\"><strong><b>St\u00edlus:<\/b><\/strong><\/td>\n<td width=\"601\">Alkalmi<\/td>\n<\/tr>\n<tr>\n<td width=\"146\"><strong><b>Sz\u00ednes<\/b><\/strong><strong><b>:<\/b><\/strong><\/td>\n<td width=\"601\">\u00a0Egyedi sz\u00ednek<\/td>\n<\/tr>\n<tr>\n<td width=\"146\"><strong><b>M\u00e9ret:<\/b><\/strong><\/td>\n<td width=\"601\">S \/M \/L \/XL \/2XL<\/td>\n<\/tr>\n<tr>\n<td width=\"146\"><strong><b>OEM\/ODM:<\/b><\/strong><\/td>\n<td width=\"601\">Elfogadhat\u00f3<\/td>\n<\/tr>\n<tr>\n<td width=\"146\"><strong><b>Min\u0151s\u00e9g:<\/b><\/strong><\/td>\n<td width=\"601\">100% Kiv\u00e1l\u00f3 min\u0151s\u00e9g<\/td>\n<\/tr>\n<tr>\n<td width=\"146\"><strong><b>M<\/b><\/strong><strong><b>OQ:<\/b><\/strong><\/td>\n<td width=\"601\">200 db<\/td>\n<\/tr>\n<\/tbody>\n<\/table>","protected":false},"featured_media":1781,"template":"","meta":[],"product_brand":[],"product_cat":[38],"product_tag":[],"class_list":{"0":"post-1777","1":"product","2":"type-product","3":"status-publish","4":"has-post-thumbnail","6":"product_cat-mens-clothing","8":"first","9":"instock","10":"shipping-taxable","11":"product-type-simple"},"_links":{"self":[{"href":"https:\/\/mj-clothing.com\/hu\/wp-json\/wp\/v2\/product\/1777","targetHints":{"allow":["GET"]}}],"collection":[{"href":"https:\/\/mj-clothing.com\/hu\/wp-json\/wp\/v2\/product"}],"about":[{"href":"https:\/\/mj-clothing.com\/hu\/wp-json\/wp\/v2\/types\/product"}],"wp:featuredmedia":[{"embeddable":true,"href":"https:\/\/mj-clothing.com\/hu\/wp-json\/wp\/v2\/media\/1781"}],"wp:attachment":[{"href":"https:\/\/mj-clothing.com\/hu\/wp-json\/wp\/v2\/media?parent=1777"}],"wp:term":[{"taxonomy":"product_brand","embeddable":true,"href":"https:\/\/mj-clothing.com\/hu\/wp-json\/wp\/v2\/product_brand?post=1777"},{"taxonomy":"product_cat","embeddable":true,"href":"https:\/\/mj-clothing.com\/hu\/wp-json\/wp\/v2\/product_cat?post=1777"},{"taxonomy":"product_tag","embeddable":true,"href":"https:\/\/mj-clothing.com\/hu\/wp-json\/wp\/v2\/product_tag?post=1777"}],"curies":[{"name":"wp","href":"https:\/\/api.w.org\/{rel}","templated":true}]}}