{"id":1785,"date":"2024-12-14T03:42:50","date_gmt":"2024-12-14T03:42:50","guid":{"rendered":"https:\/\/mj-clothing.com\/?post_type=product&#038;p=1785"},"modified":"2024-12-17T07:02:12","modified_gmt":"2024-12-17T07:02:12","slug":"mens-full-zip-sweater","status":"publish","type":"product","link":"https:\/\/mj-clothing.com\/hu\/manufacturer\/mens-full-zip-sweater\/","title":{"rendered":"F\u00e9rfi teljes cipz\u00e1ras pul\u00f3ver"},"content":{"rendered":"<p data-sourcepos=\"1:1-1:236\"><span class=\"citation-0 recitation citation-end-0\">A f\u00e9rfi Full Zip pul\u00f3ver egy sokoldal\u00fa ruhadarab, amelyet k\u00fcl\u00f6nb\u00f6z\u0151 id\u0151j\u00e1r\u00e1si k\u00f6r\u00fclm\u00e9nyek k\u00f6z\u00f6tt lehet viselni, \u00e9s k\u00fcl\u00f6nb\u00f6z\u0151 alkalmakra lehet stiliz\u00e1lni.<\/span> K\u00e9nyelmes \u00e9s st\u00edlusos alternat\u00edv\u00e1t k\u00edn\u00e1l a hagyom\u00e1nyos pul\u00f3verek helyett.<span class=\"button-container hide-from-message-actions ng-star-inserted\"> \u00a0<\/span><\/p>\n<h3><strong style=\"font-size: 14.4px;\">A f\u00e9rfi teljes cipz\u00e1ras pul\u00f3ver legfontosabb jellemz\u0151i:<\/strong><\/h3>\n<ul data-sourcepos=\"5:1-9:0\">\n<li data-sourcepos=\"5:1-5:116\"><strong>Teljes cipz\u00e1ras lez\u00e1r\u00e1s:<\/strong> A teljes cipz\u00e1ras kialak\u00edt\u00e1s lehet\u0151v\u00e9 teszi a k\u00f6nny\u0171 fel- \u00e9s lev\u00e9telt, \u00e9s be\u00e1ll\u00edthat\u00f3 a h\u0151m\u00e9rs\u00e9klet szab\u00e1lyoz\u00e1s\u00e1ra.<\/li>\n<li data-sourcepos=\"6:1-6:127\"><strong>Melegs\u00e9g \u00e9s k\u00e9nyelem:<\/strong> <span class=\"citation-1 recitation citation-end-1\">A teljes cipz\u00e1ras pul\u00f3verek gyakran meleg anyagokb\u00f3l, p\u00e9ld\u00e1ul gyapj\u00fab\u00f3l, gyapj\u00fab\u00f3l vagy gyapj\u00fakever\u00e9kb\u0151l k\u00e9sz\u00fclnek.<\/span><span class=\"button-container hide-from-message-actions ng-star-inserted\">\u00a0 \u00a0<\/span>\n<div class=\"container ng-tns-c2946245707-175 hide\">\n<div class=\"carousel-container ng-tns-c2946245707-175\"><\/div>\n<\/div>\n<\/li>\n<li data-sourcepos=\"7:1-7:134\"><strong>Sokoldal\u00fa st\u00edlus:<\/strong> <span class=\"citation-2 recitation citation-end-2\">Az id\u0151j\u00e1r\u00e1st\u00f3l \u00e9s a k\u00edv\u00e1nt megjelen\u00e9st\u0151l f\u00fcgg\u0151en ingek f\u00f6l\u00e9 vagy \u00f6nmagukban is viselhet\u0151k.<\/span><\/li>\n<li data-sourcepos=\"7:1-7:134\"><strong><span class=\"citation-3 recitation\">Funkcion\u00e1lis zsebek:<\/span><\/strong><span class=\"citation-3 recitation citation-end-3\"> Sok teljes cipz\u00e1ras pul\u00f3ver zsebekkel van ell\u00e1tva, hogy melegen tartsa a kez\u00e9t, vagy kisebb t\u00e1rgyakat t\u00e1roljon.<\/span><span class=\"button-container hide-from-message-actions ng-star-inserted\">\u00a0<\/span>\n<div class=\"container ng-tns-c2946245707-177 hide\">\n<div class=\"carousel-container ng-tns-c2946245707-177\"><\/div>\n<\/div>\n<\/li>\n<\/ul>\n<h2 data-sourcepos=\"10:1-10:42\"><strong>Hogyan kell st\u00edlusosan viselni egy teljes cipz\u00e1ras f\u00e9rfi pul\u00f3vert:<\/strong><\/h2>\n<ul data-sourcepos=\"12:1-15:0\">\n<li data-sourcepos=\"12:1-12:77\"><strong>Alkalmi:<\/strong> P\u00e1ros\u00edtsd farmerrel, p\u00f3l\u00f3val \u00e9s tornacip\u0151vel a laza megjelen\u00e9shez.<\/li>\n<li data-sourcepos=\"13:1-13:96\"><strong>Smart Casual:<\/strong> Viselheti chin\u00f3val, gombos inggel \u00e9s papuccsal egy eleg\u00e1ns \u00f6lt\u00f6z\u00e9khez.<\/li>\n<li data-sourcepos=\"14:1-15:0\"><strong>Szabadt\u00e9ri tev\u00e9kenys\u00e9gek:<\/strong> R\u00e9tegezze egy gyapj\u00fa vagy kapucnis pul\u00f3ver f\u00f6l\u00e9, hogy a szabadt\u00e9ri kalandok sor\u00e1n m\u00e9g melegebb legyen.<\/li>\n<\/ul>\n<h3 data-sourcepos=\"16:1-16:47\"><strong>N\u00e9pszer\u0171 m\u00e1rk\u00e1k a Mens Full Zip Sweater sz\u00e1m\u00e1ra:<\/strong><\/h3>\n<ul data-sourcepos=\"18:1-21:0\">\n<li data-sourcepos=\"18:1-18:71\"><strong><span class=\"citation-4 recitation\">K\u00fclt\u00e9ri m\u00e1rk\u00e1k:<\/span><\/strong><span class=\"citation-4 recitation citation-end-4\"> The North Face, Patagonia, Arc'teryx<\/span><span class=\"button-container hide-from-message-actions ng-star-inserted\"> \u00a0<\/span><\/li>\n<li data-sourcepos=\"18:1-18:71\"><strong style=\"font-size: 14.4px;\">\u00c9letm\u00f3d m\u00e1rk\u00e1k:<\/strong><span style=\"font-size: 14.4px;\"> Ralph Lauren, Tommy Hilfiger, J.Crew<\/span><\/li>\n<li data-sourcepos=\"20:1-21:0\"><strong>M\u0171szaki m\u00e1rk\u00e1k:<\/strong> Under Armour, Nike, Adidas<\/li>\n<\/ul>\n<p data-sourcepos=\"22:1-22:111\"><strong>Ne feledje, hogy a cipz\u00e1ras pul\u00f3ver kiv\u00e1laszt\u00e1s\u00e1nak kulcsa az anyag, az illeszked\u00e9s \u00e9s a szem\u00e9lyes st\u00edlus figyelembev\u00e9tele.<\/strong><\/p>","protected":false},"excerpt":{"rendered":"<table style=\"height: 424px;\" width=\"509\">\n<tbody>\n<tr>\n<td width=\"146\"><strong><b>Term\u00e9k<\/b><\/strong>\u00a0<strong><b>N\u00e9v:<\/b><\/strong><\/td>\n<td width=\"601\"><strong>F\u00e9rfi teljes cipz\u00e1ras pul\u00f3ver<\/strong><\/td>\n<\/tr>\n<tr>\n<td width=\"146\"><strong><b>Materlal:<\/b><\/strong><\/td>\n<td width=\"601\">Poli\u00e9szter\/pamut<\/td>\n<\/tr>\n<tr>\n<td width=\"146\"><strong><b>Technika:<\/b><\/strong><\/td>\n<td width=\"601\">Sz\u00f6v\u00e9s<\/td>\n<\/tr>\n<tr>\n<td width=\"146\"><strong><b>St\u00edlus:<\/b><\/strong><\/td>\n<td width=\"601\">Alkalmi<\/td>\n<\/tr>\n<tr>\n<td width=\"146\"><strong><b>Sz\u00ednes<\/b><\/strong><strong><b>:<\/b><\/strong><\/td>\n<td width=\"601\">\u00a0Egyedi sz\u00ednek<\/td>\n<\/tr>\n<tr>\n<td width=\"146\"><strong><b>M\u00e9ret:<\/b><\/strong><\/td>\n<td width=\"601\">S \/M \/L \/XL \/2XL<\/td>\n<\/tr>\n<tr>\n<td width=\"146\"><strong><b>OEM\/ODM:<\/b><\/strong><\/td>\n<td width=\"601\">Elfogadhat\u00f3<\/td>\n<\/tr>\n<tr>\n<td width=\"146\"><strong><b>Min\u0151s\u00e9g:<\/b><\/strong><\/td>\n<td width=\"601\">100% Kiv\u00e1l\u00f3 min\u0151s\u00e9g<\/td>\n<\/tr>\n<tr>\n<td width=\"146\"><strong><b>M<\/b><\/strong><strong><b>OQ:<\/b><\/strong><\/td>\n<td width=\"601\">200 db<\/td>\n<\/tr>\n<\/tbody>\n<\/table>","protected":false},"featured_media":1790,"template":"","meta":[],"product_brand":[],"product_cat":[38],"product_tag":[],"class_list":{"0":"post-1785","1":"product","2":"type-product","3":"status-publish","4":"has-post-thumbnail","6":"product_cat-mens-clothing","8":"first","9":"instock","10":"shipping-taxable","11":"product-type-simple"},"_links":{"self":[{"href":"https:\/\/mj-clothing.com\/hu\/wp-json\/wp\/v2\/product\/1785","targetHints":{"allow":["GET"]}}],"collection":[{"href":"https:\/\/mj-clothing.com\/hu\/wp-json\/wp\/v2\/product"}],"about":[{"href":"https:\/\/mj-clothing.com\/hu\/wp-json\/wp\/v2\/types\/product"}],"wp:featuredmedia":[{"embeddable":true,"href":"https:\/\/mj-clothing.com\/hu\/wp-json\/wp\/v2\/media\/1790"}],"wp:attachment":[{"href":"https:\/\/mj-clothing.com\/hu\/wp-json\/wp\/v2\/media?parent=1785"}],"wp:term":[{"taxonomy":"product_brand","embeddable":true,"href":"https:\/\/mj-clothing.com\/hu\/wp-json\/wp\/v2\/product_brand?post=1785"},{"taxonomy":"product_cat","embeddable":true,"href":"https:\/\/mj-clothing.com\/hu\/wp-json\/wp\/v2\/product_cat?post=1785"},{"taxonomy":"product_tag","embeddable":true,"href":"https:\/\/mj-clothing.com\/hu\/wp-json\/wp\/v2\/product_tag?post=1785"}],"curies":[{"name":"wp","href":"https:\/\/api.w.org\/{rel}","templated":true}]}}