{"id":1792,"date":"2024-12-14T03:52:01","date_gmt":"2024-12-14T03:52:01","guid":{"rendered":"https:\/\/mj-clothing.com\/?post_type=product&#038;p=1792"},"modified":"2024-12-17T07:00:56","modified_gmt":"2024-12-17T07:00:56","slug":"mens-alpaca-sweater","status":"publish","type":"product","link":"https:\/\/mj-clothing.com\/hu\/manufacturer\/mens-alpaca-sweater\/","title":{"rendered":"F\u00e9rfi alpaka pul\u00f3ver"},"content":{"rendered":"<p data-sourcepos=\"1:1-1:198\"><span class=\"citation-0 recitation citation-end-0\">A f\u00e9rfi alpaka pul\u00f3ver egy luxus \u00e9s meleg ruhadarab, amely az alpaka, egy d\u00e9l-amerikai tevef\u00e9le finom, puha rostj\u00e1b\u00f3l k\u00e9sz\u00fclt.<\/span> Az alpaka sz\u00e1l kiv\u00e9teles tulajdons\u00e1gair\u00f3l ismert, t\u00f6bbek k\u00f6z\u00f6tt:<span class=\"button-container hide-from-message-actions ng-star-inserted\"> \u00a0<\/span><\/p>\n<ul data-sourcepos=\"3:1-7:0\">\n<li data-sourcepos=\"3:1-3:89\"><strong><span class=\"citation-1 recitation\">Puha:<\/span><\/strong><span class=\"citation-1 recitation citation-end-1\"> Az alpaka sz\u00e1l hihetetlen\u00fcl puha, gyakran puh\u00e1bb, mint a kasm\u00edr.<\/span><\/li>\n<li data-sourcepos=\"3:1-3:89\"><span class=\"button-container hide-from-message-actions ng-star-inserted\"><strong style=\"font-size: 14.4px;\">Melegs\u00e9g:<\/strong> <span class=\"citation-2 recitation citation-end-2\" style=\"font-size: 14.4px;\">Kiv\u00e1l\u00f3 szigetel\u00e9st biztos\u00edt, \u00edgy hideg id\u0151ben is melegen tart.<\/span><\/span>\n<div class=\"container ng-tns-c2946245707-269 hide\">\n<div class=\"carousel-container ng-tns-c2946245707-269\"><\/div>\n<\/div>\n<\/li>\n<li data-sourcepos=\"5:1-5:80\"><strong>Tart\u00f3ss\u00e1g:<\/strong> <span class=\"citation-3 recitation citation-end-3\">Az alpaka sz\u00e1l tart\u00f3s \u00e9s ellen\u00e1ll a pillingnek.<\/span><\/li>\n<li data-sourcepos=\"5:1-5:80\"><span class=\"button-container hide-from-message-actions ng-star-inserted\">\u00a0<\/span><span class=\"button-container hide-from-message-actions ng-star-inserted\"><strong style=\"font-size: 14.4px;\">Hipoallerg\u00e9n:<\/strong> <span class=\"citation-4 recitation citation-end-4\" style=\"font-size: 14.4px;\">Term\u00e9szetes m\u00f3don hipoallerg\u00e9n, \u00edgy kiv\u00e1l\u00f3 v\u00e1laszt\u00e1s az \u00e9rz\u00e9keny b\u0151r\u0171ek sz\u00e1m\u00e1ra.<\/span><span class=\"button-container hide-from-message-actions ng-star-inserted\" style=\"font-size: 14.4px;\"> \u00a0<\/span><\/span>\n<div class=\"container ng-tns-c2946245707-271 hide\">\n<div class=\"carousel-container ng-tns-c2946245707-271\"><\/div>\n<\/div>\n<\/li>\n<\/ul>\n<h3 data-sourcepos=\"8:1-8:33\"><strong>Mi\u00e9rt v\u00e1lasszon egy f\u00e9rfi alpaka pul\u00f3vert?<\/strong><\/h3>\n<ul data-sourcepos=\"10:1-14:0\">\n<li data-sourcepos=\"10:1-10:93\"><strong>Luxus \u00e9rz\u00e9s:<\/strong> Az alpaka sz\u00e1lak puha, selymes text\u00far\u00e1ja csod\u00e1latos \u00e9rz\u00e9s a b\u0151r\u00f6n.<\/li>\n<li data-sourcepos=\"11:1-11:118\"><strong><span class=\"citation-5 recitation\">Kiv\u00e9teles melegs\u00e9g:<\/span><\/strong><span class=\"citation-5 recitation citation-end-5\"> Az alpakka pul\u00f3verek t\u00f6k\u00e9letesek a hideg id\u0151j\u00e1r\u00e1shoz, otthonosan \u00e9s k\u00e9nyelmesen tartanak.<\/span><\/li>\n<li data-sourcepos=\"11:1-11:118\"><strong style=\"font-size: 14.4px;\">St\u00edlus \u00e9s elegancia:<\/strong><span style=\"font-size: 14.4px;\"> Az alpakka pul\u00f3verek b\u00e1rmilyen ruh\u00e1t feldobhatnak, \u00e9s egy csipetnyi kifinomults\u00e1got k\u00f6lcs\u00f6n\u00f6zhetnek.<\/span><\/li>\n<li data-sourcepos=\"13:1-14:0\"><strong><span class=\"citation-6 recitation\">Etikus \u00e9s fenntarthat\u00f3:<\/span><\/strong><span class=\"citation-6 recitation citation-end-6\"> Az alpakateny\u00e9szt\u00e9st gyakran hum\u00e1nusabbnak \u00e9s k\u00f6rnyezetbar\u00e1tabbnak tartj\u00e1k, mint a juhteny\u00e9szt\u00e9st.<\/span><span class=\"button-container hide-from-message-actions ng-star-inserted\">\u00a0 \u00a0<\/span>\n<div class=\"container ng-tns-c2946245707-273 hide\">\n<div class=\"carousel-container ng-tns-c2946245707-273\"><\/div>\n<\/div>\n<\/li>\n<\/ul>\n<h3 data-sourcepos=\"15:1-15:35\"><strong>Hogyan stiliz\u00e1ljunk egy f\u00e9rfi alpaka pul\u00f3vert:<\/strong><\/h3>\n<ul data-sourcepos=\"17:1-20:0\">\n<li data-sourcepos=\"17:1-17:77\"><strong>Alkalmi:<\/strong> P\u00e1ros\u00edtsd farmerrel, p\u00f3l\u00f3val \u00e9s tornacip\u0151vel a laza megjelen\u00e9shez.<\/li>\n<li data-sourcepos=\"18:1-18:96\"><strong>Smart Casual:<\/strong> Viselheti chin\u00f3val, gombos inggel \u00e9s papuccsal egy eleg\u00e1ns \u00f6lt\u00f6z\u00e9khez.<\/li>\n<li data-sourcepos=\"19:1-20:0\"><strong>Hivatalos:<\/strong> A kifinomult megjelen\u00e9s \u00e9rdek\u00e9ben \u00f6lt\u00f6nying \u00e9s nyakkend\u0151 f\u00f6l\u00e9 r\u00e9tegezheti.<\/li>\n<\/ul>\n<p data-sourcepos=\"21:1-21:40\"><strong>Hol tal\u00e1lsz f\u00e9rfi alpaka pul\u00f3vereket:<\/strong><\/p>\n<ul data-sourcepos=\"23:1-26:0\">\n<li data-sourcepos=\"23:1-23:116\"><strong><span class=\"citation-7 recitation\">Online kiskeresked\u0151k:<\/span><\/strong><span class=\"citation-7 recitation citation-end-7\"> Az Amazon, az Etsy \u00e9s m\u00e1s online kiskeresked\u0151k alpakka pul\u00f3verek sz\u00e9les v\u00e1laszt\u00e9k\u00e1t k\u00edn\u00e1lj\u00e1k.<\/span><\/li>\n<li data-sourcepos=\"23:1-23:116\"><strong style=\"font-size: 14.4px;\">\u00c1ruh\u00e1zak:<\/strong><span style=\"font-size: 14.4px;\"> A fels\u0151 kateg\u00f3ri\u00e1s \u00e1ruh\u00e1zakban gyakran tal\u00e1lhat\u00f3k luxusm\u00e1rk\u00e1k alpakka pul\u00f3verei.<\/span><\/li>\n<li data-sourcepos=\"25:1-26:0\"><strong>Speci\u00e1lis \u00fczletek:<\/strong> Keresse a luxussz\u00e1lakra \u00e9s fenntarthat\u00f3 divatra szakosodott \u00fczleteket.<\/li>\n<\/ul>\n<p data-sourcepos=\"27:1-27:223\"><strong>Ne feledje:<\/strong> Ha alpakka pul\u00f3vert v\u00e1s\u00e1rol, keressen kiv\u00e1l\u00f3 min\u0151s\u00e9g\u0171, etikusan el\u0151\u00e1ll\u00edtott sz\u00e1lakat. Vegye figyelembe a pul\u00f3ver s\u00faly\u00e1t \u00e9s vastags\u00e1g\u00e1t is, mivel ez befoly\u00e1solja a pul\u00f3ver melegs\u00e9g\u00e9t \u00e9s alkalmass\u00e1g\u00e1t a k\u00fcl\u00f6nb\u00f6z\u0151 \u00e9ghajlati viszonyokhoz.<\/p>","protected":false},"excerpt":{"rendered":"<table style=\"height: 483px;\" width=\"499\">\n<tbody>\n<tr>\n<td width=\"146\"><strong><b>Term\u00e9k<\/b><\/strong>\u00a0<strong><b>N\u00e9v:<\/b><\/strong><\/td>\n<td width=\"601\"><strong>F\u00e9rfi alpaka pul\u00f3ver<\/strong><\/td>\n<\/tr>\n<tr>\n<td width=\"146\"><strong><b>Materlal:<\/b><\/strong><\/td>\n<td width=\"601\">Poli\u00e9szter\/pamut<\/td>\n<\/tr>\n<tr>\n<td width=\"146\"><strong><b>Technika:<\/b><\/strong><\/td>\n<td width=\"601\">Sz\u00f6v\u00e9s<\/td>\n<\/tr>\n<tr>\n<td width=\"146\"><strong><b>St\u00edlus:<\/b><\/strong><\/td>\n<td width=\"601\">Alkalmi<\/td>\n<\/tr>\n<tr>\n<td width=\"146\"><strong><b>Sz\u00ednes<\/b><\/strong><strong><b>:<\/b><\/strong><\/td>\n<td width=\"601\">\u00a0Egyedi sz\u00ednek<\/td>\n<\/tr>\n<tr>\n<td width=\"146\"><strong><b>M\u00e9ret:<\/b><\/strong><\/td>\n<td width=\"601\">S \/M \/L \/XL \/2XL<\/td>\n<\/tr>\n<tr>\n<td width=\"146\"><strong><b>OEM\/ODM:<\/b><\/strong><\/td>\n<td width=\"601\">Elfogadhat\u00f3<\/td>\n<\/tr>\n<tr>\n<td width=\"146\"><strong><b>Min\u0151s\u00e9g:<\/b><\/strong><\/td>\n<td width=\"601\">100% Kiv\u00e1l\u00f3 min\u0151s\u00e9g<\/td>\n<\/tr>\n<tr>\n<td width=\"146\"><strong><b>M<\/b><\/strong><strong><b>OQ:<\/b><\/strong><\/td>\n<td width=\"601\">200 db<\/td>\n<\/tr>\n<\/tbody>\n<\/table>","protected":false},"featured_media":1793,"template":"","meta":[],"product_brand":[],"product_cat":[38],"product_tag":[],"class_list":{"0":"post-1792","1":"product","2":"type-product","3":"status-publish","4":"has-post-thumbnail","6":"product_cat-mens-clothing","8":"first","9":"instock","10":"shipping-taxable","11":"product-type-simple"},"_links":{"self":[{"href":"https:\/\/mj-clothing.com\/hu\/wp-json\/wp\/v2\/product\/1792","targetHints":{"allow":["GET"]}}],"collection":[{"href":"https:\/\/mj-clothing.com\/hu\/wp-json\/wp\/v2\/product"}],"about":[{"href":"https:\/\/mj-clothing.com\/hu\/wp-json\/wp\/v2\/types\/product"}],"wp:featuredmedia":[{"embeddable":true,"href":"https:\/\/mj-clothing.com\/hu\/wp-json\/wp\/v2\/media\/1793"}],"wp:attachment":[{"href":"https:\/\/mj-clothing.com\/hu\/wp-json\/wp\/v2\/media?parent=1792"}],"wp:term":[{"taxonomy":"product_brand","embeddable":true,"href":"https:\/\/mj-clothing.com\/hu\/wp-json\/wp\/v2\/product_brand?post=1792"},{"taxonomy":"product_cat","embeddable":true,"href":"https:\/\/mj-clothing.com\/hu\/wp-json\/wp\/v2\/product_cat?post=1792"},{"taxonomy":"product_tag","embeddable":true,"href":"https:\/\/mj-clothing.com\/hu\/wp-json\/wp\/v2\/product_tag?post=1792"}],"curies":[{"name":"wp","href":"https:\/\/api.w.org\/{rel}","templated":true}]}}