{"id":1802,"date":"2024-12-14T06:48:03","date_gmt":"2024-12-14T06:48:03","guid":{"rendered":"https:\/\/mj-clothing.com\/?post_type=product&#038;p=1802"},"modified":"2024-12-17T06:59:40","modified_gmt":"2024-12-17T06:59:40","slug":"mens-mohair-sweater","status":"publish","type":"product","link":"https:\/\/mj-clothing.com\/hu\/manufacturer\/mens-mohair-sweater\/","title":{"rendered":"F\u00e9rfi mohair pul\u00f3ver"},"content":{"rendered":"<h2 data-sourcepos=\"1:1-1:44\">F\u00e9rfi mohair pul\u00f3verek: A luxus v\u00e1laszt\u00e1s<\/h2>\n<p data-sourcepos=\"3:1-3:167\"><span class=\"citation-0 recitation citation-end-0\">A f\u00e9rfi mohair pul\u00f3ver egy luxus ruhadarab, amely az ang\u00f3ra kecske finom, puha rostjaib\u00f3l k\u00e9sz\u00fcl.<\/span> A mohair kiv\u00e9teles tulajdons\u00e1gair\u00f3l ismert, t\u00f6bbek k\u00f6z\u00f6tt:<span class=\"button-container hide-from-message-actions ng-star-inserted\">\u00a0<\/span><\/p>\n<div class=\"container ng-tns-c2946245707-308 hide\">\n<div class=\"carousel-container ng-tns-c2946245707-308\">\n<div class=\"carousel-content ng-tns-c2946245707-308\">\n<div class=\"sources-carousel-source ng-tns-c2946245707-308 hide ng-star-inserted\" data-test-id=\"sources-carousel-source\"><\/div>\n<\/div>\n<\/div>\n<\/div>\n<ul data-sourcepos=\"5:1-9:0\">\n<li data-sourcepos=\"5:1-5:70\"><strong>Puha:<\/strong> A mohair hihetetlen\u00fcl puha, gyakran puh\u00e1bb, mint a kasm\u00edr.<\/li>\n<li data-sourcepos=\"6:1-6:94\"><strong>Melegs\u00e9g:<\/strong> <span class=\"citation-1 recitation citation-end-1\">Kiv\u00e1l\u00f3 szigetel\u00e9st biztos\u00edt, \u00edgy hideg id\u0151ben is melegen tart.<\/span><span class=\"button-container hide-from-message-actions ng-star-inserted\"> \u00a0<\/span><\/li>\n<li data-sourcepos=\"6:1-6:94\"><span class=\"button-container hide-from-message-actions ng-star-inserted\"><strong style=\"font-size: 14.4px;\"><span class=\"citation-2 recitation\">Tart\u00f3ss\u00e1g:<\/span><\/strong><span class=\"citation-2 recitation citation-end-2\" style=\"font-size: 14.4px;\"> A mohair tart\u00f3s \u00e9s ellen\u00e1ll a pillingnek.<\/span><\/span>\n<div class=\"container ng-tns-c2946245707-310 hide\">\n<div class=\"carousel-container ng-tns-c2946245707-310\"><\/div>\n<\/div>\n<\/li>\n<li data-sourcepos=\"8:1-9:0\"><strong><span class=\"citation-3 recitation\">Csillog\u00e1s:<\/span><\/strong><span class=\"citation-3 recitation citation-end-3\"> A mohairnak term\u00e9szetes csillog\u00e1sa van, ami egyedi f\u00e9nyt k\u00f6lcs\u00f6n\u00f6z neki.<\/span>\n<div class=\"container ng-tns-c2946245707-311 hide\">\n<div class=\"carousel-container ng-tns-c2946245707-311\"><\/div>\n<\/div>\n<\/li>\n<\/ul>\n<h3 data-sourcepos=\"10:1-10:32\"><strong>Mi\u00e9rt v\u00e1lasszon f\u00e9rfi mohair pul\u00f3vert?<\/strong><\/h3>\n<ul data-sourcepos=\"12:1-16:0\">\n<li data-sourcepos=\"12:1-12:93\"><strong>Luxus \u00e9rz\u00e9s:<\/strong> A mohair sz\u00e1lak puha, selymes text\u00far\u00e1ja csod\u00e1latos \u00e9rz\u00e9s a b\u0151r\u00f6n.<\/li>\n<li data-sourcepos=\"13:1-13:118\"><strong><span class=\"citation-4 recitation\">Kiv\u00e9teles melegs\u00e9g:<\/span><\/strong><span class=\"citation-4 recitation citation-end-4\"> A mohair pul\u00f3verek t\u00f6k\u00e9letesek a hideg id\u0151j\u00e1r\u00e1shoz, otthonosan \u00e9s k\u00e9nyelmesen tartanak.<\/span><span class=\"button-container hide-from-message-actions ng-star-inserted\">\u00a0<\/span>\n<div class=\"container ng-tns-c2946245707-312 hide\">\n<div class=\"carousel-container ng-tns-c2946245707-312\"><\/div>\n<\/div>\n<\/li>\n<li data-sourcepos=\"14:1-14:99\"><strong>St\u00edlus \u00e9s elegancia:<\/strong> A mohair pul\u00f3verek b\u00e1rmilyen ruh\u00e1t feldobnak, \u00e9s egy csipetnyi kifinomults\u00e1got adnak hozz\u00e1.<\/li>\n<li data-sourcepos=\"15:1-16:0\"><strong>Egyedi text\u00fara:<\/strong> A mohair egyedi text\u00far\u00e1ja vizu\u00e1lisan \u00e9rdekess\u00e9 teszi a ruhat\u00e1radat.<\/li>\n<\/ul>\n<h3 data-sourcepos=\"17:1-17:34\"><strong>Hogyan stiliz\u00e1ljunk egy mohair pul\u00f3vert:<\/strong><\/h3>\n<ul data-sourcepos=\"19:1-22:0\">\n<li data-sourcepos=\"19:1-19:77\"><strong>Alkalmi:<\/strong> P\u00e1ros\u00edtsd farmerrel, p\u00f3l\u00f3val \u00e9s tornacip\u0151vel a laza megjelen\u00e9shez.<\/li>\n<li data-sourcepos=\"20:1-20:96\"><strong>Smart Casual:<\/strong> Viselheti chin\u00f3val, gombos inggel \u00e9s papuccsal egy eleg\u00e1ns \u00f6lt\u00f6z\u00e9khez.<\/li>\n<li data-sourcepos=\"21:1-22:0\"><strong>Hivatalos:<\/strong> A kifinomult megjelen\u00e9s \u00e9rdek\u00e9ben \u00f6lt\u00f6nying \u00e9s nyakkend\u0151 f\u00f6l\u00e9 r\u00e9tegezheti.<\/li>\n<\/ul>\n<h3 data-sourcepos=\"23:1-23:40\"><strong>Hol tal\u00e1lsz f\u00e9rfi mohair pul\u00f3vereket:<\/strong><\/h3>\n<ul data-sourcepos=\"25:1-28:0\">\n<li data-sourcepos=\"25:1-25:90\"><strong>High-end \u00e1ruh\u00e1zak:<\/strong> Keressen olyan luxusm\u00e1rk\u00e1kat, amelyek a finom k\u00f6t\u00f6tt\u00e1rura specializ\u00e1l\u00f3dtak.<\/li>\n<li data-sourcepos=\"26:1-26:130\"><strong><span class=\"citation-5 recitation\">Online kiskeresked\u0151k:<\/span><\/strong><span class=\"citation-5 recitation citation-end-5\"> Az Amazon, az Etsy \u00e9s m\u00e1s online kiskeresked\u0151k mohair pul\u00f3verek sz\u00e9les v\u00e1laszt\u00e9k\u00e1t k\u00edn\u00e1lj\u00e1k.<\/span>\n<div class=\"container ng-tns-c2946245707-313 hide\">\n<div class=\"carousel-container ng-tns-c2946245707-313\"><\/div>\n<\/div>\n<\/li>\n<li data-sourcepos=\"27:1-28:0\"><strong>Speci\u00e1lis \u00fczletek:<\/strong> A luxussz\u00e1lakra \u00e9s fenntarthat\u00f3 divatra szakosodott \u00fczletek mohair pul\u00f3vereket is tarthatnak.<\/li>\n<\/ul>\n<p data-sourcepos=\"29:1-29:222\"><strong>Ne feledje:<\/strong> Ha mohair pul\u00f3vert v\u00e1s\u00e1rol, keressen kiv\u00e1l\u00f3 min\u0151s\u00e9g\u0171, etikusan el\u0151\u00e1ll\u00edtott sz\u00e1lakat. Vegye figyelembe a pul\u00f3ver s\u00faly\u00e1t \u00e9s vastags\u00e1g\u00e1t is, mivel ez befoly\u00e1solja a pul\u00f3ver melegs\u00e9g\u00e9t \u00e9s alkalmass\u00e1g\u00e1t a k\u00fcl\u00f6nb\u00f6z\u0151 \u00e9ghajlati viszonyokhoz.<\/p>","protected":false},"excerpt":{"rendered":"<table style=\"height: 484px;\" width=\"506\">\n<tbody>\n<tr>\n<td width=\"146\"><strong><b>Term\u00e9k<\/b><\/strong>\u00a0<strong><b>N\u00e9v:<\/b><\/strong><\/td>\n<td width=\"601\"><strong>F\u00e9rfi mohair pul\u00f3ver<\/strong><\/td>\n<\/tr>\n<tr>\n<td width=\"146\"><strong><b>Materlal:<\/b><\/strong><\/td>\n<td width=\"601\">Poli\u00e9szter\/pamut<\/td>\n<\/tr>\n<tr>\n<td width=\"146\"><strong><b>Technika:<\/b><\/strong><\/td>\n<td width=\"601\">Sz\u00f6v\u00e9s<\/td>\n<\/tr>\n<tr>\n<td width=\"146\"><strong><b>St\u00edlus:<\/b><\/strong><\/td>\n<td width=\"601\">Alkalmi<\/td>\n<\/tr>\n<tr>\n<td width=\"146\"><strong><b>Sz\u00ednes<\/b><\/strong><strong><b>:<\/b><\/strong><\/td>\n<td width=\"601\">\u00a0Egyedi sz\u00ednek<\/td>\n<\/tr>\n<tr>\n<td width=\"146\"><strong><b>M\u00e9ret:<\/b><\/strong><\/td>\n<td width=\"601\">S \/M \/L \/XL \/2XL<\/td>\n<\/tr>\n<tr>\n<td width=\"146\"><strong><b>OEM\/ODM:<\/b><\/strong><\/td>\n<td width=\"601\">Elfogadhat\u00f3<\/td>\n<\/tr>\n<tr>\n<td width=\"146\"><strong><b>Min\u0151s\u00e9g:<\/b><\/strong><\/td>\n<td width=\"601\">100% Kiv\u00e1l\u00f3 min\u0151s\u00e9g<\/td>\n<\/tr>\n<tr>\n<td width=\"146\"><strong><b>M<\/b><\/strong><strong><b>OQ:<\/b><\/strong><\/td>\n<td width=\"601\">200 db<\/td>\n<\/tr>\n<\/tbody>\n<\/table>","protected":false},"featured_media":1803,"template":"","meta":[],"product_brand":[],"product_cat":[38],"product_tag":[],"class_list":{"0":"post-1802","1":"product","2":"type-product","3":"status-publish","4":"has-post-thumbnail","6":"product_cat-mens-clothing","8":"first","9":"instock","10":"shipping-taxable","11":"product-type-simple"},"_links":{"self":[{"href":"https:\/\/mj-clothing.com\/hu\/wp-json\/wp\/v2\/product\/1802","targetHints":{"allow":["GET"]}}],"collection":[{"href":"https:\/\/mj-clothing.com\/hu\/wp-json\/wp\/v2\/product"}],"about":[{"href":"https:\/\/mj-clothing.com\/hu\/wp-json\/wp\/v2\/types\/product"}],"wp:featuredmedia":[{"embeddable":true,"href":"https:\/\/mj-clothing.com\/hu\/wp-json\/wp\/v2\/media\/1803"}],"wp:attachment":[{"href":"https:\/\/mj-clothing.com\/hu\/wp-json\/wp\/v2\/media?parent=1802"}],"wp:term":[{"taxonomy":"product_brand","embeddable":true,"href":"https:\/\/mj-clothing.com\/hu\/wp-json\/wp\/v2\/product_brand?post=1802"},{"taxonomy":"product_cat","embeddable":true,"href":"https:\/\/mj-clothing.com\/hu\/wp-json\/wp\/v2\/product_cat?post=1802"},{"taxonomy":"product_tag","embeddable":true,"href":"https:\/\/mj-clothing.com\/hu\/wp-json\/wp\/v2\/product_tag?post=1802"}],"curies":[{"name":"wp","href":"https:\/\/api.w.org\/{rel}","templated":true}]}}