{"id":1804,"date":"2024-12-14T06:55:24","date_gmt":"2024-12-14T06:55:24","guid":{"rendered":"https:\/\/mj-clothing.com\/?post_type=product&#038;p=1804"},"modified":"2024-12-17T06:56:31","modified_gmt":"2024-12-17T06:56:31","slug":"mens-cashmere-sweater","status":"publish","type":"product","link":"https:\/\/mj-clothing.com\/hu\/manufacturer\/mens-cashmere-sweater\/","title":{"rendered":"F\u00e9rfi kasm\u00edr pul\u00f3ver"},"content":{"rendered":"<p data-sourcepos=\"1:1-1:177\"><span class=\"citation-0 recitation citation-end-0\">A f\u00e9rfi kasm\u00edrpul\u00f3ver egy luxus \u00e9s id\u0151tlen ruhadarab, amely p\u00e1ratlan k\u00e9nyelmet \u00e9s meleget biztos\u00edt.<\/span> \u00cdme, mi\u00e9rt \u00e9rdemes megfontolnia, hogy beruh\u00e1zzon egy ilyen k\u00e9sz\u00fcl\u00e9kbe:<span class=\"button-container hide-from-message-actions ng-star-inserted\"> \u00a0<\/span><\/p>\n<div class=\"container ng-tns-c2946245707-329 hide\">\n<div class=\"carousel-container ng-tns-c2946245707-329\">\n<div class=\"carousel-content ng-tns-c2946245707-329\">\n<div class=\"sources-carousel-source ng-tns-c2946245707-329 hide ng-star-inserted\" data-test-id=\"sources-carousel-source\"><\/div>\n<\/div>\n<\/div>\n<\/div>\n<h3 data-sourcepos=\"3:1-3:34\"><strong>Mi\u00e9rt v\u00e1lasszon f\u00e9rfi kasm\u00edr pul\u00f3vert?<\/strong><\/h3>\n<ul data-sourcepos=\"5:1-9:0\">\n<li data-sourcepos=\"5:1-5:124\"><strong><span class=\"citation-1 recitation\">Kiv\u00e9teles puhas\u00e1g:<\/span><\/strong><span class=\"citation-1 recitation citation-end-1\"> A kasm\u00edr hihetetlen\u00fcl puha text\u00far\u00e1j\u00e1r\u00f3l h\u00edres, \u00edgy kellemes viselet.<\/span><\/li>\n<li data-sourcepos=\"5:1-5:124\"><span class=\"button-container hide-from-message-actions ng-star-inserted\"><strong style=\"font-size: 14.4px;\"><span class=\"citation-2 recitation\">Kiv\u00e1l\u00f3 melegs\u00e9g:<\/span><\/strong><span class=\"citation-2 recitation citation-end-2\" style=\"font-size: 14.4px;\"> K\u00f6nny\u0171s\u00e9ge ellen\u00e9re a kasm\u00edr kiv\u00e1l\u00f3 szigetel\u00e9st biztos\u00edt, \u00edgy hideg id\u0151ben is melegen tart.<\/span><\/span>\n<div class=\"container ng-tns-c2946245707-331 hide\">\n<div class=\"carousel-container ng-tns-c2946245707-331\"><\/div>\n<\/div>\n<\/li>\n<li data-sourcepos=\"7:1-7:122\"><strong>Tart\u00f3ss\u00e1g:<\/strong> <span class=\"citation-3 recitation citation-end-3\">A kiv\u00e1l\u00f3 min\u0151s\u00e9g\u0171 kasm\u00edr meglep\u0151en tart\u00f3s, \u00e9s megfelel\u0151 \u00e1pol\u00e1s mellett hossz\u00fa \u00e9vekig is eltarthat.<\/span><span class=\"button-container hide-from-message-actions ng-star-inserted\">\u00a0<\/span>\n<div class=\"container ng-tns-c2946245707-332 hide\">\n<div class=\"carousel-container ng-tns-c2946245707-332\"><\/div>\n<\/div>\n<\/li>\n<li data-sourcepos=\"8:1-9:0\"><strong><span class=\"citation-4 recitation\">Hipoallerg\u00e9n:<\/span><\/strong><span class=\"citation-4 recitation citation-end-4\"> A kasm\u00edr hipoallerg\u00e9n, \u00edgy az \u00e9rz\u00e9keny b\u0151r\u0171ek sz\u00e1m\u00e1ra is alkalmas.<\/span><span class=\"button-container hide-from-message-actions ng-star-inserted\">\u00a0<\/span>\n<div class=\"container ng-tns-c2946245707-333 hide\">\n<div class=\"carousel-container ng-tns-c2946245707-333\">\n<div class=\"carousel-content ng-tns-c2946245707-333\">\n<div class=\"sources-carousel-source ng-tns-c2946245707-333 hide ng-star-inserted\" data-test-id=\"sources-carousel-source\"><\/div>\n<\/div>\n<\/div>\n<\/div>\n<\/li>\n<\/ul>\n<h3 data-sourcepos=\"10:1-10:36\"><strong>Hogyan kell st\u00edlusosan viselni egy f\u00e9rfi kasm\u00edr pul\u00f3vert:<\/strong><\/h3>\n<ul data-sourcepos=\"12:1-15:0\">\n<li data-sourcepos=\"12:1-12:77\">\n<h3><strong>Alkalmi:<\/strong> P\u00e1ros\u00edtsd farmerrel, p\u00f3l\u00f3val \u00e9s tornacip\u0151vel a laza megjelen\u00e9shez.<\/h3>\n<\/li>\n<li data-sourcepos=\"13:1-13:96\"><strong>Smart Casual:<\/strong> Viselheti chin\u00f3val, gombos inggel \u00e9s papuccsal egy eleg\u00e1ns \u00f6lt\u00f6z\u00e9khez.<\/li>\n<li data-sourcepos=\"14:1-15:0\"><strong>Hivatalos:<\/strong> A kifinomult megjelen\u00e9s \u00e9rdek\u00e9ben \u00f6lt\u00f6nying \u00e9s nyakkend\u0151 f\u00f6l\u00e9 r\u00e9tegezheti.<\/li>\n<\/ul>\n<h3 data-sourcepos=\"16:1-16:42\"><strong>Hol tal\u00e1lja meg a f\u00e9rfi kasm\u00edr pul\u00f3vereket:<\/strong><\/h3>\n<ul data-sourcepos=\"18:1-21:0\">\n<li data-sourcepos=\"18:1-18:90\"><strong>High-end \u00e1ruh\u00e1zak:<\/strong> Keressen olyan luxusm\u00e1rk\u00e1kat, amelyek a finom k\u00f6t\u00f6tt\u00e1rura specializ\u00e1l\u00f3dtak.<\/li>\n<li data-sourcepos=\"19:1-19:132\"><strong><span class=\"citation-5 recitation\">Online kiskeresked\u0151k:<\/span><\/strong><span class=\"citation-5 recitation citation-end-5\"> Az olyan weboldalak, mint az Amazon, az Etsy \u00e9s m\u00e1s online kiskeresked\u0151k kasm\u00edrpul\u00f3verek sz\u00e9les v\u00e1laszt\u00e9k\u00e1t k\u00edn\u00e1lj\u00e1k.<\/span><\/li>\n<li data-sourcepos=\"19:1-19:132\"><strong style=\"font-size: 14.4px;\">Speci\u00e1lis \u00fczletek:<\/strong><span style=\"font-size: 14.4px;\"> A luxussz\u00e1lakra \u00e9s fenntarthat\u00f3 divatra szakosodott \u00fczletek kasm\u00edrpul\u00f3vereket is tarthatnak.<\/span><\/li>\n<\/ul>\n<h3 data-sourcepos=\"22:1-22:41\"><strong>Tippek a f\u00e9rfi kasm\u00edr pul\u00f3ver kiv\u00e1laszt\u00e1s\u00e1hoz:<\/strong><\/h3>\n<ul data-sourcepos=\"24:1-28:0\">\n<li data-sourcepos=\"24:1-24:94\"><strong>Min\u0151s\u00e9g:<\/strong> Keresse a kiv\u00e1l\u00f3 min\u0151s\u00e9g\u0171 kasm\u00edrt, amely puha, sima \u00e9s hib\u00e1kt\u00f3l mentes.<\/li>\n<li data-sourcepos=\"25:1-25:95\"><strong>S\u00faly:<\/strong> Vegye figyelembe a pul\u00f3ver s\u00faly\u00e1t, mivel a nehezebb pul\u00f3verek t\u00f6bb meleget biztos\u00edtanak.<\/li>\n<li data-sourcepos=\"26:1-26:72\"><strong>Illeszked\u00e9s:<\/strong> V\u00e1lasszon olyan pul\u00f3vert, amely j\u00f3l \u00e1ll \u00e9s h\u00edzeleg a testalkat\u00e1nak.<\/li>\n<li data-sourcepos=\"27:1-28:0\"><strong>St\u00edlus:<\/strong> V\u00e1lassza ki a szem\u00e9lyes \u00edzl\u00e9s\u00e9nek megfelel\u0151 st\u00edlust, legyen az ak\u00e1r nyakkiv\u00e1g\u00e1s, V-nyak\u00fa vagy garb\u00f3.<\/li>\n<\/ul>\n<h4 data-sourcepos=\"29:1-29:37\"><strong>A kasm\u00edr pul\u00f3ver \u00e1pol\u00e1sa:<\/strong><\/h4>\n<ul data-sourcepos=\"31:1-34:0\">\n<li data-sourcepos=\"31:1-31:50\">K\u00e9zzel moshat\u00f3 hideg v\u00edzben, k\u00edm\u00e9letes mos\u00f3szerrel.<\/li>\n<li data-sourcepos=\"32:1-32:31\">A ny\u00fal\u00e1s elker\u00fcl\u00e9se \u00e9rdek\u00e9ben laposan sz\u00e1r\u00edtsuk meg.<\/li>\n<li data-sourcepos=\"33:1-34:0\">H\u0171v\u00f6s, sz\u00e1raz helyen, k\u00f6zvetlen napf\u00e9nyt\u0151l v\u00e9dve t\u00e1rolja.<\/li>\n<\/ul>\n<p data-sourcepos=\"35:1-35:144\">Ha egy kiv\u00e1l\u00f3 min\u0151s\u00e9g\u0171 kasm\u00edrpul\u00f3verbe fektetsz, nemcsak egy st\u00edlusos \u00e9s k\u00e9nyelmes ruhadarabot kapsz, hanem egy id\u0151tlen luxus darabot is.<\/p>\n<div class=\"attachment-container search-images\">\n<div class=\"image-container hide-from-message-actions ng-star-inserted\">\n<div class=\"overlay-container ng-star-inserted\"><\/div>\n<\/div>\n<\/div>","protected":false},"excerpt":{"rendered":"<table style=\"height: 529px;\" width=\"500\">\n<tbody>\n<tr>\n<td width=\"146\"><strong><b>Term\u00e9k<\/b><\/strong>\u00a0<strong><b>N\u00e9v:<\/b><\/strong><\/td>\n<td width=\"601\"><strong>F\u00e9rfi kasm\u00edr pul\u00f3ver<\/strong><\/td>\n<\/tr>\n<tr>\n<td width=\"146\"><strong><b>Materlal:<\/b><\/strong><\/td>\n<td width=\"601\">Poli\u00e9szter\/pamut<\/td>\n<\/tr>\n<tr>\n<td width=\"146\"><strong><b>Technika:<\/b><\/strong><\/td>\n<td width=\"601\">Sz\u00f6v\u00e9s<\/td>\n<\/tr>\n<tr>\n<td width=\"146\"><strong><b>St\u00edlus:<\/b><\/strong><\/td>\n<td width=\"601\">Alkalmi<\/td>\n<\/tr>\n<tr>\n<td width=\"146\"><strong><b>Sz\u00ednes<\/b><\/strong><strong><b>:<\/b><\/strong><\/td>\n<td width=\"601\">\u00a0Egyedi sz\u00ednek<\/td>\n<\/tr>\n<tr>\n<td width=\"146\"><strong><b>M\u00e9ret:<\/b><\/strong><\/td>\n<td width=\"601\">S \/M \/L \/XL \/2XL<\/td>\n<\/tr>\n<tr>\n<td width=\"146\"><strong><b>OEM\/ODM:<\/b><\/strong><\/td>\n<td width=\"601\">Elfogadhat\u00f3<\/td>\n<\/tr>\n<tr>\n<td width=\"146\"><strong><b>Min\u0151s\u00e9g:<\/b><\/strong><\/td>\n<td width=\"601\">100% Kiv\u00e1l\u00f3 min\u0151s\u00e9g<\/td>\n<\/tr>\n<tr>\n<td width=\"146\"><strong><b>M<\/b><\/strong><strong><b>OQ:<\/b><\/strong><\/td>\n<td width=\"601\">200 db<\/td>\n<\/tr>\n<\/tbody>\n<\/table>","protected":false},"featured_media":1805,"template":"","meta":[],"product_brand":[],"product_cat":[38],"product_tag":[],"class_list":{"0":"post-1804","1":"product","2":"type-product","3":"status-publish","4":"has-post-thumbnail","6":"product_cat-mens-clothing","8":"first","9":"instock","10":"shipping-taxable","11":"product-type-simple"},"_links":{"self":[{"href":"https:\/\/mj-clothing.com\/hu\/wp-json\/wp\/v2\/product\/1804","targetHints":{"allow":["GET"]}}],"collection":[{"href":"https:\/\/mj-clothing.com\/hu\/wp-json\/wp\/v2\/product"}],"about":[{"href":"https:\/\/mj-clothing.com\/hu\/wp-json\/wp\/v2\/types\/product"}],"wp:featuredmedia":[{"embeddable":true,"href":"https:\/\/mj-clothing.com\/hu\/wp-json\/wp\/v2\/media\/1805"}],"wp:attachment":[{"href":"https:\/\/mj-clothing.com\/hu\/wp-json\/wp\/v2\/media?parent=1804"}],"wp:term":[{"taxonomy":"product_brand","embeddable":true,"href":"https:\/\/mj-clothing.com\/hu\/wp-json\/wp\/v2\/product_brand?post=1804"},{"taxonomy":"product_cat","embeddable":true,"href":"https:\/\/mj-clothing.com\/hu\/wp-json\/wp\/v2\/product_cat?post=1804"},{"taxonomy":"product_tag","embeddable":true,"href":"https:\/\/mj-clothing.com\/hu\/wp-json\/wp\/v2\/product_tag?post=1804"}],"curies":[{"name":"wp","href":"https:\/\/api.w.org\/{rel}","templated":true}]}}