{"id":1806,"date":"2024-12-14T06:59:55","date_gmt":"2024-12-14T06:59:55","guid":{"rendered":"https:\/\/mj-clothing.com\/?post_type=product&#038;p=1806"},"modified":"2024-12-17T06:54:59","modified_gmt":"2024-12-17T06:54:59","slug":"mens-slim-fit-sweater","status":"publish","type":"product","link":"https:\/\/mj-clothing.com\/hu\/manufacturer\/mens-slim-fit-sweater\/","title":{"rendered":"F\u00e9rfi Slim Fit pul\u00f3ver"},"content":{"rendered":"<p data-sourcepos=\"1:1-1:224\"><span class=\"citation-0 recitation citation-end-0\">A f\u00e9rfi slim fit pul\u00f3ver sokoldal\u00fa ruhadarab, amely eleg\u00e1ns \u00e9s modern megjelen\u00e9st biztos\u00edt.<\/span> <span class=\"citation-1 recitation citation-end-1\">\u00dagy tervezt\u00e9k, hogy k\u00f6zelebb illeszkedjen a testhez, kiemelve a testalkatot, mik\u00f6zben k\u00e9nyelmet \u00e9s meleget biztos\u00edt.<\/span><\/p>\n<h3 data-sourcepos=\"1:1-1:224\"><strong>\u00a0 \u00a0 Mi\u00e9rt v\u00e1lasszon egy f\u00e9rfi Slim Fit pul\u00f3vert?<\/strong><\/h3>\n<ul data-sourcepos=\"5:1-9:0\">\n<li data-sourcepos=\"5:1-5:95\"><strong><span class=\"citation-2 recitation\">Eleg\u00e1ns \u00e9s modern:<\/span><\/strong><span class=\"citation-2 recitation citation-end-2\"> A karcs\u00fa szab\u00e1s\u00fa pul\u00f3ver modern \u00e9s st\u00edlusos megjelen\u00e9st biztos\u00edt.<\/span>\n<div class=\"container ng-tns-c2946245707-350 hide\">\n<div class=\"carousel-container ng-tns-c2946245707-350\"><\/div>\n<\/div>\n<\/li>\n<li data-sourcepos=\"6:1-6:103\"><strong>H\u00edzelg\u0151 szab\u00e1s:<\/strong> Seg\u00edthet kiemelni a testalkat\u00e1t, \u00e9s \u00e1ramvonalasabb sziluettet hozhat l\u00e9tre.<\/li>\n<li data-sourcepos=\"7:1-7:89\"><strong>Sokoldal\u00fas\u00e1g:<\/strong> Fel vagy le lehet \u00f6lt\u00f6ztetni, \u00edgy k\u00fcl\u00f6nb\u00f6z\u0151 alkalmakra t\u00f6k\u00e9letes.<\/li>\n<li data-sourcepos=\"8:1-9:0\"><strong>K\u00e9nyelem:<\/strong> A szabott st\u00edlus ellen\u00e9re egy j\u00f3l szabott, slim fit pul\u00f3ver hihetetlen\u00fcl k\u00e9nyelmes lehet.<\/li>\n<\/ul>\n<h3 data-sourcepos=\"10:1-10:36\"><strong>Hogyan stiliz\u00e1ljunk egy f\u00e9rfi karcs\u00fas\u00edtott pul\u00f3vert:<\/strong><\/h3>\n<ul data-sourcepos=\"12:1-15:0\">\n<li data-sourcepos=\"12:1-12:77\"><strong>Alkalmi:<\/strong> P\u00e1ros\u00edtsd farmerrel, p\u00f3l\u00f3val \u00e9s tornacip\u0151vel a laza megjelen\u00e9shez.<\/li>\n<li data-sourcepos=\"13:1-13:96\"><strong>Smart Casual:<\/strong> Viselheti chin\u00f3val, gombos inggel \u00e9s papuccsal egy eleg\u00e1ns \u00f6lt\u00f6z\u00e9khez.<\/li>\n<li data-sourcepos=\"14:1-15:0\"><strong>Hivatalos:<\/strong> A kifinomult megjelen\u00e9s \u00e9rdek\u00e9ben \u00f6lt\u00f6nying \u00e9s nyakkend\u0151 f\u00f6l\u00e9 r\u00e9tegezheti.<\/li>\n<\/ul>\n<h3 data-sourcepos=\"16:1-16:41\"><strong>Tippek a f\u00e9rfi Slim Fit pul\u00f3ver kiv\u00e1laszt\u00e1s\u00e1hoz:<\/strong><\/h3>\n<ul data-sourcepos=\"18:1-22:0\">\n<li data-sourcepos=\"18:1-18:164\"><strong>Anyag:<\/strong> Vegye figyelembe az anyagot, mivel ez befoly\u00e1solja a pul\u00f3ver melegs\u00e9g\u00e9t, k\u00e9nyelm\u00e9t \u00e9s tart\u00f3ss\u00e1g\u00e1t. <span class=\"citation-3 recitation citation-end-3\">A gyapj\u00fa, a kasm\u00edr \u00e9s a pamut n\u00e9pszer\u0171 v\u00e1laszt\u00e1s.<\/span><\/li>\n<li data-sourcepos=\"18:1-18:164\"><strong style=\"font-size: 14.4px;\">Illeszked\u00e9s:<\/strong><span style=\"font-size: 14.4px;\"> Gy\u0151z\u0151dj\u00f6n meg r\u00f3la, hogy a pul\u00f3ver j\u00f3l illeszkedik, nem t\u00fal sz\u0171k vagy t\u00fal b\u0151.<\/span><\/li>\n<li data-sourcepos=\"20:1-20:103\"><strong>St\u00edlus:<\/strong> V\u00e1lasszon olyan st\u00edlust, amely megfelel az \u00edzl\u00e9s\u00e9nek, mint p\u00e9ld\u00e1ul a nyakkiv\u00e1g\u00e1s, a V-nyak\u00fa vagy a garb\u00f3.<\/li>\n<li data-sourcepos=\"21:1-22:0\"><strong>Sz\u00edn:<\/strong> Vegye figyelembe a pul\u00f3ver sz\u00edn\u00e9t \u00e9s mint\u00e1j\u00e1t, hogy kieg\u00e9sz\u00edtse a ruhat\u00e1r\u00e1t.<\/li>\n<\/ul>\n<p data-sourcepos=\"23:1-23:96\"><strong>Ne feledje:<\/strong> Egy j\u00f3l illeszked\u0151, karcs\u00fas\u00edtott pul\u00f3ver feldobhatja a st\u00edlusodat, \u00e9s a legjobb form\u00e1dat hozhatja.<\/p>","protected":false},"excerpt":{"rendered":"<table style=\"height: 520px;\" width=\"518\">\n<tbody>\n<tr>\n<td width=\"146\"><strong><b>Term\u00e9k<\/b><\/strong>\u00a0<strong><b>N\u00e9v:<\/b><\/strong><\/td>\n<td width=\"601\"><strong>F\u00e9rfi Slim Fit pul\u00f3ver<\/strong><\/td>\n<\/tr>\n<tr>\n<td width=\"146\"><strong><b>Materlal:<\/b><\/strong><\/td>\n<td width=\"601\">Poli\u00e9szter\/pamut<\/td>\n<\/tr>\n<tr>\n<td width=\"146\"><strong><b>Technika:<\/b><\/strong><\/td>\n<td width=\"601\">Sz\u00f6v\u00e9s<\/td>\n<\/tr>\n<tr>\n<td width=\"146\"><strong><b>St\u00edlus:<\/b><\/strong><\/td>\n<td width=\"601\">Alkalmi<\/td>\n<\/tr>\n<tr>\n<td width=\"146\"><strong><b>Sz\u00ednes<\/b><\/strong><strong><b>:<\/b><\/strong><\/td>\n<td width=\"601\">\u00a0Egyedi sz\u00ednek<\/td>\n<\/tr>\n<tr>\n<td width=\"146\"><strong><b>M\u00e9ret:<\/b><\/strong><\/td>\n<td width=\"601\">S \/M \/L \/XL \/2XL<\/td>\n<\/tr>\n<tr>\n<td width=\"146\"><strong><b>OEM\/ODM:<\/b><\/strong><\/td>\n<td width=\"601\">Elfogadhat\u00f3<\/td>\n<\/tr>\n<tr>\n<td width=\"146\"><strong><b>Min\u0151s\u00e9g:<\/b><\/strong><\/td>\n<td width=\"601\">100% Kiv\u00e1l\u00f3 min\u0151s\u00e9g<\/td>\n<\/tr>\n<tr>\n<td width=\"146\"><strong><b>M<\/b><\/strong><strong><b>OQ:<\/b><\/strong><\/td>\n<td width=\"601\">200 db<\/td>\n<\/tr>\n<\/tbody>\n<\/table>","protected":false},"featured_media":1807,"template":"","meta":[],"product_brand":[],"product_cat":[38],"product_tag":[],"class_list":{"0":"post-1806","1":"product","2":"type-product","3":"status-publish","4":"has-post-thumbnail","6":"product_cat-mens-clothing","8":"first","9":"instock","10":"shipping-taxable","11":"product-type-simple"},"_links":{"self":[{"href":"https:\/\/mj-clothing.com\/hu\/wp-json\/wp\/v2\/product\/1806","targetHints":{"allow":["GET"]}}],"collection":[{"href":"https:\/\/mj-clothing.com\/hu\/wp-json\/wp\/v2\/product"}],"about":[{"href":"https:\/\/mj-clothing.com\/hu\/wp-json\/wp\/v2\/types\/product"}],"wp:featuredmedia":[{"embeddable":true,"href":"https:\/\/mj-clothing.com\/hu\/wp-json\/wp\/v2\/media\/1807"}],"wp:attachment":[{"href":"https:\/\/mj-clothing.com\/hu\/wp-json\/wp\/v2\/media?parent=1806"}],"wp:term":[{"taxonomy":"product_brand","embeddable":true,"href":"https:\/\/mj-clothing.com\/hu\/wp-json\/wp\/v2\/product_brand?post=1806"},{"taxonomy":"product_cat","embeddable":true,"href":"https:\/\/mj-clothing.com\/hu\/wp-json\/wp\/v2\/product_cat?post=1806"},{"taxonomy":"product_tag","embeddable":true,"href":"https:\/\/mj-clothing.com\/hu\/wp-json\/wp\/v2\/product_tag?post=1806"}],"curies":[{"name":"wp","href":"https:\/\/api.w.org\/{rel}","templated":true}]}}