{"id":1809,"date":"2024-12-14T07:05:10","date_gmt":"2024-12-14T07:05:10","guid":{"rendered":"https:\/\/mj-clothing.com\/?post_type=product&#038;p=1809"},"modified":"2024-12-17T06:53:15","modified_gmt":"2024-12-17T06:53:15","slug":"mens-quilted-sweater","status":"publish","type":"product","link":"https:\/\/mj-clothing.com\/hu\/manufacturer\/mens-quilted-sweater\/","title":{"rendered":"F\u00e9rfi steppelt pul\u00f3ver"},"content":{"rendered":"<p data-sourcepos=\"1:1-1:189\"><span class=\"citation-0 recitation citation-end-0\">A f\u00e9rfi steppelt pul\u00f3ver st\u00edlusos \u00e9s funkcion\u00e1lis ruhadarab, amely egyszerre ny\u00fajt meleget \u00e9s egyedi eszt\u00e9tik\u00e1t.<\/span> \u00cdme, mi\u00e9rt \u00e9rdemes megfontolnod, hogy felvegy\u00e9l egyet a szekr\u00e9nyedbe:<span class=\"button-container hide-from-message-actions ng-star-inserted\"> \u00a0<\/span><\/p>\n<h3 data-sourcepos=\"3:1-3:33\"><strong>\u00a0 Mi\u00e9rt v\u00e1lasszon f\u00e9rfi steppelt pul\u00f3vert?<\/strong><\/h3>\n<ul data-sourcepos=\"5:1-9:0\">\n<li data-sourcepos=\"5:1-5:139\"><strong>Melegs\u00e9g \u00e9s k\u00e9nyelem:<\/strong> <span class=\"citation-1 recitation citation-end-1\">A steppelt kialak\u00edt\u00e1s csapd\u00e1ba ejti a leveg\u0151t, kiv\u00e1l\u00f3 szigetel\u00e9st biztos\u00edt \u00e9s melegen tart a hidegebb id\u0151ben.<\/span><span class=\"button-container hide-from-message-actions ng-star-inserted\"> \u00a0<\/span>\n<div class=\"container ng-tns-c2946245707-367 hide\">\n<div class=\"carousel-container ng-tns-c2946245707-367\"><\/div>\n<\/div>\n<\/li>\n<li data-sourcepos=\"6:1-6:129\"><strong>St\u00edlus \u00e9s sokoldal\u00fas\u00e1g:<\/strong> <span class=\"citation-2 recitation citation-end-2\">A steppelt pul\u00f3verek fel- vagy le\u00f6lt\u00f6ztethet\u0151k, \u00edgy k\u00fcl\u00f6nb\u00f6z\u0151 alkalmakra alkalmasak.<\/span><\/li>\n<li data-sourcepos=\"6:1-6:129\"><strong style=\"font-size: 14.4px;\">Egyedi eszt\u00e9tika:<\/strong><span style=\"font-size: 14.4px;\"> A steppelt minta vizu\u00e1lisan \u00e9rdekesebb\u00e9 \u00e9s text\u00far\u00e1sabb\u00e1 teszi a ruh\u00e1zat\u00e1t.<\/span><\/li>\n<li data-sourcepos=\"8:1-9:0\"><strong>Tart\u00f3ss\u00e1g:<\/strong> <span class=\"citation-3 recitation citation-end-3\">A steppelt pul\u00f3verek gyakran tart\u00f3s anyagokb\u00f3l k\u00e9sz\u00fclnek, \u00edgy biztos\u00edtva, hogy ellen\u00e1lljanak a rendszeres kop\u00e1snak.<\/span><span class=\"button-container hide-from-message-actions ng-star-inserted\">\u00a0<\/span>\n<div class=\"container ng-tns-c2946245707-369 hide\">\n<div class=\"carousel-container ng-tns-c2946245707-369\">\n<div class=\"carousel-content ng-tns-c2946245707-369\">\n<div class=\"sources-carousel-source ng-tns-c2946245707-369 hide ng-star-inserted\" data-test-id=\"sources-carousel-source\"><\/div>\n<\/div>\n<\/div>\n<\/div>\n<\/li>\n<\/ul>\n<h3 data-sourcepos=\"10:1-10:35\"><strong>Hogyan stiliz\u00e1ljunk egy f\u00e9rfi steppelt pul\u00f3vert:<\/strong><\/h3>\n<ul data-sourcepos=\"12:1-15:0\">\n<li data-sourcepos=\"12:1-12:77\"><strong>Alkalmi:<\/strong> P\u00e1ros\u00edtsd farmerrel, p\u00f3l\u00f3val \u00e9s tornacip\u0151vel a laza megjelen\u00e9shez.<\/li>\n<li data-sourcepos=\"13:1-13:96\"><strong>Smart Casual:<\/strong> Viselheti chin\u00f3val, gombos inggel \u00e9s papuccsal egy eleg\u00e1ns \u00f6lt\u00f6z\u00e9khez.<\/li>\n<li data-sourcepos=\"14:1-15:0\"><strong>Szabadt\u00e9ri tev\u00e9kenys\u00e9gek:<\/strong> R\u00e9tegezze egy gyapj\u00fa vagy kapucnis pul\u00f3ver f\u00f6l\u00e9, hogy a szabadt\u00e9ri kalandok sor\u00e1n m\u00e9g melegebb legyen.<\/li>\n<\/ul>\n<h3 data-sourcepos=\"16:1-16:41\"><strong>Hol tal\u00e1l f\u00e9rfi steppelt pul\u00f3vereket:<\/strong><\/h3>\n<ul data-sourcepos=\"18:1-21:0\">\n<li data-sourcepos=\"18:1-18:86\"><strong>\u00c1ruh\u00e1zak:<\/strong> Keressen olyan m\u00e1rk\u00e1kat, amelyek k\u00fcl\u00f6nb\u00f6z\u0151 st\u00edlusokat \u00e9s anyagokat k\u00edn\u00e1lnak.<\/li>\n<li data-sourcepos=\"19:1-19:131\"><strong><span class=\"citation-4 recitation\">Online kiskeresked\u0151k:<\/span><\/strong><span class=\"citation-4 recitation citation-end-4\"> Az olyan weboldalak, mint az Amazon, az eBay \u00e9s m\u00e1s online kiskeresked\u0151k steppelt pul\u00f3verek sz\u00e9les v\u00e1laszt\u00e9k\u00e1t k\u00edn\u00e1lj\u00e1k.<\/span><span class=\"button-container hide-from-message-actions ng-star-inserted\">\u00a0<\/span>\n<div class=\"container ng-tns-c2946245707-370 hide\">\n<div class=\"carousel-container ng-tns-c2946245707-370\">\n<div class=\"carousel-content ng-tns-c2946245707-370\">\n<div class=\"sources-carousel-source ng-tns-c2946245707-370 hide ng-star-inserted\" data-test-id=\"sources-carousel-source\"><\/div>\n<\/div>\n<\/div>\n<\/div>\n<\/li>\n<li data-sourcepos=\"20:1-21:0\"><strong>K\u00fclt\u00e9ri ruh\u00e1zati \u00fczletek:<\/strong> A szabadt\u00e9ri felszerel\u00e9sekre szakosodott \u00fczletek gyakran tartanak speci\u00e1lis tev\u00e9kenys\u00e9gekre tervezett steppelt pul\u00f3vereket.<\/li>\n<\/ul>\n<h3 data-sourcepos=\"22:1-22:40\"><strong>Tippek a steppelt pul\u00f3ver kiv\u00e1laszt\u00e1s\u00e1hoz:<\/strong><\/h3>\n<ul data-sourcepos=\"24:1-28:0\">\n<li data-sourcepos=\"24:1-24:169\"><strong>Anyag:<\/strong> Vegye figyelembe a paplan anyag\u00e1t, mivel ez befoly\u00e1solja a pul\u00f3ver melegs\u00e9g\u00e9t \u00e9s tart\u00f3ss\u00e1g\u00e1t. A gyapj\u00fa, a gyapj\u00fa \u00e9s a szintetikus anyagok gyakori v\u00e1laszt\u00e1si lehet\u0151s\u00e9gek.<\/li>\n<li data-sourcepos=\"25:1-25:70\"><strong>Illeszked\u00e9s:<\/strong> V\u00e1lasszon olyan pul\u00f3vert, amely j\u00f3l illeszkedik \u00e9s k\u00e9nyelmes viselet.<\/li>\n<li data-sourcepos=\"26:1-26:102\"><strong>St\u00edlus:<\/strong> V\u00e1lassza ki a szem\u00e9lyes \u00edzl\u00e9s\u00e9nek megfelel\u0151 st\u00edlust, p\u00e9ld\u00e1ul teljes cipz\u00e1ras, f\u00e9lcipz\u00e1ras vagy pul\u00f3vert.<\/li>\n<li data-sourcepos=\"27:1-28:0\"><strong>Sz\u00edn \u00e9s minta:<\/strong> Fontolja meg, hogy a paplan sz\u00edne \u00e9s mint\u00e1ja kieg\u00e9sz\u00edtse a ruhat\u00e1r\u00e1t.<\/li>\n<\/ul>\n<p data-sourcepos=\"29:1-29:193\">Ha befektet egy kiv\u00e1l\u00f3 min\u0151s\u00e9g\u0171 steppelt pul\u00f3verbe, nemcsak egy st\u00edlusos \u00e9s funkcion\u00e1lis ruhadarabot kap, hanem egy olyan ruhadarabot is, amely \u00e9vekig melegen \u00e9s k\u00e9nyelmesen tartja \u00d6nt.<\/p>","protected":false},"excerpt":{"rendered":"<table style=\"height: 486px;\" width=\"466\">\n<tbody>\n<tr>\n<td width=\"146\"><strong><b>Term\u00e9k<\/b><\/strong>\u00a0<strong><b>N\u00e9v:<\/b><\/strong><\/td>\n<td width=\"601\"><strong>F\u00e9rfi steppelt pul\u00f3ver<\/strong><\/td>\n<\/tr>\n<tr>\n<td width=\"146\"><strong><b>Materlal:<\/b><\/strong><\/td>\n<td width=\"601\">Poli\u00e9szter\/pamut<\/td>\n<\/tr>\n<tr>\n<td width=\"146\"><strong><b>Technika:<\/b><\/strong><\/td>\n<td width=\"601\">Sz\u00f6v\u00e9s<\/td>\n<\/tr>\n<tr>\n<td width=\"146\"><strong><b>St\u00edlus:<\/b><\/strong><\/td>\n<td width=\"601\">Alkalmi<\/td>\n<\/tr>\n<tr>\n<td width=\"146\"><strong><b>Sz\u00ednes<\/b><\/strong><strong><b>:<\/b><\/strong><\/td>\n<td width=\"601\">\u00a0Egyedi sz\u00ednek<\/td>\n<\/tr>\n<tr>\n<td width=\"146\"><strong><b>M\u00e9ret:<\/b><\/strong><\/td>\n<td width=\"601\">S \/M \/L \/XL \/2XL<\/td>\n<\/tr>\n<tr>\n<td width=\"146\"><strong><b>OEM\/ODM:<\/b><\/strong><\/td>\n<td width=\"601\">Elfogadhat\u00f3<\/td>\n<\/tr>\n<tr>\n<td width=\"146\"><strong><b>Min\u0151s\u00e9g:<\/b><\/strong><\/td>\n<td width=\"601\">100% Kiv\u00e1l\u00f3 min\u0151s\u00e9g<\/td>\n<\/tr>\n<tr>\n<td width=\"146\"><strong><b>M<\/b><\/strong><strong><b>OQ:<\/b><\/strong><\/td>\n<td width=\"601\">200 db<\/td>\n<\/tr>\n<\/tbody>\n<\/table>","protected":false},"featured_media":1810,"template":"","meta":[],"product_brand":[],"product_cat":[38],"product_tag":[],"class_list":{"0":"post-1809","1":"product","2":"type-product","3":"status-publish","4":"has-post-thumbnail","6":"product_cat-mens-clothing","8":"first","9":"instock","10":"shipping-taxable","11":"product-type-simple"},"_links":{"self":[{"href":"https:\/\/mj-clothing.com\/hu\/wp-json\/wp\/v2\/product\/1809","targetHints":{"allow":["GET"]}}],"collection":[{"href":"https:\/\/mj-clothing.com\/hu\/wp-json\/wp\/v2\/product"}],"about":[{"href":"https:\/\/mj-clothing.com\/hu\/wp-json\/wp\/v2\/types\/product"}],"wp:featuredmedia":[{"embeddable":true,"href":"https:\/\/mj-clothing.com\/hu\/wp-json\/wp\/v2\/media\/1810"}],"wp:attachment":[{"href":"https:\/\/mj-clothing.com\/hu\/wp-json\/wp\/v2\/media?parent=1809"}],"wp:term":[{"taxonomy":"product_brand","embeddable":true,"href":"https:\/\/mj-clothing.com\/hu\/wp-json\/wp\/v2\/product_brand?post=1809"},{"taxonomy":"product_cat","embeddable":true,"href":"https:\/\/mj-clothing.com\/hu\/wp-json\/wp\/v2\/product_cat?post=1809"},{"taxonomy":"product_tag","embeddable":true,"href":"https:\/\/mj-clothing.com\/hu\/wp-json\/wp\/v2\/product_tag?post=1809"}],"curies":[{"name":"wp","href":"https:\/\/api.w.org\/{rel}","templated":true}]}}