{"id":1811,"date":"2024-12-14T07:29:45","date_gmt":"2024-12-14T07:29:45","guid":{"rendered":"https:\/\/mj-clothing.com\/?post_type=product&#038;p=1811"},"modified":"2024-12-17T06:51:19","modified_gmt":"2024-12-17T06:51:19","slug":"mens-hooded-cotton-jacket","status":"publish","type":"product","link":"https:\/\/mj-clothing.com\/hu\/manufacturer\/mens-hooded-cotton-jacket\/","title":{"rendered":"F\u00e9rfi kapucnis pamut dzseki"},"content":{"rendered":"<p data-sourcepos=\"1:1-1:194\"><span class=\"citation-0 recitation citation-end-0\">A f\u00e9rfi kapucnis pamutkab\u00e1t sokoldal\u00fa \u00e9s st\u00edlusos fels\u0151ruh\u00e1zati darab, amely k\u00fcl\u00f6nb\u00f6z\u0151 id\u0151j\u00e1r\u00e1si k\u00f6r\u00fclm\u00e9nyek k\u00f6z\u00f6tt viselhet\u0151.<\/span> \u00cdme, mi\u00e9rt \u00e9rdemes megfontolnod, hogy felvegy\u00e9l egyet a szekr\u00e9nyedbe:<span class=\"button-container hide-from-message-actions ng-star-inserted\">\u00a0<\/span><\/p>\n<div class=\"container ng-tns-c2946245707-384 hide\">\n<div class=\"carousel-container ng-tns-c2946245707-384\">\n<div class=\"carousel-content ng-tns-c2946245707-384\">\n<div class=\"sources-carousel-source ng-tns-c2946245707-384 hide ng-star-inserted\" data-test-id=\"sources-carousel-source\"><\/div>\n<\/div>\n<\/div>\n<\/div>\n<h3 data-sourcepos=\"3:1-3:38\"><strong>Mi\u00e9rt v\u00e1lasszon egy f\u00e9rfi kapucnis pamutkab\u00e1tot?<\/strong><\/h3>\n<ul data-sourcepos=\"5:1-9:0\">\n<li data-sourcepos=\"5:1-5:128\"><strong><span class=\"citation-1 recitation\">K\u00e9nyelem \u00e9s melegs\u00e9g:<\/span><\/strong><span class=\"citation-1 recitation citation-end-1\"> A pamut l\u00e9g\u00e1tereszt\u0151 \u00e9s k\u00e9nyelmes anyag, amely h\u0171v\u00f6sebb id\u0151ben is melegen tart.<\/span><\/li>\n<li data-sourcepos=\"5:1-5:128\"><strong style=\"font-size: 14.4px;\">Sokoldal\u00fas\u00e1g:<\/strong><span style=\"font-size: 14.4px;\"> A kapucnis pamutkab\u00e1tot fel vagy le lehet \u00f6lt\u00f6ztetni, \u00edgy t\u00f6k\u00e9letes alkalmi \u00e9s f\u00e9l-form\u00e1lis alkalmakra egyar\u00e1nt.<\/span><\/li>\n<li data-sourcepos=\"7:1-7:97\"><strong>V\u00e9delem az elemekt\u0151l:<\/strong> A kapucni extra v\u00e9delmet ny\u00fajt az es\u0151, a sz\u00e9l \u00e9s a hideg ellen.<\/li>\n<li data-sourcepos=\"8:1-9:0\"><strong>St\u00edlus:<\/strong> A kapucnis dzsekik b\u00e1rmilyen \u00f6lt\u00f6z\u00e9khez hozz\u00e1adhatnak egy kis st\u00edlust.<\/li>\n<\/ul>\n<h3 data-sourcepos=\"10:1-10:40\"><strong>Hogyan stiliz\u00e1ljunk egy f\u00e9rfi kapucnis pamutkab\u00e1tot:<\/strong><\/h3>\n<ul data-sourcepos=\"12:1-15:0\">\n<li data-sourcepos=\"12:1-12:77\"><strong>Alkalmi:<\/strong> P\u00e1ros\u00edtsd farmerrel, p\u00f3l\u00f3val \u00e9s tornacip\u0151vel a laza megjelen\u00e9shez.<\/li>\n<li data-sourcepos=\"13:1-13:96\"><strong>Smart Casual:<\/strong> Viselheti chin\u00f3val, gombos inggel \u00e9s papuccsal egy eleg\u00e1ns \u00f6lt\u00f6z\u00e9khez.<\/li>\n<li data-sourcepos=\"14:1-15:0\"><strong>Szabadt\u00e9ri tev\u00e9kenys\u00e9gek:<\/strong> R\u00e9tegezze egy gyapj\u00fa vagy kapucnis pul\u00f3ver f\u00f6l\u00e9, hogy a szabadt\u00e9ri kalandok sor\u00e1n m\u00e9g melegebb legyen.<\/li>\n<\/ul>\n<h3 data-sourcepos=\"16:1-16:46\"><strong>Hol tal\u00e1lja meg a f\u00e9rfi kapucnis pamutkab\u00e1tokat:<\/strong><\/h3>\n<ul data-sourcepos=\"18:1-21:0\">\n<li data-sourcepos=\"18:1-18:86\"><strong>\u00c1ruh\u00e1zak:<\/strong> Keressen olyan m\u00e1rk\u00e1kat, amelyek k\u00fcl\u00f6nb\u00f6z\u0151 st\u00edlusokat \u00e9s anyagokat k\u00edn\u00e1lnak.<\/li>\n<li data-sourcepos=\"19:1-19:136\"><strong><span class=\"citation-2 recitation\">Online kiskeresked\u0151k:<\/span><\/strong><span class=\"citation-2 recitation citation-end-2\"> Az olyan weboldalak, mint az Amazon, az eBay \u00e9s m\u00e1s online kiskeresked\u0151k a kapucnis pamutkab\u00e1tok sz\u00e9les v\u00e1laszt\u00e9k\u00e1t k\u00edn\u00e1lj\u00e1k.<\/span><span class=\"button-container hide-from-message-actions ng-star-inserted\"> \u00a0<\/span>\n<div class=\"container ng-tns-c2946245707-386 hide\">\n<div class=\"carousel-container ng-tns-c2946245707-386\"><\/div>\n<\/div>\n<\/li>\n<li data-sourcepos=\"20:1-21:0\"><strong>K\u00fclt\u00e9ri ruh\u00e1zati \u00fczletek:<\/strong> A szabadt\u00e9ri felszerel\u00e9sekre szakosodott \u00fczletek gyakran tartanak speci\u00e1lis tev\u00e9kenys\u00e9gekre tervezett kapucnis pamutkab\u00e1tokat.<\/li>\n<\/ul>\n<h3 data-sourcepos=\"22:1-22:45\"><strong>Tippek a f\u00e9rfi kapucnis pamutkab\u00e1t kiv\u00e1laszt\u00e1s\u00e1hoz:<\/strong><\/h3>\n<ul data-sourcepos=\"24:1-28:0\">\n<li data-sourcepos=\"24:1-24:123\"><strong>Anyag:<\/strong> Vegye figyelembe a pamut s\u00faly\u00e1t \u00e9s vastags\u00e1g\u00e1t, mivel ez befoly\u00e1solja a kab\u00e1t melegs\u00e9g\u00e9t \u00e9s tart\u00f3ss\u00e1g\u00e1t.<\/li>\n<li data-sourcepos=\"25:1-25:69\"><strong>Illeszked\u00e9s:<\/strong> V\u00e1lasszon olyan kab\u00e1tot, amely j\u00f3l illeszkedik \u00e9s k\u00e9nyelmes viselet.<\/li>\n<li data-sourcepos=\"26:1-26:108\"><strong>St\u00edlus:<\/strong> V\u00e1lassza ki a szem\u00e9lyes \u00edzl\u00e9s\u00e9nek megfelel\u0151 st\u00edlust, p\u00e9ld\u00e1ul bomberdzsekit, terepdzsekit vagy park\u00e1t.<\/li>\n<li data-sourcepos=\"27:1-28:0\"><strong>Jellemz\u0151k:<\/strong> Fontolja meg az olyan kieg\u00e9sz\u00edt\u0151 funkci\u00f3kat, mint a zsebek, a h\u00faz\u00f3zsin\u00f3ros kapucni, valamint a bord\u00e1zott mandzsetta \u00e9s szeg\u00e9ly.<\/li>\n<\/ul>\n<p data-sourcepos=\"29:1-29:198\">Ha befektet egy kiv\u00e1l\u00f3 min\u0151s\u00e9g\u0171 kapucnis pamutkab\u00e1tba, nemcsak egy st\u00edlusos \u00e9s funkcion\u00e1lis ruhadarabot kap, hanem egy olyan ruhadarabot is, amely \u00e9vekig melegen \u00e9s k\u00e9nyelmesen tartja majd.<\/p>\n<div class=\"attachment-container search-images\">\n<div class=\"image-container hide-from-message-actions ng-star-inserted\">\n<div class=\"overlay-container ng-star-inserted\"><\/div>\n<\/div>\n<\/div>","protected":false},"excerpt":{"rendered":"<table style=\"height: 509px;\" width=\"553\">\n<tbody>\n<tr>\n<td width=\"146\"><strong><b>Term\u00e9k<\/b><\/strong>\u00a0<strong><b>N\u00e9v:<\/b><\/strong><\/td>\n<td width=\"601\"><strong>F\u00e9rfi kapucnis pamut dzseki<\/strong><\/td>\n<\/tr>\n<tr>\n<td width=\"146\"><strong><b>Materlal:<\/b><\/strong><\/td>\n<td width=\"601\">Poli\u00e9szter\/pamut<\/td>\n<\/tr>\n<tr>\n<td width=\"146\"><strong><b>Technika:<\/b><\/strong><\/td>\n<td width=\"601\">Egyszer\u0171 pamut<\/td>\n<\/tr>\n<tr>\n<td width=\"146\"><strong><b>St\u00edlus:<\/b><\/strong><\/td>\n<td width=\"601\">Alkalmi<\/td>\n<\/tr>\n<tr>\n<td width=\"146\"><strong><b>Sz\u00ednes<\/b><\/strong><strong><b>:<\/b><\/strong><\/td>\n<td width=\"601\">\u00a0Egyedi sz\u00ednek<\/td>\n<\/tr>\n<tr>\n<td width=\"146\"><strong><b>M\u00e9ret:<\/b><\/strong><\/td>\n<td width=\"601\">S \/M \/L \/XL \/2XL<\/td>\n<\/tr>\n<tr>\n<td width=\"146\"><strong><b>OEM\/ODM:<\/b><\/strong><\/td>\n<td width=\"601\">Elfogadhat\u00f3<\/td>\n<\/tr>\n<tr>\n<td width=\"146\"><strong><b>Min\u0151s\u00e9g:<\/b><\/strong><\/td>\n<td width=\"601\">100% Kiv\u00e1l\u00f3 min\u0151s\u00e9g<\/td>\n<\/tr>\n<tr>\n<td width=\"146\"><strong><b>M<\/b><\/strong><strong><b>OQ:<\/b><\/strong><\/td>\n<td width=\"601\">200 db<\/td>\n<\/tr>\n<\/tbody>\n<\/table>","protected":false},"featured_media":1812,"template":"","meta":[],"product_brand":[],"product_cat":[38],"product_tag":[],"class_list":{"0":"post-1811","1":"product","2":"type-product","3":"status-publish","4":"has-post-thumbnail","6":"product_cat-mens-clothing","8":"first","9":"instock","10":"shipping-taxable","11":"product-type-simple"},"_links":{"self":[{"href":"https:\/\/mj-clothing.com\/hu\/wp-json\/wp\/v2\/product\/1811","targetHints":{"allow":["GET"]}}],"collection":[{"href":"https:\/\/mj-clothing.com\/hu\/wp-json\/wp\/v2\/product"}],"about":[{"href":"https:\/\/mj-clothing.com\/hu\/wp-json\/wp\/v2\/types\/product"}],"wp:featuredmedia":[{"embeddable":true,"href":"https:\/\/mj-clothing.com\/hu\/wp-json\/wp\/v2\/media\/1812"}],"wp:attachment":[{"href":"https:\/\/mj-clothing.com\/hu\/wp-json\/wp\/v2\/media?parent=1811"}],"wp:term":[{"taxonomy":"product_brand","embeddable":true,"href":"https:\/\/mj-clothing.com\/hu\/wp-json\/wp\/v2\/product_brand?post=1811"},{"taxonomy":"product_cat","embeddable":true,"href":"https:\/\/mj-clothing.com\/hu\/wp-json\/wp\/v2\/product_cat?post=1811"},{"taxonomy":"product_tag","embeddable":true,"href":"https:\/\/mj-clothing.com\/hu\/wp-json\/wp\/v2\/product_tag?post=1811"}],"curies":[{"name":"wp","href":"https:\/\/api.w.org\/{rel}","templated":true}]}}