{"id":1819,"date":"2024-12-14T07:53:41","date_gmt":"2024-12-14T07:53:41","guid":{"rendered":"https:\/\/mj-clothing.com\/?post_type=product&#038;p=1819"},"modified":"2024-12-17T06:39:12","modified_gmt":"2024-12-17T06:39:12","slug":"royal-blue-jacket","status":"publish","type":"product","link":"https:\/\/mj-clothing.com\/hu\/manufacturer\/royal-blue-jacket\/","title":{"rendered":"Kir\u00e1lyk\u00e9k kab\u00e1t"},"content":{"rendered":"<p data-sourcepos=\"1:1-1:164\">A kir\u00e1lyk\u00e9k kab\u00e1t sokoldal\u00fa darab, amely b\u00e1rmilyen ruh\u00e1t feldobhat. Ez egy gazdag, \u00e9l\u00e9nk sz\u00edn, amely kifinomults\u00e1got \u00e9s st\u00edlust k\u00f6lcs\u00f6n\u00f6zhet a ruhat\u00e1radnak.<\/p>\n<h3 data-sourcepos=\"3:1-3:35\"><strong>Mi\u00e9rt v\u00e1lasszon kir\u00e1lyk\u00e9k kab\u00e1tot?<\/strong><\/h3>\n<ul data-sourcepos=\"5:1-8:0\">\n<li data-sourcepos=\"5:1-5:106\"><strong>Sokoldal\u00fas\u00e1g:<\/strong> A kir\u00e1lyk\u00e9k kab\u00e1tot fel vagy le lehet \u00f6lt\u00f6ztetni, \u00edgy k\u00fcl\u00f6nb\u00f6z\u0151 alkalmakra t\u00f6k\u00e9letes.<\/li>\n<li data-sourcepos=\"6:1-6:72\"><strong>Kifinomults\u00e1g:<\/strong> A gazdag sz\u00edn eleganci\u00e1t \u00e9s el\u0151kel\u0151s\u00e9get k\u00f6lcs\u00f6n\u00f6z.<\/li>\n<li data-sourcepos=\"7:1-8:0\"><strong>Egyedi st\u00edlus:<\/strong> Kit\u0171nik a t\u00f6megb\u0151l, \u00e9s mer\u00e9sz kijelent\u00e9st tesz.<\/li>\n<\/ul>\n<h3 data-sourcepos=\"9:1-9:37\"><strong>Hogyan kell st\u00edlusosan viselni egy kir\u00e1lyk\u00e9k kab\u00e1tot:<\/strong><\/h3>\n<ul data-sourcepos=\"11:1-14:0\">\n<li data-sourcepos=\"11:1-11:77\"><strong>Alkalmi:<\/strong> P\u00e1ros\u00edtsd farmerrel, p\u00f3l\u00f3val \u00e9s tornacip\u0151vel a laza megjelen\u00e9shez.<\/li>\n<li data-sourcepos=\"12:1-12:96\"><strong>Smart Casual:<\/strong> Viselheti chin\u00f3val, gombos inggel \u00e9s papuccsal egy eleg\u00e1ns \u00f6lt\u00f6z\u00e9khez.<\/li>\n<li data-sourcepos=\"13:1-14:0\"><strong>Hivatalos:<\/strong> R\u00e9tegezze \u00f6lt\u00f6nyzak\u00f3 f\u00f6l\u00e9, hogy a form\u00e1lis viseletet egyediv\u00e9 var\u00e1zsolja.<\/li>\n<\/ul>\n<h3 data-sourcepos=\"15:1-15:42\"><strong>Tippek a kir\u00e1lyk\u00e9k kab\u00e1t kiv\u00e1laszt\u00e1s\u00e1hoz:<\/strong><\/h3>\n<ul data-sourcepos=\"17:1-20:0\">\n<li data-sourcepos=\"17:1-17:154\"><strong>Anyag:<\/strong> Vegye figyelembe az anyagot, mivel ez befoly\u00e1solja a kab\u00e1t melegs\u00e9g\u00e9t, tart\u00f3ss\u00e1g\u00e1t \u00e9s \u00e1ltal\u00e1nos megjelen\u00e9s\u00e9t. A gyapj\u00fa, a pamut \u00e9s a b\u0151r n\u00e9pszer\u0171 v\u00e1laszt\u00e1s.<\/li>\n<li data-sourcepos=\"18:1-18:71\"><strong>Illeszked\u00e9s:<\/strong> V\u00e1lasszon olyan kab\u00e1tot, amely j\u00f3l illeszkedik \u00e9s h\u00edzeleg a testalkat\u00e1nak.<\/li>\n<li data-sourcepos=\"19:1-20:0\"><strong>St\u00edlus:<\/strong> V\u00e1lassza ki a szem\u00e9lyes \u00edzl\u00e9s\u00e9nek megfelel\u0151 st\u00edlust, p\u00e9ld\u00e1ul bomberdzsekit, terepdzsekit vagy bl\u00e9zert.<\/li>\n<\/ul>","protected":false},"excerpt":{"rendered":"<table style=\"height: 563px;\" width=\"468\">\n<tbody>\n<tr>\n<td width=\"146\"><strong><b>Term\u00e9k<\/b><\/strong>\u00a0<strong><b>N\u00e9v:<\/b><\/strong><\/td>\n<td width=\"601\"><strong>Kir\u00e1lyk\u00e9k kab\u00e1t<\/strong><\/td>\n<\/tr>\n<tr>\n<td width=\"146\"><strong><b>Materlal:<\/b><\/strong><\/td>\n<td width=\"601\">Poli\u00e9szter\/pamut<\/td>\n<\/tr>\n<tr>\n<td width=\"146\"><strong><b>Technika:<\/b><\/strong><\/td>\n<td width=\"601\">Egyszer\u0171 pamut<\/td>\n<\/tr>\n<tr>\n<td width=\"146\"><strong><b>St\u00edlus:<\/b><\/strong><\/td>\n<td width=\"601\">Alkalmi<\/td>\n<\/tr>\n<tr>\n<td width=\"146\"><strong><b>Sz\u00ednes<\/b><\/strong><strong><b>:<\/b><\/strong><\/td>\n<td width=\"601\">\u00a0Egyedi sz\u00ednek<\/td>\n<\/tr>\n<tr>\n<td width=\"146\"><strong><b>M\u00e9ret:<\/b><\/strong><\/td>\n<td width=\"601\">S \/M \/L \/XL \/2XL<\/td>\n<\/tr>\n<tr>\n<td width=\"146\"><strong><b>OEM\/ODM:<\/b><\/strong><\/td>\n<td width=\"601\">Elfogadhat\u00f3<\/td>\n<\/tr>\n<tr>\n<td width=\"146\"><strong><b>Min\u0151s\u00e9g:<\/b><\/strong><\/td>\n<td width=\"601\">100% Kiv\u00e1l\u00f3 min\u0151s\u00e9g<\/td>\n<\/tr>\n<tr>\n<td width=\"146\"><strong><b>M<\/b><\/strong><strong><b>OQ:<\/b><\/strong><\/td>\n<td width=\"601\">200 db<\/td>\n<\/tr>\n<\/tbody>\n<\/table>","protected":false},"featured_media":1820,"template":"","meta":[],"product_brand":[],"product_cat":[38],"product_tag":[],"class_list":{"0":"post-1819","1":"product","2":"type-product","3":"status-publish","4":"has-post-thumbnail","6":"product_cat-mens-clothing","8":"first","9":"instock","10":"shipping-taxable","11":"product-type-simple"},"_links":{"self":[{"href":"https:\/\/mj-clothing.com\/hu\/wp-json\/wp\/v2\/product\/1819","targetHints":{"allow":["GET"]}}],"collection":[{"href":"https:\/\/mj-clothing.com\/hu\/wp-json\/wp\/v2\/product"}],"about":[{"href":"https:\/\/mj-clothing.com\/hu\/wp-json\/wp\/v2\/types\/product"}],"wp:featuredmedia":[{"embeddable":true,"href":"https:\/\/mj-clothing.com\/hu\/wp-json\/wp\/v2\/media\/1820"}],"wp:attachment":[{"href":"https:\/\/mj-clothing.com\/hu\/wp-json\/wp\/v2\/media?parent=1819"}],"wp:term":[{"taxonomy":"product_brand","embeddable":true,"href":"https:\/\/mj-clothing.com\/hu\/wp-json\/wp\/v2\/product_brand?post=1819"},{"taxonomy":"product_cat","embeddable":true,"href":"https:\/\/mj-clothing.com\/hu\/wp-json\/wp\/v2\/product_cat?post=1819"},{"taxonomy":"product_tag","embeddable":true,"href":"https:\/\/mj-clothing.com\/hu\/wp-json\/wp\/v2\/product_tag?post=1819"}],"curies":[{"name":"wp","href":"https:\/\/api.w.org\/{rel}","templated":true}]}}