{"id":1823,"date":"2024-12-14T08:13:54","date_gmt":"2024-12-14T08:13:54","guid":{"rendered":"https:\/\/mj-clothing.com\/?post_type=product&#038;p=1823"},"modified":"2024-12-17T06:32:21","modified_gmt":"2024-12-17T06:32:21","slug":"caterpillar-jacket","status":"publish","type":"product","link":"https:\/\/mj-clothing.com\/hu\/manufacturer\/caterpillar-jacket\/","title":{"rendered":"Caterpillar kab\u00e1t"},"content":{"rendered":"<p data-sourcepos=\"1:1-1:176\">A Caterpillar kab\u00e1tok tart\u00f3ss\u00e1gukr\u00f3l, funkcionalit\u00e1sukr\u00f3l \u00e9s massz\u00edv st\u00edlusukr\u00f3l ismertek. Gyakran kiv\u00e1l\u00f3 min\u0151s\u00e9g\u0171 anyagokb\u00f3l k\u00e9sz\u00fclnek, \u00e9s \u00fagy tervezt\u00e9k \u0151ket, hogy ellen\u00e1lljanak a zord k\u00f6r\u00fclm\u00e9nyeknek.<\/p>\n<h3 data-sourcepos=\"3:1-3:40\"><strong>A Caterpillar-kab\u00e1tok legfontosabb jellemz\u0151i:<\/strong><\/h3>\n<ul data-sourcepos=\"5:1-9:0\">\n<li data-sourcepos=\"5:1-5:116\"><strong>Tart\u00f3ss\u00e1g:<\/strong> Az olyan strapab\u00edr\u00f3 anyagokb\u00f3l, mint a farmer, pamut vagy poli\u00e9szter, k\u00e9sz\u00fclt Caterpillar-dzsekik tart\u00f3sak.<\/li>\n<li data-sourcepos=\"6:1-6:138\"><strong>Funkcionalit\u00e1s:<\/strong> Sok Caterpillar kab\u00e1t olyan praktikus r\u00e9szletekkel rendelkezik, mint a t\u00f6bb zseb, az \u00e1ll\u00edthat\u00f3 kapucni \u00e9s a meger\u0151s\u00edtett varratok.<\/li>\n<li data-sourcepos=\"7:1-7:86\"><strong>Melegs\u00e9g:<\/strong> Egyes Caterpillar kab\u00e1tok szigeteltek, hogy hideg id\u0151ben is melegen tarts\u00e1k \u00d6nt.<\/li>\n<li data-sourcepos=\"8:1-9:0\"><strong>Id\u0151j\u00e1r\u00e1s\u00e1ll\u00f3s\u00e1g:<\/strong> Sok modell v\u00edz\u00e1ll\u00f3 vagy v\u00edz\u00e1ll\u00f3, \u00edgy megv\u00e9di \u00d6nt az es\u0151t\u0151l \u00e9s a h\u00f3t\u00f3l.<\/li>\n<\/ul>\n<h3 data-sourcepos=\"10:1-10:42\"><strong>N\u00e9pszer\u0171 herny\u00f3-kab\u00e1tok:<\/strong><\/h3>\n<ul data-sourcepos=\"12:1-16:0\">\n<li data-sourcepos=\"12:1-12:183\"><strong>Munkakab\u00e1tok:<\/strong> Ezeket a tart\u00f3s \u00e9s funkcion\u00e1lis kab\u00e1tokat kem\u00e9ny munkak\u00f6rnyezetre tervezt\u00e9k. Gyakran t\u00f6bb zsebbel, meger\u0151s\u00edtett varr\u00e1sokkal \u00e9s nagy teherb\u00edr\u00e1s\u00fa anyagokkal rendelkeznek.<\/li>\n<li data-sourcepos=\"13:1-13:161\"><strong>Pufferdzsekik:<\/strong> Ezek a szigetelt kab\u00e1tok t\u00f6k\u00e9letesek a hideg id\u0151j\u00e1r\u00e1shoz. Gyakran van benn\u00fck pehely- vagy szintetikus szigetel\u00e9s, \u00e9s steppelt kialak\u00edt\u00e1s\u00faak.<\/li>\n<li data-sourcepos=\"14:1-14:136\"><strong>Soft-Shell kab\u00e1tok:<\/strong> Ezek a sokoldal\u00fa kab\u00e1tok sz\u00e9l\u00e1ll\u00f3ak, v\u00edz\u00e1ll\u00f3ak \u00e9s l\u00e9g\u00e1tereszt\u0151ek. Ide\u00e1lisak a szabadt\u00e9ri tev\u00e9kenys\u00e9gekhez.<\/li>\n<li data-sourcepos=\"15:1-16:0\"><strong>Farmerdzsekik:<\/strong> Ezek a klasszikus kab\u00e1tok st\u00edlusosak \u00e9s tart\u00f3sak. Fel vagy le lehet \u0151ket \u00f6lt\u00f6ztetni.<\/li>\n<\/ul>\n<h3 data-sourcepos=\"17:1-17:37\"><strong>Hol lehet megv\u00e1s\u00e1rolni a herny\u00f3-kab\u00e1tokat:<\/strong><\/h3>\n<ul data-sourcepos=\"19:1-22:0\">\n<li data-sourcepos=\"19:1-19:123\"><strong>Caterpillar hivatalos honlapja:<\/strong> A Caterpillar hivatalos honlapj\u00e1n megtal\u00e1lhatja a leg\u00fajabb st\u00edlusokat \u00e9s modelleket.<\/li>\n<li data-sourcepos=\"20:1-20:121\"><strong>\u00c1ruh\u00e1zak:<\/strong> Sz\u00e1mos \u00e1ruh\u00e1zban kaphat\u00f3ak Caterpillar kab\u00e1tok, k\u00fcl\u00f6n\u00f6sen az \u0151szi \u00e9s t\u00e9li szezonban.<\/li>\n<li data-sourcepos=\"21:1-22:0\"><strong>Online kiskeresked\u0151k:<\/strong> Az olyan weboldalak, mint az Amazon, az eBay \u00e9s m\u00e1s online kiskeresked\u0151k a Caterpillar kab\u00e1tok sz\u00e9les v\u00e1laszt\u00e9k\u00e1t k\u00edn\u00e1lj\u00e1k.<\/li>\n<\/ul>\n<h3 data-sourcepos=\"23:1-23:43\"><strong>Tippek a herny\u00f3-kab\u00e1t kiv\u00e1laszt\u00e1s\u00e1hoz:<\/strong><\/h3>\n<ul data-sourcepos=\"25:1-29:0\">\n<li data-sourcepos=\"25:1-25:99\"><strong>Vegye figyelembe az ig\u00e9nyeit:<\/strong> Gondoljon a tev\u00e9kenys\u00e9gekre, amelyeket v\u00e9gezni fog, \u00e9s az \u00e9ghajlatra, ahol tart\u00f3zkodni fog.<\/li>\n<li data-sourcepos=\"26:1-26:84\"><strong>Ellen\u0151rizze az anyagokat:<\/strong> A kiv\u00e1l\u00f3 min\u0151s\u00e9g\u0171 anyagok biztos\u00edtj\u00e1k a tart\u00f3ss\u00e1got \u00e9s a meleget.<\/li>\n<li data-sourcepos=\"27:1-27:94\"><strong>Figyeljen az illeszked\u00e9sre:<\/strong> Egy j\u00f3l illeszked\u0151 kab\u00e1t k\u00e9nyelmesebb \u00e9s funkcion\u00e1lisabb lesz.<\/li>\n<li data-sourcepos=\"28:1-29:0\"><strong>Keresse a praktikus funkci\u00f3kat:<\/strong> Zsebek, kapucnik \u00e9s \u00e1ll\u00edthat\u00f3 mandzsett\u00e1k n\u00f6velhetik a kab\u00e1t sokoldal\u00fas\u00e1g\u00e1t.<\/li>\n<\/ul>\n<p data-sourcepos=\"30:1-30:142\">A Caterpillar kab\u00e1t v\u00e1laszt\u00e1s\u00e1val egy min\u0151s\u00e9gi fels\u0151ruh\u00e1zatba fektet, amely \u00e9vekig v\u00e9delmet \u00e9s st\u00edlusos megjelen\u00e9st biztos\u00edt \u00d6nnek.<\/p>","protected":false},"excerpt":{"rendered":"<table style=\"height: 508px;\" width=\"470\">\n<tbody>\n<tr>\n<td width=\"146\"><strong><b>Term\u00e9k<\/b><\/strong>\u00a0<strong><b>N\u00e9v:<\/b><\/strong><\/td>\n<td width=\"601\"><strong>Caterpillar kab\u00e1t<\/strong><\/td>\n<\/tr>\n<tr>\n<td width=\"146\"><strong><b>Materlal:<\/b><\/strong><\/td>\n<td width=\"601\">Poli\u00e9szter\/pamut<\/td>\n<\/tr>\n<tr>\n<td width=\"146\"><strong><b>Technika:<\/b><\/strong><\/td>\n<td width=\"601\">Nyomtat\u00e1s \u00e9s fest\u00e9s<\/td>\n<\/tr>\n<tr>\n<td width=\"146\"><strong><b>St\u00edlus:<\/b><\/strong><\/td>\n<td width=\"601\">Alkalmi<\/td>\n<\/tr>\n<tr>\n<td width=\"146\"><strong><b>Sz\u00ednes<\/b><\/strong><strong><b>:<\/b><\/strong><\/td>\n<td width=\"601\">\u00a0Egyedi sz\u00ednek<\/td>\n<\/tr>\n<tr>\n<td width=\"146\"><strong><b>M\u00e9ret:<\/b><\/strong><\/td>\n<td width=\"601\">S \/M \/L \/XL \/2XL<\/td>\n<\/tr>\n<tr>\n<td width=\"146\"><strong><b>OEM\/ODM:<\/b><\/strong><\/td>\n<td width=\"601\">Elfogadhat\u00f3<\/td>\n<\/tr>\n<tr>\n<td width=\"146\"><strong><b>Min\u0151s\u00e9g:<\/b><\/strong><\/td>\n<td width=\"601\">100% Kiv\u00e1l\u00f3 min\u0151s\u00e9g<\/td>\n<\/tr>\n<tr>\n<td width=\"146\"><strong><b>M<\/b><\/strong><strong><b>OQ:<\/b><\/strong><\/td>\n<td width=\"601\">200 db<\/td>\n<\/tr>\n<\/tbody>\n<\/table>","protected":false},"featured_media":1824,"template":"","meta":[],"product_brand":[],"product_cat":[38],"product_tag":[],"class_list":{"0":"post-1823","1":"product","2":"type-product","3":"status-publish","4":"has-post-thumbnail","6":"product_cat-mens-clothing","8":"first","9":"instock","10":"shipping-taxable","11":"product-type-simple"},"_links":{"self":[{"href":"https:\/\/mj-clothing.com\/hu\/wp-json\/wp\/v2\/product\/1823","targetHints":{"allow":["GET"]}}],"collection":[{"href":"https:\/\/mj-clothing.com\/hu\/wp-json\/wp\/v2\/product"}],"about":[{"href":"https:\/\/mj-clothing.com\/hu\/wp-json\/wp\/v2\/types\/product"}],"wp:featuredmedia":[{"embeddable":true,"href":"https:\/\/mj-clothing.com\/hu\/wp-json\/wp\/v2\/media\/1824"}],"wp:attachment":[{"href":"https:\/\/mj-clothing.com\/hu\/wp-json\/wp\/v2\/media?parent=1823"}],"wp:term":[{"taxonomy":"product_brand","embeddable":true,"href":"https:\/\/mj-clothing.com\/hu\/wp-json\/wp\/v2\/product_brand?post=1823"},{"taxonomy":"product_cat","embeddable":true,"href":"https:\/\/mj-clothing.com\/hu\/wp-json\/wp\/v2\/product_cat?post=1823"},{"taxonomy":"product_tag","embeddable":true,"href":"https:\/\/mj-clothing.com\/hu\/wp-json\/wp\/v2\/product_tag?post=1823"}],"curies":[{"name":"wp","href":"https:\/\/api.w.org\/{rel}","templated":true}]}}