{"id":1825,"date":"2024-12-16T02:30:24","date_gmt":"2024-12-16T02:30:24","guid":{"rendered":"https:\/\/mj-clothing.com\/?post_type=product&#038;p=1825"},"modified":"2024-12-17T06:30:13","modified_gmt":"2024-12-17T06:30:13","slug":"alchemai-hoodie","status":"publish","type":"product","link":"https:\/\/mj-clothing.com\/hu\/manufacturer\/alchemai-hoodie\/","title":{"rendered":"Alchemai kapucnis pul\u00f3ver"},"content":{"rendered":"<h3 data-sourcepos=\"1:1-1:266\">Alchemai kapucnis pul\u00f3ver<\/h3>\n<p data-sourcepos=\"1:1-1:266\">Az Alchemai Hoodie egy st\u00edlusos \u00e9s k\u00e9nyelmes ruhadarab, amely t\u00f6k\u00e9letes a mindennapi viselethez. Kiv\u00e1l\u00f3 min\u0151s\u00e9g\u0171 anyagokb\u00f3l k\u00e9sz\u00fclt, \u00e9s t\u00f6bbf\u00e9le sz\u00ednben kaphat\u00f3. A kapucnis pul\u00f3ver r\u00e1ad\u00e1sul nagyon kedvez\u0151 \u00e1r\u00fa, \u00edgy a p\u00e9nzt\u00e1rc\u00e1val rendelkez\u0151k sz\u00e1m\u00e1ra is remek v\u00e1laszt\u00e1s.<\/p>\n<p data-sourcepos=\"3:1-3:57\">\u00cdme az Alchemai Hoodie n\u00e9h\u00e1ny f\u0151 jellemz\u0151je:<\/p>\n<ul data-sourcepos=\"5:1-10:0\">\n<li data-sourcepos=\"5:1-5:153\"><strong>Kiv\u00e1l\u00f3 min\u0151s\u00e9g\u0171 anyagokb\u00f3l k\u00e9sz\u00fclt:<\/strong> A kapucnis pul\u00f3ver puha \u00e9s k\u00e9nyelmes fleece anyagb\u00f3l k\u00e9sz\u00fclt, amely t\u00f6k\u00e9letesen melegen tart a hideg napokon.<\/li>\n<li data-sourcepos=\"6:1-6:122\"><strong>T\u00f6bbf\u00e9le sz\u00ednben kaphat\u00f3:<\/strong> T\u00f6bbf\u00e9le sz\u00ednb\u0151l v\u00e1laszthatsz, hogy megtal\u00e1ld a st\u00edlusodnak megfelel\u0151 t\u00f6k\u00e9letes kapucnis pul\u00f3vert.<\/li>\n<li data-sourcepos=\"7:1-7:97\"><strong>Megfizethet\u0151:<\/strong> A kapucnis pul\u00f3ver nagyon kedvez\u0151 \u00e1r\u00fa, \u00edgy nagyszer\u0171 v\u00e1laszt\u00e1s a p\u00e9nzt\u00e1rc\u00e1val rendelkez\u0151k sz\u00e1m\u00e1ra.<\/li>\n<li data-sourcepos=\"8:1-8:103\"><strong>K\u00e9nyelmes:<\/strong> A kapucnis pul\u00f3ver nagyon k\u00e9nyelmes viselet, puha \u00e9s laza szab\u00e1s\u00e1nak k\u00f6sz\u00f6nhet\u0151en.<\/li>\n<li data-sourcepos=\"9:1-10:0\"><strong>St\u00edlusos:<\/strong> A kapucnis pul\u00f3ver nagyon eleg\u00e1ns, \u00e9s k\u00f6nnyen fel- vagy le\u00f6lt\u00f6ztethet\u0151.<\/li>\n<\/ul>\n<p data-sourcepos=\"11:1-11:174\">Ha egy st\u00edlusos \u00e9s k\u00e9nyelmes kapucnis pul\u00f3vert keresel, amely r\u00e1ad\u00e1sul megfizethet\u0151, akkor az Alchemai Hoodie egy nagyszer\u0171 v\u00e1laszt\u00e1s. Megtal\u00e1lhatja online vagy a helyi kiskeresked\u0151n\u00e9l.<\/p>","protected":false},"excerpt":{"rendered":"<table style=\"height: 538px;\" width=\"470\">\n<tbody>\n<tr>\n<td width=\"146\"><strong><b>Term\u00e9k<\/b><\/strong>\u00a0<strong><b>N\u00e9v:<\/b><\/strong><\/td>\n<td width=\"601\"><strong>Alchemai kapucnis pul\u00f3ver<\/strong><\/td>\n<\/tr>\n<tr>\n<td width=\"146\"><strong><b>Materlal:<\/b><\/strong><\/td>\n<td width=\"601\">Poli\u00e9szter\/pamut<\/td>\n<\/tr>\n<tr>\n<td width=\"146\"><strong><b>Technika:<\/b><\/strong><\/td>\n<td width=\"601\">Nyomtat\u00e1s \u00e9s fest\u00e9s<\/td>\n<\/tr>\n<tr>\n<td width=\"146\"><strong><b>St\u00edlus:<\/b><\/strong><\/td>\n<td width=\"601\">Alkalmi<\/td>\n<\/tr>\n<tr>\n<td width=\"146\"><strong><b>Sz\u00ednes<\/b><\/strong><strong><b>:<\/b><\/strong><\/td>\n<td width=\"601\">\u00a0Egyedi sz\u00ednek<\/td>\n<\/tr>\n<tr>\n<td width=\"146\"><strong><b>M\u00e9ret:<\/b><\/strong><\/td>\n<td width=\"601\">S \/M \/L \/XL \/2XL<\/td>\n<\/tr>\n<tr>\n<td width=\"146\"><strong><b>OEM\/ODM:<\/b><\/strong><\/td>\n<td width=\"601\">Elfogadhat\u00f3<\/td>\n<\/tr>\n<tr>\n<td width=\"146\"><strong><b>Min\u0151s\u00e9g:<\/b><\/strong><\/td>\n<td width=\"601\">100% Kiv\u00e1l\u00f3 min\u0151s\u00e9g<\/td>\n<\/tr>\n<tr>\n<td width=\"146\"><strong><b>M<\/b><\/strong><strong><b>OQ:<\/b><\/strong><\/td>\n<td width=\"601\">200 db<\/td>\n<\/tr>\n<\/tbody>\n<\/table>","protected":false},"featured_media":1826,"template":"","meta":[],"product_brand":[],"product_cat":[38],"product_tag":[],"class_list":{"0":"post-1825","1":"product","2":"type-product","3":"status-publish","4":"has-post-thumbnail","6":"product_cat-mens-clothing","8":"first","9":"instock","10":"shipping-taxable","11":"product-type-simple"},"_links":{"self":[{"href":"https:\/\/mj-clothing.com\/hu\/wp-json\/wp\/v2\/product\/1825","targetHints":{"allow":["GET"]}}],"collection":[{"href":"https:\/\/mj-clothing.com\/hu\/wp-json\/wp\/v2\/product"}],"about":[{"href":"https:\/\/mj-clothing.com\/hu\/wp-json\/wp\/v2\/types\/product"}],"wp:featuredmedia":[{"embeddable":true,"href":"https:\/\/mj-clothing.com\/hu\/wp-json\/wp\/v2\/media\/1826"}],"wp:attachment":[{"href":"https:\/\/mj-clothing.com\/hu\/wp-json\/wp\/v2\/media?parent=1825"}],"wp:term":[{"taxonomy":"product_brand","embeddable":true,"href":"https:\/\/mj-clothing.com\/hu\/wp-json\/wp\/v2\/product_brand?post=1825"},{"taxonomy":"product_cat","embeddable":true,"href":"https:\/\/mj-clothing.com\/hu\/wp-json\/wp\/v2\/product_cat?post=1825"},{"taxonomy":"product_tag","embeddable":true,"href":"https:\/\/mj-clothing.com\/hu\/wp-json\/wp\/v2\/product_tag?post=1825"}],"curies":[{"name":"wp","href":"https:\/\/api.w.org\/{rel}","templated":true}]}}