{"id":1830,"date":"2024-12-16T02:45:38","date_gmt":"2024-12-16T02:45:38","guid":{"rendered":"https:\/\/mj-clothing.com\/?post_type=product&#038;p=1830"},"modified":"2024-12-17T06:28:33","modified_gmt":"2024-12-17T06:28:33","slug":"plaid-sweatshirt","status":"publish","type":"product","link":"https:\/\/mj-clothing.com\/hu\/manufacturer\/plaid-sweatshirt\/","title":{"rendered":"R\u00e9tes pul\u00f3ver"},"content":{"rendered":"<p data-sourcepos=\"1:1-1:178\">A kock\u00e1s pul\u00f3verek klasszikus \u00e9s sokoldal\u00fa ruhadarabok, amelyeket fel- \u00e9s le lehet \u00f6lt\u00f6ztetni. T\u00f6k\u00e9letesek \u0151szre \u00e9s t\u00e9lre, \u00e9s sz\u00e1mos alkalomra viselhet\u0151k.<\/p>\n<h3 data-sourcepos=\"3:1-3:70\"><strong>\u00cdme n\u00e9h\u00e1ny dolog, amit figyelembe kell venned, amikor kock\u00e1s meleg\u00edt\u0151fels\u0151t v\u00e1lasztasz:<\/strong><\/h3>\n<ul data-sourcepos=\"5:1-9:0\">\n<li data-sourcepos=\"5:1-5:137\"><strong>Sz\u00edn:<\/strong> A kock\u00e1s mint\u00e1zat sz\u00e1mos sz\u00ednben \u00e9s mint\u00e1ban kaphat\u00f3. V\u00e1lasszon olyan sz\u00ednt, amelyik tetszik, \u00e9s amelyik j\u00f3l illik a t\u00f6bbi ruh\u00e1j\u00e1hoz.<\/li>\n<li data-sourcepos=\"6:1-6:119\"><strong>Illeszked\u00e9s:<\/strong> V\u00e1lasszon olyan szab\u00e1st, amely k\u00e9nyelmes \u00e9s h\u00edzelg\u0151. Ne akarjon t\u00fal sz\u0171k vagy t\u00fal b\u0151 pul\u00f3vert.<\/li>\n<li data-sourcepos=\"7:1-7:101\"><strong>Anyag:<\/strong> Keressen olyan pul\u00f3vert, amely kiv\u00e1l\u00f3 min\u0151s\u00e9g\u0171 anyagb\u00f3l k\u00e9sz\u00fclt, puha \u00e9s k\u00e9nyelmes.<\/li>\n<li data-sourcepos=\"8:1-9:0\"><strong>St\u00edlus:<\/strong> A kock\u00e1s pul\u00f3verek sz\u00e1mos st\u00edlusban kaphat\u00f3k, a klasszikust\u00f3l a modernig. V\u00e1lasszon olyan st\u00edlust, amelyik tetszik, \u00e9s amelyik illik a szem\u00e9lyes st\u00edlus\u00e1hoz.<\/li>\n<\/ul>\n<h3 data-sourcepos=\"10:1-10:51\"><strong>\u00cdme n\u00e9h\u00e1ny m\u00f3dja a kock\u00e1s meleg\u00edt\u0151fels\u0151 st\u00edlus\u00e1nak:<\/strong><\/h3>\n<ul data-sourcepos=\"12:1-15:0\">\n<li data-sourcepos=\"12:1-12:96\"><strong>Alkalmi:<\/strong> P\u00e1ros\u00edtson egy kock\u00e1s pul\u00f3vert farmerrel \u00e9s tornacip\u0151vel a laza \u00e9s k\u00e9nyelmes megjelen\u00e9s\u00e9rt.<\/li>\n<li data-sourcepos=\"13:1-13:78\"><strong>Eleg\u00e1ns:<\/strong> Dobd fel a kock\u00e1s pul\u00f3vert egy szokny\u00e1val vagy ruh\u00e1val p\u00e1ros\u00edtva.<\/li>\n<li data-sourcepos=\"14:1-15:0\"><strong>R\u00e9tegesen:<\/strong> A st\u00edlusos \u00e9s meleg megjelen\u00e9s \u00e9rdek\u00e9ben r\u00e9tegezzen egy kock\u00e1s pul\u00f3vert egy p\u00f3l\u00f3ra vagy hossz\u00fa ujj\u00fa ingre.<\/li>\n<\/ul>\n<h3 data-sourcepos=\"16:1-16:50\"><strong>\u00cdme n\u00e9h\u00e1ny n\u00e9pszer\u0171 kock\u00e1s meleg\u00edt\u0151fels\u0151 st\u00edlus:<\/strong><\/h3>\n<ul data-sourcepos=\"18:1-21:0\">\n<li data-sourcepos=\"18:1-18:48\"><strong>Kapucnis pul\u00f3verek:<\/strong> Klasszikus \u00e9s k\u00e9nyelmes v\u00e1laszt\u00e1s.<\/li>\n<li data-sourcepos=\"19:1-19:49\"><strong>Crewneck:<\/strong> Egy laz\u00e1bb \u00e9s laz\u00e1bb lehet\u0151s\u00e9g.<\/li>\n<li data-sourcepos=\"20:1-21:0\"><strong>Negyedcipz\u00e1ras:<\/strong> Sokoldal\u00fa v\u00e1laszt\u00e1s, amely fel- vagy le\u00f6lt\u00f6ztethet\u0151.<\/li>\n<\/ul>\n<h3 data-sourcepos=\"22:1-22:60\"><strong>\u00cdme n\u00e9h\u00e1ny tipp a kock\u00e1s meleg\u00edt\u0151fels\u0151 \u00e1pol\u00e1s\u00e1hoz:<\/strong><\/h3>\n<ul data-sourcepos=\"24:1-27:0\">\n<li data-sourcepos=\"24:1-24:55\">A pul\u00f3vert hideg v\u00edzben, k\u00edm\u00e9letes mos\u00e1ssal mossa.<\/li>\n<li data-sourcepos=\"25:1-25:21\">Ker\u00fclje a feh\u00e9r\u00edt\u0151szer haszn\u00e1lat\u00e1t.<\/li>\n<li data-sourcepos=\"26:1-27:0\">Alacsony h\u0151fokon sz\u00e1r\u00edtsd a sz\u00e1r\u00edt\u00f3g\u00e9pben, vagy akaszd fel sz\u00e1radni.<\/li>\n<\/ul>\n<p data-sourcepos=\"28:1-28:130\">Annyi k\u00fcl\u00f6nb\u00f6z\u0151 st\u00edlus \u00e9s sz\u00edn k\u00f6z\u00fcl v\u00e1laszthatsz, hogy biztosan megtal\u00e1lod a t\u00f6k\u00e9letes kock\u00e1s pul\u00f3vert, amit a ruhat\u00e1radba illeszthetsz.<\/p>","protected":false},"excerpt":{"rendered":"<table style=\"height: 421px;\" width=\"443\">\n<tbody>\n<tr>\n<td width=\"146\"><strong><b>Term\u00e9k<\/b><\/strong>\u00a0<strong><b>N\u00e9v:<\/b><\/strong><\/td>\n<td width=\"601\"><strong>R\u00e9tes pul\u00f3ver<\/strong><\/td>\n<\/tr>\n<tr>\n<td width=\"146\"><strong><b>Materlal:<\/b><\/strong><\/td>\n<td width=\"601\">Poli\u00e9szter\/pamut<\/td>\n<\/tr>\n<tr>\n<td width=\"146\"><strong><b>Technika:<\/b><\/strong><\/td>\n<td width=\"601\">Nyomtat\u00e1s \u00e9s fest\u00e9s<\/td>\n<\/tr>\n<tr>\n<td width=\"146\"><strong><b>St\u00edlus:<\/b><\/strong><\/td>\n<td width=\"601\">Alkalmi<\/td>\n<\/tr>\n<tr>\n<td width=\"146\"><strong><b>Sz\u00ednes<\/b><\/strong><strong><b>:<\/b><\/strong><\/td>\n<td width=\"601\">\u00a0Egyedi sz\u00ednek<\/td>\n<\/tr>\n<tr>\n<td width=\"146\"><strong><b>M\u00e9ret:<\/b><\/strong><\/td>\n<td width=\"601\">S \/M \/L \/XL \/2XL<\/td>\n<\/tr>\n<tr>\n<td width=\"146\"><strong><b>OEM\/ODM:<\/b><\/strong><\/td>\n<td width=\"601\">Elfogadhat\u00f3<\/td>\n<\/tr>\n<tr>\n<td width=\"146\"><strong><b>Min\u0151s\u00e9g:<\/b><\/strong><\/td>\n<td width=\"601\">100% Kiv\u00e1l\u00f3 min\u0151s\u00e9g<\/td>\n<\/tr>\n<tr>\n<td width=\"146\"><strong><b>M<\/b><\/strong><strong><b>OQ:<\/b><\/strong><\/td>\n<td width=\"601\">200 db<\/td>\n<\/tr>\n<\/tbody>\n<\/table>","protected":false},"featured_media":1831,"template":"","meta":[],"product_brand":[],"product_cat":[38],"product_tag":[],"class_list":{"0":"post-1830","1":"product","2":"type-product","3":"status-publish","4":"has-post-thumbnail","6":"product_cat-mens-clothing","8":"first","9":"instock","10":"shipping-taxable","11":"product-type-simple"},"_links":{"self":[{"href":"https:\/\/mj-clothing.com\/hu\/wp-json\/wp\/v2\/product\/1830","targetHints":{"allow":["GET"]}}],"collection":[{"href":"https:\/\/mj-clothing.com\/hu\/wp-json\/wp\/v2\/product"}],"about":[{"href":"https:\/\/mj-clothing.com\/hu\/wp-json\/wp\/v2\/types\/product"}],"wp:featuredmedia":[{"embeddable":true,"href":"https:\/\/mj-clothing.com\/hu\/wp-json\/wp\/v2\/media\/1831"}],"wp:attachment":[{"href":"https:\/\/mj-clothing.com\/hu\/wp-json\/wp\/v2\/media?parent=1830"}],"wp:term":[{"taxonomy":"product_brand","embeddable":true,"href":"https:\/\/mj-clothing.com\/hu\/wp-json\/wp\/v2\/product_brand?post=1830"},{"taxonomy":"product_cat","embeddable":true,"href":"https:\/\/mj-clothing.com\/hu\/wp-json\/wp\/v2\/product_cat?post=1830"},{"taxonomy":"product_tag","embeddable":true,"href":"https:\/\/mj-clothing.com\/hu\/wp-json\/wp\/v2\/product_tag?post=1830"}],"curies":[{"name":"wp","href":"https:\/\/api.w.org\/{rel}","templated":true}]}}