{"id":1834,"date":"2024-12-16T03:01:13","date_gmt":"2024-12-16T03:01:13","guid":{"rendered":"https:\/\/mj-clothing.com\/?post_type=product&#038;p=1834"},"modified":"2024-12-17T06:27:12","modified_gmt":"2024-12-17T06:27:12","slug":"pullover-hoodie","status":"publish","type":"product","link":"https:\/\/mj-clothing.com\/hu\/manufacturer\/pullover-hoodie\/","title":{"rendered":"Pul\u00f3ver kapucnis pul\u00f3ver"},"content":{"rendered":"<p data-sourcepos=\"1:1-1:345\"><span class=\"citation-0 recitation citation-end-0\">A pul\u00f3veres kapucnis pul\u00f3ver egy alkalmi \u00e9s k\u00e9nyelmes ruhadarab, amely t\u00f6k\u00e9letes a mindennapi viselethez.<\/span> <span class=\"citation-1 recitation citation-end-1\">Jellemz\u0151en kapucnival, kenguru zsebbel, valamint elasztikus mandzsett\u00e1val \u00e9s der\u00e9kp\u00e1nttal rendelkezik.<\/span> <span class=\"citation-2 recitation citation-end-2\">A kapucnis pul\u00f3verek gyakran puha \u00e9s meleg anyagokb\u00f3l, p\u00e9ld\u00e1ul gyapj\u00fab\u00f3l vagy pamutb\u00f3l k\u00e9sz\u00fclnek, \u00edgy ide\u00e1lisak a hidegebb id\u0151j\u00e1r\u00e1shoz.<\/span><\/p>\n<h3 data-sourcepos=\"3:1-3:38\"><strong>A pul\u00f3ver-kapucnis pul\u00f3ver legfontosabb jellemz\u0151i:<\/strong><\/h3>\n<ul data-sourcepos=\"5:1-9:0\">\n<li data-sourcepos=\"5:1-5:61\"><strong>Hood:<\/strong> Meleget \u00e9s v\u00e9delmet ny\u00fajt az elemekt\u0151l.<\/li>\n<li data-sourcepos=\"6:1-6:125\"><strong><span class=\"citation-3 recitation\">Kenguru zseb:<\/span><\/strong><span class=\"citation-3 recitation citation-end-3\"> Egy nagy el\u00fcls\u0151 zseb, amely t\u00f6k\u00e9letesen alkalmas a kezek melegen tart\u00e1s\u00e1ra vagy kisebb t\u00e1rgyak sz\u00e1ll\u00edt\u00e1s\u00e1ra.<\/span><span class=\"button-container hide-from-message-actions ng-star-inserted\"> \u00a0<\/span>\n<div class=\"container ng-tns-c2946245707-75 hide\">\n<div class=\"carousel-container ng-tns-c2946245707-75\"><\/div>\n<\/div>\n<\/li>\n<li data-sourcepos=\"7:1-7:74\"><strong>Elasztikus mandzsetta \u00e9s der\u00e9kp\u00e1nt:<\/strong> K\u00e9nyelmes \u00e9s k\u00e9nyelmes illeszked\u00e9st biztos\u00edt.<\/li>\n<li data-sourcepos=\"8:1-9:0\"><strong><span class=\"citation-4 recitation\">Puha \u00e9s meleg anyag:<\/span><\/strong><span class=\"citation-4 recitation citation-end-4\"> Gyakran gyapj\u00fab\u00f3l vagy pamutb\u00f3l k\u00e9sz\u00fcl az optim\u00e1lis k\u00e9nyelem \u00e9rdek\u00e9ben.<\/span>\n<div class=\"container ng-tns-c2946245707-76 hide\">\n<div class=\"carousel-container ng-tns-c2946245707-76\">\n<div class=\"carousel-content ng-tns-c2946245707-76\">\n<div class=\"sources-carousel-source ng-tns-c2946245707-76 hide ng-star-inserted\" data-test-id=\"sources-carousel-source\"><\/div>\n<\/div>\n<\/div>\n<\/div>\n<\/li>\n<\/ul>\n<h3 data-sourcepos=\"10:1-10:35\"><strong>Hogyan stiliz\u00e1ljunk egy pul\u00f3vert -Hoodie:<\/strong><\/h3>\n<p data-sourcepos=\"12:1-12:118\"><span class=\"citation-5 recitation citation-end-5\">A kapucnis pul\u00f3verek hihetetlen\u00fcl sokoldal\u00faak, \u00e9s sokf\u00e9lek\u00e9ppen alak\u00edthat\u00f3k.<\/span> \u00cdme n\u00e9h\u00e1ny \u00f6tlet:<\/p>\n<p data-sourcepos=\"12:1-12:118\"><strong>Alkalmi:<\/strong> P\u00e1ros\u00edtsd a pul\u00f3veres kapucnis pul\u00f3vert farmerrel \u00e9s tornacip\u0151vel a laza \u00e9s k\u00e9nyelmes megjelen\u00e9s\u00e9rt.<\/p>\n<ul data-sourcepos=\"14:1-18:0\">\n<li data-sourcepos=\"15:1-15:93\"><strong>Sportos:<\/strong> A sportos \u00e9s akt\u00edv megjelen\u00e9s \u00e9rdek\u00e9ben viseljen pul\u00f3veres kapucnis pul\u00f3vert meleg\u00edt\u0151nadr\u00e1ggal vagy fut\u00f3nadr\u00e1ggal.<\/li>\n<li data-sourcepos=\"16:1-16:92\"><strong>R\u00e9tegesen:<\/strong> R\u00e9tegezz egy pul\u00f3veres kapucnis p\u00f3l\u00f3t vagy hossz\u00fa ujj\u00fa p\u00f3l\u00f3t az extra melegs\u00e9g\u00e9rt.<\/li>\n<li data-sourcepos=\"17:1-18:0\"><strong>\u00d6lt\u00f6zk\u00f6d\u0151 alkalmi:<\/strong> Dobd fel a pul\u00f3veres kapucnis pul\u00f3vert b\u0151rdzsekivel, s\u00f6t\u00e9tre mosott farmerrel \u00e9s csizm\u00e1val p\u00e1ros\u00edtva.<\/li>\n<\/ul>\n<h3 data-sourcepos=\"19:1-19:39\"><strong>N\u00e9pszer\u0171 m\u00e1rk\u00e1k pul\u00f3verek \u00e9s kapucnis pul\u00f3verek:<\/strong><\/h3>\n<ul data-sourcepos=\"21:1-26:0\">\n<li data-sourcepos=\"21:1-21:77\"><strong><span class=\"citation-6 recitation\">Bajnok:<\/span><\/strong><span class=\"citation-6 recitation citation-end-6\"> A kiv\u00e1l\u00f3 min\u0151s\u00e9g\u0171 \u00e9s klasszikus st\u00edlusair\u00f3l ismert.<\/span><span class=\"button-container hide-from-message-actions ng-star-inserted\"> \u00a0<\/span>\n<div class=\"container ng-tns-c2946245707-78 hide\">\n<div class=\"carousel-container ng-tns-c2946245707-78\"><\/div>\n<\/div>\n<\/li>\n<li data-sourcepos=\"22:1-22:81\"><strong>Nike:<\/strong> K\u00fcl\u00f6nb\u00f6z\u0151 st\u00edlus\u00fa \u00e9s sz\u00edn\u0171 kapucnis pul\u00f3verek sz\u00e9les v\u00e1laszt\u00e9k\u00e1t k\u00edn\u00e1lja.<\/li>\n<li data-sourcepos=\"23:1-23:58\"><strong>Adidas:<\/strong> Sportos \u00e9s sportos diz\u00e1jnjair\u00f3l ismert.<\/li>\n<li data-sourcepos=\"24:1-24:63\"><strong>H&amp;M:<\/strong> Megfizethet\u0151 \u00e9s divatos pul\u00f3veres kapucnis pul\u00f3vereket k\u00edn\u00e1l.<\/li>\n<li data-sourcepos=\"25:1-26:0\"><strong>Zara:<\/strong> St\u00edlusos \u00e9s divatos pul\u00f3veres kapucnis pul\u00f3vereket k\u00edn\u00e1l.<\/li>\n<\/ul>","protected":false},"excerpt":{"rendered":"<table style=\"height: 508px;\" width=\"446\">\n<tbody>\n<tr>\n<td width=\"146\"><strong><b>Term\u00e9k<\/b><\/strong>\u00a0<strong><b>N\u00e9v:<\/b><\/strong><\/td>\n<td width=\"601\"><strong>Pul\u00f3ver kapucnis pul\u00f3ver<\/strong><\/td>\n<\/tr>\n<tr>\n<td width=\"146\"><strong><b>Materlal:<\/b><\/strong><\/td>\n<td width=\"601\">Poli\u00e9szter\/pamut<\/td>\n<\/tr>\n<tr>\n<td width=\"146\"><strong><b>Technika:<\/b><\/strong><\/td>\n<td width=\"601\">Nyomtat\u00e1s \u00e9s fest\u00e9s<\/td>\n<\/tr>\n<tr>\n<td width=\"146\"><strong><b>St\u00edlus:<\/b><\/strong><\/td>\n<td width=\"601\">Alkalmi<\/td>\n<\/tr>\n<tr>\n<td width=\"146\"><strong><b>Sz\u00ednes<\/b><\/strong><strong><b>:<\/b><\/strong><\/td>\n<td width=\"601\">\u00a0Egyedi sz\u00ednek<\/td>\n<\/tr>\n<tr>\n<td width=\"146\"><strong><b>M\u00e9ret:<\/b><\/strong><\/td>\n<td width=\"601\">S \/M \/L \/XL \/2XL<\/td>\n<\/tr>\n<tr>\n<td width=\"146\"><strong><b>OEM\/ODM:<\/b><\/strong><\/td>\n<td width=\"601\">Elfogadhat\u00f3<\/td>\n<\/tr>\n<tr>\n<td width=\"146\"><strong><b>Min\u0151s\u00e9g:<\/b><\/strong><\/td>\n<td width=\"601\">100% Kiv\u00e1l\u00f3 min\u0151s\u00e9g<\/td>\n<\/tr>\n<tr>\n<td width=\"146\"><strong><b>M<\/b><\/strong><strong><b>OQ:<\/b><\/strong><\/td>\n<td width=\"601\">200 db<\/td>\n<\/tr>\n<\/tbody>\n<\/table>","protected":false},"featured_media":1836,"template":"","meta":[],"product_brand":[],"product_cat":[38],"product_tag":[],"class_list":{"0":"post-1834","1":"product","2":"type-product","3":"status-publish","4":"has-post-thumbnail","6":"product_cat-mens-clothing","8":"first","9":"instock","10":"shipping-taxable","11":"product-type-simple"},"_links":{"self":[{"href":"https:\/\/mj-clothing.com\/hu\/wp-json\/wp\/v2\/product\/1834","targetHints":{"allow":["GET"]}}],"collection":[{"href":"https:\/\/mj-clothing.com\/hu\/wp-json\/wp\/v2\/product"}],"about":[{"href":"https:\/\/mj-clothing.com\/hu\/wp-json\/wp\/v2\/types\/product"}],"wp:featuredmedia":[{"embeddable":true,"href":"https:\/\/mj-clothing.com\/hu\/wp-json\/wp\/v2\/media\/1836"}],"wp:attachment":[{"href":"https:\/\/mj-clothing.com\/hu\/wp-json\/wp\/v2\/media?parent=1834"}],"wp:term":[{"taxonomy":"product_brand","embeddable":true,"href":"https:\/\/mj-clothing.com\/hu\/wp-json\/wp\/v2\/product_brand?post=1834"},{"taxonomy":"product_cat","embeddable":true,"href":"https:\/\/mj-clothing.com\/hu\/wp-json\/wp\/v2\/product_cat?post=1834"},{"taxonomy":"product_tag","embeddable":true,"href":"https:\/\/mj-clothing.com\/hu\/wp-json\/wp\/v2\/product_tag?post=1834"}],"curies":[{"name":"wp","href":"https:\/\/api.w.org\/{rel}","templated":true}]}}