{"id":1843,"date":"2024-12-16T03:21:20","date_gmt":"2024-12-16T03:21:20","guid":{"rendered":"https:\/\/mj-clothing.com\/?post_type=product&#038;p=1843"},"modified":"2024-12-17T06:40:16","modified_gmt":"2024-12-17T06:40:16","slug":"golf-hoodie","status":"publish","type":"product","link":"https:\/\/mj-clothing.com\/hu\/manufacturer\/golf-hoodie\/","title":{"rendered":"Golf kapucnis pul\u00f3ver"},"content":{"rendered":"<p data-sourcepos=\"1:1-1:192\">A golf kapucnis pul\u00f3ver egy olyan sportruh\u00e1zat, amelyet kifejezetten golfoz\u00f3k sz\u00e1m\u00e1ra terveztek, \u00e9s amely a hagyom\u00e1nyos kapucnis pul\u00f3verek k\u00e9nyelm\u00e9t \u00e9s melegs\u00e9g\u00e9t a golfp\u00e1ly\u00e1n haszn\u00e1lhat\u00f3 teljes\u00edtm\u00e9nyjellemz\u0151kkel kombin\u00e1lja.<\/p>\n<h3 data-sourcepos=\"3:1-3:34\"><strong>A golf kapucnis pul\u00f3ver legfontosabb jellemz\u0151i:<\/strong><\/h3>\n<ul data-sourcepos=\"5:1-10:0\">\n<li data-sourcepos=\"5:1-5:283\"><strong>Teljes\u00edtm\u00e9nysz\u00f6vetek:<\/strong> A golf kapucnis pul\u00f3verek gyakran nagy teljes\u00edtm\u00e9ny\u0171 anyagokb\u00f3l, p\u00e9ld\u00e1ul poli\u00e9szterb\u0151l vagy poli\u00e9szter \u00e9s pamut kever\u00e9k\u00e9b\u0151l k\u00e9sz\u00fclnek. Ezeket a sz\u00f6veteket \u00fagy tervezt\u00e9k, hogy nedvess\u00e9gelvezet\u0151, l\u00e9g\u00e1tereszt\u0151 \u00e9s rugalmas legyen, \u00edgy a golfoz\u00f3k sz\u00e1razon, k\u00e9nyelmesen \u00e9s korl\u00e1tlanul maradnak a lend\u00edt\u00e9s\u00fck alatt.<\/li>\n<li data-sourcepos=\"6:1-6:207\"><strong>Id\u0151j\u00e1r\u00e1s\u00e1ll\u00f3s\u00e1g:<\/strong> Sok golfkab\u00e1t v\u00edz\u00e1ll\u00f3 vagy v\u00edzleperget\u0151, amely megv\u00e9di a golfoz\u00f3kat a k\u00f6nny\u0171 es\u0151t\u0151l vagy a szit\u00e1l\u00f3 es\u0151t\u0151l. Egyesek h\u0151szigetel\u00e9ssel is rendelkeznek, hogy hidegebb id\u0151ben melegen tarts\u00e1k a golfoz\u00f3kat.<\/li>\n<li data-sourcepos=\"7:1-7:100\"><strong>Napv\u00e9delem:<\/strong> Egyes golfos kapucnis pul\u00f3verek UV-v\u00e9delmet ny\u00fajtanak, hogy megv\u00e9dj\u00e9k a golfoz\u00f3kat a k\u00e1ros napsugarakt\u00f3l.<\/li>\n<li data-sourcepos=\"8:1-8:162\"><strong>Funkcion\u00e1lis tervez\u00e9s:<\/strong> A golf -hoodies gyakran tartalmaznak olyan funkci\u00f3kat, mint a cipz\u00e1ras zsebek az \u00e9rt\u00e9kt\u00e1rgyak biztos\u00edt\u00e1s\u00e1ra, az \u00e1ll\u00edthat\u00f3 kapucni \u00e9s a h\u00fcvelykujjlyukak, hogy az ujjak a hely\u00fck\u00f6n maradjanak.<\/li>\n<li data-sourcepos=\"9:1-10:0\"><strong>St\u00edlusos kialak\u00edt\u00e1s:<\/strong> A golf -hoodies sz\u00e1mos st\u00edlusban, sz\u00ednben \u00e9s mint\u00e1ban kaphat\u00f3k, lehet\u0151v\u00e9 t\u00e9ve a golfoz\u00f3k sz\u00e1m\u00e1ra, hogy kifejezz\u00e9k szem\u00e9lyes st\u00edlusukat, mik\u00f6zben funkcion\u00e1lisak maradnak.<\/li>\n<\/ul>\n<h3 data-sourcepos=\"11:1-11:31\"><strong>Mikor viselj\u00fcnk golf kapucnis pul\u00f3vert:<\/strong><\/h3>\n<p data-sourcepos=\"13:1-13:112\">A golf -hoodie-k sokoldal\u00faak, \u00e9s a legk\u00fcl\u00f6nb\u00f6z\u0151bb id\u0151j\u00e1r\u00e1si k\u00f6r\u00fclm\u00e9nyek k\u00f6z\u00f6tt viselhet\u0151k. K\u00fcl\u00f6n\u00f6sen hasznosak:<\/p>\n<ul data-sourcepos=\"15:1-18:0\">\n<li data-sourcepos=\"15:1-15:87\"><strong>H\u0171v\u00f6sebb id\u0151j\u00e1r\u00e1s:<\/strong> A golfos kapucnis pul\u00f3verek meleget \u00e9s k\u00e9nyelmet biztos\u00edthatnak a hidegebb fordul\u00f3k sor\u00e1n.<\/li>\n<li data-sourcepos=\"16:1-16:101\"><strong>Es\u0151s id\u0151j\u00e1r\u00e1s:<\/strong> A v\u00edz\u00e1ll\u00f3 golf kapucnis pul\u00f3verek sz\u00e1razon \u00e9s k\u00e9nyelmesen tarthatj\u00e1k a golfoz\u00f3kat enyhe es\u0151ben.<\/li>\n<li data-sourcepos=\"17:1-18:0\"><strong>R\u00e9tegz\u00e9s:<\/strong> A golf -hoodie-k m\u00e1s golfruh\u00e1zattal r\u00e9tegezhet\u0151ek, hogy a k\u00fcl\u00f6nb\u00f6z\u0151 id\u0151j\u00e1r\u00e1si k\u00f6r\u00fclm\u00e9nyekhez igazod\u00f3, szem\u00e9lyre szabott \u00f6lt\u00f6z\u00e9ket hozzanak l\u00e9tre.<\/li>\n<\/ul>\n<p data-sourcepos=\"19:1-19:138\">Az \u00d6n egyedi ig\u00e9nyeinek \u00e9s preferenci\u00e1inak megfelel\u0151 golf kapucnis pul\u00f3ver kiv\u00e1laszt\u00e1s\u00e1val jav\u00edthatja k\u00e9nyelm\u00e9t \u00e9s teljes\u00edtm\u00e9ny\u00e9t a golfp\u00e1ly\u00e1n.<\/p>","protected":false},"excerpt":{"rendered":"<table style=\"height: 543px;\" width=\"471\">\n<tbody>\n<tr>\n<td width=\"146\"><strong><b>Term\u00e9k<\/b><\/strong>\u00a0<strong><b>N\u00e9v:<\/b><\/strong><\/td>\n<td width=\"601\">\n<p data-sourcepos=\"3:1-3:34\"><strong>Golf kapucnis pul\u00f3ver<\/strong><\/p>\n<\/td>\n<\/tr>\n<tr>\n<td width=\"146\"><strong><b>Materlal:<\/b><\/strong><\/td>\n<td width=\"601\">Poli\u00e9szter\/pamut<\/td>\n<\/tr>\n<tr>\n<td width=\"146\"><strong><b>Technika: <\/b><\/strong><\/td>\n<td width=\"601\">Nyomtat\u00e1s \u00e9s fest\u00e9s<\/td>\n<\/tr>\n<tr>\n<td width=\"146\"><strong><b>St\u00edlus: <\/b><\/strong><\/td>\n<td width=\"601\">Alkalmi<\/td>\n<\/tr>\n<tr>\n<td width=\"146\"><strong><b>Sz\u00ednes<\/b><\/strong><strong><b>:<\/b><\/strong><\/td>\n<td width=\"601\">Feh\u00e9r \u00e9s egyedi sz\u00ednek<\/td>\n<\/tr>\n<tr>\n<td width=\"146\"><strong><b>M\u00e9ret:<\/b><\/strong><\/td>\n<td width=\"601\">S \/M \/L \/XL \/2XL<\/td>\n<\/tr>\n<tr>\n<td width=\"146\"><strong><b>OEM\/ODM:<\/b><\/strong><\/td>\n<td width=\"601\">Elfogadhat\u00f3<\/td>\n<\/tr>\n<tr>\n<td width=\"146\"><strong><b>Min\u0151s\u00e9g:<\/b><\/strong><\/td>\n<td width=\"601\">100% Kiv\u00e1l\u00f3 min\u0151s\u00e9g<\/td>\n<\/tr>\n<tr>\n<td width=\"146\"><strong><b>M<\/b><\/strong><strong><b>OQ:<\/b><\/strong><\/td>\n<td width=\"601\">200 db<\/td>\n<\/tr>\n<\/tbody>\n<\/table>","protected":false},"featured_media":1844,"template":"","meta":[],"product_brand":[],"product_cat":[38],"product_tag":[],"class_list":{"0":"post-1843","1":"product","2":"type-product","3":"status-publish","4":"has-post-thumbnail","6":"product_cat-mens-clothing","8":"first","9":"instock","10":"shipping-taxable","11":"product-type-simple"},"_links":{"self":[{"href":"https:\/\/mj-clothing.com\/hu\/wp-json\/wp\/v2\/product\/1843","targetHints":{"allow":["GET"]}}],"collection":[{"href":"https:\/\/mj-clothing.com\/hu\/wp-json\/wp\/v2\/product"}],"about":[{"href":"https:\/\/mj-clothing.com\/hu\/wp-json\/wp\/v2\/types\/product"}],"wp:featuredmedia":[{"embeddable":true,"href":"https:\/\/mj-clothing.com\/hu\/wp-json\/wp\/v2\/media\/1844"}],"wp:attachment":[{"href":"https:\/\/mj-clothing.com\/hu\/wp-json\/wp\/v2\/media?parent=1843"}],"wp:term":[{"taxonomy":"product_brand","embeddable":true,"href":"https:\/\/mj-clothing.com\/hu\/wp-json\/wp\/v2\/product_brand?post=1843"},{"taxonomy":"product_cat","embeddable":true,"href":"https:\/\/mj-clothing.com\/hu\/wp-json\/wp\/v2\/product_cat?post=1843"},{"taxonomy":"product_tag","embeddable":true,"href":"https:\/\/mj-clothing.com\/hu\/wp-json\/wp\/v2\/product_tag?post=1843"}],"curies":[{"name":"wp","href":"https:\/\/api.w.org\/{rel}","templated":true}]}}