{"id":1846,"date":"2024-12-16T03:37:19","date_gmt":"2024-12-16T03:37:19","guid":{"rendered":"https:\/\/mj-clothing.com\/?post_type=product&#038;p=1846"},"modified":"2024-12-17T06:24:41","modified_gmt":"2024-12-17T06:24:41","slug":"weighted-hoodie","status":"publish","type":"product","link":"https:\/\/mj-clothing.com\/hu\/manufacturer\/weighted-hoodie\/","title":{"rendered":"S\u00falyozott kapucnis pul\u00f3ver"},"content":{"rendered":"<p data-sourcepos=\"1:1-1:292\"><span class=\"citation-0 recitation citation-end-0\">A s\u00falyozott kapucnis pul\u00f3ver olyan ruhadarab, amelynek anyag\u00e1ba s\u00falyozott anyagokat, \u00e1ltal\u00e1ban \u00fcveggy\u00f6ngy\u00f6ket vagy m\u0171anyag goly\u00f3kat \u00e9p\u00edtenek be, hogy nyugtat\u00f3 \u00e9s f\u00f6ldel\u0151 hat\u00e1st biztos\u00edtsanak.<\/span> <span class=\"citation-1 recitation citation-end-1\">Ez a gyeng\u00e9d nyom\u00e1s seg\u00edthet cs\u00f6kkenteni a szorong\u00e1st, jav\u00edthatja a koncentr\u00e1ci\u00f3t \u00e9s el\u0151seg\u00edtheti a jobb alv\u00e1st.<\/span><span class=\"button-container hide-from-message-actions ng-star-inserted\"> \u00a0<\/span><\/p>\n<h3 data-sourcepos=\"3:1-3:38\"><strong>A s\u00falyozott kapucnis pul\u00f3ver legfontosabb jellemz\u0151i:<\/strong><\/h3>\n<ul data-sourcepos=\"5:1-10:0\">\n<li data-sourcepos=\"5:1-5:145\"><strong>S\u00falyozott anyagok:<\/strong> <span class=\"citation-2 recitation citation-end-2\">Az apr\u00f3 gy\u00f6ngy\u00f6k vagy goly\u00f3k egyenletesen oszlanak el a kapucni eg\u00e9sz\u00e9n, gyeng\u00e9d, nyugtat\u00f3 nyom\u00e1st biztos\u00edtva.<\/span><span class=\"button-container hide-from-message-actions ng-star-inserted\"> \u00a0<\/span>\n<div class=\"container ng-tns-c2946245707-171 hide\">\n<div class=\"carousel-container ng-tns-c2946245707-171\"><\/div>\n<\/div>\n<\/li>\n<li data-sourcepos=\"6:1-6:93\"><strong>K\u00e9nyelem:<\/strong> <span class=\"citation-3 recitation citation-end-3\">A kapucnis pul\u00f3vert \u00fagy tervezt\u00e9k, hogy puha, k\u00e9nyelmes \u00e9s k\u00e9nyelmes viselet legyen.<\/span><span class=\"button-container hide-from-message-actions ng-star-inserted\"> \u00a0<\/span>\n<div class=\"container ng-tns-c2946245707-172 hide\">\n<div class=\"carousel-container ng-tns-c2946245707-172\"><\/div>\n<\/div>\n<\/li>\n<li data-sourcepos=\"7:1-7:108\"><strong>Sokoldal\u00fas\u00e1g:<\/strong> <span class=\"citation-4 recitation citation-end-4\">Napk\u00f6zben is viselhet\u0151 a relax\u00e1ci\u00f3 \u00e9rdek\u00e9ben, vagy \u00e9jszaka a jobb alv\u00e1s \u00e9rdek\u00e9ben.<\/span><span class=\"button-container hide-from-message-actions ng-star-inserted\"> \u00a0<\/span>\n<div class=\"container ng-tns-c2946245707-173 hide\">\n<div class=\"carousel-container ng-tns-c2946245707-173\"><\/div>\n<\/div>\n<\/li>\n<li data-sourcepos=\"8:1-8:127\"><strong>Nyugtat\u00f3 hat\u00e1s:<\/strong> <span class=\"citation-5 recitation citation-end-5\">A s\u00faly seg\u00edthet cs\u00f6kkenteni a stresszt \u00e9s a szorong\u00e1st, el\u0151seg\u00edtve a b\u00e9ke \u00e9s a j\u00f3l\u00e9t \u00e9rz\u00e9s\u00e9t.<\/span><span class=\"button-container hide-from-message-actions ng-star-inserted\">\u00a0<\/span>\n<div class=\"container ng-tns-c2946245707-174 hide\">\n<div class=\"carousel-container ng-tns-c2946245707-174\"><\/div>\n<\/div>\n<\/li>\n<li data-sourcepos=\"9:1-10:0\"><strong><span class=\"citation-6 recitation\">Jav\u00edtott f\u00f3kusz:<\/span><\/strong><span class=\"citation-6 recitation citation-end-6\"> A gyeng\u00e9d nyom\u00e1s seg\u00edthet a f\u00f3kusz \u00e9s a koncentr\u00e1ci\u00f3 jav\u00edt\u00e1s\u00e1ban.<\/span><span class=\"button-container hide-from-message-actions ng-star-inserted\"> \u00a0<\/span>\n<div class=\"container ng-tns-c2946245707-175 hide\">\n<div class=\"carousel-container ng-tns-c2946245707-175\"><\/div>\n<\/div>\n<\/li>\n<\/ul>\n<h3 data-sourcepos=\"11:1-11:36\"><strong>Hogyan v\u00e1lasszunk egy s\u00falyozott kapucnis pul\u00f3vert:<\/strong><\/h3>\n<ul data-sourcepos=\"13:1-17:0\">\n<li data-sourcepos=\"13:1-13:82\"><strong>S\u00faly:<\/strong> A kapucnis pul\u00f3ver s\u00faly\u00e1nak k\u00f6r\u00fclbel\u00fcl a tests\u00falyod 5-10%-j\u00e9nek kell lennie.<\/li>\n<li data-sourcepos=\"14:1-14:75\"><strong>Anyag:<\/strong> Keressen puha, l\u00e9legz\u0151 anyagot, p\u00e9ld\u00e1ul pamutot vagy gyapj\u00fat.<\/li>\n<li data-sourcepos=\"15:1-15:92\"><strong>A s\u00faly eloszl\u00e1sa:<\/strong> Gondoskodjon arr\u00f3l, hogy a s\u00faly egyenletesen oszoljon el a kapucnis pul\u00f3verben.<\/li>\n<li data-sourcepos=\"16:1-17:0\"><strong>K\u00e9nyelem:<\/strong> A kapucnis pul\u00f3vernek k\u00e9nyelmesen kell illeszkednie, \u00e9s nem szabad t\u00fal sz\u0171knek vagy t\u00fal b\u0151nek lennie.<\/li>\n<\/ul>\n<h3 data-sourcepos=\"18:1-18:33\"><strong>Hogyan kell haszn\u00e1lni a s\u00falyozott kapucnis pul\u00f3vert:<\/strong><\/h3>\n<ul data-sourcepos=\"20:1-23:0\">\n<li data-sourcepos=\"20:1-20:72\"><strong>Pihen\u00e9s:<\/strong> Viselje a kapucnis pul\u00f3vert, mik\u00f6zben a kanap\u00e9n vagy az \u00e1gyban pihen.<\/li>\n<li data-sourcepos=\"21:1-21:81\"><strong><span class=\"citation-7 recitation\">Alv\u00e1s:<\/span><\/strong><span class=\"citation-7 recitation citation-end-7\"> Haszn\u00e1lja a kapucnit alv\u00e1sseg\u00edt\u0151k\u00e9nt, hogy jav\u00edtsa az alv\u00e1s min\u0151s\u00e9g\u00e9t.<\/span><span class=\"button-container hide-from-message-actions ng-star-inserted\"> \u00a0<\/span>\n<div class=\"container ng-tns-c2946245707-176 hide\">\n<div class=\"carousel-container ng-tns-c2946245707-176\"><\/div>\n<\/div>\n<\/li>\n<li data-sourcepos=\"22:1-23:0\"><strong><span class=\"citation-8 recitation\">F\u00f3kusz:<\/span><\/strong><span class=\"citation-8 recitation citation-end-8\"> Viselje a kapucnit tanul\u00e1s, munka vagy m\u00e1s, \u00f6sszpontos\u00edt\u00e1st ig\u00e9nyl\u0151 tev\u00e9kenys\u00e9g k\u00f6zben.<\/span><span class=\"button-container hide-from-message-actions ng-star-inserted\">\u00a0 \u00a0<\/span>\n<div class=\"container ng-tns-c2946245707-177 hide\">\n<div class=\"carousel-container ng-tns-c2946245707-177\"><\/div>\n<\/div>\n<\/li>\n<\/ul>\n<h3 data-sourcepos=\"24:1-24:40\"><strong>A s\u00falyozott kapucnis pul\u00f3ver haszn\u00e1lat\u00e1nak el\u0151nyei:<\/strong><\/h3>\n<ul data-sourcepos=\"26:1-30:0\">\n<li data-sourcepos=\"26:1-26:92\"><strong>Cs\u00f6kkentett szorong\u00e1s:<\/strong> <span class=\"citation-9 recitation citation-end-9\">A gyeng\u00e9d nyom\u00e1s seg\u00edthet megnyugtatni az idegrendszert.<\/span><span class=\"button-container hide-from-message-actions ng-star-inserted\"> \u00a0<\/span>\n<div class=\"container ng-tns-c2946245707-178 hide\">\n<div class=\"carousel-container ng-tns-c2946245707-178\"><\/div>\n<\/div>\n<\/li>\n<li data-sourcepos=\"27:1-27:87\"><strong><span class=\"citation-10 recitation\">Jav\u00edtott alv\u00e1s:<\/span><\/strong><span class=\"citation-10 recitation citation-end-10\"> A s\u00faly el\u0151seg\u00edtheti a m\u00e9lyebb, pihentet\u0151bb alv\u00e1st.<\/span><span class=\"button-container hide-from-message-actions ng-star-inserted\">\u00a0<\/span>\n<div class=\"container ng-tns-c2946245707-179 hide\">\n<div class=\"carousel-container ng-tns-c2946245707-179\"><\/div>\n<\/div>\n<\/li>\n<li data-sourcepos=\"28:1-28:101\"><strong><span class=\"citation-11 recitation\">Jobb \u00f6sszpontos\u00edt\u00e1s:<\/span><\/strong><span class=\"citation-11 recitation citation-end-11\"> A nyom\u00e1s seg\u00edthet a koncentr\u00e1ci\u00f3 \u00e9s a figyelem jav\u00edt\u00e1s\u00e1ban.<\/span><span class=\"button-container hide-from-message-actions ng-star-inserted\">\u00a0 \u00a0<\/span>\n<div class=\"container ng-tns-c2946245707-180 hide\">\n<div class=\"carousel-container ng-tns-c2946245707-180\"><\/div>\n<\/div>\n<\/li>\n<li data-sourcepos=\"29:1-30:0\"><strong><span class=\"citation-12 recitation\">Cs\u00f6kkentett stressz:<\/span><\/strong><span class=\"citation-12 recitation citation-end-12\"> A s\u00faly nyugtat\u00f3 hat\u00e1sa seg\u00edthet cs\u00f6kkenteni a stressz-szintet.<\/span><span class=\"button-container hide-from-message-actions ng-star-inserted\">\u00a0<\/span>\n<div class=\"container ng-tns-c2946245707-181 hide\">\n<div class=\"carousel-container ng-tns-c2946245707-181\"><\/div>\n<\/div>\n<\/li>\n<\/ul>\n<p data-sourcepos=\"31:1-31:269\">Ha a stressz \u00e9s a szorong\u00e1s cs\u00f6kkent\u00e9s\u00e9nek term\u00e9szetes m\u00f3dj\u00e1t keresi, a s\u00falyozott kapucnis pul\u00f3ver j\u00f3 v\u00e1laszt\u00e1s lehet az \u00d6n sz\u00e1m\u00e1ra. Fontos azonban, hogy a s\u00falyozott term\u00e9k haszn\u00e1lata el\u0151tt konzult\u00e1ljon eg\u00e9szs\u00e9g\u00fcgyi szakemberrel, k\u00fcl\u00f6n\u00f6sen, ha b\u00e1rmilyen alapbetegs\u00e9ge van.<\/p>","protected":false},"excerpt":{"rendered":"<table style=\"height: 478px;\" width=\"402\">\n<tbody>\n<tr>\n<td width=\"146\"><strong><b>Term\u00e9k<\/b><\/strong>\u00a0<strong><b>N\u00e9v:<\/b><\/strong><\/td>\n<td width=\"601\"><strong>S\u00falyozott kapucnis pul\u00f3ver<\/strong><\/td>\n<\/tr>\n<tr>\n<td width=\"146\"><strong><b>Materlal:<\/b><\/strong><\/td>\n<td width=\"601\">Poli\u00e9szter\/pamut<\/td>\n<\/tr>\n<tr>\n<td width=\"146\"><strong><b>Technika:<\/b><\/strong><\/td>\n<td width=\"601\">Nyomtat\u00e1s \u00e9s fest\u00e9s<\/td>\n<\/tr>\n<tr>\n<td width=\"146\"><strong><b>St\u00edlus:<\/b><\/strong><\/td>\n<td width=\"601\">Alkalmi<\/td>\n<\/tr>\n<tr>\n<td width=\"146\"><strong><b>Sz\u00ednes<\/b><\/strong><strong><b>:<\/b><\/strong><\/td>\n<td width=\"601\">\u00a0Egyedi sz\u00ednek<\/td>\n<\/tr>\n<tr>\n<td width=\"146\"><strong><b>M\u00e9ret:<\/b><\/strong><\/td>\n<td width=\"601\">S \/M \/L \/XL \/2XL<\/td>\n<\/tr>\n<tr>\n<td width=\"146\"><strong><b>OEM\/ODM:<\/b><\/strong><\/td>\n<td width=\"601\">Elfogadhat\u00f3<\/td>\n<\/tr>\n<tr>\n<td width=\"146\"><strong><b>Min\u0151s\u00e9g:<\/b><\/strong><\/td>\n<td width=\"601\">100% Kiv\u00e1l\u00f3 min\u0151s\u00e9g<\/td>\n<\/tr>\n<tr>\n<td width=\"146\"><strong><b>M<\/b><\/strong><strong><b>OQ:<\/b><\/strong><\/td>\n<td width=\"601\">200 db<\/td>\n<\/tr>\n<\/tbody>\n<\/table>","protected":false},"featured_media":1848,"template":"","meta":[],"product_brand":[],"product_cat":[38],"product_tag":[],"class_list":{"0":"post-1846","1":"product","2":"type-product","3":"status-publish","4":"has-post-thumbnail","6":"product_cat-mens-clothing","8":"first","9":"instock","10":"shipping-taxable","11":"product-type-simple"},"_links":{"self":[{"href":"https:\/\/mj-clothing.com\/hu\/wp-json\/wp\/v2\/product\/1846","targetHints":{"allow":["GET"]}}],"collection":[{"href":"https:\/\/mj-clothing.com\/hu\/wp-json\/wp\/v2\/product"}],"about":[{"href":"https:\/\/mj-clothing.com\/hu\/wp-json\/wp\/v2\/types\/product"}],"wp:featuredmedia":[{"embeddable":true,"href":"https:\/\/mj-clothing.com\/hu\/wp-json\/wp\/v2\/media\/1848"}],"wp:attachment":[{"href":"https:\/\/mj-clothing.com\/hu\/wp-json\/wp\/v2\/media?parent=1846"}],"wp:term":[{"taxonomy":"product_brand","embeddable":true,"href":"https:\/\/mj-clothing.com\/hu\/wp-json\/wp\/v2\/product_brand?post=1846"},{"taxonomy":"product_cat","embeddable":true,"href":"https:\/\/mj-clothing.com\/hu\/wp-json\/wp\/v2\/product_cat?post=1846"},{"taxonomy":"product_tag","embeddable":true,"href":"https:\/\/mj-clothing.com\/hu\/wp-json\/wp\/v2\/product_tag?post=1846"}],"curies":[{"name":"wp","href":"https:\/\/api.w.org\/{rel}","templated":true}]}}