{"id":1859,"date":"2024-12-16T06:23:43","date_gmt":"2024-12-16T06:23:43","guid":{"rendered":"https:\/\/mj-clothing.com\/?post_type=product&#038;p=1859"},"modified":"2024-12-17T06:20:37","modified_gmt":"2024-12-17T06:20:37","slug":"white-crew-neck-sweatshirt","status":"publish","type":"product","link":"https:\/\/mj-clothing.com\/hu\/manufacturer\/white-crew-neck-sweatshirt\/","title":{"rendered":"Feh\u00e9r Crew nyak\u00fa pul\u00f3ver"},"content":{"rendered":"<p data-sourcepos=\"1:1-1:170\"><span class=\"citation-0 recitation citation-end-0\">A feh\u00e9r nyak\u00fa pul\u00f3ver egy klasszikus \u00e9s sokoldal\u00fa ruhadarab, amelyet fel- \u00e9s le lehet \u00f6lt\u00f6ztetni.<\/span> Ez egy olyan ruhat\u00e1ri alapdarab, amely eg\u00e9sz \u00e9vben viselhet\u0151.<span class=\"button-container hide-from-message-actions ng-star-inserted\"> \u00a0<\/span><\/p>\n<h3 data-sourcepos=\"3:1-3:49\"><strong>A feh\u00e9r Crew Neck Sweatshirt f\u0151bb jellemz\u0151i:<\/strong><\/h3>\n<ul data-sourcepos=\"5:1-9:0\">\n<li data-sourcepos=\"5:1-5:89\"><strong>Egyszer\u0171 kialak\u00edt\u00e1s:<\/strong> Klasszikus, minimalista diz\u00e1jn, kerek nyakkiv\u00e1g\u00e1ssal \u00e9s hossz\u00fa ujjakkal.<\/li>\n<li data-sourcepos=\"6:1-6:97\"><strong>K\u00e9nyelem:<\/strong> <span class=\"citation-1 recitation citation-end-1\">\u00c1ltal\u00e1ban puha, l\u00e9g\u00e1tereszt\u0151 anyagokb\u00f3l, p\u00e9ld\u00e1ul pamutb\u00f3l vagy gyapj\u00fab\u00f3l k\u00e9sz\u00fcl.<\/span><span class=\"button-container hide-from-message-actions ng-star-inserted\"> \u00a0<\/span>\n<div class=\"container ng-tns-c2946245707-216 hide\">\n<div class=\"carousel-container ng-tns-c2946245707-216\"><\/div>\n<\/div>\n<\/li>\n<li data-sourcepos=\"7:1-7:91\"><strong><span class=\"citation-2 recitation\">Sokoldal\u00fas\u00e1g:<\/span><\/strong><span class=\"citation-2 recitation citation-end-2\"> P\u00e1ros\u00edthat\u00f3 farmerrel, leggingsszel, szokny\u00e1val vagy nadr\u00e1ggal.<\/span>\n<div class=\"container ng-tns-c2946245707-217 hide\">\n<div class=\"carousel-container ng-tns-c2946245707-217\"><\/div>\n<\/div>\n<\/li>\n<li data-sourcepos=\"8:1-9:0\"><strong>Id\u0151tlen:<\/strong> Egy id\u0151tlen darab, amely sosem megy ki a divatb\u00f3l.<\/li>\n<\/ul>\n<h3 data-sourcepos=\"10:1-10:46\"><strong>Hogyan kell st\u00edlusosan viselni egy feh\u00e9r, nyakig \u00e9r\u0151 pul\u00f3vert:<\/strong><\/h3>\n<p data-sourcepos=\"12:1-12:66\">\u00cdme n\u00e9h\u00e1ny \u00f6tlet, hogyan lehet st\u00edlusosan viselni egy feh\u00e9r, nyakig \u00e9r\u0151 pul\u00f3vert:<\/p>\n<ul data-sourcepos=\"14:1-18:0\">\n<li data-sourcepos=\"14:1-14:67\"><strong>Alkalmi:<\/strong> P\u00e1ros\u00edtsa farmerrel \u00e9s tornacip\u0151vel a laza megjelen\u00e9shez.<\/li>\n<li data-sourcepos=\"15:1-15:69\"><strong>Sportos:<\/strong> Viselje meleg\u00edt\u0151nadr\u00e1ggal vagy leggingsszel \u00e9s sportcip\u0151vel.<\/li>\n<li data-sourcepos=\"16:1-16:73\"><strong>\u00d6lt\u00f6zk\u00f6d\u0151 alkalmi:<\/strong> \u00d6lt\u00f6ztesd fel bl\u00e9zerrel, nadr\u00e1ggal \u00e9s papuccsal.<\/li>\n<li data-sourcepos=\"17:1-18:0\"><strong>R\u00e9tegesen:<\/strong> Egy farmerdzseki vagy b\u0151rdzseki al\u00e1 h\u00fazva eleg\u00e1ns megjelen\u00e9st biztos\u00edt.<\/li>\n<\/ul>\n<h3 data-sourcepos=\"19:1-19:51\"><strong>Tippek a feh\u00e9r Crew Neck-Sweatshirt kiv\u00e1laszt\u00e1s\u00e1hoz:<\/strong><\/h3>\n<ul data-sourcepos=\"21:1-24:0\">\n<li data-sourcepos=\"21:1-21:88\"><strong>Anyag:<\/strong> Keressen puha, j\u00f3 min\u0151s\u00e9g\u0171 anyagot, amely k\u00e9nyelmes viseletet biztos\u00edt.<\/li>\n<li data-sourcepos=\"22:1-22:109\"><strong>Illeszked\u00e9s:<\/strong> V\u00e1lassza ki a szem\u00e9lyes st\u00edlus\u00e1hoz ill\u0151 szab\u00e1st. V\u00e1laszthat laza szab\u00e1st vagy testhez\u00e1ll\u00f3bb st\u00edlust.<\/li>\n<li data-sourcepos=\"23:1-24:0\"><strong>Gondoskod\u00e1s:<\/strong> K\u00f6vesse a c\u00edmk\u00e9n tal\u00e1lhat\u00f3 \u00e1pol\u00e1si utas\u00edt\u00e1sokat, hogy a pul\u00f3ver a lehet\u0151 legjobban n\u00e9zzen ki.<\/li>\n<\/ul>\n<p data-sourcepos=\"25:1-25:101\">Ha k\u00f6veti ezeket a tippeket, megtal\u00e1lhatja a t\u00f6k\u00e9letes feh\u00e9r, nyakig \u00e9r\u0151 feh\u00e9r pul\u00f3vert, amelyet a ruhat\u00e1r\u00e1hoz adhat.<\/p>","protected":false},"excerpt":{"rendered":"<table style=\"height: 481px;\" width=\"465\">\n<tbody>\n<tr>\n<td width=\"146\"><strong><b>Term\u00e9k<\/b><\/strong>\u00a0<strong><b>N\u00e9v:<\/b><\/strong><\/td>\n<td width=\"601\"><strong>Feh\u00e9r Crew nyak\u00fa pul\u00f3ver<\/strong><\/td>\n<\/tr>\n<tr>\n<td width=\"146\"><strong><b>Materlal:<\/b><\/strong><\/td>\n<td width=\"601\">Poli\u00e9szter\/pamut<\/td>\n<\/tr>\n<tr>\n<td width=\"146\"><strong><b>Technika:<\/b><\/strong><\/td>\n<td width=\"601\">Nyomtat\u00e1s \u00e9s fest\u00e9s<\/td>\n<\/tr>\n<tr>\n<td width=\"146\"><strong><b>St\u00edlus:<\/b><\/strong><\/td>\n<td width=\"601\">Alkalmi<\/td>\n<\/tr>\n<tr>\n<td width=\"146\"><strong><b>Sz\u00ednes<\/b><\/strong><strong><b>:<\/b><\/strong><\/td>\n<td width=\"601\">\u00a0Egyedi sz\u00ednek<\/td>\n<\/tr>\n<tr>\n<td width=\"146\"><strong><b>M\u00e9ret:<\/b><\/strong><\/td>\n<td width=\"601\">S \/M \/L \/XL \/2XL<\/td>\n<\/tr>\n<tr>\n<td width=\"146\"><strong><b>OEM\/ODM:<\/b><\/strong><\/td>\n<td width=\"601\">Elfogadhat\u00f3<\/td>\n<\/tr>\n<tr>\n<td width=\"146\"><strong><b>Min\u0151s\u00e9g:<\/b><\/strong><\/td>\n<td width=\"601\">100% Kiv\u00e1l\u00f3 min\u0151s\u00e9g<\/td>\n<\/tr>\n<tr>\n<td width=\"146\"><strong><b>M<\/b><\/strong><strong><b>OQ:<\/b><\/strong><\/td>\n<td width=\"601\">200 db<\/td>\n<\/tr>\n<\/tbody>\n<\/table>","protected":false},"featured_media":1860,"template":"","meta":[],"product_brand":[],"product_cat":[38],"product_tag":[],"class_list":{"0":"post-1859","1":"product","2":"type-product","3":"status-publish","4":"has-post-thumbnail","6":"product_cat-mens-clothing","8":"first","9":"instock","10":"shipping-taxable","11":"product-type-simple"},"_links":{"self":[{"href":"https:\/\/mj-clothing.com\/hu\/wp-json\/wp\/v2\/product\/1859","targetHints":{"allow":["GET"]}}],"collection":[{"href":"https:\/\/mj-clothing.com\/hu\/wp-json\/wp\/v2\/product"}],"about":[{"href":"https:\/\/mj-clothing.com\/hu\/wp-json\/wp\/v2\/types\/product"}],"wp:featuredmedia":[{"embeddable":true,"href":"https:\/\/mj-clothing.com\/hu\/wp-json\/wp\/v2\/media\/1860"}],"wp:attachment":[{"href":"https:\/\/mj-clothing.com\/hu\/wp-json\/wp\/v2\/media?parent=1859"}],"wp:term":[{"taxonomy":"product_brand","embeddable":true,"href":"https:\/\/mj-clothing.com\/hu\/wp-json\/wp\/v2\/product_brand?post=1859"},{"taxonomy":"product_cat","embeddable":true,"href":"https:\/\/mj-clothing.com\/hu\/wp-json\/wp\/v2\/product_cat?post=1859"},{"taxonomy":"product_tag","embeddable":true,"href":"https:\/\/mj-clothing.com\/hu\/wp-json\/wp\/v2\/product_tag?post=1859"}],"curies":[{"name":"wp","href":"https:\/\/api.w.org\/{rel}","templated":true}]}}