{"id":1861,"date":"2024-12-16T06:40:02","date_gmt":"2024-12-16T06:40:02","guid":{"rendered":"https:\/\/mj-clothing.com\/?post_type=product&#038;p=1861"},"modified":"2024-12-17T06:17:43","modified_gmt":"2024-12-17T06:17:43","slug":"couple-sweatshirt","status":"publish","type":"product","link":"https:\/\/mj-clothing.com\/hu\/manufacturer\/couple-sweatshirt\/","title":{"rendered":"P\u00e1ros pul\u00f3ver"},"content":{"rendered":"<p data-sourcepos=\"1:1-1:238\">A p\u00e1ros pul\u00f3verek n\u00e9pszer\u0171 trend, amely lehet\u0151v\u00e9 teszi a p\u00e1rok sz\u00e1m\u00e1ra, hogy szerelm\u00fcket \u00e9s kapcsolatukat egym\u00e1shoz ill\u0151 vagy egym\u00e1st kieg\u00e9sz\u00edt\u0151 ruh\u00e1zaton kereszt\u00fcl fejezz\u00e9k ki. K\u00fcl\u00f6nb\u00f6z\u0151 st\u00edlusokban, sz\u00ednekben \u00e9s mint\u00e1kban kaphat\u00f3k, k\u00fcl\u00f6nb\u00f6z\u0151 preferenci\u00e1knak \u00e9s alkalmaknak megfelel\u0151en.<\/p>\n<h3 data-sourcepos=\"3:1-3:39\"><strong>A Couple Sweatshirts f\u0151bb jellemz\u0151i:<\/strong><\/h3>\n<ul data-sourcepos=\"5:1-10:0\">\n<li data-sourcepos=\"5:1-5:109\"><strong>Megfelel\u0151 mint\u00e1k:<\/strong> Gyakran tartalmaznak egym\u00e1shoz ill\u0151 mint\u00e1kat, sz\u00edneket vagy mondatokat, amelyek a p\u00e1r k\u00f6tel\u00e9k\u00e9t szimboliz\u00e1lj\u00e1k.<\/li>\n<li data-sourcepos=\"6:1-6:134\"><strong>Kieg\u00e9sz\u00edt\u0151 mint\u00e1k:<\/strong> Lehetnek k\u00fcl\u00f6nb\u00f6z\u0151, de egym\u00e1shoz kapcsol\u00f3d\u00f3 mint\u00e1k, p\u00e9ld\u00e1ul \"Kir\u00e1ly\" \u00e9s \"Kir\u00e1lyn\u0151\", \"Yin\" \u00e9s \"Yang\", vagy \"\u0150\" \u00e9s \"\u0150\".<\/li>\n<li data-sourcepos=\"7:1-7:105\"><strong>Szem\u00e9lyre szabott \u00fczenetek:<\/strong> Testre szabhat\u00f3 nevekkel, kezd\u0151bet\u0171kkel, k\u00fcl\u00f6nleges d\u00e1tumokkal vagy szem\u00e9lyes \u00fczenetekkel.<\/li>\n<li data-sourcepos=\"8:1-8:95\"><strong>K\u00e9nyelmes anyagok:<\/strong> \u00c1ltal\u00e1ban puha \u00e9s k\u00e9nyelmes anyagokb\u00f3l, p\u00e9ld\u00e1ul pamutb\u00f3l vagy gyapj\u00fab\u00f3l k\u00e9sz\u00fcl.<\/li>\n<li data-sourcepos=\"9:1-10:0\"><strong>Sokoldal\u00fa st\u00edlusok:<\/strong> K\u00fcl\u00f6nb\u00f6z\u0151 st\u00edlusokban kaphat\u00f3, bele\u00e9rtve kapucnis, nyakig \u00e9r\u0151 \u00e9s pul\u00f3veres pul\u00f3vereket.<\/li>\n<\/ul>\n<h3 data-sourcepos=\"11:1-11:36\"><strong>Hol v\u00e1s\u00e1rolhatsz p\u00e1ros p\u00f3l\u00f3kat:<\/strong><\/h3>\n<ul data-sourcepos=\"13:1-16:0\">\n<li data-sourcepos=\"13:1-13:121\"><strong>Online kiskeresked\u0151k:<\/strong> Az olyan weboldalak, mint az Etsy, az Amazon \u00e9s a p\u00e1rra szakosodott ruh\u00e1zati boltok sz\u00e9les v\u00e1laszt\u00e9kot k\u00edn\u00e1lnak.<\/li>\n<li data-sourcepos=\"14:1-14:94\"><strong>Fizikai boltok:<\/strong> Keresse fel a helyi butikokat \u00e9s \u00e1ruh\u00e1zakat a szem\u00e9lyes v\u00e1s\u00e1rl\u00e1shoz.<\/li>\n<li data-sourcepos=\"15:1-16:0\"><strong>Egyedi nyomtat\u00e1si szolg\u00e1ltat\u00e1sok:<\/strong> K\u00e9sz\u00edtsen saj\u00e1t, szem\u00e9lyre szabott p\u00e1ros pul\u00f3vereket egyedi diz\u00e1jnnal \u00e9s \u00fczenetekkel.<\/li>\n<\/ul>\n<h3 data-sourcepos=\"17:1-17:41\"><strong>Tippek a p\u00e1ros pul\u00f3verek kiv\u00e1laszt\u00e1s\u00e1hoz:<\/strong><\/h3>\n<ul data-sourcepos=\"19:1-24:0\">\n<li data-sourcepos=\"19:1-19:99\"><strong>Vegye figyelembe a st\u00edlus\u00e1t:<\/strong> V\u00e1lasszon olyan st\u00edlust, amely t\u00fckr\u00f6zi szem\u00e9lyes preferenci\u00e1it \u00e9s az alkalmat.<\/li>\n<li data-sourcepos=\"20:1-20:97\"><strong>V\u00e1lassza ki a megfelel\u0151 anyagot:<\/strong> V\u00e1lasszon k\u00e9nyelmes \u00e9s tart\u00f3s anyagokat, p\u00e9ld\u00e1ul pamutot vagy gyapj\u00fat.<\/li>\n<li data-sourcepos=\"21:1-21:65\"><strong>Ellen\u0151rizze a m\u00e9retez\u00e9st:<\/strong> Biztos\u00edtsa a pontos m\u00e9retez\u00e9st mindk\u00e9t partner sz\u00e1m\u00e1ra.<\/li>\n<li data-sourcepos=\"22:1-22:89\"><strong>Szem\u00e9lyre szabhatja pul\u00f3vereit:<\/strong> Adjon hozz\u00e1 szem\u00e9lyes jelleget egyedi \u00fczenetekkel vagy mint\u00e1kkal.<\/li>\n<li data-sourcepos=\"23:1-24:0\"><strong>Egyeztessen a partner\u00e9vel:<\/strong> Besz\u00e9lj\u00e9tek meg a preferenci\u00e1itokat, \u00e9s hangolj\u00e1tok \u00f6ssze a ruh\u00e1itokat.<\/li>\n<\/ul>\n<p data-sourcepos=\"25:1-25:123\">A megfelel\u0151 p\u00e1ros pul\u00f3verek kiv\u00e1laszt\u00e1s\u00e1val egyedi \u00e9s st\u00edlusos megjelen\u00e9st hozhat l\u00e9tre, amely t\u00fckr\u00f6zi a szerelmet \u00e9s a kapcsolatot.<\/p>","protected":false},"excerpt":{"rendered":"<table style=\"height: 499px;\" width=\"433\">\n<tbody>\n<tr>\n<td width=\"146\"><strong><b>Term\u00e9k<\/b><\/strong>\u00a0<strong><b>N\u00e9v:<\/b><\/strong><\/td>\n<td width=\"601\"><strong>P\u00e1ros pul\u00f3ver<\/strong><\/td>\n<\/tr>\n<tr>\n<td width=\"146\"><strong><b>Materlal:<\/b><\/strong><\/td>\n<td width=\"601\">Poli\u00e9szter\/pamut<\/td>\n<\/tr>\n<tr>\n<td width=\"146\"><strong><b>Technika:<\/b><\/strong><\/td>\n<td width=\"601\">Nyomtat\u00e1s \u00e9s fest\u00e9s<\/td>\n<\/tr>\n<tr>\n<td width=\"146\"><strong><b>St\u00edlus:<\/b><\/strong><\/td>\n<td width=\"601\">Alkalmi<\/td>\n<\/tr>\n<tr>\n<td width=\"146\"><strong><b>Sz\u00ednes<\/b><\/strong><strong><b>:<\/b><\/strong><\/td>\n<td width=\"601\">\u00a0Egyedi sz\u00ednek<\/td>\n<\/tr>\n<tr>\n<td width=\"146\"><strong><b>M\u00e9ret:<\/b><\/strong><\/td>\n<td width=\"601\">S \/M \/L \/XL \/2XL<\/td>\n<\/tr>\n<tr>\n<td width=\"146\"><strong><b>OEM\/ODM:<\/b><\/strong><\/td>\n<td width=\"601\">Elfogadhat\u00f3<\/td>\n<\/tr>\n<tr>\n<td width=\"146\"><strong><b>Min\u0151s\u00e9g:<\/b><\/strong><\/td>\n<td width=\"601\">100% Kiv\u00e1l\u00f3 min\u0151s\u00e9g<\/td>\n<\/tr>\n<tr>\n<td width=\"146\"><strong><b>M<\/b><\/strong><strong><b>OQ:<\/b><\/strong><\/td>\n<td width=\"601\">200 db<\/td>\n<\/tr>\n<\/tbody>\n<\/table>","protected":false},"featured_media":1862,"template":"","meta":[],"product_brand":[],"product_cat":[38],"product_tag":[],"class_list":{"0":"post-1861","1":"product","2":"type-product","3":"status-publish","4":"has-post-thumbnail","6":"product_cat-mens-clothing","8":"first","9":"instock","10":"shipping-taxable","11":"product-type-simple"},"_links":{"self":[{"href":"https:\/\/mj-clothing.com\/hu\/wp-json\/wp\/v2\/product\/1861","targetHints":{"allow":["GET"]}}],"collection":[{"href":"https:\/\/mj-clothing.com\/hu\/wp-json\/wp\/v2\/product"}],"about":[{"href":"https:\/\/mj-clothing.com\/hu\/wp-json\/wp\/v2\/types\/product"}],"wp:featuredmedia":[{"embeddable":true,"href":"https:\/\/mj-clothing.com\/hu\/wp-json\/wp\/v2\/media\/1862"}],"wp:attachment":[{"href":"https:\/\/mj-clothing.com\/hu\/wp-json\/wp\/v2\/media?parent=1861"}],"wp:term":[{"taxonomy":"product_brand","embeddable":true,"href":"https:\/\/mj-clothing.com\/hu\/wp-json\/wp\/v2\/product_brand?post=1861"},{"taxonomy":"product_cat","embeddable":true,"href":"https:\/\/mj-clothing.com\/hu\/wp-json\/wp\/v2\/product_cat?post=1861"},{"taxonomy":"product_tag","embeddable":true,"href":"https:\/\/mj-clothing.com\/hu\/wp-json\/wp\/v2\/product_tag?post=1861"}],"curies":[{"name":"wp","href":"https:\/\/api.w.org\/{rel}","templated":true}]}}