{"id":1878,"date":"2024-12-16T07:13:21","date_gmt":"2024-12-16T07:13:21","guid":{"rendered":"https:\/\/mj-clothing.com\/?post_type=product&#038;p=1878"},"modified":"2024-12-17T03:45:36","modified_gmt":"2024-12-17T03:45:36","slug":"sewing-patterns-for-womens-tops","status":"publish","type":"product","link":"https:\/\/mj-clothing.com\/hu\/manufacturer\/sewing-patterns-for-womens-tops\/","title":{"rendered":"Varr\u00e1s mint\u00e1k a n\u0151i fels\u0151k sz\u00e1m\u00e1ra"},"content":{"rendered":"<p data-sourcepos=\"1:1-1:100\">Vannak Sewing Patterns For Womens Tops a varr\u00e1s mint\u00e1k n\u0151i fels\u0151k. Itt van n\u00e9h\u00e1ny n\u00e9pszer\u0171 lehet\u0151s\u00e9g:<\/p>\n<h2 data-sourcepos=\"3:1-3:29\"><strong>Online szab\u00e1smint\u00e1k n\u0151i fels\u0151kh\u00f6z:<\/strong><\/h2>\n<ul data-sourcepos=\"5:1-15:0\">\n<li data-sourcepos=\"5:1-6:37\"><strong>Egyszer\u0171s\u00e9g:<\/strong> Mint\u00e1k sz\u00e9les v\u00e1laszt\u00e9k\u00e1t k\u00edn\u00e1lja minden k\u00e9szs\u00e9gszintre, bele\u00e9rtve a fels\u0151ket, bl\u00fazokat \u00e9s tunik\u00e1kat.<\/li>\n<li data-sourcepos=\"5:1-6:37\"><strong style=\"font-size: 14.4px;\">McCall's:<\/strong><span style=\"font-size: 14.4px;\"> St\u00edlusos \u00e9s modern mint\u00e1ikr\u00f3l ismertek, bele\u00e9rtve a k\u00fcl\u00f6nb\u00f6z\u0151 ujjhossz\u00fas\u00e1g\u00fa, nyakkiv\u00e1g\u00e1s\u00fa \u00e9s r\u00e9szletekkel ell\u00e1tott fels\u0151ket.<\/span><\/li>\n<li data-sourcepos=\"5:1-6:37\"><strong style=\"font-size: 14.4px;\">Vogue Patterns:<\/strong><span style=\"font-size: 14.4px;\"> Magas divat\u00fa mint\u00e1kat k\u00edn\u00e1l halad\u00f3 varr\u00f3n\u0151k sz\u00e1m\u00e1ra, bele\u00e9rtve bonyolult bl\u00fazokat \u00e9s fels\u0151ket egyedi mint\u00e1kkal.<\/span><\/li>\n<li data-sourcepos=\"5:1-6:37\"><strong style=\"font-size: 14.4px;\">BurdaStyle:<\/strong><span style=\"font-size: 14.4px;\"> K\u00fcl\u00f6nf\u00e9le mint\u00e1kat k\u00edn\u00e1l a klasszikusokt\u00f3l a divatosig, vil\u00e1gos utas\u00edt\u00e1sokkal \u00e9s r\u00e9szletes illusztr\u00e1ci\u00f3kkal.<\/span><\/li>\n<li data-sourcepos=\"5:1-6:37\"><strong style=\"font-size: 14.4px;\">New Look:<\/strong><span style=\"font-size: 14.4px;\"> Megfizethet\u0151 \u00e9s k\u00f6nnyen k\u00f6vethet\u0151 mint\u00e1kat k\u00edn\u00e1l, bele\u00e9rtve az alapvet\u0151 fels\u0151ket, bl\u00fazokat \u00e9s tunik\u00e1kat.<\/span>\n<div class=\"attachment-container search-images\">\n<div class=\"image-container hide-from-message-actions ng-star-inserted\">\n<div class=\"caption ellipsis gmat-caption ng-star-inserted\" aria-hidden=\"true\"><\/div>\n<\/div>\n<\/div>\n<\/li>\n<\/ul>\n<h3><strong>F\u00fcggetlen varr\u00e1s mint\u00e1k n\u0151i fels\u0151kh\u00f6z Pattern Designers:<\/strong><\/h3>\n<ul data-sourcepos=\"18:1-26:0\">\n<li data-sourcepos=\"18:1-19:43\"><strong>Grainline Studio:<\/strong> J\u00f3l kidolgozott mint\u00e1ikr\u00f3l \u00e9s modern diz\u00e1jnjaikr\u00f3l ismertek.<\/li>\n<li data-sourcepos=\"18:1-19:43\"><strong style=\"font-size: 14.4px;\">Sew Liberated:<\/strong><span style=\"font-size: 14.4px;\"> Minden testt\u00edpusra kiterjed\u0151 mint\u00e1kat k\u00edn\u00e1l, bele\u00e9rtve a k\u00fcl\u00f6nb\u00f6z\u0151 illeszked\u00e9si \u00e9s st\u00edlusopci\u00f3kkal rendelkez\u0151 fels\u0151ket is.<\/span><\/li>\n<li data-sourcepos=\"18:1-19:43\"><strong style=\"font-size: 14.4px;\">P\u00e9nteki Mintat\u00e1rsas\u00e1g:<\/strong><span style=\"font-size: 14.4px;\"> St\u00edlusos \u00e9s modern mint\u00e1kat k\u00edn\u00e1l, k\u00f6zt\u00fck egyedi r\u00e9szletekkel \u00e9s \u00e9rdekes sziluettekkel rendelkez\u0151 fels\u0151ket.<\/span><\/li>\n<li data-sourcepos=\"18:1-19:43\"><strong style=\"font-size: 14.4px;\">Megan Nielsen:<\/strong><span style=\"font-size: 14.4px;\"> J\u00f3l kidolgozott mint\u00e1kat k\u00edn\u00e1l, a f\u00f3kuszban az illeszked\u00e9ssel \u00e9s a st\u00edlussal.<\/span>\n<div class=\"attachment-container search-images\">\n<div class=\"image-container hide-from-message-actions ng-star-inserted\">\n<div class=\"caption ellipsis gmat-caption ng-star-inserted\" aria-hidden=\"true\"><\/div>\n<\/div>\n<\/div>\n<\/li>\n<\/ul>","protected":false},"excerpt":{"rendered":"<table style=\"height: 475px;\" width=\"411\">\n<tbody>\n<tr>\n<td width=\"146\"><strong><b>Term\u00e9k<\/b><\/strong>\u00a0<strong><b>N\u00e9v:<\/b><\/strong><\/td>\n<td width=\"601\"><strong>Varr\u00e1s mint\u00e1k a n\u0151i fels\u0151k sz\u00e1m\u00e1ra<\/strong><\/td>\n<\/tr>\n<tr>\n<td width=\"146\"><strong><b>Materlal:<\/b><\/strong><\/td>\n<td width=\"601\">K\u00f6t\u00e9s<\/td>\n<\/tr>\n<tr>\n<td width=\"146\"><strong><b>Technika:<\/b><\/strong><\/td>\n<td width=\"601\">H\u00edmzett<\/td>\n<\/tr>\n<tr>\n<td width=\"146\"><strong><b>St\u00edlus:<\/b><\/strong><\/td>\n<td width=\"601\">Alkalmi<\/td>\n<\/tr>\n<tr>\n<td width=\"146\"><strong><b>Sz\u00ednes<\/b><\/strong><strong><b>:<\/b><\/strong><\/td>\n<td width=\"601\">\u00a0Egyedi sz\u00ednek<\/td>\n<\/tr>\n<tr>\n<td width=\"146\"><strong><b>M\u00e9ret:<\/b><\/strong><\/td>\n<td width=\"601\">S \/M \/L \/XL \/2XL<\/td>\n<\/tr>\n<tr>\n<td width=\"146\"><strong><b>OEM\/ODM:<\/b><\/strong><\/td>\n<td width=\"601\">Elfogadhat\u00f3<\/td>\n<\/tr>\n<tr>\n<td width=\"146\"><strong><b>Min\u0151s\u00e9g:<\/b><\/strong><\/td>\n<td width=\"601\">100% Kiv\u00e1l\u00f3 min\u0151s\u00e9g<\/td>\n<\/tr>\n<tr>\n<td width=\"146\"><strong><b>M<\/b><\/strong><strong><b>OQ:<\/b><\/strong><\/td>\n<td width=\"601\">200 db<\/td>\n<\/tr>\n<\/tbody>\n<\/table>","protected":false},"featured_media":1881,"template":"","meta":[],"product_brand":[],"product_cat":[39],"product_tag":[],"class_list":{"0":"post-1878","1":"product","2":"type-product","3":"status-publish","4":"has-post-thumbnail","6":"product_cat-womens-clothing","8":"first","9":"instock","10":"shipping-taxable","11":"product-type-simple"},"_links":{"self":[{"href":"https:\/\/mj-clothing.com\/hu\/wp-json\/wp\/v2\/product\/1878","targetHints":{"allow":["GET"]}}],"collection":[{"href":"https:\/\/mj-clothing.com\/hu\/wp-json\/wp\/v2\/product"}],"about":[{"href":"https:\/\/mj-clothing.com\/hu\/wp-json\/wp\/v2\/types\/product"}],"wp:featuredmedia":[{"embeddable":true,"href":"https:\/\/mj-clothing.com\/hu\/wp-json\/wp\/v2\/media\/1881"}],"wp:attachment":[{"href":"https:\/\/mj-clothing.com\/hu\/wp-json\/wp\/v2\/media?parent=1878"}],"wp:term":[{"taxonomy":"product_brand","embeddable":true,"href":"https:\/\/mj-clothing.com\/hu\/wp-json\/wp\/v2\/product_brand?post=1878"},{"taxonomy":"product_cat","embeddable":true,"href":"https:\/\/mj-clothing.com\/hu\/wp-json\/wp\/v2\/product_cat?post=1878"},{"taxonomy":"product_tag","embeddable":true,"href":"https:\/\/mj-clothing.com\/hu\/wp-json\/wp\/v2\/product_tag?post=1878"}],"curies":[{"name":"wp","href":"https:\/\/api.w.org\/{rel}","templated":true}]}}