{"id":1891,"date":"2024-12-16T07:27:51","date_gmt":"2024-12-16T07:27:51","guid":{"rendered":"https:\/\/mj-clothing.com\/?post_type=product&#038;p=1891"},"modified":"2024-12-17T03:45:11","modified_gmt":"2024-12-17T03:45:11","slug":"african-print-womens-tops","status":"publish","type":"product","link":"https:\/\/mj-clothing.com\/hu\/manufacturer\/african-print-womens-tops\/","title":{"rendered":"Afrikai nyomtatott n\u0151i fels\u0151k"},"content":{"rendered":"<div id=\"model-response-message-contentr_ec3773cab81b3474\" class=\"markdown markdown-main-panel response-optimization\" dir=\"ltr\">\n<p data-sourcepos=\"1:1-1:255\"><span class=\"citation-0 recitation citation-end-0\">Az afrikai mint\u00e1s n\u0151i fels\u0151k vibr\u00e1l\u00f3 \u00e9s st\u00edlusos ruhadarabok, amelyek Afrika gazdag kultur\u00e1lis \u00f6r\u00f6ks\u00e9g\u00e9t \u00fcnneplik.<\/span> <span class=\"citation-1 recitation citation-end-1\">Ezek a fels\u0151k gyakran ankarai anyagb\u00f3l k\u00e9sz\u00fclnek, amely egy sz\u00ednes \u00e9s mint\u00e1s pamutsz\u00f6vet, amely Nyugat-Afrik\u00e1ban n\u00e9pszer\u0171.<\/span><span class=\"button-container hide-from-message-actions ng-star-inserted\">\u00a0 \u00a0<\/span><\/p>\n<h3 data-sourcepos=\"5:1-5:58\">Afrikai nyomtatott n\u0151i fels\u0151k sz\u00e1mos st\u00edlusban kaphat\u00f3k, t\u00f6bbek k\u00f6z\u00f6tt:<\/h3>\n<ul data-sourcepos=\"7:1-11:0\">\n<li data-sourcepos=\"7:1-7:88\"><strong>Bl\u00fazok:<\/strong> Ezek a fels\u0151k gyakran szabottak, \u00e9s szokny\u00e1val, nadr\u00e1ggal vagy farmerrel is viselhet\u0151k.<\/li>\n<li data-sourcepos=\"8:1-8:80\"><strong>Ruh\u00e1k:<\/strong> Az afrikai mint\u00e1s ruh\u00e1k n\u00e9pszer\u0171ek k\u00fcl\u00f6nleges alkalmakra.<\/li>\n<li data-sourcepos=\"9:1-9:77\"><strong><span class=\"citation-2 recitation\">P\u00f3l\u00f3k:<\/span><\/strong><span class=\"citation-2 recitation citation-end-2\"> Ezek az alkalmi fels\u0151k t\u00f6k\u00e9letesek a mindennapi viselethez.<\/span><span class=\"button-container hide-from-message-actions ng-star-inserted\"> \u00a0<\/span><\/li>\n<li data-sourcepos=\"9:1-9:77\"><strong style=\"font-size: 14.4px;\"><span class=\"citation-3 recitation\">Ugr\u00f3ruh\u00e1k:<\/span><\/strong><span class=\"citation-3 recitation citation-end-3\" style=\"font-size: 14.4px;\"> Ezek az eleg\u00e1ns overallok t\u00f6k\u00e9letesek egy \u00e9jszakai kiruccan\u00e1shoz.<\/span><span class=\"button-container hide-from-message-actions ng-star-inserted\" style=\"font-size: 14.4px;\">\u00a0\u00a0<\/span>\n<div class=\"container ng-tns-c2946245707-271 hide\">\n<div class=\"carousel-container ng-tns-c2946245707-271\">\n<div class=\"carousel-content ng-tns-c2946245707-271\">\n<div class=\"sources-carousel-source ng-tns-c2946245707-271 hide ng-star-inserted\" data-test-id=\"sources-carousel-source\"><\/div>\n<\/div>\n<\/div>\n<\/div>\n<\/li>\n<\/ul>\n<p data-sourcepos=\"12:1-12:147\">Az afrikai mint\u00e1s fels\u0151k nemcsak gy\u00f6ny\u00f6r\u0171ek, hanem k\u00e9nyelmesek \u00e9s sokoldal\u00faak is. Fel vagy le lehet \u0151ket \u00f6lt\u00f6ztetni, \u00edgy b\u00e1rmilyen alkalomra t\u00f6k\u00e9letesek.<\/p>\n<h3 data-sourcepos=\"14:1-14:50\">\u00cdme n\u00e9h\u00e1ny tipp az afrikai mint\u00e1s n\u0151i fels\u0151k st\u00edlus\u00e1hoz:<\/h3>\n<ul data-sourcepos=\"16:1-20:0\">\n<li data-sourcepos=\"16:1-16:100\"><strong>Keverje \u00f6ssze \u00e9s illessze \u00f6ssze:<\/strong> Ne f\u00e9ljen az afrikai mint\u00e1kat m\u00e1s mint\u00e1kkal \u00e9s sz\u00ednekkel kombin\u00e1lni.<\/li>\n<li data-sourcepos=\"17:1-17:102\"><strong><span class=\"citation-4 recitation\">Kieg\u00e9sz\u00edt\u0151k:<\/span><\/strong><span class=\"citation-4 recitation citation-end-4\"> Adjon hozz\u00e1 kieg\u00e9sz\u00edt\u0151ket, p\u00e9ld\u00e1ul \u00e9kszereket, s\u00e1lakat \u00e9s sapk\u00e1kat, hogy teljes legyen a megjelen\u00e9se.<\/span><span class=\"button-container hide-from-message-actions ng-star-inserted\"> \u00a0<\/span><\/li>\n<li data-sourcepos=\"17:1-17:102\"><strong style=\"font-size: 14.4px;\">Tartsa egyszer\u0171nek:<\/strong><span style=\"font-size: 14.4px;\"> Ha mer\u00e9sz afrikai mint\u00e1s fels\u0151t viselsz, tartsd egyszer\u0171nek az \u00f6lt\u00f6z\u00e9ked t\u00f6bbi r\u00e9sz\u00e9t.<\/span><\/li>\n<li data-sourcepos=\"19:1-20:0\"><strong>Fogadd el az egy\u00e9nis\u00e9gedet:<\/strong> <span class=\"citation-5 recitation citation-end-5\">Az afrikai mint\u00e1s fels\u0151k nagyszer\u0171 m\u00f3dja annak, hogy kifejezd szem\u00e9lyes st\u00edlusodat.<\/span><span class=\"button-container hide-from-message-actions ng-star-inserted\"> \u00a0<\/span>\n<div class=\"container ng-tns-c2946245707-273 hide\">\n<div class=\"carousel-container ng-tns-c2946245707-273\"><\/div>\n<\/div>\n<\/li>\n<\/ul>\n<p data-sourcepos=\"21:1-21:147\">Ak\u00e1r egy alkalmi fels\u0151t keresel a h\u00e1z k\u00f6r\u00fcl, ak\u00e1r egy eleg\u00e1ns ruh\u00e1t egy k\u00fcl\u00f6nleges alkalomra, az afrikai mint\u00e1s fels\u0151k nagyszer\u0171 v\u00e1laszt\u00e1snak bizonyulnak.<\/p>\n<\/div>","protected":false},"excerpt":{"rendered":"<table style=\"height: 455px;\" width=\"420\">\n<tbody>\n<tr>\n<td width=\"146\"><strong><b>Term\u00e9k<\/b><\/strong>\u00a0<strong><b>N\u00e9v:<\/b><\/strong><\/td>\n<td width=\"601\"><strong>Afrikai nyomtatott n\u0151i fels\u0151k<\/strong><\/td>\n<\/tr>\n<tr>\n<td width=\"146\"><strong><b>Materlal:<\/b><\/strong><\/td>\n<td width=\"601\">K\u00f6t\u00e9s<\/td>\n<\/tr>\n<tr>\n<td width=\"146\"><strong><b>Technika:<\/b><\/strong><\/td>\n<td width=\"601\">H\u00edmzett<\/td>\n<\/tr>\n<tr>\n<td width=\"146\"><strong><b>St\u00edlus:<\/b><\/strong><\/td>\n<td width=\"601\">Alkalmi<\/td>\n<\/tr>\n<tr>\n<td width=\"146\"><strong><b>Sz\u00ednes<\/b><\/strong><strong><b>:<\/b><\/strong><\/td>\n<td width=\"601\">\u00a0Egyedi sz\u00ednek<\/td>\n<\/tr>\n<tr>\n<td width=\"146\"><strong><b>M\u00e9ret:<\/b><\/strong><\/td>\n<td width=\"601\">S \/M \/L \/XL \/2XL<\/td>\n<\/tr>\n<tr>\n<td width=\"146\"><strong><b>OEM\/ODM:<\/b><\/strong><\/td>\n<td width=\"601\">Elfogadhat\u00f3<\/td>\n<\/tr>\n<tr>\n<td width=\"146\"><strong><b>Min\u0151s\u00e9g:<\/b><\/strong><\/td>\n<td width=\"601\">100% Kiv\u00e1l\u00f3 min\u0151s\u00e9g<\/td>\n<\/tr>\n<tr>\n<td width=\"146\"><strong><b>M<\/b><\/strong><strong><b>OQ:<\/b><\/strong><\/td>\n<td width=\"601\">200 db<\/td>\n<\/tr>\n<\/tbody>\n<\/table>","protected":false},"featured_media":1892,"template":"","meta":[],"product_brand":[],"product_cat":[39],"product_tag":[],"class_list":{"0":"post-1891","1":"product","2":"type-product","3":"status-publish","4":"has-post-thumbnail","6":"product_cat-womens-clothing","8":"first","9":"instock","10":"shipping-taxable","11":"product-type-simple"},"_links":{"self":[{"href":"https:\/\/mj-clothing.com\/hu\/wp-json\/wp\/v2\/product\/1891","targetHints":{"allow":["GET"]}}],"collection":[{"href":"https:\/\/mj-clothing.com\/hu\/wp-json\/wp\/v2\/product"}],"about":[{"href":"https:\/\/mj-clothing.com\/hu\/wp-json\/wp\/v2\/types\/product"}],"wp:featuredmedia":[{"embeddable":true,"href":"https:\/\/mj-clothing.com\/hu\/wp-json\/wp\/v2\/media\/1892"}],"wp:attachment":[{"href":"https:\/\/mj-clothing.com\/hu\/wp-json\/wp\/v2\/media?parent=1891"}],"wp:term":[{"taxonomy":"product_brand","embeddable":true,"href":"https:\/\/mj-clothing.com\/hu\/wp-json\/wp\/v2\/product_brand?post=1891"},{"taxonomy":"product_cat","embeddable":true,"href":"https:\/\/mj-clothing.com\/hu\/wp-json\/wp\/v2\/product_cat?post=1891"},{"taxonomy":"product_tag","embeddable":true,"href":"https:\/\/mj-clothing.com\/hu\/wp-json\/wp\/v2\/product_tag?post=1891"}],"curies":[{"name":"wp","href":"https:\/\/api.w.org\/{rel}","templated":true}]}}