{"id":1901,"date":"2024-12-16T07:56:53","date_gmt":"2024-12-16T07:56:53","guid":{"rendered":"https:\/\/mj-clothing.com\/?post_type=product&#038;p=1901"},"modified":"2024-12-17T03:44:39","modified_gmt":"2024-12-17T03:44:39","slug":"ivory-colored-womens-tops","status":"publish","type":"product","link":"https:\/\/mj-clothing.com\/hu\/manufacturer\/ivory-colored-womens-tops\/","title":{"rendered":"Elef\u00e1ntcsont sz\u00edn\u0171 n\u0151i fels\u0151k"},"content":{"rendered":"<div id=\"model-response-message-contentr_512563ff2fe7e496\" class=\"markdown markdown-main-panel response-optimization\" dir=\"ltr\">\n<p data-sourcepos=\"1:1-1:189\">Az elef\u00e1ntcsont sz\u00edn\u0171 n\u0151i fels\u0151k id\u0151tlen klasszikusok, amelyeket fel vagy le lehet \u00f6lt\u00f6ztetni. Ez a sokoldal\u00fa sz\u00edn j\u00f3l p\u00e1ros\u00edthat\u00f3 k\u00fcl\u00f6nb\u00f6z\u0151 m\u00e1s sz\u00ednekkel \u00e9s mint\u00e1kkal, \u00edgy minden ruhat\u00e1r alapdarabja lehet.<\/p>\n<h3 data-sourcepos=\"5:1-5:51\">\u00cdme n\u00e9h\u00e1ny n\u00e9pszer\u0171 st\u00edlus\u00fa elef\u00e1ntcsont sz\u00edn\u0171 n\u0151i fels\u0151:<\/h3>\n<div class=\"attachment-container search-images\">\n<div class=\"image-container hide-from-message-actions ng-star-inserted\"><\/div>\n<\/div>\n<ul data-sourcepos=\"7:1-18:0\">\n<li data-sourcepos=\"7:1-9:0\">\n<p data-sourcepos=\"7:3-8:23\"><strong><span class=\"citation-0 recitation\">Bl\u00fazok:<\/span><\/strong><span class=\"citation-0 recitation citation-end-0\"> Az elef\u00e1ntcsont bl\u00fazok k\u00fcl\u00f6nb\u00f6z\u0151 anyagokb\u00f3l, p\u00e9ld\u00e1ul selyemb\u0151l, pamutb\u00f3l vagy v\u00e1szonb\u00f3l k\u00e9sz\u00fclhetnek.<\/span> Szokny\u00e1val, nadr\u00e1ggal vagy farmerrel eleg\u00e1ns \u00e9s kifinomult megjelen\u00e9st biztos\u00edt.<\/p>\n<\/li>\n<li data-sourcepos=\"7:1-9:0\">\n<p data-sourcepos=\"7:3-8:23\"><strong style=\"font-size: 14.4px;\"><span class=\"citation-1 recitation\">P\u00f3l\u00f3k:<\/span><\/strong><span class=\"citation-1 recitation citation-end-1\" style=\"font-size: 14.4px;\"> Az elef\u00e1ntcsont p\u00f3l\u00f3k alkalmi \u00e9s k\u00e9nyelmes v\u00e1laszt\u00e1snak sz\u00e1m\u00edtanak, amelyek farmerrel, r\u00f6vidnadr\u00e1ggal vagy szokny\u00e1val is p\u00e1ros\u00edthat\u00f3k.<\/span><\/p>\n<\/li>\n<li data-sourcepos=\"7:1-9:0\">\n<p data-sourcepos=\"7:3-8:23\"><strong style=\"font-size: 14.4px;\">Pul\u00f3verek:<\/strong><span style=\"font-size: 14.4px;\"> Az elef\u00e1ntcsont pul\u00f3verek t\u00f6k\u00e9letesek a h\u0171v\u00f6sebb id\u0151j\u00e1r\u00e1shoz. Farmernadr\u00e1ggal, leggingsszel vagy szokny\u00e1val is viselhet\u0151k.<\/span><\/p>\n<\/li>\n<li data-sourcepos=\"7:1-9:0\">\n<p data-sourcepos=\"7:3-8:23\"><strong><span class=\"citation-2 recitation\">Tank topok:<\/span><\/strong><span class=\"citation-2 recitation citation-end-2\"> Az elef\u00e1ntcsont sz\u00edn\u0171 tank topok sokoldal\u00fa darabok, amelyeket m\u00e1s fels\u0151k al\u00e1 is lehet r\u00e9tegezni, vagy \u00f6nmagukban is viselni.<\/span><span class=\"button-container hide-from-message-actions ng-star-inserted\"> \u00a0<\/span><\/p>\n<div class=\"container ng-tns-c2946245707-289 hide\">\n<div class=\"carousel-container ng-tns-c2946245707-289\"><\/div>\n<\/div>\n<div class=\"attachment-container search-images\">\n<div class=\"image-container hide-from-message-actions ng-star-inserted\">\n<div class=\"caption ellipsis gmat-caption ng-star-inserted\" aria-hidden=\"true\"><span style=\"font-size: 20.16px;\">Az elef\u00e1ntcsont sz\u00edn\u0171 n\u0151i fels\u0151k kialak\u00edt\u00e1sakor vegye figyelembe a k\u00f6vetkez\u0151 tippeket:<\/span><\/div>\n<\/div>\n<\/div>\n<\/li>\n<\/ul>\n<ul data-sourcepos=\"21:1-25:0\">\n<li data-sourcepos=\"21:1-21:94\"><strong>Kieg\u00e9sz\u00edt\u0151k:<\/strong> Adjon hozz\u00e1 kieg\u00e9sz\u00edt\u0151ket, p\u00e9ld\u00e1ul nyakl\u00e1ncokat, f\u00fclbeval\u00f3kat \u00e9s s\u00e1lakat, hogy feldobja megjelen\u00e9s\u00e9t.<\/li>\n<li data-sourcepos=\"22:1-22:121\"><strong>J\u00e1tsszon a text\u00far\u00e1kkal:<\/strong> Keverje \u00e9s illessze \u00f6ssze a k\u00fcl\u00f6nb\u00f6z\u0151 text\u00far\u00e1kat, p\u00e9ld\u00e1ul a csipk\u00e9t, a b\u00e1rsonyt vagy a k\u00f6t\u00f6tt anyagokat, hogy \u00e9rdekes ruh\u00e1kat hozzon l\u00e9tre.<\/li>\n<li data-sourcepos=\"23:1-23:110\"><strong>K\u00eds\u00e9rletezzen a sz\u00ednekkel:<\/strong> P\u00e1ros\u00edtsd az elef\u00e1ntcsont fels\u0151t \u00e9l\u00e9nk sz\u00ednekkel, p\u00e9ld\u00e1ul v\u00f6r\u00f6ssel, k\u00e9kkel vagy z\u00f6lddel a mer\u00e9sz megjelen\u00e9s \u00e9rdek\u00e9ben.<\/li>\n<li data-sourcepos=\"24:1-25:0\"><strong>Tartsa egyszer\u0171nek:<\/strong> Ha egy bonyolultabb elef\u00e1ntcsont fels\u0151t viselsz, tartsd egyszer\u0171nek az \u00f6lt\u00f6z\u00e9ked t\u00f6bbi r\u00e9sz\u00e9t.<\/li>\n<\/ul>\n<p data-sourcepos=\"26:1-26:197\">Az elef\u00e1ntcsont sz\u00edn\u0171 n\u0151i fels\u0151k sokoldal\u00fa \u00e9s st\u00edlusos v\u00e1laszt\u00e1s, amely b\u00e1rmilyen alkalomra felvehet\u0151. Ha k\u00f6veti ezeket a tippeket, leny\u0171g\u00f6z\u0151 ruh\u00e1kat hozhat l\u00e9tre, amelyekben a lehet\u0151 legjobban fog kin\u00e9zni \u00e9s \u00e9rezni mag\u00e1t.<\/p>\n<\/div>\n<div class=\"response-footer gap complete\">\n<div class=\"show-sources-container ng-star-inserted\"><\/div>\n<div class=\"container ng-tns-c2946245707-283\">\n<div class=\"carousel-container ng-tns-c2946245707-283\">\n<div class=\"carousel-content ng-tns-c2946245707-283\">\n<div class=\"sources-carousel-source ng-tns-c2946245707-283 ng-star-inserted\" data-test-id=\"sources-carousel-source\">\n<div class=\"source-card-container\">\n<div class=\"source-card-content\">\n<div class=\"source-card-body\">\n<div class=\"source-card-header\">\n<div class=\"source-card-title\"><\/div>\n<\/div>\n<\/div>\n<\/div>\n<\/div>\n<\/div>\n<\/div>\n<\/div>\n<\/div>\n<\/div>","protected":false},"excerpt":{"rendered":"<table style=\"height: 539px;\" width=\"411\">\n<tbody>\n<tr>\n<td width=\"146\"><strong><b>Term\u00e9k<\/b><\/strong>\u00a0<strong><b>N\u00e9v:<\/b><\/strong><\/td>\n<td width=\"601\"><strong>Elef\u00e1ntcsont sz\u00edn\u0171 n\u0151i fels\u0151k<\/strong><\/td>\n<\/tr>\n<tr>\n<td width=\"146\"><strong><b>Materlal:<\/b><\/strong><\/td>\n<td width=\"601\">K\u00f6t\u00e9s<\/td>\n<\/tr>\n<tr>\n<td width=\"146\"><strong><b>Technika:<\/b><\/strong><\/td>\n<td width=\"601\">H\u00edmzett<\/td>\n<\/tr>\n<tr>\n<td width=\"146\"><strong><b>St\u00edlus:<\/b><\/strong><\/td>\n<td width=\"601\">Alkalmi<\/td>\n<\/tr>\n<tr>\n<td width=\"146\"><strong><b>Sz\u00ednes<\/b><\/strong><strong><b>:<\/b><\/strong><\/td>\n<td width=\"601\">\u00a0Egyedi sz\u00ednek<\/td>\n<\/tr>\n<tr>\n<td width=\"146\"><strong><b>M\u00e9ret:<\/b><\/strong><\/td>\n<td width=\"601\">S \/M \/L \/XL \/2XL<\/td>\n<\/tr>\n<tr>\n<td width=\"146\"><strong><b>OEM\/ODM:<\/b><\/strong><\/td>\n<td width=\"601\">Elfogadhat\u00f3<\/td>\n<\/tr>\n<tr>\n<td width=\"146\"><strong><b>Min\u0151s\u00e9g:<\/b><\/strong><\/td>\n<td width=\"601\">100% Kiv\u00e1l\u00f3 min\u0151s\u00e9g<\/td>\n<\/tr>\n<tr>\n<td width=\"146\"><strong><b>M<\/b><\/strong><strong><b>OQ:<\/b><\/strong><\/td>\n<td width=\"601\">200 db<\/td>\n<\/tr>\n<\/tbody>\n<\/table>","protected":false},"featured_media":1911,"template":"","meta":[],"product_brand":[],"product_cat":[39],"product_tag":[],"class_list":{"0":"post-1901","1":"product","2":"type-product","3":"status-publish","4":"has-post-thumbnail","6":"product_cat-womens-clothing","8":"first","9":"instock","10":"shipping-taxable","11":"product-type-simple"},"_links":{"self":[{"href":"https:\/\/mj-clothing.com\/hu\/wp-json\/wp\/v2\/product\/1901","targetHints":{"allow":["GET"]}}],"collection":[{"href":"https:\/\/mj-clothing.com\/hu\/wp-json\/wp\/v2\/product"}],"about":[{"href":"https:\/\/mj-clothing.com\/hu\/wp-json\/wp\/v2\/types\/product"}],"wp:featuredmedia":[{"embeddable":true,"href":"https:\/\/mj-clothing.com\/hu\/wp-json\/wp\/v2\/media\/1911"}],"wp:attachment":[{"href":"https:\/\/mj-clothing.com\/hu\/wp-json\/wp\/v2\/media?parent=1901"}],"wp:term":[{"taxonomy":"product_brand","embeddable":true,"href":"https:\/\/mj-clothing.com\/hu\/wp-json\/wp\/v2\/product_brand?post=1901"},{"taxonomy":"product_cat","embeddable":true,"href":"https:\/\/mj-clothing.com\/hu\/wp-json\/wp\/v2\/product_cat?post=1901"},{"taxonomy":"product_tag","embeddable":true,"href":"https:\/\/mj-clothing.com\/hu\/wp-json\/wp\/v2\/product_tag?post=1901"}],"curies":[{"name":"wp","href":"https:\/\/api.w.org\/{rel}","templated":true}]}}