{"id":1919,"date":"2024-12-16T08:23:18","date_gmt":"2024-12-16T08:23:18","guid":{"rendered":"https:\/\/mj-clothing.com\/?post_type=product&#038;p=1919"},"modified":"2024-12-17T03:44:00","modified_gmt":"2024-12-17T03:44:00","slug":"womens-pink-long-sleeve-tops","status":"publish","type":"product","link":"https:\/\/mj-clothing.com\/hu\/manufacturer\/womens-pink-long-sleeve-tops\/","title":{"rendered":"N\u0151i r\u00f3zsasz\u00edn hossz\u00fa ujj\u00fa fels\u0151"},"content":{"rendered":"<p data-sourcepos=\"1:1-1:189\">A n\u0151i r\u00f3zsasz\u00edn hossz\u00fa ujj\u00fa fels\u0151k sokoldal\u00fa \u00e9s st\u00edlusos v\u00e1laszt\u00e1s a n\u0151k sz\u00e1m\u00e1ra. <span class=\"citation-0 recitation citation-end-0\">K\u00fcl\u00f6nb\u00f6z\u0151 \u00e1rnyalatokban kaphat\u00f3k, a l\u00e1gy p\u00edrt\u00f3l az \u00e9l\u00e9nk, forr\u00f3 r\u00f3zsasz\u00ednig, \u00e9s k\u00fcl\u00f6nb\u00f6z\u0151 alkalmakra alak\u00edthat\u00f3k.<\/span><span class=\"button-container hide-from-message-actions ng-star-inserted\"> \u00a0<\/span><\/p>\n<h3 data-sourcepos=\"5:1-5:54\">\u00a0 \u00a0 \u00a0 \u00cdme n\u00e9h\u00e1ny n\u00e9pszer\u0171 n\u0151i r\u00f3zsasz\u00edn hossz\u00fa ujj\u00fa fels\u0151r\u00e9sz:<\/h3>\n<ul data-sourcepos=\"7:1-18:0\">\n<li data-sourcepos=\"7:1-9:0\">\n<p data-sourcepos=\"7:3-8:22\"><strong><span class=\"citation-1 recitation\">Bl\u00fazok:<\/span><\/strong><span class=\"citation-1 recitation citation-end-1\"> A r\u00f3zsasz\u00edn bl\u00fazok k\u00fcl\u00f6nb\u00f6z\u0151 anyagokb\u00f3l, p\u00e9ld\u00e1ul selyemb\u0151l, pamutb\u00f3l vagy v\u00e1szonb\u00f3l k\u00e9sz\u00fclhetnek.<\/span> Szokny\u00e1val, nadr\u00e1ggal vagy farmerrel eleg\u00e1ns \u00e9s kifinomult megjelen\u00e9st biztos\u00edt.<span class=\"button-container hide-from-message-actions ng-star-inserted\">\u00a0 \u00a0<\/span><\/p>\n<\/li>\n<li data-sourcepos=\"7:1-9:0\">\n<p data-sourcepos=\"7:3-8:22\"><strong style=\"font-size: 14.4px;\"><span class=\"citation-2 recitation\">P\u00f3l\u00f3k:<\/span><\/strong><span class=\"citation-2 recitation citation-end-2\" style=\"font-size: 14.4px;\"> A r\u00f3zsasz\u00edn p\u00f3l\u00f3k alkalmi \u00e9s k\u00e9nyelmes v\u00e1laszt\u00e1snak sz\u00e1m\u00edtanak, amelyek farmerrel, r\u00f6vidnadr\u00e1ggal vagy szokny\u00e1val is p\u00e1ros\u00edthat\u00f3k.<\/span><span class=\"button-container hide-from-message-actions ng-star-inserted\" style=\"font-size: 14.4px;\">\u00a0 \u00a0<\/span><\/p>\n<\/li>\n<li data-sourcepos=\"7:1-9:0\">\n<p data-sourcepos=\"7:3-8:22\"><strong style=\"font-size: 14.4px;\"><span class=\"citation-3 recitation\">Pul\u00f3verek:<\/span><\/strong><span class=\"citation-3 recitation citation-end-3\" style=\"font-size: 14.4px;\"> A r\u00f3zsasz\u00edn pul\u00f3verek t\u00f6k\u00e9letesek a h\u0171v\u00f6sebb id\u0151j\u00e1r\u00e1shoz.<\/span><span style=\"font-size: 14.4px;\"> Farmernadr\u00e1ggal, leggingsszel vagy szokny\u00e1val is viselhet\u0151.<\/span><\/p>\n<\/li>\n<li data-sourcepos=\"7:1-9:0\">\n<p data-sourcepos=\"7:3-8:22\"><strong style=\"font-size: 14.4px;\"><span class=\"citation-4 recitation\">Tank topok:<\/span><\/strong><span class=\"citation-4 recitation citation-end-4\" style=\"font-size: 14.4px;\"> A r\u00f3zsasz\u00edn tank topok sokoldal\u00fa darabok, amelyeket m\u00e1s fels\u0151k al\u00e1 is lehet r\u00e9tegezni, vagy \u00f6nmagukban is viselni.<\/span><span class=\"button-container hide-from-message-actions ng-star-inserted\" style=\"font-size: 14.4px;\">\u00a0 \u00a0<\/span><\/p>\n<div class=\"container ng-tns-c2946245707-318 hide\">\n<div class=\"carousel-container ng-tns-c2946245707-318\"><\/div>\n<\/div>\n<div class=\"attachment-container search-images\">\n<div class=\"image-container hide-from-message-actions ng-star-inserted\">\n<div class=\"caption ellipsis gmat-caption ng-star-inserted\" aria-hidden=\"true\"><span style=\"font-size: 20.16px;\">Amikor n\u0151i r\u00f3zsasz\u00edn hossz\u00fa ujj\u00fa fels\u0151k, fontolja meg a k\u00f6vetkez\u0151 tippeket:<\/span><\/div>\n<\/div>\n<\/div>\n<\/li>\n<\/ul>\n<ul data-sourcepos=\"21:1-25:0\">\n<li data-sourcepos=\"21:1-21:94\"><strong>Kieg\u00e9sz\u00edt\u0151k:<\/strong> Adjon hozz\u00e1 kieg\u00e9sz\u00edt\u0151ket, p\u00e9ld\u00e1ul nyakl\u00e1ncokat, f\u00fclbeval\u00f3kat \u00e9s s\u00e1lakat, hogy feldobja megjelen\u00e9s\u00e9t.<\/li>\n<li data-sourcepos=\"22:1-22:121\"><strong>J\u00e1tsszon a text\u00far\u00e1kkal:<\/strong> Keverje \u00e9s illessze \u00f6ssze a k\u00fcl\u00f6nb\u00f6z\u0151 text\u00far\u00e1kat, p\u00e9ld\u00e1ul a csipk\u00e9t, a b\u00e1rsonyt vagy a k\u00f6t\u00f6tt anyagokat, hogy \u00e9rdekes ruh\u00e1kat hozzon l\u00e9tre.<\/li>\n<li data-sourcepos=\"23:1-23:114\"><strong>K\u00eds\u00e9rletezzen a sz\u00ednekkel:<\/strong> A r\u00f3zsasz\u00edn fels\u0151t m\u00e1s sz\u00ednekkel, p\u00e9ld\u00e1ul feket\u00e9vel, feh\u00e9rrel vagy farmerrel p\u00e1ros\u00edthatod a klasszikus megjelen\u00e9s \u00e9rdek\u00e9ben.<\/li>\n<li data-sourcepos=\"24:1-25:0\"><strong>Tartsa egyszer\u0171nek:<\/strong> Ha mer\u00e9sz r\u00f3zsasz\u00edn fels\u0151t viselsz, tartsd egyszer\u0171nek az \u00f6lt\u00f6z\u00e9ked t\u00f6bbi r\u00e9sz\u00e9t.<\/li>\n<\/ul>\n<p data-sourcepos=\"26:1-26:192\">A r\u00f3zsasz\u00edn hossz\u00fa ujj\u00fa fels\u0151k sokoldal\u00fa \u00e9s st\u00edlusos v\u00e1laszt\u00e1s, amely b\u00e1rmilyen alkalomra felvehet\u0151. Ha k\u00f6veti ezeket a tippeket, leny\u0171g\u00f6z\u0151 ruh\u00e1kat hozhat l\u00e9tre, amelyekben a lehet\u0151 legjobban fog kin\u00e9zni \u00e9s \u00e9rezni mag\u00e1t.<\/p>","protected":false},"excerpt":{"rendered":"<table style=\"height: 488px;\" width=\"438\">\n<tbody>\n<tr>\n<td width=\"146\"><strong><b>Term\u00e9k<\/b><\/strong>\u00a0<strong><b>N\u00e9v:<\/b><\/strong><\/td>\n<td width=\"601\"><strong>N\u0151i r\u00f3zsasz\u00edn hossz\u00fa ujj\u00fa fels\u0151<\/strong><\/td>\n<\/tr>\n<tr>\n<td width=\"146\"><strong><b>Materlal:<\/b><\/strong><\/td>\n<td width=\"601\">K\u00f6t\u00e9s<\/td>\n<\/tr>\n<tr>\n<td width=\"146\"><strong><b>Technika:<\/b><\/strong><\/td>\n<td width=\"601\">H\u00edmzett<\/td>\n<\/tr>\n<tr>\n<td width=\"146\"><strong><b>St\u00edlus:<\/b><\/strong><\/td>\n<td width=\"601\">Alkalmi<\/td>\n<\/tr>\n<tr>\n<td width=\"146\"><strong><b>Sz\u00ednes<\/b><\/strong><strong><b>:<\/b><\/strong><\/td>\n<td width=\"601\">\u00a0Egyedi sz\u00ednek<\/td>\n<\/tr>\n<tr>\n<td width=\"146\"><strong><b>M\u00e9ret:<\/b><\/strong><\/td>\n<td width=\"601\">S \/M \/L \/XL \/2XL<\/td>\n<\/tr>\n<tr>\n<td width=\"146\"><strong><b>OEM\/ODM:<\/b><\/strong><\/td>\n<td width=\"601\">Elfogadhat\u00f3<\/td>\n<\/tr>\n<tr>\n<td width=\"146\"><strong><b>Min\u0151s\u00e9g:<\/b><\/strong><\/td>\n<td width=\"601\">100% Kiv\u00e1l\u00f3 min\u0151s\u00e9g<\/td>\n<\/tr>\n<tr>\n<td width=\"146\"><strong><b>M<\/b><\/strong><strong><b>OQ:<\/b><\/strong><\/td>\n<td width=\"601\">200 db<\/td>\n<\/tr>\n<\/tbody>\n<\/table>","protected":false},"featured_media":1922,"template":"","meta":[],"product_brand":[],"product_cat":[39],"product_tag":[],"class_list":{"0":"post-1919","1":"product","2":"type-product","3":"status-publish","4":"has-post-thumbnail","6":"product_cat-womens-clothing","8":"first","9":"instock","10":"shipping-taxable","11":"product-type-simple"},"_links":{"self":[{"href":"https:\/\/mj-clothing.com\/hu\/wp-json\/wp\/v2\/product\/1919","targetHints":{"allow":["GET"]}}],"collection":[{"href":"https:\/\/mj-clothing.com\/hu\/wp-json\/wp\/v2\/product"}],"about":[{"href":"https:\/\/mj-clothing.com\/hu\/wp-json\/wp\/v2\/types\/product"}],"wp:featuredmedia":[{"embeddable":true,"href":"https:\/\/mj-clothing.com\/hu\/wp-json\/wp\/v2\/media\/1922"}],"wp:attachment":[{"href":"https:\/\/mj-clothing.com\/hu\/wp-json\/wp\/v2\/media?parent=1919"}],"wp:term":[{"taxonomy":"product_brand","embeddable":true,"href":"https:\/\/mj-clothing.com\/hu\/wp-json\/wp\/v2\/product_brand?post=1919"},{"taxonomy":"product_cat","embeddable":true,"href":"https:\/\/mj-clothing.com\/hu\/wp-json\/wp\/v2\/product_cat?post=1919"},{"taxonomy":"product_tag","embeddable":true,"href":"https:\/\/mj-clothing.com\/hu\/wp-json\/wp\/v2\/product_tag?post=1919"}],"curies":[{"name":"wp","href":"https:\/\/api.w.org\/{rel}","templated":true}]}}