{"id":1937,"date":"2024-12-16T08:58:11","date_gmt":"2024-12-16T08:58:11","guid":{"rendered":"https:\/\/mj-clothing.com\/?post_type=product&#038;p=1937"},"modified":"2024-12-18T06:12:05","modified_gmt":"2024-12-18T06:12:05","slug":"womens-flowy-tops","status":"publish","type":"product","link":"https:\/\/mj-clothing.com\/hu\/manufacturer\/womens-flowy-tops\/","title":{"rendered":"N\u0151i Flowy fels\u0151k"},"content":{"rendered":"<div id=\"model-response-message-contentr_088ece0303c648c2\" class=\"markdown markdown-main-panel response-optimization\" dir=\"ltr\">\n<p data-sourcepos=\"1:1-1:232\">A n\u0151i Flowy Topok a k\u00e9nyelem \u00e9s a sokoldal\u00fas\u00e1g miatt n\u00e9pszer\u0171ek a n\u0151k k\u00f6r\u00e9ben. <span class=\"citation-0 recitation citation-end-0\">K\u00fcl\u00f6nb\u00f6z\u0151 st\u00edlusokban, sz\u00ednekben \u00e9s anyagokban kaphat\u00f3k, \u00edgy k\u00fcl\u00f6nb\u00f6z\u0151 alkalmakra alkalmasak.<\/span> \u00cdme, n\u00e9h\u00e1ny n\u00e9pszer\u0171 st\u00edlus\u00fa fodros fels\u0151r\u00e9sz:<span class=\"button-container hide-from-message-actions ng-star-inserted\">\u00a0<\/span><\/p>\n<h3 data-sourcepos=\"3:1-3:21\"><strong>1. N\u0151i Foly\u00f3s fels\u0151 bl\u00fazok:<\/strong><\/h3>\n<ul data-sourcepos=\"5:1-11:0\">\n<li data-sourcepos=\"5:1-6:31\"><strong><span class=\"citation-1 recitation\">Fodros ujj\u00fa bl\u00fazok:<\/span><\/strong><span class=\"citation-1 recitation citation-end-1\"> Ezek a bl\u00fazok egy csipetnyi n\u0151iess\u00e9get \u00e9s romantik\u00e1t k\u00f6lcs\u00f6n\u00f6znek b\u00e1rmilyen \u00f6lt\u00f6z\u00e9knek.<\/span><\/li>\n<li data-sourcepos=\"5:1-6:31\"><span class=\"button-container hide-from-message-actions ng-star-inserted\"><strong style=\"font-size: 14.4px;\"><span class=\"citation-2 recitation\">V\u00e1ll n\u00e9lk\u00fcli bl\u00fazok:<\/span><\/strong><span class=\"citation-2 recitation citation-end-2\" style=\"font-size: 14.4px;\"> Ezek a bl\u00fazok t\u00f6k\u00e9letesen alkalmasak a v\u00e1llak kiemel\u00e9s\u00e9re \u00e9s a kac\u00e9r megjelen\u00e9s megteremt\u00e9s\u00e9re.<\/span><\/span><\/li>\n<li data-sourcepos=\"5:1-6:31\"><strong><span class=\"citation-3 recitation\">Nyakkend\u0151s bl\u00fazok:<\/span><\/strong><span class=\"citation-3 recitation citation-end-3\"> Ezek a bl\u00fazok h\u00edzelg\u0151 \u00e9s \u00e1ll\u00edthat\u00f3 szab\u00e1s\u00faak.<\/span>\n<div class=\"container ng-tns-c2946245707-355 hide\">\n<div class=\"carousel-container ng-tns-c2946245707-355\"><\/div>\n<\/div>\n<div class=\"attachment-container search-images\">\n<div class=\"image-container hide-from-message-actions ng-star-inserted\">\n<div class=\"caption ellipsis gmat-caption ng-star-inserted\" aria-hidden=\"true\"><\/div>\n<\/div>\n<\/div>\n<\/li>\n<\/ul>\n<h3 data-sourcepos=\"12:1-12:20\"><strong>2. N\u0151i Flowy Topok Tunik\u00e1k:<\/strong><\/h3>\n<ul data-sourcepos=\"14:1-20:0\">\n<li data-sourcepos=\"14:1-15:24\"><strong><span class=\"citation-4 recitation\">Nyomtatott tunik\u00e1k:<\/span><\/strong><span class=\"citation-4 recitation citation-end-4\"> Ezek a tunik\u00e1k t\u00f6k\u00e9letesen alkalmasak arra, hogy sz\u00ednt \u00e9s mint\u00e1t adjanak a ruhat\u00e1radnak.<\/span><\/li>\n<li data-sourcepos=\"14:1-15:24\"><strong style=\"font-size: 14.4px;\">Egysz\u00edn\u0171 tunik\u00e1k:<\/strong><span style=\"font-size: 14.4px;\"> Ezek a tunik\u00e1k sokoldal\u00faak, \u00e9s fel- vagy le\u00f6lt\u00f6ztethet\u0151k.<\/span><\/li>\n<li data-sourcepos=\"14:1-15:24\"><strong style=\"font-size: 14.4px;\">H\u00edmzett tunik\u00e1k:<\/strong><span style=\"font-size: 14.4px;\"> Ezek a tunik\u00e1k eleganci\u00e1t \u00e9s kifinomults\u00e1got k\u00f6lcs\u00f6n\u00f6znek.<\/span>\n<div class=\"attachment-container search-images\">\n<div class=\"image-container hide-from-message-actions ng-star-inserted\">\n<div class=\"caption ellipsis gmat-caption ng-star-inserted\" aria-hidden=\"true\"><\/div>\n<\/div>\n<\/div>\n<\/li>\n<\/ul>\n<h3 data-sourcepos=\"21:1-21:23\"><strong>3.Womens Flowy Tops Tank Topok:<\/strong><\/h3>\n<ul data-sourcepos=\"23:1-29:0\">\n<li data-sourcepos=\"23:1-24:24\"><strong>Csipke fels\u0151:<\/strong> Ezek a p\u00e1nc\u00e9los fels\u0151k t\u00f6k\u00e9letesen alkalmasak arra, hogy egy csipetnyi n\u0151iess\u00e9get \u00e9s romantik\u00e1t adjanak b\u00e1rmilyen ruh\u00e1hoz.<\/li>\n<li data-sourcepos=\"23:1-24:24\"><strong style=\"font-size: 14.4px;\">Strapab\u00edr\u00f3 p\u00e1ntos fels\u0151:<\/strong><span style=\"font-size: 14.4px;\"> Ezek a p\u00e1nc\u00e9los fels\u0151k t\u00f6k\u00e9letesek r\u00e9tegez\u00e9shez vagy \u00f6nmagukban val\u00f3 visel\u00e9shez.<\/span><\/li>\n<li data-sourcepos=\"23:1-24:24\"><span class=\"button-container hide-from-message-actions ng-star-inserted\"><strong style=\"font-size: 14.4px;\"><span class=\"citation-5 recitation\">Fodros tank topok:<\/span><\/strong><span class=\"citation-5 recitation citation-end-5\" style=\"font-size: 14.4px;\"> Ezek a p\u00e1nc\u00e9los fels\u0151k j\u00e1t\u00e9kos \u00e9s kac\u00e9r jelleget k\u00f6lcs\u00f6n\u00f6znek b\u00e1rmilyen \u00f6lt\u00f6z\u00e9knek.<\/span><span class=\"button-container hide-from-message-actions ng-star-inserted\" style=\"font-size: 14.4px;\"> \u00a0<\/span><\/span>\n<div class=\"container ng-tns-c2946245707-357 hide\">\n<div class=\"carousel-container ng-tns-c2946245707-357\"><\/div>\n<\/div>\n<div class=\"attachment-container search-images\"><\/div>\n<\/li>\n<\/ul>\n<h4 data-sourcepos=\"30:1-30:22\"><strong>4. Foly\u00e9kony pul\u00f3verek:<\/strong><\/h4>\n<ul data-sourcepos=\"32:1-38:0\">\n<li data-sourcepos=\"32:1-33:28\"><strong><span class=\"citation-6 recitation\">T\u00falm\u00e9retezett pul\u00f3verek:<\/span><\/strong><span class=\"citation-6 recitation citation-end-6\"> Ezek a pul\u00f3verek t\u00f6k\u00e9letesek a h\u0171v\u00f6s napokon val\u00f3 \u00f6sszeb\u00faj\u00e1shoz.<\/span><span class=\"button-container hide-from-message-actions ng-star-inserted\">\u00a0 \u00a0<\/span>\n<div class=\"container ng-tns-c2946245707-358 hide\">\n<div class=\"carousel-container ng-tns-c2946245707-358\"><\/div>\n<\/div>\n<div class=\"attachment-container search-images\"><\/div>\n<\/li>\n<li data-sourcepos=\"34:1-35:29\"><strong><span class=\"citation-7 recitation\">K\u00e1beles k\u00f6t\u00f6tt pul\u00f3verek:<\/span><\/strong><span class=\"citation-7 recitation citation-end-7\"> Ezek a pul\u00f3verek klasszikus \u00e9s id\u0151tlen v\u00e1laszt\u00e1snak sz\u00e1m\u00edtanak.<\/span><span class=\"button-container hide-from-message-actions ng-star-inserted\"> \u00a0<\/span><\/li>\n<li data-sourcepos=\"34:1-35:29\"><span class=\"button-container hide-from-message-actions ng-star-inserted\"><strong style=\"font-size: 14.4px;\"><span class=\"citation-8 recitation\">Kardig\u00e1n pul\u00f3verek:<\/span><\/strong><span class=\"citation-8 recitation citation-end-8\" style=\"font-size: 14.4px;\"> Ezek a pul\u00f3verek t\u00f6k\u00e9letesek a r\u00e9teges \u00f6lt\u00f6zk\u00f6d\u00e9shez, \u00e9s fel vagy le lehet \u0151ket \u00f6lt\u00f6ztetni.<\/span><span class=\"button-container hide-from-message-actions ng-star-inserted\" style=\"font-size: 14.4px;\"> \u00a0<\/span><\/span>\n<div class=\"container ng-tns-c2946245707-360 hide\">\n<div class=\"carousel-container ng-tns-c2946245707-360\"><\/div>\n<\/div>\n<div class=\"attachment-container search-images\">\n<div class=\"image-container hide-from-message-actions ng-star-inserted\">\n<div class=\"caption ellipsis gmat-caption ng-star-inserted\" aria-hidden=\"true\"><\/div>\n<\/div>\n<\/div>\n<\/li>\n<\/ul>\n<h3 data-sourcepos=\"39:1-39:53\">Amikor \u00e1raml\u00f3 fels\u0151ket visel, vegye figyelembe a k\u00f6vetkez\u0151 tippeket:<\/h3>\n<ul data-sourcepos=\"41:1-45:0\">\n<li data-sourcepos=\"41:1-41:94\"><strong>Kieg\u00e9sz\u00edt\u0151k:<\/strong> Adjon hozz\u00e1 kieg\u00e9sz\u00edt\u0151ket, p\u00e9ld\u00e1ul nyakl\u00e1ncokat, f\u00fclbeval\u00f3kat \u00e9s s\u00e1lakat, hogy feldobja megjelen\u00e9s\u00e9t.<\/li>\n<li data-sourcepos=\"42:1-42:121\"><strong>J\u00e1tsszon a text\u00far\u00e1kkal:<\/strong> Keverje \u00e9s illessze \u00f6ssze a k\u00fcl\u00f6nb\u00f6z\u0151 text\u00far\u00e1kat, p\u00e9ld\u00e1ul a csipk\u00e9t, a b\u00e1rsonyt vagy a k\u00f6t\u00f6tt anyagokat, hogy \u00e9rdekes ruh\u00e1kat hozzon l\u00e9tre.<\/li>\n<li data-sourcepos=\"43:1-43:112\"><strong>K\u00eds\u00e9rletezzen a sz\u00ednekkel:<\/strong> P\u00e1ros\u00edtsd az \u00e1raml\u00f3 fels\u0151t m\u00e1s sz\u00ednekkel, hogy st\u00edlusos \u00e9s figyelemfelkelt\u0151 ruh\u00e1t hozz l\u00e9tre.<\/li>\n<li data-sourcepos=\"44:1-45:0\"><strong>Tartsa egyszer\u0171nek:<\/strong> Ha egy mer\u00e9sz \u00e9s sz\u00ednes, oml\u00f3s fels\u0151t viselsz, tartsd egyszer\u0171nek az \u00f6lt\u00f6z\u00e9ked t\u00f6bbi r\u00e9sz\u00e9t.<\/li>\n<\/ul>\n<\/div>","protected":false},"excerpt":{"rendered":"<table style=\"height: 541px;\" width=\"431\">\n<tbody>\n<tr>\n<td width=\"146\"><strong><b>Term\u00e9k<\/b><\/strong>\u00a0<strong><b>N\u00e9v:<\/b><\/strong><\/td>\n<td width=\"601\"><strong>N\u0151i Flowy fels\u0151k<\/strong><\/td>\n<\/tr>\n<tr>\n<td width=\"146\"><strong><b>Materlal:<\/b><\/strong><\/td>\n<td width=\"601\">K\u00f6t\u00e9s<\/td>\n<\/tr>\n<tr>\n<td width=\"146\"><strong><b>Technika:<\/b><\/strong><\/td>\n<td width=\"601\">H\u00edmzett<\/td>\n<\/tr>\n<tr>\n<td width=\"146\"><strong><b>St\u00edlus:<\/b><\/strong><\/td>\n<td width=\"601\">Alkalmi<\/td>\n<\/tr>\n<tr>\n<td width=\"146\"><strong><b>Sz\u00ednes<\/b><\/strong><strong><b>:<\/b><\/strong><\/td>\n<td width=\"601\">\u00a0Egyedi sz\u00ednek<\/td>\n<\/tr>\n<tr>\n<td width=\"146\"><strong><b>M\u00e9ret:<\/b><\/strong><\/td>\n<td width=\"601\">S \/M \/L \/XL \/2XL<\/td>\n<\/tr>\n<tr>\n<td width=\"146\"><strong><b>OEM\/ODM:<\/b><\/strong><\/td>\n<td width=\"601\">Elfogadhat\u00f3<\/td>\n<\/tr>\n<tr>\n<td width=\"146\"><strong><b>Min\u0151s\u00e9g:<\/b><\/strong><\/td>\n<td width=\"601\">100% Kiv\u00e1l\u00f3 min\u0151s\u00e9g<\/td>\n<\/tr>\n<tr>\n<td width=\"146\"><strong><b>M<\/b><\/strong><strong><b>OQ:<\/b><\/strong><\/td>\n<td width=\"601\">200 db<\/td>\n<\/tr>\n<\/tbody>\n<\/table>","protected":false},"featured_media":1938,"template":"","meta":[],"product_brand":[],"product_cat":[39],"product_tag":[],"class_list":{"0":"post-1937","1":"product","2":"type-product","3":"status-publish","4":"has-post-thumbnail","6":"product_cat-womens-clothing","8":"first","9":"instock","10":"shipping-taxable","11":"product-type-simple"},"_links":{"self":[{"href":"https:\/\/mj-clothing.com\/hu\/wp-json\/wp\/v2\/product\/1937","targetHints":{"allow":["GET"]}}],"collection":[{"href":"https:\/\/mj-clothing.com\/hu\/wp-json\/wp\/v2\/product"}],"about":[{"href":"https:\/\/mj-clothing.com\/hu\/wp-json\/wp\/v2\/types\/product"}],"wp:featuredmedia":[{"embeddable":true,"href":"https:\/\/mj-clothing.com\/hu\/wp-json\/wp\/v2\/media\/1938"}],"wp:attachment":[{"href":"https:\/\/mj-clothing.com\/hu\/wp-json\/wp\/v2\/media?parent=1937"}],"wp:term":[{"taxonomy":"product_brand","embeddable":true,"href":"https:\/\/mj-clothing.com\/hu\/wp-json\/wp\/v2\/product_brand?post=1937"},{"taxonomy":"product_cat","embeddable":true,"href":"https:\/\/mj-clothing.com\/hu\/wp-json\/wp\/v2\/product_cat?post=1937"},{"taxonomy":"product_tag","embeddable":true,"href":"https:\/\/mj-clothing.com\/hu\/wp-json\/wp\/v2\/product_tag?post=1937"}],"curies":[{"name":"wp","href":"https:\/\/api.w.org\/{rel}","templated":true}]}}