{"id":1939,"date":"2024-12-16T09:14:41","date_gmt":"2024-12-16T09:14:41","guid":{"rendered":"https:\/\/mj-clothing.com\/?post_type=product&#038;p=1939"},"modified":"2024-12-17T03:42:51","modified_gmt":"2024-12-17T03:42:51","slug":"womens-spring-tops-2024","status":"publish","type":"product","link":"https:\/\/mj-clothing.com\/hu\/manufacturer\/womens-spring-tops-2024\/","title":{"rendered":"N\u0151i tavaszi fels\u0151k 2024"},"content":{"rendered":"<p data-sourcepos=\"1:1-1:118\"><span class=\"citation-0 recitation citation-end-0\">A 2024-es tavaszi n\u0151i fels\u0151k a klasszikus st\u00edlusok \u00e9s a modern csavarok kever\u00e9kei.<\/span> \u00cdme n\u00e9h\u00e1ny a legfontosabb trendek k\u00f6z\u00fcl:<\/p>\n<h3 data-sourcepos=\"1:1-1:118\"><strong>1. N\u0151i tavaszi fels\u0151k 2024 mint\u00e1k:<\/strong><\/h3>\n<ul data-sourcepos=\"5:1-7:0\">\n<li data-sourcepos=\"5:1-5:80\"><strong>Finom vir\u00e1gok:<\/strong> A l\u00e1gy, romantikus vir\u00e1gmint\u00e1k klasszikus tavaszi trendek.<\/li>\n<li data-sourcepos=\"6:1-7:0\"><strong>Mer\u00e9sz vir\u00e1gok:<\/strong> A nagym\u00e9ret\u0171, \u00e9l\u00e9nk vir\u00e1gmint\u00e1k l\u00e1tv\u00e1nyosak.<\/li>\n<\/ul>\n<h3 data-sourcepos=\"8:1-8:20\"><strong>2. N\u0151i tavaszi fels\u0151k 2024 Relaxed Fits:<\/strong><\/h3>\n<ul data-sourcepos=\"10:1-12:0\">\n<li data-sourcepos=\"10:1-10:99\"><strong>T\u00falm\u00e9retezett sziluettek:<\/strong> A k\u00e9nyelmes \u00e9s st\u00edlusos, t\u00falm\u00e9retezett fels\u0151k t\u00f6k\u00e9letesek az alkalmi megjelen\u00e9shez.<\/li>\n<li data-sourcepos=\"11:1-12:0\"><strong>Foly\u00e9kony bl\u00fazok:<\/strong> A k\u00f6nny\u0171 \u00e9s szell\u0151s bl\u00fazok ide\u00e1lisak a melegebb id\u0151j\u00e1r\u00e1shoz.<\/li>\n<\/ul>\n<h3 data-sourcepos=\"13:1-13:21\"><strong>3. N\u0151i tavaszi fels\u0151k 2024 \u00e9l\u00e9nk sz\u00ednek:<\/strong><\/h3>\n<ul data-sourcepos=\"15:1-17:0\">\n<li data-sourcepos=\"15:1-15:83\"><strong>Mer\u00e9sz sz\u00ednek:<\/strong> Az \u00e9l\u00e9nk sz\u00ednek, mint a r\u00f3zsasz\u00edn, a s\u00e1rga \u00e9s a narancs vid\u00e1ms\u00e1got k\u00f6lcs\u00f6n\u00f6znek.<\/li>\n<li data-sourcepos=\"16:1-17:0\"><strong>Pasztellsz\u00ednek:<\/strong> Az olyan l\u00e1gy pasztellsz\u00ednek, mint a levendula, a mentaz\u00f6ld \u00e9s a babak\u00e9k t\u00f6k\u00e9letesek a romantikus megjelen\u00e9shez.<\/li>\n<\/ul>\n<h3 data-sourcepos=\"18:1-18:24\"><strong>4. Egyedi nyakkiv\u00e1g\u00e1sok:<\/strong><\/h3>\n<ul data-sourcepos=\"20:1-23:0\">\n<li data-sourcepos=\"20:1-20:59\"><strong>Off-the-Shoulder:<\/strong> N\u0151ies \u00e9s h\u00edzelg\u0151 dekolt\u00e1zs.<\/li>\n<li data-sourcepos=\"21:1-21:55\"><strong>Sz\u00f6gletes nyakkiv\u00e1g\u00e1s:<\/strong> Modern \u00e9s kifinomult megjelen\u00e9s.<\/li>\n<li data-sourcepos=\"22:1-23:0\"><strong>Egyv\u00e1llas:<\/strong> Mer\u00e9sz \u00e9s dr\u00e1mai v\u00e1laszt\u00e1s.<\/li>\n<\/ul>\n<h3 data-sourcepos=\"24:1-24:24\"><strong>5. Textur\u00e1lt sz\u00f6vetek:<\/strong><\/h3>\n<ul data-sourcepos=\"26:1-29:0\">\n<li data-sourcepos=\"26:1-26:52\"><strong>Csipke:<\/strong> Hozz\u00e1ad egy csipetnyi eleganci\u00e1t \u00e9s n\u0151iess\u00e9get.<\/li>\n<li data-sourcepos=\"27:1-27:49\"><strong>K\u00f6t\u00e9s:<\/strong> K\u00e9nyelmes \u00e9s otthonos a h\u0171v\u00f6sebb napokon.<\/li>\n<li data-sourcepos=\"28:1-29:0\"><strong>Szat\u00e9n:<\/strong> F\u00e9ny\u0171z\u0151 \u00e9s elb\u0171v\u00f6l\u0151 anyag.<\/li>\n<\/ul>\n<h3 data-sourcepos=\"30:1-30:27\"><strong>6. Fenntarthat\u00f3 sz\u00f6vetek:<\/strong><\/h3>\n<ul data-sourcepos=\"32:1-35:0\">\n<li data-sourcepos=\"32:1-32:44\"><strong>Organikus pamut:<\/strong> K\u00f6rnyezetbar\u00e1t \u00e9s puha.<\/li>\n<li data-sourcepos=\"33:1-33:50\"><strong>\u00dajrahasznos\u00edtott poli\u00e9szter:<\/strong> Fenntarthat\u00f3 \u00e9s tart\u00f3s.<\/li>\n<li data-sourcepos=\"34:1-35:0\"><strong><span class=\"citation-1 recitation\">Tencel:<\/span><\/strong><span class=\"citation-1 recitation citation-end-1\"> L\u00e9legz\u0151 \u00e9s nedvess\u00e9gelvezet\u0151 anyag.<\/span><span class=\"button-container hide-from-message-actions ng-star-inserted\"> \u00a0<\/span>\n<div class=\"container ng-tns-c2946245707-383 hide\">\n<div class=\"carousel-container ng-tns-c2946245707-383\"><\/div>\n<\/div>\n<\/li>\n<\/ul>\n<p data-sourcepos=\"36:1-36:226\">Ne feledd, a legjobb m\u00f3dja annak, hogy megtal\u00e1ld a sz\u00e1modra t\u00f6k\u00e9letes tavaszi fels\u0151t, ha k\u00eds\u00e9rletezel a k\u00fcl\u00f6nb\u00f6z\u0151 st\u00edlusokkal, sz\u00ednekkel \u00e9s anyagokkal. A v\u00e1laszt\u00e1sn\u00e1l vedd figyelembe a szem\u00e9lyes st\u00edlusodat \u00e9s azt az alkalmat, amikor viselni fogod a fels\u0151t.<\/p>","protected":false},"excerpt":{"rendered":"<table style=\"height: 470px;\" width=\"398\">\n<tbody>\n<tr>\n<td width=\"146\"><strong><b>Term\u00e9k<\/b><\/strong>\u00a0<strong><b>N\u00e9v:<\/b><\/strong><\/td>\n<td width=\"601\"><strong>N\u0151i tavaszi fels\u0151k 2024<\/strong><\/td>\n<\/tr>\n<tr>\n<td width=\"146\"><strong><b>Materlal:<\/b><\/strong><\/td>\n<td width=\"601\">K\u00f6t\u00e9s<\/td>\n<\/tr>\n<tr>\n<td width=\"146\"><strong><b>Technika:<\/b><\/strong><\/td>\n<td width=\"601\">H\u00edmzett<\/td>\n<\/tr>\n<tr>\n<td width=\"146\"><strong><b>St\u00edlus:<\/b><\/strong><\/td>\n<td width=\"601\">Alkalmi<\/td>\n<\/tr>\n<tr>\n<td width=\"146\"><strong><b>Sz\u00ednes<\/b><\/strong><strong><b>:<\/b><\/strong><\/td>\n<td width=\"601\">\u00a0Egyedi sz\u00ednek<\/td>\n<\/tr>\n<tr>\n<td width=\"146\"><strong><b>M\u00e9ret:<\/b><\/strong><\/td>\n<td width=\"601\">S \/M \/L \/XL \/2XL<\/td>\n<\/tr>\n<tr>\n<td width=\"146\"><strong><b>OEM\/ODM:<\/b><\/strong><\/td>\n<td width=\"601\">Elfogadhat\u00f3<\/td>\n<\/tr>\n<tr>\n<td width=\"146\"><strong><b>Min\u0151s\u00e9g:<\/b><\/strong><\/td>\n<td width=\"601\">100% Kiv\u00e1l\u00f3 min\u0151s\u00e9g<\/td>\n<\/tr>\n<tr>\n<td width=\"146\"><strong><b>M<\/b><\/strong><strong><b>OQ:<\/b><\/strong><\/td>\n<td width=\"601\">200 db<\/td>\n<\/tr>\n<\/tbody>\n<\/table>","protected":false},"featured_media":1940,"template":"","meta":[],"product_brand":[],"product_cat":[39],"product_tag":[],"class_list":{"0":"post-1939","1":"product","2":"type-product","3":"status-publish","4":"has-post-thumbnail","6":"product_cat-womens-clothing","8":"first","9":"instock","10":"shipping-taxable","11":"product-type-simple"},"_links":{"self":[{"href":"https:\/\/mj-clothing.com\/hu\/wp-json\/wp\/v2\/product\/1939","targetHints":{"allow":["GET"]}}],"collection":[{"href":"https:\/\/mj-clothing.com\/hu\/wp-json\/wp\/v2\/product"}],"about":[{"href":"https:\/\/mj-clothing.com\/hu\/wp-json\/wp\/v2\/types\/product"}],"wp:featuredmedia":[{"embeddable":true,"href":"https:\/\/mj-clothing.com\/hu\/wp-json\/wp\/v2\/media\/1940"}],"wp:attachment":[{"href":"https:\/\/mj-clothing.com\/hu\/wp-json\/wp\/v2\/media?parent=1939"}],"wp:term":[{"taxonomy":"product_brand","embeddable":true,"href":"https:\/\/mj-clothing.com\/hu\/wp-json\/wp\/v2\/product_brand?post=1939"},{"taxonomy":"product_cat","embeddable":true,"href":"https:\/\/mj-clothing.com\/hu\/wp-json\/wp\/v2\/product_cat?post=1939"},{"taxonomy":"product_tag","embeddable":true,"href":"https:\/\/mj-clothing.com\/hu\/wp-json\/wp\/v2\/product_tag?post=1939"}],"curies":[{"name":"wp","href":"https:\/\/api.w.org\/{rel}","templated":true}]}}