{"id":1946,"date":"2024-12-17T02:48:08","date_gmt":"2024-12-17T02:48:08","guid":{"rendered":"https:\/\/mj-clothing.com\/?post_type=product&#038;p=1946"},"modified":"2024-12-17T03:42:21","modified_gmt":"2024-12-17T03:42:21","slug":"easy-to-sew-womens-tops","status":"publish","type":"product","link":"https:\/\/mj-clothing.com\/hu\/manufacturer\/easy-to-sew-womens-tops\/","title":{"rendered":"K\u00f6nnyen varrni n\u0151i fels\u0151k"},"content":{"rendered":"<div class=\"experimental-mode-disclaimer-container ng-star-inserted\">\n<div class=\"disclaimer\">\n<div class=\"disclaimer-text ng-star-inserted\"><\/div>\n<\/div>\n<\/div>\n<div id=\"model-response-message-contentr_97504a3a3735aa12\" class=\"markdown markdown-main-panel response-optimization\" dir=\"ltr\">\n<p data-sourcepos=\"1:1-1:139\">\u00dagy hangzik, mintha Easy To Sew Womens Tops-t keresn\u00e9l! Itt van egy bont\u00e1s az \u00f6tletek \u00e9s forr\u00e1sok, hogy elkezdhesse:<\/p>\n<h3 data-sourcepos=\"3:1-3:33\"><strong>A k\u00f6nnyen varrhat\u00f3 n\u0151i fels\u0151k kulcsfontoss\u00e1g\u00fa elemei:<\/strong><\/h3>\n<ul data-sourcepos=\"5:1-9:0\">\n<li data-sourcepos=\"5:1-5:153\"><strong>Egyszer\u0171 form\u00e1k:<\/strong> Keresse az olyan alapform\u00e1kat, mint a t\u00e9glalapok, n\u00e9gyzetek vagy minim\u00e1lis g\u00f6rb\u00e9k. Ezek kev\u00e9sb\u00e9 bonyolult v\u00e1g\u00e1st \u00e9s \u00f6sszeilleszt\u00e9st ig\u00e9nyelnek.<\/li>\n<li data-sourcepos=\"6:1-6:172\"><strong><span class=\"citation-0 recitation\">K\u00f6t\u00f6tt sz\u00f6vetek:<\/span><\/strong><span class=\"citation-0 recitation citation-end-0\"> Ezek a sz\u00f6vetek rugalmasak, \u00edgy a kezd\u0151k sz\u00e1m\u00e1ra megbocs\u00e1t\u00f3bbak.<\/span> Gyakran nem sz\u00fcks\u00e9ges a sz\u00e9lek megmunk\u00e1l\u00e1sa, \u00edgy id\u0151t takar\u00edthat meg.<span class=\"button-container hide-from-message-actions ng-star-inserted\">\u00a0 \u00a0<\/span>\n<div class=\"container ng-tns-c2960411664-24 hide\">\n<div class=\"carousel-container ng-tns-c2960411664-24\"><\/div>\n<\/div>\n<\/li>\n<li data-sourcepos=\"7:1-7:95\"><strong>Minim\u00e1lis varratok:<\/strong> Min\u00e9l kevesebb varr\u00e1ssal rendelkezik egy minta, ann\u00e1l gyorsabb \u00e9s k\u00f6nnyebb lesz varrni.<\/li>\n<li data-sourcepos=\"8:1-9:0\"><strong>Nincs bonyolult lez\u00e1r\u00e1s:<\/strong> Kezdetben ker\u00fclje a cipz\u00e1rral, gomblyukkal vagy bonyolult r\u00f6gz\u00edt\u00e9sekkel ell\u00e1tott mint\u00e1kat.<\/li>\n<\/ul>\n<h3 data-sourcepos=\"10:1-10:32\"><strong>K\u00f6nnyen varrni n\u0151i fels\u0151k, hogy fontolja meg:<\/strong><\/h3>\n<ul data-sourcepos=\"12:1-17:0\">\n<li data-sourcepos=\"12:1-12:133\"><strong>P\u00f3l\u00f3k:<\/strong> Nem v\u00e9letlen\u00fcl klasszikus! <span class=\"citation-1 recitation citation-end-1\">Az alapvet\u0151 p\u00f3l\u00f3mint\u00e1k k\u00f6nnyen el\u00e9rhet\u0151k, \u00e9s nagyszer\u0171 kiindul\u00f3pontot k\u00edn\u00e1lnak.<\/span><span class=\"button-container hide-from-message-actions ng-star-inserted\"> \u00a0<\/span>\n<div class=\"container ng-tns-c2960411664-25 hide\">\n<div class=\"carousel-container ng-tns-c2960411664-25\"><\/div>\n<\/div>\n<\/li>\n<li data-sourcepos=\"13:1-13:96\"><strong>Tank Topok:<\/strong> Az egyszer\u0171, sz\u00e9les p\u00e1ntokkal vagy alapform\u00e1kkal ell\u00e1tott tank topok nagyon k\u00f6nnyen elk\u00e9sz\u00edthet\u0151k.<\/li>\n<li data-sourcepos=\"14:1-14:110\"><strong>Kimono fels\u0151k:<\/strong> Ezek gyakran egyenes vonalak varr\u00e1s\u00e1val j\u00e1rnak, \u00e9s gy\u00f6ny\u00f6r\u0171 drap\u00e9ri\u00e1s sz\u00f6vetekb\u0151l k\u00e9sz\u00fclhetnek.<\/li>\n<li data-sourcepos=\"15:1-15:97\"><strong>Egyszer\u0171 tunik\u00e1k:<\/strong> A laza szab\u00e1s\u00fa, minim\u00e1lis alakform\u00e1l\u00e1s\u00fa tunik\u00e1k k\u00e9nyelmesek \u00e9s k\u00f6nnyen varrhat\u00f3k.<\/li>\n<li data-sourcepos=\"16:1-17:0\"><strong>\u00d6sszegy\u0171rt fels\u0151k:<\/strong> A rugalmas nyakkiv\u00e1g\u00e1ssal vagy \u00f6sszegy\u0171rt r\u00e9szekkel ell\u00e1tott fels\u0151k meglep\u0151en egyszer\u0171en elk\u00e9sz\u00edthet\u0151k.<\/li>\n<\/ul>\n<h3 data-sourcepos=\"18:1-18:43\"><strong>Hol lehet k\u00f6nnyen varrni n\u0151i fels\u0151k tal\u00e1lni mint\u00e1k \u00e9s inspir\u00e1ci\u00f3:<\/strong><\/h3>\n<ul data-sourcepos=\"20:1-24:0\">\n<li data-sourcepos=\"20:1-20:97\"><strong>Sew Essential:<\/strong> Ez a weboldal sz\u00e1mos kezd\u0151bar\u00e1t mint\u00e1t \u00e9s forr\u00e1st k\u00edn\u00e1l.<\/li>\n<li data-sourcepos=\"21:1-21:99\"><strong>Egyszer\u0171 varr\u00e1s:<\/strong> <span class=\"citation-2 recitation citation-end-2\">Egyszer\u0171 \u00e9s st\u00edlusos mint\u00e1kra \u00f6sszpontos\u00edtanak, vil\u00e1gos utas\u00edt\u00e1sokkal.<\/span><span class=\"button-container hide-from-message-actions ng-star-inserted\">\u00a0<\/span>\n<div class=\"container ng-tns-c2960411664-26 hide\">\n<div class=\"carousel-container ng-tns-c2960411664-26\"><\/div>\n<\/div>\n<\/li>\n<li data-sourcepos=\"22:1-22:120\"><strong><span class=\"citation-3 recitation\">Pinterest:<\/span><\/strong><span class=\"citation-3 recitation citation-end-3\"> A bark\u00e1cs\u00f6tletek kincsesb\u00e1ny\u00e1ja, bele\u00e9rtve sz\u00e1mos ingyenes oktat\u00f3anyagot \u00e9s mint\u00e1t az egyszer\u0171 fels\u0151kh\u00f6z.<\/span><span class=\"button-container hide-from-message-actions ng-star-inserted\"> \u00a0<\/span>\n<div class=\"container ng-tns-c2960411664-27 hide\">\n<div class=\"carousel-container ng-tns-c2960411664-27\"><\/div>\n<\/div>\n<\/li>\n<li data-sourcepos=\"23:1-24:0\"><strong>Simplicity, McCall's, Butterick:<\/strong> Ezek a mint\u00e1kat gy\u00e1rt\u00f3 c\u00e9gek a mint\u00e1k sz\u00e9les sk\u00e1l\u00e1j\u00e1t k\u00edn\u00e1lj\u00e1k, gyakran k\u00e9szs\u00e9gszintek szerint kategoriz\u00e1lva.<\/li>\n<\/ul>\n<h3 data-sourcepos=\"25:1-25:23\"><strong>Tippek kezd\u0151knek:<\/strong><\/h3>\n<ul data-sourcepos=\"27:1-31:0\">\n<li data-sourcepos=\"27:1-27:102\"><strong>Kezdje egy egyszer\u0171 projekttel:<\/strong> Ne pr\u00f3b\u00e1ljon meg valami t\u00fal bonyolultat megoldani az els\u0151 pr\u00f3b\u00e1lkoz\u00e1sn\u00e1l.<\/li>\n<li data-sourcepos=\"28:1-28:99\"><strong>V\u00e1lassza ki a megfelel\u0151 anyagot:<\/strong> A k\u00f6t\u00f6tt anyagokkal \u00e1ltal\u00e1ban k\u00f6nnyebb dolgozni, mint a sz\u0151tt anyagokkal.<\/li>\n<li data-sourcepos=\"29:1-29:93\"><strong>Olvassa el figyelmesen az utas\u00edt\u00e1sokat:<\/strong> Gy\u0151z\u0151dj\u00f6n meg r\u00f3la, hogy meg\u00e9rtette a l\u00e9p\u00e9seket, miel\u0151tt elkezdi.<\/li>\n<li data-sourcepos=\"30:1-31:0\"><strong>Ne f\u00e9lj seg\u00edts\u00e9get k\u00e9rni:<\/strong> Sz\u00e1mos online k\u00f6z\u00f6ss\u00e9g \u00e9s forr\u00e1s \u00e1ll rendelkez\u00e9sre, hogy seg\u00edtsen, ha elakadna.<\/li>\n<\/ul>\n<p data-sourcepos=\"32:1-32:128\">K\u00e9szen \u00e1llok arra, hogy tov\u00e1bb seg\u00edtsek, ha b\u00e1rmilyen konkr\u00e9t k\u00e9rd\u00e9sed van, vagy ha egy adott st\u00edlus\u00fa fels\u0151t szeretn\u00e9l felfedezni. Csak sz\u00f3lj!<\/p>\n<\/div>\n<div class=\"skeleton-loader-container\"><\/div>","protected":false},"excerpt":{"rendered":"<table style=\"height: 518px;\" width=\"411\">\n<tbody>\n<tr>\n<td width=\"146\"><strong><b>Term\u00e9k<\/b><\/strong>\u00a0<strong><b>N\u00e9v:<\/b><\/strong><\/td>\n<td width=\"601\"><strong>K\u00f6nnyen varrni n\u0151i fels\u0151k<\/strong><\/td>\n<\/tr>\n<tr>\n<td width=\"146\"><strong><b>Materlal:<\/b><\/strong><\/td>\n<td width=\"601\">K\u00f6t\u00e9s<\/td>\n<\/tr>\n<tr>\n<td width=\"146\"><strong><b>Technika:<\/b><\/strong><\/td>\n<td width=\"601\">H\u00edmzett<\/td>\n<\/tr>\n<tr>\n<td width=\"146\"><strong><b>St\u00edlus:<\/b><\/strong><\/td>\n<td width=\"601\">Alkalmi<\/td>\n<\/tr>\n<tr>\n<td width=\"146\"><strong><b>Sz\u00ednes<\/b><\/strong><strong><b>:<\/b><\/strong><\/td>\n<td width=\"601\">\u00a0Egyedi sz\u00ednek<\/td>\n<\/tr>\n<tr>\n<td width=\"146\"><strong><b>M\u00e9ret:<\/b><\/strong><\/td>\n<td width=\"601\">S \/M \/L \/XL \/2XL<\/td>\n<\/tr>\n<tr>\n<td width=\"146\"><strong><b>OEM\/ODM:<\/b><\/strong><\/td>\n<td width=\"601\">Elfogadhat\u00f3<\/td>\n<\/tr>\n<tr>\n<td width=\"146\"><strong><b>Min\u0151s\u00e9g:<\/b><\/strong><\/td>\n<td width=\"601\">100% Kiv\u00e1l\u00f3 min\u0151s\u00e9g<\/td>\n<\/tr>\n<tr>\n<td width=\"146\"><strong><b>M<\/b><\/strong><strong><b>OQ:<\/b><\/strong><\/td>\n<td width=\"601\">200 db<\/td>\n<\/tr>\n<\/tbody>\n<\/table>","protected":false},"featured_media":1956,"template":"","meta":[],"product_brand":[],"product_cat":[39],"product_tag":[],"class_list":{"0":"post-1946","1":"product","2":"type-product","3":"status-publish","4":"has-post-thumbnail","6":"product_cat-womens-clothing","8":"first","9":"instock","10":"shipping-taxable","11":"product-type-simple"},"_links":{"self":[{"href":"https:\/\/mj-clothing.com\/hu\/wp-json\/wp\/v2\/product\/1946","targetHints":{"allow":["GET"]}}],"collection":[{"href":"https:\/\/mj-clothing.com\/hu\/wp-json\/wp\/v2\/product"}],"about":[{"href":"https:\/\/mj-clothing.com\/hu\/wp-json\/wp\/v2\/types\/product"}],"wp:featuredmedia":[{"embeddable":true,"href":"https:\/\/mj-clothing.com\/hu\/wp-json\/wp\/v2\/media\/1956"}],"wp:attachment":[{"href":"https:\/\/mj-clothing.com\/hu\/wp-json\/wp\/v2\/media?parent=1946"}],"wp:term":[{"taxonomy":"product_brand","embeddable":true,"href":"https:\/\/mj-clothing.com\/hu\/wp-json\/wp\/v2\/product_brand?post=1946"},{"taxonomy":"product_cat","embeddable":true,"href":"https:\/\/mj-clothing.com\/hu\/wp-json\/wp\/v2\/product_cat?post=1946"},{"taxonomy":"product_tag","embeddable":true,"href":"https:\/\/mj-clothing.com\/hu\/wp-json\/wp\/v2\/product_tag?post=1946"}],"curies":[{"name":"wp","href":"https:\/\/api.w.org\/{rel}","templated":true}]}}