{"id":1960,"date":"2024-12-17T03:10:50","date_gmt":"2024-12-17T03:10:50","guid":{"rendered":"https:\/\/mj-clothing.com\/?post_type=product&#038;p=1960"},"modified":"2024-12-17T03:10:50","modified_gmt":"2024-12-17T03:10:50","slug":"periwinkle-womens-tops","status":"publish","type":"product","link":"https:\/\/mj-clothing.com\/hu\/manufacturer\/periwinkle-womens-tops\/","title":{"rendered":"Periwinkle n\u0151i fels\u0151k"},"content":{"rendered":"<div id=\"model-response-message-contentr_7f973865284483ec\" class=\"markdown markdown-main-panel response-optimization\" dir=\"ltr\">\n<p data-sourcepos=\"1:1-1:279\">A Periwinkle n\u0151i fels\u0151 egy gy\u00f6ny\u00f6r\u0171, l\u00e1gy \u00e9s sokoldal\u00fa sz\u00edn, amely b\u00e1rmilyen ruh\u00e1hoz hozz\u00e1adhat egy csipetnyi eleganci\u00e1t \u00e9s n\u0151iess\u00e9get. <span class=\"citation-0 recitation citation-end-0\">Ez egy halv\u00e1ny lila sz\u00edn, egy csipetnyi k\u00e9kkel, gyakran halv\u00e1ny levendula vagy vil\u00e1gos ibolya sz\u00ednk\u00e9nt \u00edrj\u00e1k le.<\/span> \u00cdme, mit\u0151l olyan vonz\u00f3ak a periwinkle n\u0151i fels\u0151k:<span class=\"button-container hide-from-message-actions ng-star-inserted\">\u00a0 \u00a0<\/span><\/p>\n<h3 data-sourcepos=\"3:1-3:39\"><strong>Mi\u00e9rt m\u0171k\u00f6dik j\u00f3l a Periwinkle n\u0151i fels\u0151k:<\/strong><\/h3>\n<ul data-sourcepos=\"5:1-9:0\">\n<li data-sourcepos=\"5:1-5:138\"><strong>Sokf\u00e9le b\u0151rt\u00f3nuson j\u00f3l mutat:<\/strong> Az \u00f6r\u00f6kz\u00f6ldnek hideg \u00e9s meleg alapt\u00f3nusai egyar\u00e1nt vannak, \u00edgy a legk\u00fcl\u00f6nb\u00f6z\u0151bb arcsz\u00ednt\u00edpusokhoz illik.<\/li>\n<li data-sourcepos=\"6:1-6:105\"><strong>L\u00e1gy \u00e9s nyugtat\u00f3:<\/strong> <span class=\"citation-1 recitation citation-end-1\">Ez egy szel\u00edd sz\u00edn, amely a nyugalom \u00e9s a b\u00e9ke \u00e9rz\u00e9s\u00e9t kelti.<\/span><span class=\"button-container hide-from-message-actions ng-star-inserted\"> \u00a0<\/span>\n<div class=\"container ng-tns-c2960411664-45 hide\">\n<div class=\"carousel-container ng-tns-c2960411664-45\"><\/div>\n<\/div>\n<\/li>\n<li data-sourcepos=\"7:1-7:111\"><strong><span class=\"citation-2 recitation\">Sokoldal\u00fa:<\/span><\/strong><span class=\"citation-2 recitation citation-end-2\"> A Periwinkle feldobhat\u00f3 vagy lekicsinylhet\u0151, \u00edgy k\u00fcl\u00f6nb\u00f6z\u0151 alkalmakra alkalmas.<\/span><span class=\"button-container hide-from-message-actions ng-star-inserted\"> \u00a0<\/span>\n<div class=\"container ng-tns-c2960411664-46 hide\">\n<div class=\"carousel-container ng-tns-c2960411664-46\"><\/div>\n<\/div>\n<\/li>\n<li data-sourcepos=\"8:1-9:0\"><strong>M\u00e1s sz\u00ednekkel is j\u00f3l p\u00e1ros\u00edthat\u00f3:<\/strong> Kieg\u00e9sz\u00edti az olyan semleges sz\u00edneket, mint a feh\u00e9r, a sz\u00fcrke \u00e9s a b\u00e9zs, valamint m\u00e1s sz\u00edneket, mint a r\u00f3zsasz\u00edn, a z\u00f6ld vagy ak\u00e1r a s\u00e1rga.<\/li>\n<\/ul>\n<h3 data-sourcepos=\"10:1-10:44\"><strong>A Periwinkle n\u0151i fels\u0151k t\u00edpusai:<\/strong><\/h3>\n<ul data-sourcepos=\"12:1-16:0\">\n<li data-sourcepos=\"12:1-12:164\"><strong>P\u00f3l\u00f3k \u00e9s alkalmi fels\u0151k:<\/strong> Egy periwinkle sz\u00edn\u0171 p\u00f3l\u00f3 vagy alkalmi fels\u0151 t\u00f6k\u00e9letes a mindennapi viselethez. P\u00e1ros\u00edtsd farmerrel, r\u00f6vidnadr\u00e1ggal vagy alkalmi szokny\u00e1val a laza megjelen\u00e9shez.<\/li>\n<li data-sourcepos=\"13:1-13:198\"><strong><span class=\"citation-3 recitation\">Bl\u00fazok \u00e9s eleg\u00e1nsabb fels\u0151k:<\/span><\/strong><span class=\"citation-3 recitation citation-end-3\"> Egy selyemb\u0151l, szat\u00e9nb\u00f3l vagy sifonb\u00f3l k\u00e9sz\u00fclt periwinkle sz\u00edn\u0171 bl\u00faz feldobhat\u00f3 form\u00e1lisabb alkalmakra.<\/span> P\u00e1ros\u00edtsd nadr\u00e1ggal, szokny\u00e1val, vagy ak\u00e1r bl\u00e9zer al\u00e1 is.<span class=\"button-container hide-from-message-actions ng-star-inserted\"> \u00a0<\/span>\n<div class=\"container ng-tns-c2960411664-47 hide\">\n<div class=\"carousel-container ng-tns-c2960411664-47\"><\/div>\n<\/div>\n<\/li>\n<li data-sourcepos=\"14:1-14:110\"><strong>Pul\u00f3verek \u00e9s kardig\u00e1nok:<\/strong> A periwinkle pul\u00f3ver vagy kardig\u00e1n nagyszer\u0171 r\u00e9teges darab a h\u0171v\u00f6sebb id\u0151j\u00e1r\u00e1shoz.<\/li>\n<li data-sourcepos=\"15:1-16:0\"><strong><span class=\"citation-4 recitation\">Fels\u0151k \u00e9s pul\u00f3verek:<\/span><\/strong><span class=\"citation-4 recitation citation-end-4\"> A periwinkle sz\u00edn\u0171 tank top vagy camisole meleg id\u0151ben \u00f6nmag\u00e1ban is viselhet\u0151, vagy m\u00e1s fels\u0151k al\u00e1 r\u00e9tegezve.<\/span><span class=\"button-container hide-from-message-actions ng-star-inserted\">\u00a0<\/span>\n<div class=\"container ng-tns-c2960411664-48 hide\">\n<div class=\"carousel-container ng-tns-c2960411664-48\">\n<div class=\"carousel-content ng-tns-c2960411664-48\">\n<div class=\"sources-carousel-source ng-tns-c2960411664-48 hide ng-star-inserted\" data-test-id=\"sources-carousel-source\"><\/div>\n<\/div>\n<\/div>\n<\/div>\n<\/li>\n<\/ul>\n<h3 data-sourcepos=\"17:1-17:33\"><strong>Hogyan kell st\u00edlszer\u0171en \u00f6lt\u00f6zk\u00f6dni a periwinkle fels\u0151kkel:<\/strong><\/h3>\n<ul data-sourcepos=\"19:1-23:0\">\n<li data-sourcepos=\"19:1-19:100\"><strong>Alkalmi:<\/strong> P\u00e1ros\u00edts egy bord\u00f3 p\u00f3l\u00f3t feh\u00e9r farmerrel \u00e9s tornacip\u0151vel, hogy friss \u00e9s alkalmi megjelen\u00e9sed legyen.<\/li>\n<li data-sourcepos=\"20:1-20:117\"><strong>Business Casual:<\/strong> Viselj egy b\u00edborv\u00f6r\u00f6s bl\u00fazt sz\u00fcrke nadr\u00e1ggal \u00e9s magassark\u00fa cip\u0151vel, hogy professzion\u00e1lis, m\u00e9gis st\u00edlusos \u00f6lt\u00f6z\u00e9ket alkoss.<\/li>\n<li data-sourcepos=\"21:1-21:104\"><strong>Eleg\u00e1ns:<\/strong> Kombin\u00e1ljon egy b\u00edborv\u00f6r\u00f6s szat\u00e9n fels\u0151t fekete szokny\u00e1val \u00e9s magassark\u00faval egy eleg\u00e1ns esti megjelen\u00e9shez.<\/li>\n<li data-sourcepos=\"22:1-23:0\"><strong>Boh\u00e9m:<\/strong> Egy boh\u00e9m hangulatot \u00e1raszt\u00f3, bord\u00f3 sz\u00edn\u0171 fels\u0151t hossz\u00fa szokny\u00e1val \u00e9s szand\u00e1llal viselhetsz.<\/li>\n<\/ul>\n<p data-sourcepos=\"32:1-32:113\">\n<\/div>","protected":false},"excerpt":{"rendered":"<table style=\"height: 501px;\" width=\"369\">\n<tbody>\n<tr>\n<td width=\"146\"><strong><b>Term\u00e9k<\/b><\/strong>\u00a0<strong><b>N\u00e9v:<\/b><\/strong><\/td>\n<td width=\"601\"><strong>Periwinkle n\u0151i fels\u0151k<\/strong><\/td>\n<\/tr>\n<tr>\n<td width=\"146\"><strong><b>Materlal:<\/b><\/strong><\/td>\n<td width=\"601\">K\u00f6t\u00e9s<\/td>\n<\/tr>\n<tr>\n<td width=\"146\"><strong><b>Technika: <\/b><\/strong><\/td>\n<td width=\"601\">H\u00edmzett<\/td>\n<\/tr>\n<tr>\n<td width=\"146\"><strong><b>St\u00edlus: <\/b><\/strong><\/td>\n<td width=\"601\">Alkalmi<\/td>\n<\/tr>\n<tr>\n<td width=\"146\"><strong><b>Sz\u00ednes<\/b><\/strong><strong><b>:<\/b><\/strong><\/td>\n<td width=\"601\">\u00a0Egyedi sz\u00ednek<\/td>\n<\/tr>\n<tr>\n<td width=\"146\"><strong><b>M\u00e9ret:<\/b><\/strong><\/td>\n<td width=\"601\">S \/M \/L \/XL \/2XL<\/td>\n<\/tr>\n<tr>\n<td width=\"146\"><strong><b>OEM\/ODM:<\/b><\/strong><\/td>\n<td width=\"601\">Elfogadhat\u00f3<\/td>\n<\/tr>\n<tr>\n<td width=\"146\"><strong><b>Min\u0151s\u00e9g:<\/b><\/strong><\/td>\n<td width=\"601\">100% Kiv\u00e1l\u00f3 min\u0151s\u00e9g<\/td>\n<\/tr>\n<tr>\n<td width=\"146\"><strong><b>M<\/b><\/strong><strong><b>OQ:<\/b><\/strong><\/td>\n<td width=\"601\">200 db<\/td>\n<\/tr>\n<\/tbody>\n<\/table>","protected":false},"featured_media":1961,"template":"","meta":[],"product_brand":[],"product_cat":[39],"product_tag":[],"class_list":{"0":"post-1960","1":"product","2":"type-product","3":"status-publish","4":"has-post-thumbnail","6":"product_cat-womens-clothing","8":"first","9":"instock","10":"shipping-taxable","11":"product-type-simple"},"_links":{"self":[{"href":"https:\/\/mj-clothing.com\/hu\/wp-json\/wp\/v2\/product\/1960","targetHints":{"allow":["GET"]}}],"collection":[{"href":"https:\/\/mj-clothing.com\/hu\/wp-json\/wp\/v2\/product"}],"about":[{"href":"https:\/\/mj-clothing.com\/hu\/wp-json\/wp\/v2\/types\/product"}],"wp:featuredmedia":[{"embeddable":true,"href":"https:\/\/mj-clothing.com\/hu\/wp-json\/wp\/v2\/media\/1961"}],"wp:attachment":[{"href":"https:\/\/mj-clothing.com\/hu\/wp-json\/wp\/v2\/media?parent=1960"}],"wp:term":[{"taxonomy":"product_brand","embeddable":true,"href":"https:\/\/mj-clothing.com\/hu\/wp-json\/wp\/v2\/product_brand?post=1960"},{"taxonomy":"product_cat","embeddable":true,"href":"https:\/\/mj-clothing.com\/hu\/wp-json\/wp\/v2\/product_cat?post=1960"},{"taxonomy":"product_tag","embeddable":true,"href":"https:\/\/mj-clothing.com\/hu\/wp-json\/wp\/v2\/product_tag?post=1960"}],"curies":[{"name":"wp","href":"https:\/\/api.w.org\/{rel}","templated":true}]}}