{"id":1999,"date":"2024-12-17T07:46:21","date_gmt":"2024-12-17T07:46:21","guid":{"rendered":"https:\/\/mj-clothing.com\/?post_type=product&#038;p=1999"},"modified":"2024-12-17T08:30:43","modified_gmt":"2024-12-17T08:30:43","slug":"womens-shell-tops","status":"publish","type":"product","link":"https:\/\/mj-clothing.com\/hu\/manufacturer\/womens-shell-tops\/","title":{"rendered":"N\u0151i Shell fels\u0151k"},"content":{"rendered":"<p data-sourcepos=\"1:1-1:189\">\u00dagy hangzik, mintha a n\u0151i kagyl\u00f3s fels\u0151k \u00e9rdekeln\u00e9nek! Ezek klasszikus \u00e9s sokoldal\u00fa ruhat\u00e1r alapdarabok. \u00cdme egy bont\u00e1s arr\u00f3l, hogy mik is ezek, mik a legfontosabb jellemz\u0151ik, \u00e9s mi\u00e9rt olyan n\u00e9pszer\u0171ek:<\/p>\n<h3 data-sourcepos=\"3:1-3:24\"><strong>Mi az a n\u0151i kagyl\u00f3s fels\u0151?<\/strong><\/h3>\n<p data-sourcepos=\"5:1-5:161\"><span class=\"citation-0 recitation citation-end-0\">A kagyl\u00f3s fels\u0151 egy egyszer\u0171, ujjatlan fels\u0151, egyszer\u0171 nyakkiv\u00e1g\u00e1ssal.<\/span> Gondolj r\u00e1 \u00fagy, mint egy \u00fcres v\u00e1szonra az \u00f6lt\u00f6z\u00e9kedhez. \u00cdme a meghat\u00e1roz\u00f3 jellemz\u0151k:<span class=\"button-container hide-from-message-actions ng-star-inserted\"> \u00a0<\/span><\/p>\n<ul data-sourcepos=\"7:1-12:0\">\n<li data-sourcepos=\"7:1-7:148\"><strong>Ujjatlan:<\/strong> Ez a legfontosabb funkci\u00f3. A kagyl\u00f3s fels\u0151k mindig ujjatlanok, \u00edgy ide\u00e1lisak r\u00e9teges \u00f6lt\u00f6zk\u00f6d\u00e9shez vagy meleg id\u0151ben val\u00f3 visel\u00e9shez.<\/li>\n<li data-sourcepos=\"8:1-8:137\"><strong>Egyszer\u0171 nyakkiv\u00e1g\u00e1s:<\/strong> <span class=\"citation-1 recitation citation-end-1\">A k\u00f6z\u00f6s nyakkiv\u00e1g\u00e1sok k\u00f6z\u00e9 tartozik a lap\u00e1tnyak, a nyakr\u00e9sz, a V-nyak, vagy ak\u00e1r egy magasabb nyakr\u00e9sz, mint p\u00e9ld\u00e1ul a mock neck.<\/span><span class=\"button-container hide-from-message-actions ng-star-inserted\"> \u00a0<\/span>\n<div class=\"container ng-tns-c2960411664-59 hide\">\n<div class=\"carousel-container ng-tns-c2960411664-59\"><\/div>\n<\/div>\n<\/li>\n<li data-sourcepos=\"9:1-9:165\"><strong>Tiszta diz\u00e1jn:<\/strong> A kagyl\u00f3s fels\u0151k \u00e1ltal\u00e1ban nem tartalmaznak t\u00falzott d\u00edsz\u00edt\u00e9seket, p\u00e9ld\u00e1ul fodrokat, csipk\u00e9t vagy nagym\u00e9ret\u0171 nyomatokat. Ez az egyszer\u0171s\u00e9g hihetetlen\u00fcl sokoldal\u00fav\u00e1 teszi \u0151ket.<\/li>\n<li data-sourcepos=\"10:1-10:226\"><strong><span class=\"citation-2 recitation\">K\u00fcl\u00f6nb\u00f6z\u0151 sz\u00f6vetek:<\/span><\/strong><span class=\"citation-2 recitation citation-end-2\"> Sokf\u00e9le anyagb\u00f3l k\u00e9sz\u00fclhetnek, t\u00f6bbek k\u00f6z\u00f6tt pamutb\u00f3l, selyemb\u0151l, v\u00e1szonb\u00f3l, m\u0171selyemb\u0151l, poli\u00e9szterb\u0151l vagy kever\u00e9kekb\u0151l.<\/span> <span class=\"citation-3 recitation citation-end-3\">Az anyagv\u00e1laszt\u00e1s befoly\u00e1solja a fels\u0151 drap\u00e9ri\u00e1j\u00e1t, tapint\u00e1s\u00e1t \u00e9s formavil\u00e1g\u00e1t.<\/span><span class=\"button-container hide-from-message-actions ng-star-inserted\"> \u00a0<\/span>\n<div class=\"container ng-tns-c2960411664-60 hide\">\n<div class=\"carousel-container ng-tns-c2960411664-60\"><\/div>\n<\/div>\n<\/li>\n<li data-sourcepos=\"11:1-12:0\"><strong>Be\u00e9p\u00edtett vagy f\u00e9lig be\u00e9p\u00edtett:<\/strong> \u00c1ltal\u00e1ban testhez\u00e1ll\u00f3, de nem mindig b\u0151rsz\u0171k. <span class=\"citation-4 recitation citation-end-4\">N\u00e9h\u00e1ny shell top kiss\u00e9 laz\u00e1bb, laz\u00e1bb szab\u00e1s\u00fa.<\/span><span class=\"button-container hide-from-message-actions ng-star-inserted\"> \u00a0<\/span>\n<div class=\"container ng-tns-c2960411664-61 hide\">\n<div class=\"carousel-container ng-tns-c2960411664-61\"><\/div>\n<\/div>\n<\/li>\n<\/ul>\n<h3 data-sourcepos=\"13:1-13:34\"><strong>Mi\u00e9rt olyan n\u00e9pszer\u0171ek a n\u0151i kagyl\u00f3s fels\u0151k?<\/strong><\/h3>\n<ul data-sourcepos=\"15:1-19:0\">\n<li data-sourcepos=\"15:1-15:143\"><strong>Sokoldal\u00fas\u00e1g:<\/strong> Ez a legnagyobb er\u0151ss\u00e9g\u00fck. <span class=\"citation-5 recitation citation-end-5\">Fel vagy le lehet \u0151ket \u00f6lt\u00f6ztetni, \u00edgy szinte b\u00e1rmilyen alkalomra alkalmasak.<\/span><span class=\"button-container hide-from-message-actions ng-star-inserted\">\u00a0 \u00a0<\/span>\n<div class=\"container ng-tns-c2960411664-62 hide\">\n<div class=\"carousel-container ng-tns-c2960411664-62\"><\/div>\n<\/div>\n<\/li>\n<li data-sourcepos=\"16:1-16:168\"><strong>R\u00e9tegz\u00e9s:<\/strong> T\u00f6k\u00e9letesek kardig\u00e1nok, bl\u00e9zerek, kab\u00e1tok \u00e9s ak\u00e1r \u00e1tl\u00e1tsz\u00f3 fels\u0151k al\u00e1 is. Sima alapr\u00e9teget biztos\u00edtanak an\u00e9lk\u00fcl, hogy a karokat nagyobb t\u00f6meg\u0171v\u00e9 tenn\u00e9k.<\/li>\n<li data-sourcepos=\"17:1-17:127\"><strong>K\u00e9nyelem:<\/strong> Az ujjatlan kialak\u00edt\u00e1snak \u00e9s a gyakran k\u00f6nny\u0171 anyagoknak k\u00f6sz\u00f6nhet\u0151en k\u00e9nyelmes viselet, k\u00fcl\u00f6n\u00f6sen meleg id\u0151ben.<\/li>\n<li data-sourcepos=\"18:1-19:0\"><strong>Id\u0151tlen st\u00edlus:<\/strong> A kagyl\u00f3s fels\u0151k klasszikus ruhat\u00e1ri alapdarabok, amelyek sosem mennek ki a divatb\u00f3l.<\/li>\n<\/ul>\n<h3 data-sourcepos=\"20:1-20:28\"><strong>Hogyan viselj\u00fcnk n\u0151i kagyl\u00f3s fels\u0151t:<\/strong><\/h3>\n<ul data-sourcepos=\"22:1-26:0\">\n<li data-sourcepos=\"22:1-22:90\"><strong>Alkalmi:<\/strong> P\u00e1ros\u00edtsa farmerrel, r\u00f6vidnadr\u00e1ggal vagy alkalmi szokny\u00e1val a h\u00e9tk\u00f6znapok laza megjelen\u00e9s\u00e9hez.<\/li>\n<li data-sourcepos=\"23:1-23:122\"><strong>Business Casual:<\/strong> Viselje bl\u00e9zer alatt nadr\u00e1ggal vagy ceruzaszokny\u00e1val, hogy professzion\u00e1lis, m\u00e9gis k\u00e9nyelmes \u00f6lt\u00f6z\u00e9ket kapjon.<\/li>\n<li data-sourcepos=\"24:1-24:138\"><strong>Eleg\u00e1ns:<\/strong> V\u00e1lasszon egy luxus anyagb\u00f3l, p\u00e9ld\u00e1ul selyemb\u0151l vagy szat\u00e9nb\u00f3l k\u00e9sz\u00fclt kagyl\u00f3s fels\u0151t, \u00e9s p\u00e1ros\u00edtsa egy eleg\u00e1ns szokny\u00e1val vagy nadr\u00e1ggal egy esti esem\u00e9nyre.<\/li>\n<li data-sourcepos=\"25:1-26:0\"><strong>R\u00e9tegz\u00e9s:<\/strong> R\u00e9tegezd egy kardig\u00e1n, kab\u00e1t vagy ak\u00e1r egy ruha al\u00e1, hogy m\u00e9g melegebb\u00e9 \u00e9s st\u00edlusosabb\u00e1 tedd.<\/li>\n<\/ul>\n<h3 data-sourcepos=\"27:1-27:28\"><strong>N\u0151i kagyl\u00f3s fels\u0151k P\u00e9ld\u00e1k \u00e9s vari\u00e1ci\u00f3k:<\/strong><\/h3>\n<ul data-sourcepos=\"29:1-33:0\">\n<li data-sourcepos=\"29:1-29:89\"><strong>Selyem Shell Top:<\/strong> Ide\u00e1lis eleg\u00e1nsabb alkalmakra, sima \u00e9s eleg\u00e1ns megjelen\u00e9st biztos\u00edt.<\/li>\n<li data-sourcepos=\"30:1-30:87\"><strong>Pamut Shell fels\u0151:<\/strong> T\u00f6k\u00e9letes alkalmi viselethez, k\u00e9nyelmet \u00e9s l\u00e9g\u00e1tereszt\u0151 k\u00e9pess\u00e9get biztos\u00edt.<\/li>\n<li data-sourcepos=\"31:1-31:89\"><strong><span class=\"citation-6 recitation\">Bord\u00e1zott k\u00f6t\u00e9ses Shell fels\u0151:<\/span><\/strong><span class=\"citation-6 recitation citation-end-6\"> Text\u00far\u00e1ltabb megjelen\u00e9st \u00e9s szorosabb illeszked\u00e9st biztos\u00edt.<\/span><span class=\"button-container hide-from-message-actions ng-star-inserted\"> \u00a0<\/span>\n<div class=\"container ng-tns-c2960411664-63 hide\">\n<div class=\"carousel-container ng-tns-c2960411664-63\"><\/div>\n<\/div>\n<\/li>\n<li data-sourcepos=\"32:1-33:0\"><strong>Csipk\u00e9s Shell Top:<\/strong> Hozz\u00e1ad egy kis n\u0151iess\u00e9get, \u00e9s fel- vagy le\u00f6lt\u00f6ztethet\u0151.<\/li>\n<\/ul>","protected":false},"excerpt":{"rendered":"<table style=\"height: 542px;\" width=\"437\">\n<tbody>\n<tr>\n<td width=\"146\"><strong><b>Term\u00e9k<\/b><\/strong>\u00a0<strong><b>N\u00e9v:<\/b><\/strong><\/td>\n<td width=\"601\">N\u0151i Shell fels\u0151k<\/td>\n<\/tr>\n<tr>\n<td width=\"146\"><strong><b>Materlal:<\/b><\/strong><\/td>\n<td width=\"601\">K\u00f6t\u00e9s<\/td>\n<\/tr>\n<tr>\n<td width=\"146\"><strong><b>Technika:<\/b><\/strong><\/td>\n<td width=\"601\">H\u00edmzett<\/td>\n<\/tr>\n<tr>\n<td width=\"146\"><strong><b>St\u00edlus:<\/b><\/strong><\/td>\n<td width=\"601\">Alkalmi<\/td>\n<\/tr>\n<tr>\n<td width=\"146\"><strong><b>Sz\u00ednes<\/b><\/strong><strong><b>:<\/b><\/strong><\/td>\n<td width=\"601\">\u00a0Egyedi sz\u00ednek<\/td>\n<\/tr>\n<tr>\n<td width=\"146\"><strong><b>M\u00e9ret:<\/b><\/strong><\/td>\n<td width=\"601\">S \/M \/L \/XL \/2XL<\/td>\n<\/tr>\n<tr>\n<td width=\"146\"><strong><b>OEM\/ODM:<\/b><\/strong><\/td>\n<td width=\"601\">Elfogadhat\u00f3<\/td>\n<\/tr>\n<tr>\n<td width=\"146\"><strong><b>Min\u0151s\u00e9g:<\/b><\/strong><\/td>\n<td width=\"601\">100% Kiv\u00e1l\u00f3 min\u0151s\u00e9g<\/td>\n<\/tr>\n<tr>\n<td width=\"146\"><strong><b>M<\/b><\/strong><strong><b>OQ:<\/b><\/strong><\/td>\n<td width=\"601\">200 db<\/td>\n<\/tr>\n<\/tbody>\n<\/table>","protected":false},"featured_media":2007,"template":"","meta":[],"product_brand":[],"product_cat":[39],"product_tag":[],"class_list":{"0":"post-1999","1":"product","2":"type-product","3":"status-publish","4":"has-post-thumbnail","6":"product_cat-womens-clothing","8":"first","9":"instock","10":"shipping-taxable","11":"product-type-simple"},"_links":{"self":[{"href":"https:\/\/mj-clothing.com\/hu\/wp-json\/wp\/v2\/product\/1999","targetHints":{"allow":["GET"]}}],"collection":[{"href":"https:\/\/mj-clothing.com\/hu\/wp-json\/wp\/v2\/product"}],"about":[{"href":"https:\/\/mj-clothing.com\/hu\/wp-json\/wp\/v2\/types\/product"}],"wp:featuredmedia":[{"embeddable":true,"href":"https:\/\/mj-clothing.com\/hu\/wp-json\/wp\/v2\/media\/2007"}],"wp:attachment":[{"href":"https:\/\/mj-clothing.com\/hu\/wp-json\/wp\/v2\/media?parent=1999"}],"wp:term":[{"taxonomy":"product_brand","embeddable":true,"href":"https:\/\/mj-clothing.com\/hu\/wp-json\/wp\/v2\/product_brand?post=1999"},{"taxonomy":"product_cat","embeddable":true,"href":"https:\/\/mj-clothing.com\/hu\/wp-json\/wp\/v2\/product_cat?post=1999"},{"taxonomy":"product_tag","embeddable":true,"href":"https:\/\/mj-clothing.com\/hu\/wp-json\/wp\/v2\/product_tag?post=1999"}],"curies":[{"name":"wp","href":"https:\/\/api.w.org\/{rel}","templated":true}]}}