{"id":2001,"date":"2024-12-17T08:02:02","date_gmt":"2024-12-17T08:02:02","guid":{"rendered":"https:\/\/mj-clothing.com\/?post_type=product&#038;p=2001"},"modified":"2024-12-17T08:57:32","modified_gmt":"2024-12-17T08:57:32","slug":"womens-surplice-top","status":"publish","type":"product","link":"https:\/\/mj-clothing.com\/hu\/manufacturer\/womens-surplice-top\/","title":{"rendered":"N\u0151i Surplice Top"},"content":{"rendered":"<p data-sourcepos=\"1:1-1:164\">A n\u0151i surpliss fels\u0151 egy st\u00edlusos \u00e9s h\u00edzelg\u0151 ruhadarab, amely jellegzetes nyakkiv\u00e1g\u00e1s\u00e1r\u00f3l ismert. \u00cdme, a legfontosabb jellemz\u0151i, \u00e9s hogy mi\u00e9rt n\u00e9pszer\u0171 v\u00e1laszt\u00e1s:<\/p>\n<h3 data-sourcepos=\"3:1-3:27\"><strong>Mi az a n\u0151i surplice top?<\/strong><\/h3>\n<p data-sourcepos=\"5:1-5:212\">A surplice fels\u0151 meghat\u00e1roz\u00f3 jellemz\u0151je a <strong>\u00e1tfed\u0151 el\u00fcls\u0151 panelek<\/strong> amelyek \u00e1tl\u00f3s vagy V alak\u00fa nyakkiv\u00e1g\u00e1st hoznak l\u00e9tre. Ezt a mint\u00e1t a hagyom\u00e1nyos egyh\u00e1zi miseruha, az \u00fagynevezett surplice ihlette.<\/p>\n<p data-sourcepos=\"7:1-7:27\">\u00cdme n\u00e9h\u00e1ny f\u0151 jellemz\u0151:<\/p>\n<ul data-sourcepos=\"9:1-14:0\">\n<li data-sourcepos=\"9:1-9:98\"><strong>\u00c1tfed\u0151 front:<\/strong> A sz\u00f6vet keresztbe ker\u00fcl \u00f6nmag\u00e1n, \u00edgy egy tekercselt vagy \u00e1l-tekercselt hat\u00e1st kelt.<\/li>\n<li data-sourcepos=\"10:1-10:131\"><strong>V-nyak\u00fa vagy \u00e1tl\u00f3s nyakkiv\u00e1g\u00e1s:<\/strong> Ez a nyakkiv\u00e1g\u00e1s jellemz\u0151en el\u00e9g m\u00e9ly \u00e9s megny\u00fajt\u00f3, ami sok testalkat\u00fanak h\u00edzelg\u0151.<\/li>\n<li data-sourcepos=\"11:1-11:133\"><strong>K\u00fcl\u00f6nb\u00f6z\u0151 ujjst\u00edlusok:<\/strong> A surpliss fels\u0151k lehetnek r\u00f6vid ujj\u00faak, hossz\u00fa ujj\u00faak, h\u00e1romnegyedes ujj\u00faak vagy ak\u00e1r ujjatlanok is.<\/li>\n<li data-sourcepos=\"12:1-12:179\"><strong>K\u00fcl\u00f6nb\u00f6z\u0151 sz\u00f6vetek:<\/strong> K\u00fcl\u00f6nb\u00f6z\u0151 anyagokb\u00f3l k\u00e9sz\u00fclhetnek, bele\u00e9rtve a k\u00f6t\u00f6tt, sz\u00f6v\u00f6tt, selyem, trik\u00f3 \u00e9s egy\u00e9b anyagokat. Az anyagv\u00e1laszt\u00e1s befoly\u00e1solja a fels\u0151 drap\u00e9ri\u00e1j\u00e1t \u00e9s \u00e1ltal\u00e1nos megjelen\u00e9s\u00e9t.<\/li>\n<li data-sourcepos=\"13:1-14:0\"><strong>Be\u00e9p\u00edtett vagy laza:<\/strong> A szab\u00e1s a szabott\u00f3l a laza \u00e9s \u00e1raml\u00f3ig v\u00e1ltozhat, a mint\u00e1t\u00f3l \u00e9s az anyagt\u00f3l f\u00fcgg\u0151en.<\/li>\n<\/ul>\n<h3 data-sourcepos=\"15:1-15:34\"><strong>Mi\u00e9rt n\u00e9pszer\u0171ek a n\u0151i surplice topok?<\/strong><\/h3>\n<ul data-sourcepos=\"17:1-21:0\">\n<li data-sourcepos=\"17:1-17:188\"><strong>H\u00edzelg\u0151 nyakkiv\u00e1g\u00e1s:<\/strong> A V-nyak\u00fa vagy \u00e1tl\u00f3s nyakkiv\u00e1g\u00e1s megny\u00fajtja a nyakat \u00e9s a t\u00f6rzset, karcs\u00fas\u00edt\u00f3 hat\u00e1st keltve. A kulcscsontot \u00e9s a mellkast is h\u00edzelg\u0151 m\u00f3don hangs\u00falyozza.<\/li>\n<li data-sourcepos=\"18:1-18:107\"><strong>N\u0151ies \u00e9s eleg\u00e1ns:<\/strong> Az \u00e1tfed\u0151 kialak\u00edt\u00e1s egy csipetnyi n\u0151iess\u00e9get \u00e9s eleganci\u00e1t k\u00f6lcs\u00f6n\u00f6z minden ruh\u00e1nak.<\/li>\n<li data-sourcepos=\"19:1-19:103\"><strong>Sokoldal\u00fa:<\/strong> A fels\u0151r\u00e9szes fels\u0151r\u00e9szeket fel vagy le lehet \u00f6lt\u00f6ztetni, \u00edgy k\u00fcl\u00f6nb\u00f6z\u0151 alkalmakra alkalmasak.<\/li>\n<li data-sourcepos=\"20:1-21:0\"><strong>K\u00e9nyelmes:<\/strong> Az anyagt\u00f3l \u00e9s az illeszked\u00e9st\u0151l f\u00fcgg\u0151en nagyon k\u00e9nyelmes viselet lehet.<\/li>\n<\/ul>\n<h3 data-sourcepos=\"22:1-22:32\"><strong>Hogyan stiliz\u00e1ljuk a n\u0151i surpliss topot:<\/strong><\/h3>\n<ul data-sourcepos=\"24:1-28:0\">\n<li data-sourcepos=\"24:1-24:90\"><strong>Alkalmi:<\/strong> P\u00e1ros\u00edtsa farmerrel, r\u00f6vidnadr\u00e1ggal vagy alkalmi szokny\u00e1val a h\u00e9tk\u00f6znapok laza megjelen\u00e9s\u00e9hez.<\/li>\n<li data-sourcepos=\"25:1-25:114\"><strong>Business Casual:<\/strong> Hordja nadr\u00e1ggal, ceruzaszokny\u00e1val vagy bl\u00e9zer alatt, ha professzion\u00e1lisabb k\u00f6rnyezetben szeretn\u00e9 viselni.<\/li>\n<li data-sourcepos=\"26:1-26:140\"><strong>Eleg\u00e1ns:<\/strong> V\u00e1lasszon egy luxus anyagb\u00f3l, p\u00e9ld\u00e1ul selyemb\u0151l vagy szat\u00e9nb\u00f3l k\u00e9sz\u00fclt surpliss fels\u0151t, \u00e9s p\u00e1ros\u00edtsa egy esti rendezv\u00e9nyre egy nadr\u00e1ggal vagy szokny\u00e1val.<\/li>\n<li data-sourcepos=\"27:1-28:0\"><strong>R\u00e9tegz\u00e9s:<\/strong> Egy kardig\u00e1n vagy dzseki al\u00e1 r\u00e9tegezhetsz egy surpliss fels\u0151t, hogy m\u00e9g melegebb\u00e9 \u00e9s st\u00edlusosabb\u00e1 tedd a viseletet.<\/li>\n<\/ul>","protected":false},"excerpt":{"rendered":"<table style=\"height: 571px;\" width=\"446\">\n<tbody>\n<tr>\n<td width=\"146\"><strong><b>Term\u00e9k<\/b><\/strong>\u00a0<strong><b>N\u00e9v:<\/b><\/strong><\/td>\n<td width=\"601\"><strong>N\u0151i Surplice Top<\/strong><\/td>\n<\/tr>\n<tr>\n<td width=\"146\"><strong><b>Materlal:<\/b><\/strong><\/td>\n<td width=\"601\">K\u00f6t\u00e9s<\/td>\n<\/tr>\n<tr>\n<td width=\"146\"><strong><b>Technika:<\/b><\/strong><\/td>\n<td width=\"601\">H\u00edmzett<\/td>\n<\/tr>\n<tr>\n<td width=\"146\"><strong><b>St\u00edlus:<\/b><\/strong><\/td>\n<td width=\"601\">Alkalmi<\/td>\n<\/tr>\n<tr>\n<td width=\"146\"><strong><b>Sz\u00ednes<\/b><\/strong><strong><b>:<\/b><\/strong><\/td>\n<td width=\"601\">\u00a0Egyedi sz\u00ednek<\/td>\n<\/tr>\n<tr>\n<td width=\"146\"><strong><b>M\u00e9ret:<\/b><\/strong><\/td>\n<td width=\"601\">S \/M \/L \/XL \/2XL<\/td>\n<\/tr>\n<tr>\n<td width=\"146\"><strong><b>OEM\/ODM:<\/b><\/strong><\/td>\n<td width=\"601\">Elfogadhat\u00f3<\/td>\n<\/tr>\n<tr>\n<td width=\"146\"><strong><b>Min\u0151s\u00e9g:<\/b><\/strong><\/td>\n<td width=\"601\">100% Kiv\u00e1l\u00f3 min\u0151s\u00e9g<\/td>\n<\/tr>\n<tr>\n<td width=\"146\"><strong><b>M<\/b><\/strong><strong><b>OQ:<\/b><\/strong><\/td>\n<td width=\"601\">200 db<\/td>\n<\/tr>\n<\/tbody>\n<\/table>","protected":false},"featured_media":2002,"template":"","meta":[],"product_brand":[],"product_cat":[39],"product_tag":[],"class_list":{"0":"post-2001","1":"product","2":"type-product","3":"status-publish","4":"has-post-thumbnail","6":"product_cat-womens-clothing","8":"first","9":"instock","10":"shipping-taxable","11":"product-type-simple"},"_links":{"self":[{"href":"https:\/\/mj-clothing.com\/hu\/wp-json\/wp\/v2\/product\/2001","targetHints":{"allow":["GET"]}}],"collection":[{"href":"https:\/\/mj-clothing.com\/hu\/wp-json\/wp\/v2\/product"}],"about":[{"href":"https:\/\/mj-clothing.com\/hu\/wp-json\/wp\/v2\/types\/product"}],"wp:featuredmedia":[{"embeddable":true,"href":"https:\/\/mj-clothing.com\/hu\/wp-json\/wp\/v2\/media\/2002"}],"wp:attachment":[{"href":"https:\/\/mj-clothing.com\/hu\/wp-json\/wp\/v2\/media?parent=2001"}],"wp:term":[{"taxonomy":"product_brand","embeddable":true,"href":"https:\/\/mj-clothing.com\/hu\/wp-json\/wp\/v2\/product_brand?post=2001"},{"taxonomy":"product_cat","embeddable":true,"href":"https:\/\/mj-clothing.com\/hu\/wp-json\/wp\/v2\/product_cat?post=2001"},{"taxonomy":"product_tag","embeddable":true,"href":"https:\/\/mj-clothing.com\/hu\/wp-json\/wp\/v2\/product_tag?post=2001"}],"curies":[{"name":"wp","href":"https:\/\/api.w.org\/{rel}","templated":true}]}}