{"id":2003,"date":"2024-12-17T08:19:49","date_gmt":"2024-12-17T08:19:49","guid":{"rendered":"https:\/\/mj-clothing.com\/?post_type=product&#038;p=2003"},"modified":"2025-01-04T03:04:40","modified_gmt":"2025-01-04T03:04:40","slug":"womens-tops-for-winter","status":"publish","type":"product","link":"https:\/\/mj-clothing.com\/hu\/manufacturer\/womens-tops-for-winter\/","title":{"rendered":"N\u0151i fels\u0151k t\u00e9lire"},"content":{"rendered":"<p data-sourcepos=\"1:1-1:137\">A t\u00e9li n\u0151i fels\u0151k eset\u00e9ben a legfontosabb, hogy a st\u00edlus, a melegs\u00e9g \u00e9s a k\u00e9nyelem egyens\u00falyban legyen. \u00cdme n\u00e9h\u00e1ny n\u00e9pszer\u0171 \u00e9s praktikus lehet\u0151s\u00e9g a n\u0151k sz\u00e1m\u00e1ra:<\/p>\n<h3 data-sourcepos=\"3:1-3:28\"><strong>N\u0151i fels\u0151k sz\u00e1m\u00e1ra T\u00e9li melegs\u00e9g \u00e9s r\u00e9tegez\u00e9s:<\/strong><\/h3>\n<ul data-sourcepos=\"5:1-9:0\">\n<li data-sourcepos=\"5:1-5:239\"><strong>Garb\u00f3k \u00e9s garb\u00f3k:<\/strong> Ezek kiv\u00e1l\u00f3an melegen tartj\u00e1k a nyak\u00e1t, \u00e9s \u00f6nmagukban vagy pul\u00f3verek vagy kab\u00e1tok alatt is viselhet\u0151k. Keresse \u0151ket olyan anyagokban, mint a merin\u00f3gyapj\u00fa, a kasm\u00edr vagy a termikus k\u00f6t\u00f6tt anyag az extra melegs\u00e9g \u00e9rdek\u00e9ben.<\/li>\n<li data-sourcepos=\"6:1-6:205\"><strong>Hossz\u00fa ujj\u00fa term\u00e1lfels\u0151k:<\/strong> Ezeket \u00fagy tervezt\u00e9k, hogy a h\u0151t megk\u00f6tik, \u00e9s m\u00e9g nagyon hideg k\u00f6r\u00fclm\u00e9nyek k\u00f6z\u00f6tt is melegen tartj\u00e1k \u00d6nt. Remek\u00fcl alkalmasak m\u00e1s fels\u0151k al\u00e1 r\u00e9tegezve, vagy \u00f6nmagukban viselve szabadt\u00e9ri tev\u00e9kenys\u00e9gekhez.<\/li>\n<li data-sourcepos=\"7:1-7:199\"><strong>Pul\u00f3verek:<\/strong> A klasszikus t\u00e9li alapdarab, a pul\u00f3verek k\u00fcl\u00f6nb\u00f6z\u0151 st\u00edlusokban kaphat\u00f3k, bele\u00e9rtve a nyakpul\u00f3vereket, a V-nyak\u00faakat, a kardig\u00e1nokat \u00e9s a garb\u00f3kat. A maxim\u00e1lis melegs\u00e9g \u00e9rdek\u00e9ben v\u00e1lasszon olyan anyagokat, mint a gyapj\u00fa, a kasm\u00edr vagy a gyapj\u00fa.<\/li>\n<li data-sourcepos=\"8:1-9:0\"><strong>Gyapj\u00fa fels\u0151:<\/strong> Ezek hihetetlen\u00fcl puh\u00e1k, melegek \u00e9s k\u00e9nyelmesek. T\u00f6k\u00e9letesek alkalmi viselethez \u00e9s szabadt\u00e9ri tev\u00e9kenys\u00e9gekhez.<\/li>\n<\/ul>\n<h3 data-sourcepos=\"10:1-10:20\"><strong>N\u0151i fels\u0151k t\u00e9li st\u00edlusos lehet\u0151s\u00e9gek:<\/strong><\/h3>\n<ul data-sourcepos=\"12:1-16:0\">\n<li data-sourcepos=\"12:1-12:140\"><strong>Pul\u00f3veres ruh\u00e1k:<\/strong> Ezek divatos \u00e9s k\u00e9nyelmes v\u00e1laszt\u00e1s t\u00e9lre. P\u00e1ros\u00edthat\u00f3 harisny\u00e1val \u00e9s csizm\u00e1val a teljes \u00f6lt\u00f6z\u00e9khez.<\/li>\n<li data-sourcepos=\"13:1-13:144\"><strong>K\u00f6t\u00f6tt tunik\u00e1k:<\/strong> Ezek laza \u00e9s k\u00e9nyelmes viseletet k\u00edn\u00e1lnak, mik\u00f6zben st\u00edlusosak. Leggingsszel vagy skinny farmerrel is p\u00e1ros\u00edthat\u00f3.<\/li>\n<li data-sourcepos=\"14:1-14:142\"><strong>B\u00e1rsony fels\u0151k:<\/strong> A b\u00e1rsony eleganci\u00e1t \u00e9s melegs\u00e9get k\u00f6lcs\u00f6n\u00f6z minden ruh\u00e1nak. T\u00f6k\u00e9letes \u00fcnnepi partikra vagy m\u00e1s k\u00fcl\u00f6nleges alkalmakra.<\/li>\n<li data-sourcepos=\"15:1-16:0\"><strong>Gombos ingek (flanel vagy kordb\u00e1rsony):<\/strong> Ezek \u00f6nmagukban is viselhet\u0151k, vagy egy garb\u00f3 vagy termikus fels\u0151 f\u00f6l\u00e9 r\u00e9tegezve extra melegs\u00e9get biztos\u00edtanak.<\/li>\n<\/ul>\n<h3 data-sourcepos=\"17:1-17:26\"><strong>Anyagok keresni n\u0151i fels\u0151k t\u00e9lire:<\/strong><\/h3>\n<ul data-sourcepos=\"19:1-24:0\">\n<li data-sourcepos=\"19:1-19:68\"><strong>Gyapj\u00fa:<\/strong> Term\u00e9szetes szigetel\u0151anyag, amely m\u00e9g nedves \u00e1llapotban is melegen tart.<\/li>\n<li data-sourcepos=\"20:1-20:90\"><strong>Kasm\u00edr:<\/strong> Luxus \u00e9s hihetetlen\u00fcl puha anyag, amely kiv\u00e1l\u00f3 meleget biztos\u00edt.<\/li>\n<li data-sourcepos=\"21:1-21:91\"><strong>Gyapj\u00fa:<\/strong> Puha \u00e9s meleg szintetikus anyag, amely k\u00f6nny\u0171 \u00e9s l\u00e9legz\u0151 is.<\/li>\n<li data-sourcepos=\"22:1-22:82\"><strong>Termikus k\u00f6t\u00e9sek:<\/strong> \u00dagy tervezt\u00e9k, hogy a h\u0151t megk\u00f6tje \u00e9s melegen tartsa \u00d6nt hideg k\u00f6r\u00fclm\u00e9nyek k\u00f6z\u00f6tt.<\/li>\n<li data-sourcepos=\"23:1-24:0\"><strong>Pamut:<\/strong> B\u00e1r nem olyan meleg, mint a gyapj\u00fa vagy a gyapj\u00fa, a pamut l\u00e9legz\u0151 \u00e9s k\u00e9nyelmes a r\u00e9teges viselethez.<\/li>\n<\/ul>\n<h3 data-sourcepos=\"25:1-25:34\"><strong>Tippek a n\u0151i fels\u0151kh\u00f6z t\u00e9lre:<\/strong><\/h3>\n<ul data-sourcepos=\"27:1-30:0\">\n<li data-sourcepos=\"27:1-27:222\"><strong>Vegy\u00fck figyelembe az \u00e9ghajlatot:<\/strong> Ha nagyon hideg \u00e9ghajlaton \u00e9l, akkor a melegs\u00e9get helyezze el\u0151t\u00e9rbe, \u00e9s v\u00e1lasszon olyan anyagokat, mint a gyapj\u00fa vagy a gyapj\u00fa. Ha enyh\u00e9bb \u00e9ghajlaton \u00e9l, v\u00e1laszthat k\u00f6nnyebb anyagokat, p\u00e9ld\u00e1ul pamutot vagy v\u00e9konyabb k\u00f6t\u00f6tt anyagokat.<\/li>\n<li data-sourcepos=\"28:1-28:107\"><strong>Gondoljon a r\u00e9tegez\u00e9sre:<\/strong> V\u00e1lasszon olyan fels\u0151ket, amelyek k\u00f6nnyen r\u00e9tegezhet\u0151ek m\u00e1s ruhadarabok al\u00e1, hogy m\u00e9g melegebbek legyenek.<\/li>\n<li data-sourcepos=\"29:1-30:0\"><strong>Ne feledkezzen meg a st\u00edlusr\u00f3l sem:<\/strong> A t\u00e9li fels\u0151k egyszerre lehetnek funkcion\u00e1lisak \u00e9s divatosak. V\u00e1lassz olyan st\u00edlusokat \u00e9s sz\u00edneket, amelyeket szeretsz, \u00e9s amelyek kieg\u00e9sz\u00edtik a ruhat\u00e1radat.<\/li>\n<\/ul>\n<p data-sourcepos=\"31:1-31:126\">Ha figyelembe veszi ezeket a t\u00e9nyez\u0151ket, megtal\u00e1lhatja a t\u00f6k\u00e9letes n\u0151i fels\u0151ket, amelyek melegen \u00e9s st\u00edlusosan tartj\u00e1k \u00d6nt a t\u00e9li szezonban.<\/p>","protected":false},"excerpt":{"rendered":"<table style=\"height: 515px;\" width=\"480\">\n<tbody>\n<tr>\n<td width=\"146\"><strong><b>Term\u00e9k<\/b><\/strong>\u00a0<strong><b>N\u00e9v:<\/b><\/strong><\/td>\n<td width=\"601\"><strong>N\u0151i fels\u0151k t\u00e9lire<\/strong><\/td>\n<\/tr>\n<tr>\n<td width=\"146\"><strong><b>Materlal:<\/b><\/strong><\/td>\n<td width=\"601\">K\u00f6t\u00e9s<\/td>\n<\/tr>\n<tr>\n<td width=\"146\"><strong><b>Technika:<\/b><\/strong><\/td>\n<td width=\"601\">H\u00edmzett<\/td>\n<\/tr>\n<tr>\n<td width=\"146\"><strong><b>St\u00edlus:<\/b><\/strong><\/td>\n<td width=\"601\">Alkalmi<\/td>\n<\/tr>\n<tr>\n<td width=\"146\"><strong><b>Sz\u00ednes<\/b><\/strong><strong><b>:<\/b><\/strong><\/td>\n<td width=\"601\">\u00a0Egyedi sz\u00ednek<\/td>\n<\/tr>\n<tr>\n<td width=\"146\"><strong><b>M\u00e9ret:<\/b><\/strong><\/td>\n<td width=\"601\">S \/M \/L \/XL \/2XL<\/td>\n<\/tr>\n<tr>\n<td width=\"146\"><strong><b>OEM\/ODM:<\/b><\/strong><\/td>\n<td width=\"601\">Elfogadhat\u00f3<\/td>\n<\/tr>\n<tr>\n<td width=\"146\"><strong><b>Min\u0151s\u00e9g:<\/b><\/strong><\/td>\n<td width=\"601\">100% Kiv\u00e1l\u00f3 min\u0151s\u00e9g<\/td>\n<\/tr>\n<tr>\n<td width=\"146\"><strong><b>M<\/b><\/strong><strong><b>OQ:<\/b><\/strong><\/td>\n<td width=\"601\">200 db<\/td>\n<\/tr>\n<\/tbody>\n<\/table>","protected":false},"featured_media":2088,"template":"","meta":[],"product_brand":[],"product_cat":[39],"product_tag":[],"class_list":{"0":"post-2003","1":"product","2":"type-product","3":"status-publish","4":"has-post-thumbnail","6":"product_cat-womens-clothing","8":"first","9":"instock","10":"shipping-taxable","11":"product-type-simple"},"_links":{"self":[{"href":"https:\/\/mj-clothing.com\/hu\/wp-json\/wp\/v2\/product\/2003","targetHints":{"allow":["GET"]}}],"collection":[{"href":"https:\/\/mj-clothing.com\/hu\/wp-json\/wp\/v2\/product"}],"about":[{"href":"https:\/\/mj-clothing.com\/hu\/wp-json\/wp\/v2\/types\/product"}],"wp:featuredmedia":[{"embeddable":true,"href":"https:\/\/mj-clothing.com\/hu\/wp-json\/wp\/v2\/media\/2088"}],"wp:attachment":[{"href":"https:\/\/mj-clothing.com\/hu\/wp-json\/wp\/v2\/media?parent=2003"}],"wp:term":[{"taxonomy":"product_brand","embeddable":true,"href":"https:\/\/mj-clothing.com\/hu\/wp-json\/wp\/v2\/product_brand?post=2003"},{"taxonomy":"product_cat","embeddable":true,"href":"https:\/\/mj-clothing.com\/hu\/wp-json\/wp\/v2\/product_cat?post=2003"},{"taxonomy":"product_tag","embeddable":true,"href":"https:\/\/mj-clothing.com\/hu\/wp-json\/wp\/v2\/product_tag?post=2003"}],"curies":[{"name":"wp","href":"https:\/\/api.w.org\/{rel}","templated":true}]}}