{"id":2005,"date":"2024-12-17T08:27:39","date_gmt":"2024-12-17T08:27:39","guid":{"rendered":"https:\/\/mj-clothing.com\/?post_type=product&#038;p=2005"},"modified":"2024-12-18T06:08:53","modified_gmt":"2024-12-18T06:08:53","slug":"glorya-long-sleeve-hooded-top-womens","status":"publish","type":"product","link":"https:\/\/mj-clothing.com\/hu\/manufacturer\/glorya-long-sleeve-hooded-top-womens\/","title":{"rendered":"Glorya hossz\u00fa ujj\u00fa kapucnis fels\u0151 - n\u0151i"},"content":{"rendered":"<div id=\"model-response-message-contentr_2042c454bde921df\" class=\"markdown markdown-main-panel response-optimization\" dir=\"ltr\">\n<p data-sourcepos=\"1:1-1:220\">\u00dagy hangzik, mintha a Patagonia hossz\u00fa ujj\u00fa Glorya hossz\u00fa ujj\u00fa kapucnis fels\u0151-n\u0151i \u00e9rdekeln\u00e9. Ez egy n\u00e9pszer\u0171 darab a Patagoni\u00e1t\u00f3l, amely a k\u00e9nyelm\u00e9r\u0151l \u00e9s sokoldal\u00fas\u00e1g\u00e1r\u00f3l ismert. Itt van egy bont\u00e1s arr\u00f3l, hogy mit\u0151l emelkedik ki:<\/p>\n<h3 data-sourcepos=\"3:1-3:17\"><strong>Kulcsfontoss\u00e1g\u00fa jellemz\u0151k Glorya hossz\u00fa ujj\u00fa kapucnis fels\u0151-n\u0151i:<\/strong><\/h3>\n<ul data-sourcepos=\"5:1-12:0\">\n<li data-sourcepos=\"5:1-5:186\"><strong>K\u00f6nny\u0171 \u00e9s k\u00e9nyelmes:<\/strong> <span class=\"citation-0 recitation citation-end-0\">Az \u00fajrahasznos\u00edtott poli\u00e9szter, TENCEL\u2122 lyocell \u00e9s spandex puha kever\u00e9k\u00e9b\u0151l k\u00e9sz\u00fclt kapucnis pul\u00f3vert a k\u00e9nyelem \u00e9s a mozg\u00e1s szabads\u00e1ga \u00e9rdek\u00e9ben tervezt\u00e9k.<\/span>\n<div class=\"container ng-tns-c2960411664-80 hide\">\n<div class=\"carousel-container ng-tns-c2960411664-80\"><\/div>\n<\/div>\n<\/li>\n<li data-sourcepos=\"6:1-6:176\"><strong>Nedvess\u00e9gelvezet\u0151 \u00e9s gyorsan sz\u00e1rad\u00f3:<\/strong> <span class=\"citation-1 recitation citation-end-1\">Az anyag kiv\u00e1l\u00f3an elvezeti a nedvess\u00e9get \u00e9s gyorsan sz\u00e1rad, \u00edgy alkalmas akt\u00edv viseletre vagy mindennapi haszn\u00e1latra.<\/span><span class=\"button-container hide-from-message-actions ng-star-inserted\">\u00a0 \u00a0<\/span>\n<div class=\"container ng-tns-c2960411664-81 hide\">\n<div class=\"carousel-container ng-tns-c2960411664-81\"><\/div>\n<\/div>\n<\/li>\n<li data-sourcepos=\"7:1-7:106\"><strong>Relaxed Fit:<\/strong> <span class=\"citation-2 recitation citation-end-2\">A Glorya Hoody laza szab\u00e1s\u00fa, k\u00e9nyelmes r\u00e9tegez\u00e9st tesz lehet\u0151v\u00e9.<\/span><span class=\"button-container hide-from-message-actions ng-star-inserted\">\u00a0<\/span>\n<div class=\"container ng-tns-c2960411664-82 hide\">\n<div class=\"carousel-container ng-tns-c2960411664-82\"><\/div>\n<\/div>\n<\/li>\n<li data-sourcepos=\"8:1-8:121\"><strong>\u00c1ll\u00edthat\u00f3 csuklya:<\/strong> <span class=\"citation-3 recitation citation-end-3\">A kapucni h\u00faz\u00f3zsin\u00f3rral rendelkezik, \u00edgy az optim\u00e1lis lefedetts\u00e9g \u00e9s melegs\u00e9g \u00e9rdek\u00e9ben be\u00e1ll\u00edthat\u00f3.<\/span><span class=\"button-container hide-from-message-actions ng-star-inserted\">\u00a0<\/span>\n<div class=\"container ng-tns-c2960411664-83 hide\">\n<div class=\"carousel-container ng-tns-c2960411664-83\"><\/div>\n<\/div>\n<\/li>\n<li data-sourcepos=\"9:1-9:157\"><strong>Sokoldal\u00fa:<\/strong> <span class=\"citation-4 recitation citation-end-4\">\u00d6nmag\u00e1ban vagy m\u00e1s fels\u0151kre r\u00e9tegezve is viselhet\u0151, \u00edgy kiv\u00e1l\u00f3 v\u00e1laszt\u00e1s k\u00fcl\u00f6nb\u00f6z\u0151 tev\u00e9kenys\u00e9gekhez \u00e9s id\u0151j\u00e1r\u00e1si k\u00f6r\u00fclm\u00e9nyekhez.<\/span><span class=\"button-container hide-from-message-actions ng-star-inserted\"> \u00a0<\/span>\n<div class=\"container ng-tns-c2960411664-84 hide\">\n<div class=\"carousel-container ng-tns-c2960411664-84\"><\/div>\n<\/div>\n<\/li>\n<li data-sourcepos=\"10:1-10:148\"><strong><span class=\"citation-5 recitation\">Fenntarthat\u00f3 anyagok:<\/span><\/strong><span class=\"citation-5 recitation citation-end-5\"> Az \u00fajrahasznos\u00edtott poli\u00e9szterb\u0151l \u00e9s TENCEL\u2122 lyocellb\u0151l k\u00e9sz\u00fclt kapucnis pul\u00f3ver k\u00f6rnyezettudatosabb v\u00e1laszt\u00e1s.<\/span><span class=\"button-container hide-from-message-actions ng-star-inserted\"> \u00a0<\/span>\n<div class=\"container ng-tns-c2960411664-85 hide\">\n<div class=\"carousel-container ng-tns-c2960411664-85\"><\/div>\n<\/div>\n<\/li>\n<li data-sourcepos=\"11:1-12:0\"><strong><span class=\"citation-6 recitation\">Fair Trade Certified\u2122 Varrott:<\/span><\/strong><span class=\"citation-6 recitation citation-end-6\"> Ez azt jelenti, hogy a ruh\u00e1t k\u00e9sz\u00edt\u0151 emberek pr\u00e9miumot kaptak a munk\u00e1juk\u00e9rt.<\/span><span class=\"button-container hide-from-message-actions ng-star-inserted\">\u00a0<\/span>\n<div class=\"container ng-tns-c2960411664-86 hide\">\n<div class=\"carousel-container ng-tns-c2960411664-86\"><\/div>\n<\/div>\n<\/li>\n<\/ul>\n<h3 data-sourcepos=\"13:1-13:30\"><strong>Mi\u00e9rt n\u00e9pszer\u0171 v\u00e1laszt\u00e1s Glorya hossz\u00fa ujj\u00fa kapucnis fels\u0151-n\u0151i:<\/strong><\/h3>\n<ul data-sourcepos=\"15:1-19:0\">\n<li data-sourcepos=\"15:1-15:151\"><strong>K\u00e9nyelem a mozg\u00e1shoz:<\/strong> <span class=\"citation-7 recitation citation-end-7\">K\u00f6nny\u0171, rugalmas anyag\u00e1nak k\u00f6sz\u00f6nhet\u0151en ide\u00e1lis olyan tev\u00e9kenys\u00e9gekhez, mint a t\u00far\u00e1z\u00e1s, j\u00f3ga vagy egyszer\u0171en csak \u00fcgyint\u00e9z\u00e9s.<\/span><span class=\"button-container hide-from-message-actions ng-star-inserted\">\u00a0<\/span>\n<div class=\"container ng-tns-c2960411664-87 hide\">\n<div class=\"carousel-container ng-tns-c2960411664-87\"><\/div>\n<\/div>\n<\/li>\n<li data-sourcepos=\"16:1-16:101\"><strong>H\u00e9tk\u00f6znapi viselet:<\/strong> Alkalmi st\u00edlusa \u00e9s k\u00e9nyelmes szab\u00e1sa miatt kiv\u00e1l\u00f3 v\u00e1laszt\u00e1s a mindennapi viselethez.<\/li>\n<li data-sourcepos=\"17:1-17:91\"><strong>R\u00e9tegz\u0151 darab:<\/strong> T\u00f6k\u00e9letes kab\u00e1tok vagy mell\u00e9nyek al\u00e1 r\u00e9tegezve h\u0171v\u00f6sebb id\u0151ben.<\/li>\n<li data-sourcepos=\"18:1-19:0\"><strong>Min\u0151s\u00e9g \u00e9s tart\u00f3ss\u00e1g:<\/strong> A Patagonia kiv\u00e1l\u00f3 min\u0151s\u00e9g\u0171, tart\u00f3s term\u00e9kek gy\u00e1rt\u00e1s\u00e1r\u00f3l ismert.<\/li>\n<\/ul>\n<h3 data-sourcepos=\"20:1-20:21\"><strong>Hol tal\u00e1lja meg a Glorya hossz\u00fa ujj\u00fa kapucnis n\u0151i fels\u0151t:<\/strong><\/h3>\n<p data-sourcepos=\"22:1-22:86\">A Patagonia hossz\u00fa ujj\u00fa Glorya kapucnis fels\u0151t jellemz\u0151en ezekn\u00e9l a kiskeresked\u0151kn\u00e9l tal\u00e1lod:<\/p>\n<ul data-sourcepos=\"24:1-27:0\">\n<li data-sourcepos=\"24:1-24:80\"><strong>Patagonia honlapja:<\/strong> Ez a Patagonia term\u00e9kek hivatalos forr\u00e1sa.<\/li>\n<li data-sourcepos=\"25:1-25:114\"><strong>K\u00fclt\u00e9ri kiskeresked\u0151k:<\/strong> <span class=\"citation-8 recitation citation-end-8\">Az olyan \u00fczletek, mint a REI, a Backcountry \u00e9s a Moosejaw gyakran tartanak Patagonia ruh\u00e1zatot.<\/span><span class=\"button-container hide-from-message-actions ng-star-inserted\">\u00a0<\/span>\n<div class=\"container ng-tns-c2960411664-88 hide\">\n<div class=\"carousel-container ng-tns-c2960411664-88\"><\/div>\n<\/div>\n<\/li>\n<li data-sourcepos=\"26:1-27:0\"><strong>\u00c1ruh\u00e1zak:<\/strong> Egyes \u00e1ruh\u00e1zak is forgalmaznak Patagonia term\u00e9keket.<\/li>\n<\/ul>\n<p data-sourcepos=\"28:1-28:153\">Ha egy k\u00e9nyelmes, sokoldal\u00fa \u00e9s fenntarthat\u00f3 m\u00f3don k\u00e9sz\u00fclt kapucnis pul\u00f3vert keresel, a Patagonia hossz\u00fa ujj\u00fa Glorya kapucnis fels\u0151t mindenk\u00e9ppen \u00e9rdemes megfontolni.<\/p>\n<\/div>\n<div class=\"skeleton-loader-container\"><\/div>\n<div class=\"response-footer gap complete\">\n<div class=\"container ng-tns-c2960411664-79\">\n<div class=\"carousel-container ng-tns-c2960411664-79\">\n<div class=\"carousel-content ng-tns-c2960411664-79\">\n<div class=\"sources-carousel-source ng-tns-c2960411664-79 ng-star-inserted\" data-test-id=\"sources-carousel-source\">\n<div class=\"source-card-container\">\n<div class=\"source-card-content\">\n<div class=\"source-card-body\">\n<div class=\"source-card-header\">\n<div class=\"source-card-title\"><\/div>\n<\/div>\n<\/div>\n<\/div>\n<\/div>\n<\/div>\n<\/div>\n<\/div>\n<\/div>\n<\/div>","protected":false},"excerpt":{"rendered":"<table style=\"height: 661px;\" width=\"527\">\n<tbody>\n<tr>\n<td width=\"146\"><strong><b>Term\u00e9k<\/b><\/strong>\u00a0<strong><b>N\u00e9v:<\/b><\/strong><\/td>\n<td width=\"601\"><strong>Glorya hossz\u00fa ujj\u00fa kapucnis fels\u0151 - n\u0151i<\/strong><\/td>\n<\/tr>\n<tr>\n<td width=\"146\"><strong><b>Materlal:<\/b><\/strong><\/td>\n<td width=\"601\">K\u00f6t\u00e9s<\/td>\n<\/tr>\n<tr>\n<td width=\"146\"><strong><b>Technika:<\/b><\/strong><\/td>\n<td width=\"601\">H\u00edmzett<\/td>\n<\/tr>\n<tr>\n<td width=\"146\"><strong><b>St\u00edlus:<\/b><\/strong><\/td>\n<td width=\"601\">Alkalmi<\/td>\n<\/tr>\n<tr>\n<td width=\"146\"><strong><b>Sz\u00ednes<\/b><\/strong><strong><b>:<\/b><\/strong><\/td>\n<td width=\"601\">\u00a0Egyedi sz\u00ednek<\/td>\n<\/tr>\n<tr>\n<td width=\"146\"><strong><b>M\u00e9ret:<\/b><\/strong><\/td>\n<td width=\"601\">S \/M \/L \/XL \/2XL<\/td>\n<\/tr>\n<tr>\n<td width=\"146\"><strong><b>OEM\/ODM:<\/b><\/strong><\/td>\n<td width=\"601\">Elfogadhat\u00f3<\/td>\n<\/tr>\n<tr>\n<td width=\"146\"><strong><b>Min\u0151s\u00e9g:<\/b><\/strong><\/td>\n<td width=\"601\">100% Kiv\u00e1l\u00f3 min\u0151s\u00e9g<\/td>\n<\/tr>\n<tr>\n<td width=\"146\"><strong><b>M<\/b><\/strong><strong><b>OQ:<\/b><\/strong><\/td>\n<td width=\"601\">200 db<\/td>\n<\/tr>\n<\/tbody>\n<\/table>","protected":false},"featured_media":2006,"template":"","meta":[],"product_brand":[],"product_cat":[39],"product_tag":[],"class_list":{"0":"post-2005","1":"product","2":"type-product","3":"status-publish","4":"has-post-thumbnail","6":"product_cat-womens-clothing","8":"first","9":"instock","10":"shipping-taxable","11":"product-type-simple"},"_links":{"self":[{"href":"https:\/\/mj-clothing.com\/hu\/wp-json\/wp\/v2\/product\/2005","targetHints":{"allow":["GET"]}}],"collection":[{"href":"https:\/\/mj-clothing.com\/hu\/wp-json\/wp\/v2\/product"}],"about":[{"href":"https:\/\/mj-clothing.com\/hu\/wp-json\/wp\/v2\/types\/product"}],"wp:featuredmedia":[{"embeddable":true,"href":"https:\/\/mj-clothing.com\/hu\/wp-json\/wp\/v2\/media\/2006"}],"wp:attachment":[{"href":"https:\/\/mj-clothing.com\/hu\/wp-json\/wp\/v2\/media?parent=2005"}],"wp:term":[{"taxonomy":"product_brand","embeddable":true,"href":"https:\/\/mj-clothing.com\/hu\/wp-json\/wp\/v2\/product_brand?post=2005"},{"taxonomy":"product_cat","embeddable":true,"href":"https:\/\/mj-clothing.com\/hu\/wp-json\/wp\/v2\/product_cat?post=2005"},{"taxonomy":"product_tag","embeddable":true,"href":"https:\/\/mj-clothing.com\/hu\/wp-json\/wp\/v2\/product_tag?post=2005"}],"curies":[{"name":"wp","href":"https:\/\/api.w.org\/{rel}","templated":true}]}}