{"id":2008,"date":"2024-12-17T08:49:20","date_gmt":"2024-12-17T08:49:20","guid":{"rendered":"https:\/\/mj-clothing.com\/?post_type=product&#038;p=2008"},"modified":"2024-12-17T08:56:51","modified_gmt":"2024-12-17T08:56:51","slug":"womens-cashmere-long-coat","status":"publish","type":"product","link":"https:\/\/mj-clothing.com\/hu\/manufacturer\/womens-cashmere-long-coat\/","title":{"rendered":"N\u0151i kasm\u00edr hossz\u00fa kab\u00e1t"},"content":{"rendered":"<div id=\"model-response-message-contentr_21586b4a0aa106d5\" class=\"markdown markdown-main-panel response-optimization\" dir=\"ltr\">\n<p data-sourcepos=\"1:1-1:191\">A n\u0151i kasm\u00edr hossz\u00fa kab\u00e1t a luxus, a melegs\u00e9g \u00e9s az id\u0151tlen st\u00edlus megtestes\u00edt\u0151je. Jelent\u0151s befektet\u00e9si darab, amely b\u00e1rmilyen t\u00e9li ruhat\u00e1rat feldobhat. \u00cdme, mi teszi \u0151ket olyan k\u00fcl\u00f6nlegess\u00e9:<\/p>\n<h3 data-sourcepos=\"3:1-3:17\"><strong>Mi\u00e9rt n\u0151i kasm\u00edr hossz\u00fa kab\u00e1t?<\/strong><\/h3>\n<ul data-sourcepos=\"5:1-9:0\">\n<li data-sourcepos=\"5:1-5:146\"><strong><span class=\"citation-0 recitation\">P\u00e1ratlan puhas\u00e1g:<\/span><\/strong><span class=\"citation-0 recitation citation-end-0\"> A kasm\u00edrsz\u00e1lak hihetetlen\u00fcl finomak, \u00edgy a b\u0151rh\u00f6z simulva f\u00e9ny\u0171z\u0151en puha \u00e9s sima \u00e9rz\u00e9st ny\u00fajtanak.<\/span><span class=\"button-container hide-from-message-actions ng-star-inserted\"> \u00a0<\/span>\n<div class=\"container ng-tns-c2960411664-95 hide\">\n<div class=\"carousel-container ng-tns-c2960411664-95\"><\/div>\n<\/div>\n<\/li>\n<li data-sourcepos=\"6:1-6:147\"><strong><span class=\"citation-1 recitation\">Kiv\u00e9teles melegs\u00e9g:<\/span><\/strong><span class=\"citation-1 recitation citation-end-1\"> Annak ellen\u00e9re, hogy k\u00f6nny\u0171, a kasm\u00edr kiv\u00e1l\u00f3 szigetel\u00e9st biztos\u00edt, \u00edgy melegen tart an\u00e9lk\u00fcl, hogy terjedelmesnek \u00e9rezn\u00e9 mag\u00e1t.<\/span><span class=\"button-container hide-from-message-actions ng-star-inserted\">\u00a0<\/span>\n<div class=\"container ng-tns-c2960411664-96 hide\">\n<div class=\"carousel-container ng-tns-c2960411664-96\"><\/div>\n<\/div>\n<\/li>\n<li data-sourcepos=\"7:1-7:152\"><strong>K\u00f6nny\u0171 \u00e9s k\u00e9nyelmes:<\/strong> <span class=\"citation-2 recitation citation-end-2\">A kasm\u00edr ruhadarabok k\u00f6nny\u0171s\u00e9g\u00fckr\u0151l ismertek, \u00edgy hosszabb ideig is k\u00e9nyelmesen viselhet\u0151k.<\/span><span class=\"button-container hide-from-message-actions ng-star-inserted\">\u00a0 \u00a0<\/span>\n<div class=\"container ng-tns-c2960411664-97 hide\">\n<div class=\"carousel-container ng-tns-c2960411664-97\"><\/div>\n<\/div>\n<\/li>\n<li data-sourcepos=\"8:1-9:0\"><strong><span class=\"citation-3 recitation\">Tart\u00f3ss\u00e1g:<\/span><\/strong><span class=\"citation-3 recitation citation-end-3\"> Megfelel\u0151 \u00e1pol\u00e1s mellett egy j\u00f3 min\u0151s\u00e9g\u0171 kasm\u00edrkab\u00e1t hossz\u00fa \u00e9vekig is eltarthat, \u00edgy \u00e9rdemes befektet\u00e9snek sz\u00e1m\u00edt.<\/span><span class=\"button-container hide-from-message-actions ng-star-inserted\">\u00a0 \u00a0<\/span>\n<div class=\"container ng-tns-c2960411664-98 hide\">\n<div class=\"carousel-container ng-tns-c2960411664-98\"><\/div>\n<\/div>\n<\/li>\n<\/ul>\n<h3 data-sourcepos=\"10:1-10:41\"><strong>A n\u0151i kasm\u00edr hossz\u00fa kab\u00e1t legfontosabb jellemz\u0151i:<\/strong><\/h3>\n<ul data-sourcepos=\"12:1-22:0\">\n<li data-sourcepos=\"12:1-12:85\"><strong>Hossz\u00fas\u00e1g:<\/strong> \u00c1ltal\u00e1ban t\u00e9rd al\u00e1 \u00e9r, maxim\u00e1lis fed\u00e9st \u00e9s meleget biztos\u00edt.<\/li>\n<li data-sourcepos=\"13:1-16:93\"><strong>Klasszikus st\u00edlusok:<\/strong> Gyakran tartalmaz id\u0151tlen sziluetteket, mint p\u00e9ld\u00e1ul:\n<ul data-sourcepos=\"14:5-16:93\">\n<li data-sourcepos=\"14:5-14:88\"><strong>Egyber\u00e9szes:<\/strong> Klasszikus \u00e9s sokoldal\u00fa st\u00edlus egyetlen gombsorral.<\/li>\n<li data-sourcepos=\"15:5-15:87\"><strong>Dupla mell\u0171:<\/strong> <span class=\"citation-4 recitation citation-end-4\">Hivatalosabb st\u00edlus, k\u00e9t sor gombsorral.<\/span><span class=\"button-container hide-from-message-actions ng-star-inserted\">\u00a0 \u00a0<\/span>\n<div class=\"container ng-tns-c2960411664-99 hide\">\n<div class=\"carousel-container ng-tns-c2960411664-99\"><\/div>\n<\/div>\n<\/li>\n<li data-sourcepos=\"16:5-16:93\"><strong><span class=\"citation-5 recitation\">Tekercses kab\u00e1t:<\/span><\/strong><span class=\"citation-5 recitation citation-end-5\"> Laza \u00e9s eleg\u00e1ns st\u00edlus, amelyet \u00f6vvel lehet megk\u00f6tni.<\/span><span class=\"button-container hide-from-message-actions ng-star-inserted\"> \u00a0<\/span>\n<div class=\"container ng-tns-c2960411664-100 hide\">\n<div class=\"carousel-container ng-tns-c2960411664-100\">\n<div class=\"carousel-content ng-tns-c2960411664-100\">\n<div class=\"sources-carousel-source ng-tns-c2960411664-100 hide ng-star-inserted\" data-test-id=\"sources-carousel-source\"><\/div>\n<\/div>\n<\/div>\n<\/div>\n<\/li>\n<\/ul>\n<\/li>\n<li data-sourcepos=\"17:1-20:67\"><strong>Nyak\u00f6rv opci\u00f3k:<\/strong> K\u00fcl\u00f6nb\u00f6z\u0151 gall\u00e9rst\u00edlusok lehetnek, mint p\u00e9ld\u00e1ul:\n<ul data-sourcepos=\"18:5-20:67\">\n<li data-sourcepos=\"18:5-18:69\"><strong><span class=\"citation-6 recitation\">Bev\u00e1gott hajt\u00f3kar:<\/span><\/strong><span class=\"citation-6 recitation citation-end-6\"> Klasszikus \u00e9s sokoldal\u00fa gall\u00e9r.<\/span><span class=\"button-container hide-from-message-actions ng-star-inserted\">\u00a0<\/span>\n<div class=\"container ng-tns-c2960411664-101 hide\">\n<div class=\"carousel-container ng-tns-c2960411664-101\"><\/div>\n<\/div>\n<\/li>\n<li data-sourcepos=\"19:5-19:57\"><strong>S\u00e1lgall\u00e9r:<\/strong> Egy laz\u00e1bb \u00e9s hangulatosabb gall\u00e9r.<\/li>\n<li data-sourcepos=\"20:5-20:67\"><strong>\u00c1ll\u00f3 gall\u00e9r:<\/strong> Extra meleget biztos\u00edt a nyak k\u00f6r\u00fcl.<\/li>\n<\/ul>\n<\/li>\n<li data-sourcepos=\"21:1-22:0\"><strong>Minim\u00e1lis r\u00e9szletess\u00e9g:<\/strong> Gyakran tiszta vonalakkal \u00e9s minim\u00e1lis r\u00e9szletekkel rendelkezik, hogy bemutassa a f\u00e9ny\u0171z\u0151 anyagot.<\/li>\n<\/ul>\n<h3 data-sourcepos=\"23:1-23:56\"><strong>Dolgok, amelyeket figyelembe kell venni, amikor v\u00e1s\u00e1rol egy n\u0151i kasm\u00edr hossz\u00fa kab\u00e1t:<\/strong><\/h3>\n<ul data-sourcepos=\"25:1-30:0\">\n<li data-sourcepos=\"25:1-25:129\"><strong>Kasm\u00edr min\u0151s\u00e9g:<\/strong> Keresse az 100% kasm\u00edrb\u00f3l vagy m\u00e1s finom sz\u00e1lakkal kevert, magas sz\u00e1zal\u00e9kban kasm\u00edrb\u00f3l k\u00e9sz\u00fclt kab\u00e1tokat.<\/li>\n<li data-sourcepos=\"26:1-26:134\"><strong>S\u00faly:<\/strong> A kasm\u00edr s\u00falya befoly\u00e1solja a melegs\u00e9get \u00e9s a tapint\u00e1st. A nehezebb kasm\u00edr \u00e1ltal\u00e1ban melegebb, de terjedelmesebb is lehet.<\/li>\n<li data-sourcepos=\"27:1-27:89\"><strong>\u00c9p\u00edt\u00e9s:<\/strong> Ellen\u0151rizze a varr\u00e1s \u00e9s a b\u00e9l\u00e9s min\u0151s\u00e9g\u00e9t a tart\u00f3ss\u00e1g biztos\u00edt\u00e1sa \u00e9rdek\u00e9ben.<\/li>\n<li data-sourcepos=\"28:1-28:99\"><strong>Illeszked\u00e9s:<\/strong> V\u00e1lasszon olyan kab\u00e1tot, amely j\u00f3l illeszkedik a v\u00e1llakhoz, \u00e9s lehet\u0151v\u00e9 teszi a k\u00e9nyelmes r\u00e9tegez\u00e9st.<\/li>\n<li data-sourcepos=\"29:1-30:0\"><strong>\u00c1r:<\/strong> <span class=\"citation-7 recitation citation-end-7\">A kasm\u00edrkab\u00e1tok befektet\u00e9st jelentenek, ez\u00e9rt k\u00e9sz\u00fclj\u00f6n fel arra, hogy jelent\u0151s \u00f6sszeget fog k\u00f6lteni.<\/span> Megfelel\u0151 gondoskod\u00e1ssal azonban sok \u00e9vig kitart.<span class=\"button-container hide-from-message-actions ng-star-inserted\">\u00a0<\/span>\n<div class=\"container ng-tns-c2960411664-102 hide\">\n<div class=\"carousel-container ng-tns-c2960411664-102\"><\/div>\n<\/div>\n<\/li>\n<\/ul>\n<h3 data-sourcepos=\"31:1-31:46\"><strong>Hol tal\u00e1lja meg a n\u0151i kasm\u00edr hossz\u00fa kab\u00e1tokat:<\/strong><\/h3>\n<ul data-sourcepos=\"33:1-37:0\">\n<li data-sourcepos=\"33:1-33:80\"><strong>High-end \u00e1ruh\u00e1zak:<\/strong> Nordstrom, Saks Fifth Avenue, Bloomingdale's<\/li>\n<li data-sourcepos=\"34:1-34:52\"><strong>Luxus m\u00e1rk\u00e1k:<\/strong> Max Mara, Loro Piana, The Row<\/li>\n<li data-sourcepos=\"35:1-35:80\"><strong>Speci\u00e1lis kasm\u00edr kiskeresked\u0151k:<\/strong> <span class=\"citation-8 recitation citation-end-8\">GOBI kasm\u00edr, Sofia kasm\u00edr<\/span><span class=\"button-container hide-from-message-actions ng-star-inserted\">\u00a0 \u00a0<\/span>\n<div class=\"container ng-tns-c2960411664-103 hide\">\n<div class=\"carousel-container ng-tns-c2960411664-103\"><\/div>\n<\/div>\n<\/li>\n<li data-sourcepos=\"36:1-37:0\"><strong>Online kiskeresked\u0151k:<\/strong> Farfetch, Net-a-Porter, Mytheresa<\/li>\n<\/ul>\n<p data-sourcepos=\"38:1-38:122\">A n\u0151i kasm\u00edr hossz\u00fa kab\u00e1t luxus \u00e9s id\u0151t\u00e1ll\u00f3 befektet\u00e9s, amely \u00e9vekig melegen \u00e9s st\u00edlusosan tart.<\/p>\n<\/div>\n<div class=\"response-footer gap complete\">\n<div class=\"container ng-tns-c2960411664-94\">\n<div class=\"carousel-container ng-tns-c2960411664-94\">\n<div class=\"carousel-content ng-tns-c2960411664-94\">\n<div class=\"sources-carousel-source ng-tns-c2960411664-94 ng-star-inserted\" data-test-id=\"sources-carousel-source\">\n<div class=\"source-card-container\">\n<div class=\"source-card-content\">\n<div class=\"source-card-body\">\n<div class=\"source-card-header\">\n<div class=\"source-card-title\"><\/div>\n<\/div>\n<\/div>\n<\/div>\n<\/div>\n<\/div>\n<\/div>\n<\/div>\n<\/div>\n<\/div>","protected":false},"excerpt":{"rendered":"<table style=\"height: 596px;\" width=\"487\">\n<tbody>\n<tr>\n<td width=\"146\"><strong><b>Term\u00e9k<\/b><\/strong>\u00a0<strong><b>N\u00e9v:<\/b><\/strong><\/td>\n<td width=\"601\"><strong>N\u0151i kasm\u00edr hossz\u00fa kab\u00e1t<\/strong><\/td>\n<\/tr>\n<tr>\n<td width=\"146\"><strong><b>Materlal:<\/b><\/strong><\/td>\n<td width=\"601\">K\u00f6t\u00e9s<\/td>\n<\/tr>\n<tr>\n<td width=\"146\"><strong><b>Technika:<\/b><\/strong><\/td>\n<td width=\"601\">H\u00edmzett<\/td>\n<\/tr>\n<tr>\n<td width=\"146\"><strong><b>St\u00edlus:<\/b><\/strong><\/td>\n<td width=\"601\">Alkalmi<\/td>\n<\/tr>\n<tr>\n<td width=\"146\"><strong><b>Sz\u00ednes<\/b><\/strong><strong><b>:<\/b><\/strong><\/td>\n<td width=\"601\">\u00a0Egyedi sz\u00ednek<\/td>\n<\/tr>\n<tr>\n<td width=\"146\"><strong><b>M\u00e9ret:<\/b><\/strong><\/td>\n<td width=\"601\">S \/M \/L \/XL \/2XL<\/td>\n<\/tr>\n<tr>\n<td width=\"146\"><strong><b>OEM\/ODM:<\/b><\/strong><\/td>\n<td width=\"601\">Elfogadhat\u00f3<\/td>\n<\/tr>\n<tr>\n<td width=\"146\"><strong><b>Min\u0151s\u00e9g:<\/b><\/strong><\/td>\n<td width=\"601\">100% Kiv\u00e1l\u00f3 min\u0151s\u00e9g<\/td>\n<\/tr>\n<tr>\n<td width=\"146\"><strong><b>M<\/b><\/strong><strong><b>OQ:<\/b><\/strong><\/td>\n<td width=\"601\">200 db<\/td>\n<\/tr>\n<\/tbody>\n<\/table>","protected":false},"featured_media":2009,"template":"","meta":[],"product_brand":[],"product_cat":[39],"product_tag":[],"class_list":{"0":"post-2008","1":"product","2":"type-product","3":"status-publish","4":"has-post-thumbnail","6":"product_cat-womens-clothing","8":"first","9":"instock","10":"shipping-taxable","11":"product-type-simple"},"_links":{"self":[{"href":"https:\/\/mj-clothing.com\/hu\/wp-json\/wp\/v2\/product\/2008","targetHints":{"allow":["GET"]}}],"collection":[{"href":"https:\/\/mj-clothing.com\/hu\/wp-json\/wp\/v2\/product"}],"about":[{"href":"https:\/\/mj-clothing.com\/hu\/wp-json\/wp\/v2\/types\/product"}],"wp:featuredmedia":[{"embeddable":true,"href":"https:\/\/mj-clothing.com\/hu\/wp-json\/wp\/v2\/media\/2009"}],"wp:attachment":[{"href":"https:\/\/mj-clothing.com\/hu\/wp-json\/wp\/v2\/media?parent=2008"}],"wp:term":[{"taxonomy":"product_brand","embeddable":true,"href":"https:\/\/mj-clothing.com\/hu\/wp-json\/wp\/v2\/product_brand?post=2008"},{"taxonomy":"product_cat","embeddable":true,"href":"https:\/\/mj-clothing.com\/hu\/wp-json\/wp\/v2\/product_cat?post=2008"},{"taxonomy":"product_tag","embeddable":true,"href":"https:\/\/mj-clothing.com\/hu\/wp-json\/wp\/v2\/product_tag?post=2008"}],"curies":[{"name":"wp","href":"https:\/\/api.w.org\/{rel}","templated":true}]}}