{"id":2010,"date":"2024-12-17T08:55:56","date_gmt":"2024-12-17T08:55:56","guid":{"rendered":"https:\/\/mj-clothing.com\/?post_type=product&#038;p=2010"},"modified":"2024-12-17T08:55:56","modified_gmt":"2024-12-17T08:55:56","slug":"black-long-wool-coat-womens","status":"publish","type":"product","link":"https:\/\/mj-clothing.com\/hu\/manufacturer\/black-long-wool-coat-womens\/","title":{"rendered":"Fekete hossz\u00fa n\u0151i gyapj\u00fa kab\u00e1t"},"content":{"rendered":"<p data-sourcepos=\"1:1-1:191\">A fekete hossz\u00fa n\u0151i gyapj\u00fakab\u00e1t minden n\u0151 sz\u00e1m\u00e1ra n\u00e9lk\u00fcl\u00f6zhetetlen ruhat\u00e1r. Klasszikus darab, amely \u00f6tv\u00f6zi a praktikumot, a meleget \u00e9s az id\u0151tlen st\u00edlust. \u00cdme egy bont\u00e1s arr\u00f3l, hogy mit\u0151l olyan nagyszer\u0171:<\/p>\n<h3 data-sourcepos=\"3:1-3:13\"><strong>Mi\u00e9rt fekete hossz\u00fa gyapj\u00fa kab\u00e1t n\u0151i gyapj\u00fa?<\/strong><\/h3>\n<ul data-sourcepos=\"5:1-9:0\">\n<li data-sourcepos=\"5:1-5:116\"><strong><span class=\"citation-0 recitation\">Melegs\u00e9g:<\/span><\/strong><span class=\"citation-0 recitation citation-end-0\"> A gyapj\u00fa term\u00e9szetes szigetel\u0151anyag, amely m\u00e9g nagyon hideg h\u0151m\u00e9rs\u00e9kleten is kiv\u00e1l\u00f3 meleget biztos\u00edt.<\/span><span class=\"button-container hide-from-message-actions ng-star-inserted\"> \u00a0<\/span>\n<div class=\"container ng-tns-c2960411664-110 hide\">\n<div class=\"carousel-container ng-tns-c2960411664-110\"><\/div>\n<\/div>\n<\/li>\n<li data-sourcepos=\"6:1-6:114\"><strong><span class=\"citation-1 recitation\">Tart\u00f3ss\u00e1g:<\/span><\/strong><span class=\"citation-1 recitation citation-end-1\"> A gyapj\u00fasz\u00e1lak er\u0151sek \u00e9s rugalmasak, \u00edgy a gyapj\u00fakab\u00e1tok tart\u00f3sak \u00e9s hossz\u00fa \u00e9lettartam\u00faak.<\/span><span class=\"button-container hide-from-message-actions ng-star-inserted\"> \u00a0<\/span>\n<div class=\"container ng-tns-c2960411664-111 hide\">\n<div class=\"carousel-container ng-tns-c2960411664-111\"><\/div>\n<\/div>\n<\/li>\n<li data-sourcepos=\"7:1-7:130\"><strong><span class=\"citation-2 recitation\">V\u00edz\u00e1ll\u00f3s\u00e1g:<\/span><\/strong><span class=\"citation-2 recitation citation-end-2\"> A gyapj\u00fa term\u00e9szetes v\u00edzleperget\u0151 tulajdons\u00e1gokkal rendelkezik, \u00edgy k\u00f6nnyed es\u0151ben vagy h\u00f3ban is sz\u00e1razon tart.<\/span><span class=\"button-container hide-from-message-actions ng-star-inserted\"> \u00a0<\/span>\n<div class=\"container ng-tns-c2960411664-112 hide\">\n<div class=\"carousel-container ng-tns-c2960411664-112\"><\/div>\n<\/div>\n<\/li>\n<li data-sourcepos=\"8:1-9:0\"><strong><span class=\"citation-3 recitation\">L\u00e9legz\u0151k\u00e9pess\u00e9g:<\/span><\/strong><span class=\"citation-3 recitation citation-end-3\"> A gyapj\u00fa l\u00e9legz\u0151, ami seg\u00edt szab\u00e1lyozni a testh\u0151m\u00e9rs\u00e9kletet \u00e9s megel\u0151zni a t\u00falmeleged\u00e9st.<\/span><span class=\"button-container hide-from-message-actions ng-star-inserted\">\u00a0 \u00a0<\/span>\n<div class=\"container ng-tns-c2960411664-113 hide\">\n<div class=\"carousel-container ng-tns-c2960411664-113\"><\/div>\n<\/div>\n<\/li>\n<\/ul>\n<h3 data-sourcepos=\"10:1-10:43\"><strong>A Fekete hossz\u00fa n\u0151i gyapj\u00fa kab\u00e1t f\u0151bb jellemz\u0151i:<\/strong><\/h3>\n<ul data-sourcepos=\"12:1-23:0\">\n<li data-sourcepos=\"12:1-12:137\"><strong>Hossz\u00fas\u00e1g:<\/strong> \u00c1ltal\u00e1ban t\u00e9rd al\u00e1 \u00e9r, maxim\u00e1lis fed\u00e9st \u00e9s meleget biztos\u00edt. Ez a hossz nagyon h\u00edzelg\u0151 \u00e9s hossz\u00edt\u00f3.<\/li>\n<li data-sourcepos=\"13:1-13:125\"><strong>Sz\u00edn:<\/strong> A fekete hihetetlen\u00fcl sokoldal\u00fa \u00e9s mindenhez passzol. Klasszikus v\u00e1laszt\u00e1s, amely soha nem megy ki a divatb\u00f3l.<\/li>\n<li data-sourcepos=\"14:1-18:62\"><strong>Klasszikus st\u00edlusok:<\/strong> Gyakori st\u00edlusok:\n<ul data-sourcepos=\"15:5-18:62\">\n<li data-sourcepos=\"15:5-15:89\"><strong>Egyber\u00e9szes:<\/strong> Id\u0151tlen \u00e9s sokoldal\u00fa st\u00edlus egyetlen gombsorral.<\/li>\n<li data-sourcepos=\"16:5-16:102\"><strong>Dupla mell\u0171:<\/strong> <span class=\"citation-4 recitation citation-end-4\">Form\u00e1lisabb \u00e9s struktur\u00e1ltabb st\u00edlus, k\u00e9t gombsorral.<\/span><span class=\"button-container hide-from-message-actions ng-star-inserted\">\u00a0<\/span>\n<div class=\"container ng-tns-c2960411664-114 hide\">\n<div class=\"carousel-container ng-tns-c2960411664-114\"><\/div>\n<\/div>\n<\/li>\n<li data-sourcepos=\"17:5-17:93\"><strong><span class=\"citation-5 recitation\">Tekercses kab\u00e1t:<\/span><\/strong><span class=\"citation-5 recitation citation-end-5\"> Laza \u00e9s eleg\u00e1ns st\u00edlus, amelyet \u00f6vvel lehet megk\u00f6tni.<\/span><span class=\"button-container hide-from-message-actions ng-star-inserted\"> \u00a0<\/span>\n<div class=\"container ng-tns-c2960411664-115 hide\">\n<div class=\"carousel-container ng-tns-c2960411664-115\"><\/div>\n<\/div>\n<\/li>\n<li data-sourcepos=\"18:5-18:62\"><strong>Chesterfield:<\/strong> Hivatalos st\u00edlus b\u00e1rsonygall\u00e9rral.<\/li>\n<\/ul>\n<\/li>\n<li data-sourcepos=\"19:1-23:0\"><strong>Nyak\u00f6rv opci\u00f3k:<\/strong>\n<ul data-sourcepos=\"20:5-23:0\">\n<li data-sourcepos=\"20:5-20:69\"><strong><span class=\"citation-6 recitation\">Bev\u00e1gott hajt\u00f3kar:<\/span><\/strong><span class=\"citation-6 recitation citation-end-6\"> Klasszikus \u00e9s sokoldal\u00fa gall\u00e9r.<\/span><span class=\"button-container hide-from-message-actions ng-star-inserted\"> \u00a0<\/span>\n<div class=\"container ng-tns-c2960411664-116 hide\">\n<div class=\"carousel-container ng-tns-c2960411664-116\"><\/div>\n<\/div>\n<\/li>\n<li data-sourcepos=\"21:5-21:71\"><strong><span class=\"citation-7 recitation\">Cs\u00facs hajt\u00f3k\u00e1ja:<\/span><\/strong><span class=\"citation-7 recitation citation-end-7\"> Egy form\u00e1lisabb \u00e9s dr\u00e1maibb gall\u00e9r.<\/span><span class=\"button-container hide-from-message-actions ng-star-inserted\"> \u00a0<\/span>\n<div class=\"container ng-tns-c2960411664-117 hide\">\n<div class=\"carousel-container ng-tns-c2960411664-117\"><\/div>\n<\/div>\n<\/li>\n<li data-sourcepos=\"22:5-23:0\"><strong>\u00c1ll\u00f3 gall\u00e9r:<\/strong> Extra meleget biztos\u00edt a nyak k\u00f6r\u00fcl.<\/li>\n<\/ul>\n<\/li>\n<\/ul>\n<h3 data-sourcepos=\"24:1-24:58\"><strong>Dolgok, hogy fontolja meg, amikor v\u00e1s\u00e1rol egy fekete hossz\u00fa gyapj\u00fa kab\u00e1t n\u0151i:<\/strong><\/h3>\n<ul data-sourcepos=\"26:1-31:0\">\n<li data-sourcepos=\"26:1-26:101\"><strong>Gyapj\u00famin\u0151s\u00e9g:<\/strong> Keresse a kiv\u00e1l\u00f3 min\u0151s\u00e9g\u0171 gyapj\u00fab\u00f3l, p\u00e9ld\u00e1ul merin\u00f3gyapj\u00fab\u00f3l vagy sz\u0171zgyapj\u00fab\u00f3l k\u00e9sz\u00fclt kab\u00e1tokat.<\/li>\n<li data-sourcepos=\"27:1-27:75\"><strong>B\u00e9l\u00e9s:<\/strong> A j\u00f3 b\u00e9l\u00e9s n\u00f6veli a kab\u00e1t melegs\u00e9g\u00e9t \u00e9s tart\u00f3ss\u00e1g\u00e1t.<\/li>\n<li data-sourcepos=\"28:1-28:99\"><strong>Illeszked\u00e9s:<\/strong> Gy\u0151z\u0151dj\u00f6n meg r\u00f3la, hogy a kab\u00e1t j\u00f3l illeszkedik a v\u00e1llakon, \u00e9s lehet\u0151v\u00e9 teszi a k\u00e9nyelmes r\u00e9tegez\u00e9st.<\/li>\n<li data-sourcepos=\"29:1-29:72\"><strong>R\u00e9szletek:<\/strong> Vegye figyelembe az olyan r\u00e9szleteket, mint a zsebek, gombok \u00e9s \u00f6vhurkok.<\/li>\n<li data-sourcepos=\"30:1-31:0\"><strong><span class=\"citation-8 recitation\">\u00c1r:<\/span><\/strong><span class=\"citation-8 recitation citation-end-8\"> Egy j\u00f3 min\u0151s\u00e9g\u0171 gyapj\u00fakab\u00e1t befektet\u00e9s, de hossz\u00fa \u00e9veken \u00e1t tart.<\/span><span class=\"button-container hide-from-message-actions ng-star-inserted\">\u00a0 \u00a0<\/span>\n<div class=\"container ng-tns-c2960411664-118 hide\">\n<div class=\"carousel-container ng-tns-c2960411664-118\"><\/div>\n<\/div>\n<\/li>\n<\/ul>\n<h3 data-sourcepos=\"32:1-32:40\"><strong>Hogyan kell a fekete hossz\u00fa gyapj\u00fa kab\u00e1tot n\u0151i st\u00edlusban viselni:<\/strong><\/h3>\n<ul data-sourcepos=\"34:1-37:0\">\n<li data-sourcepos=\"34:1-34:85\"><strong>Alkalmi:<\/strong> P\u00e1ros\u00edtsa farmerrel, pul\u00f3verrel \u00e9s csizm\u00e1val a klasszikus h\u00e9tk\u00f6znapi megjelen\u00e9shez.<\/li>\n<li data-sourcepos=\"35:1-35:95\"><strong>Business Casual:<\/strong> Viselje bl\u00faz \u00e9s nadr\u00e1g vagy szoknya f\u00f6l\u00f6tt a professzion\u00e1lis megjelen\u00e9s \u00e9rdek\u00e9ben.<\/li>\n<li data-sourcepos=\"36:1-37:0\"><strong>Eleg\u00e1ns:<\/strong> R\u00e9tegezze egy ruh\u00e1ra vagy est\u00e9lyi ruh\u00e1ra a kifinomult megjelen\u00e9s\u00e9rt.<\/li>\n<\/ul>\n<p data-sourcepos=\"38:1-38:217\"><span class=\"citation-9 recitation citation-end-9\">A fekete hossz\u00fa gyapj\u00fakab\u00e1t sokoldal\u00fa \u00e9s n\u00e9lk\u00fcl\u00f6zhetetlen darab, amely melegen \u00e9s st\u00edlusosan tart a t\u00e9li szezonban.<\/span> Ez egy olyan befektet\u00e9s, amelyet hossz\u00fa \u00e9veken kereszt\u00fcl viselhet.<span class=\"button-container hide-from-message-actions ng-star-inserted\"> \u00a0 <\/span><\/p>","protected":false},"excerpt":{"rendered":"<table style=\"height: 647px;\" width=\"508\">\n<tbody>\n<tr>\n<td width=\"146\"><strong><b>Term\u00e9k<\/b><\/strong>\u00a0<strong><b>N\u00e9v:<\/b><\/strong><\/td>\n<td width=\"601\"><strong>Fekete hossz\u00fa n\u0151i gyapj\u00fa kab\u00e1t<\/strong><\/td>\n<\/tr>\n<tr>\n<td width=\"146\"><strong><b>Materlal:<\/b><\/strong><\/td>\n<td width=\"601\">K\u00f6t\u00e9s<\/td>\n<\/tr>\n<tr>\n<td width=\"146\"><strong><b>Technika:<\/b><\/strong><\/td>\n<td width=\"601\">H\u00edmzett<\/td>\n<\/tr>\n<tr>\n<td width=\"146\"><strong><b>St\u00edlus:<\/b><\/strong><\/td>\n<td width=\"601\">Alkalmi<\/td>\n<\/tr>\n<tr>\n<td width=\"146\"><strong><b>Sz\u00ednes<\/b><\/strong><strong><b>:<\/b><\/strong><\/td>\n<td width=\"601\">\u00a0Egyedi sz\u00ednek<\/td>\n<\/tr>\n<tr>\n<td width=\"146\"><strong><b>M\u00e9ret:<\/b><\/strong><\/td>\n<td width=\"601\">S \/M \/L \/XL \/2XL<\/td>\n<\/tr>\n<tr>\n<td width=\"146\"><strong><b>OEM\/ODM:<\/b><\/strong><\/td>\n<td width=\"601\">Elfogadhat\u00f3<\/td>\n<\/tr>\n<tr>\n<td width=\"146\"><strong><b>Min\u0151s\u00e9g:<\/b><\/strong><\/td>\n<td width=\"601\">100% Kiv\u00e1l\u00f3 min\u0151s\u00e9g<\/td>\n<\/tr>\n<tr>\n<td width=\"146\"><strong><b>M<\/b><\/strong><strong><b>OQ:<\/b><\/strong><\/td>\n<td width=\"601\">200 db<\/td>\n<\/tr>\n<\/tbody>\n<\/table>","protected":false},"featured_media":2011,"template":"","meta":[],"product_brand":[],"product_cat":[39],"product_tag":[],"class_list":{"0":"post-2010","1":"product","2":"type-product","3":"status-publish","4":"has-post-thumbnail","6":"product_cat-womens-clothing","8":"first","9":"instock","10":"shipping-taxable","11":"product-type-simple"},"_links":{"self":[{"href":"https:\/\/mj-clothing.com\/hu\/wp-json\/wp\/v2\/product\/2010","targetHints":{"allow":["GET"]}}],"collection":[{"href":"https:\/\/mj-clothing.com\/hu\/wp-json\/wp\/v2\/product"}],"about":[{"href":"https:\/\/mj-clothing.com\/hu\/wp-json\/wp\/v2\/types\/product"}],"wp:featuredmedia":[{"embeddable":true,"href":"https:\/\/mj-clothing.com\/hu\/wp-json\/wp\/v2\/media\/2011"}],"wp:attachment":[{"href":"https:\/\/mj-clothing.com\/hu\/wp-json\/wp\/v2\/media?parent=2010"}],"wp:term":[{"taxonomy":"product_brand","embeddable":true,"href":"https:\/\/mj-clothing.com\/hu\/wp-json\/wp\/v2\/product_brand?post=2010"},{"taxonomy":"product_cat","embeddable":true,"href":"https:\/\/mj-clothing.com\/hu\/wp-json\/wp\/v2\/product_cat?post=2010"},{"taxonomy":"product_tag","embeddable":true,"href":"https:\/\/mj-clothing.com\/hu\/wp-json\/wp\/v2\/product_tag?post=2010"}],"curies":[{"name":"wp","href":"https:\/\/api.w.org\/{rel}","templated":true}]}}