{"id":2013,"date":"2024-12-17T09:06:12","date_gmt":"2024-12-17T09:06:12","guid":{"rendered":"https:\/\/mj-clothing.com\/?post_type=product&#038;p=2013"},"modified":"2024-12-17T09:06:12","modified_gmt":"2024-12-17T09:06:12","slug":"womens-petite-long-wool-coat","status":"publish","type":"product","link":"https:\/\/mj-clothing.com\/hu\/manufacturer\/womens-petite-long-wool-coat\/","title":{"rendered":"N\u0151i Petite hossz\u00fa gyapj\u00fa kab\u00e1t"},"content":{"rendered":"<p data-sourcepos=\"1:1-1:249\">A n\u0151i kis m\u00e9ret\u0171 hossz\u00fa gyapj\u00fakab\u00e1t fantasztikus v\u00e1laszt\u00e1s, ha meleg \u00e9s st\u00edlusos szeretne maradni a hidegebb h\u00f3napokban, k\u00fcl\u00f6n\u00f6sen, ha kisebb testalkat\u00fa. A kulcs az, hogy olyan kab\u00e1tot tal\u00e1lj, amely j\u00f3l illeszkedik \u00e9s h\u00edzeleg az ar\u00e1nyaidnak. A k\u00f6vetkez\u0151ket kell szem el\u0151tt tartanod:<\/p>\n<h3 data-sourcepos=\"3:1-3:31\"><strong>Mit\u0151l lesz egy n\u0151i Petite hossz\u00fa gyapj\u00fakab\u00e1t?<\/strong><\/h3>\n<p data-sourcepos=\"5:1-5:125\"><span class=\"citation-0 recitation citation-end-0\">A petite ruh\u00e1zatot olyan n\u0151k sz\u00e1m\u00e1ra tervezt\u00e9k, akik \u00e1ltal\u00e1ban 5'4\u2033 vagy ann\u00e1l alacsonyabbak.<\/span> A petite kab\u00e1tok legfontosabb k\u00fcl\u00f6nbs\u00e9gei a k\u00f6vetkez\u0151k:<span class=\"button-container hide-from-message-actions ng-star-inserted\">\u00a0 \u00a0<\/span><\/p>\n<ul data-sourcepos=\"7:1-11:0\">\n<li data-sourcepos=\"7:1-7:105\"><strong>R\u00f6videbb hossz\u00fas\u00e1gok:<\/strong> A kab\u00e1t teljes hossza r\u00f6videbb, hogy ne nyomja el a kisebb testalkatot.<\/li>\n<li data-sourcepos=\"8:1-8:104\"><strong>R\u00f6videbb ujj\u00fa:<\/strong> Az ujjakat \u00fagy tervezt\u00e9k, hogy a csukl\u00f3n\u00e1l \u00e9rj\u00e9k el, \u00edgy nincs sz\u00fcks\u00e9g m\u00f3dos\u00edt\u00e1sra.<\/li>\n<li data-sourcepos=\"9:1-9:82\"><strong>Magasabb h\u00f3naljny\u00edl\u00e1s:<\/strong> Ez megakad\u00e1lyozza, hogy a felesleges anyag a h\u00f3nalj alatt \u00f6sszecsom\u00f3sodjon.<\/li>\n<li data-sourcepos=\"10:1-11:0\"><strong><span class=\"citation-1 recitation\">Keskenyebb v\u00e1llak:<\/span><\/strong><span class=\"citation-1 recitation citation-end-1\"> A v\u00e1llvarr\u00e1sok keskenyebbek, hogy megfelel\u0151en illeszkedjenek a kisebb testalkat\u00faakhoz.<\/span><span class=\"button-container hide-from-message-actions ng-star-inserted\"> \u00a0<\/span>\n<div class=\"container ng-tns-c2960411664-127 hide\">\n<div class=\"carousel-container ng-tns-c2960411664-127\"><\/div>\n<\/div>\n<\/li>\n<\/ul>\n<h3 data-sourcepos=\"12:1-12:56\"><strong>Mi\u00e9rt v\u00e1lasszon n\u0151i kis m\u00e9ret\u0171 hossz\u00fa gyapj\u00fakab\u00e1tot (m\u00e9g akkor is, ha kis m\u00e9ret\u0171)?<\/strong><\/h3>\n<ul data-sourcepos=\"14:1-17:0\">\n<li data-sourcepos=\"14:1-14:111\"><strong><span class=\"citation-2 recitation\">Melegs\u00e9g:<\/span><\/strong><span class=\"citation-2 recitation citation-end-2\"> A hossz\u00fa gyapj\u00fakab\u00e1t kiv\u00e1l\u00f3 fed\u00e9st \u00e9s meleget biztos\u00edt, t\u00f6k\u00e9letes hideg id\u0151ben.<\/span><span class=\"button-container hide-from-message-actions ng-star-inserted\"> \u00a0<\/span>\n<div class=\"container ng-tns-c2960411664-128 hide\">\n<div class=\"carousel-container ng-tns-c2960411664-128\"><\/div>\n<\/div>\n<\/li>\n<li data-sourcepos=\"15:1-15:97\"><strong>Elegancia:<\/strong> A hossz\u00fa sziluett nagyon eleg\u00e1ns \u00e9s h\u00edzelg\u0151 lehet, m\u00e9g a v\u00e9kony testalkat\u00faaknak is.<\/li>\n<li data-sourcepos=\"16:1-17:0\"><strong>Sokoldal\u00fas\u00e1g:<\/strong> <span class=\"citation-3 recitation citation-end-3\">A klasszikus hossz\u00fa gyapj\u00fakab\u00e1tot fel- vagy le\u00f6lt\u00f6ztetheted, \u00edgy sokoldal\u00faan kieg\u00e9sz\u00edtheted a ruhat\u00e1radat.<\/span>\n<div class=\"container ng-tns-c2960411664-129 hide\">\n<div class=\"carousel-container ng-tns-c2960411664-129\"><\/div>\n<\/div>\n<\/li>\n<\/ul>\n<h3 data-sourcepos=\"18:1-18:56\"><strong>A n\u0151i kis m\u00e9ret\u0171 hossz\u00fa gyapj\u00fakab\u00e1t legfontosabb jellemz\u0151i:<\/strong><\/h3>\n<ul data-sourcepos=\"20:1-25:0\">\n<li data-sourcepos=\"20:1-20:144\"><strong>Hossz\u00fas\u00e1g:<\/strong> Ide\u00e1lis esetben a kab\u00e1tnak a t\u00e9rd k\u00f6r\u00fcl vagy valamivel alatta kell \u00e9rnie. Ker\u00fclje a t\u00fal hossz\u00fa kab\u00e1tokat, mivel azok t\u00fals\u00e1gosan elnyomhatj\u00e1k a testalkatot.<\/li>\n<li data-sourcepos=\"21:1-21:140\"><strong>Illeszked\u00e9s:<\/strong> Ford\u00edtson nagy figyelmet a v\u00e1llak \u00e9s a mellr\u00e9sz illeszked\u00e9s\u00e9re. A kab\u00e1tnak k\u00e9nyelmesen kell illeszkednie, an\u00e9lk\u00fcl, hogy t\u00fal szoros vagy t\u00fal b\u0151 lenne.<\/li>\n<li data-sourcepos=\"22:1-22:108\"><strong>H\u00fcvelyek:<\/strong> Az ujjaknak a csukl\u00f3n\u00e1l kell \u00e9rni\u00fck. Ha t\u00fal hossz\u00fa, akkor alacsonyabbnak t\u0171nhet.<\/li>\n<li data-sourcepos=\"23:1-23:146\"><strong>St\u00edlus:<\/strong> Vegye fontol\u00f3ra az olyan klasszikus st\u00edlusokat, mint az egy- vagy k\u00e9tmell\u00e9nyes, illetve a tekercses kab\u00e1tok. Ezek a st\u00edlusok \u00e1ltal\u00e1ban h\u00edzelg\u0151ek a v\u00e9kony testalkat\u00faaknak.<\/li>\n<li data-sourcepos=\"24:1-25:0\"><strong>Sz\u00edn:<\/strong> A fekete, a tenger\u00e9szk\u00e9k \u00e9s a sz\u00fcrke klasszikus \u00e9s sokoldal\u00fa v\u00e1laszt\u00e1s. Azonban m\u00e1s sz\u00edneket is megfontolhat, amelyek kieg\u00e9sz\u00edtik a b\u0151rt\u00f3nus\u00e1t.<\/li>\n<\/ul>\n<h3 data-sourcepos=\"26:1-26:45\"><strong>Tippek a Petite n\u0151i Petite hossz\u00fa gyapj\u00fa kab\u00e1thoz:<\/strong><\/h3>\n<ul data-sourcepos=\"28:1-32:0\">\n<li data-sourcepos=\"28:1-28:124\"><strong>Ker\u00fclje a t\u00falm\u00e9retezett st\u00edlusokat:<\/strong> A t\u00falm\u00e9retezett kab\u00e1tok t\u00falterhelhetik a v\u00e9kony testalkatot. V\u00e1lasszon ink\u00e1bb szabott vagy szabott kab\u00e1tot.<\/li>\n<li data-sourcepos=\"29:1-29:127\"><strong>Figyeljen a r\u00e9szletekre:<\/strong> Az olyan r\u00e9szletek, mint az \u00f6vek, gombok \u00e9s gall\u00e9rok seg\u00edthetnek egy h\u00edzelg\u0151bb sziluett kialak\u00edt\u00e1s\u00e1ban.<\/li>\n<li data-sourcepos=\"30:1-30:117\"><strong>Viseljen magassark\u00fat vagy sarokkal ell\u00e1tott csizm\u00e1t:<\/strong> Ez seg\u00edthet meghosszabb\u00edtani a l\u00e1bakat \u00e9s kiegyens\u00falyozni a sz\u0151rzet ar\u00e1nyait.<\/li>\n<li data-sourcepos=\"31:1-32:0\"><strong>Vegy\u00fck figyelembe az anyagot:<\/strong> V\u00e1lasszon k\u00f6nny\u0171 vagy k\u00f6zepes s\u00faly\u00fa gyapj\u00fat, hogy elker\u00fclje a t\u00f6megn\u00f6vel\u00e9st.<\/li>\n<\/ul>\n<h3 data-sourcepos=\"33:1-33:41\"><strong>Hol tal\u00e1lok n\u0151i kis m\u00e9ret\u0171 hossz\u00fa gyapj\u00fakab\u00e1tot:<\/strong><\/h3>\n<ul data-sourcepos=\"35:1-38:0\">\n<li data-sourcepos=\"35:1-35:124\"><strong><span class=\"citation-4 recitation\">\u00c1ruh\u00e1zak:<\/span><\/strong><span class=\"citation-4 recitation citation-end-4\"> Sok \u00e1ruh\u00e1zban van k\u00fcl\u00f6n petite r\u00e9szleg, k\u00fcl\u00f6nf\u00e9le kab\u00e1tst\u00edlusokkal.<\/span><span class=\"button-container hide-from-message-actions ng-star-inserted\"> \u00a0<\/span>\n<div class=\"container ng-tns-c2960411664-130 hide\">\n<div class=\"carousel-container ng-tns-c2960411664-130\"><\/div>\n<\/div>\n<\/li>\n<li data-sourcepos=\"36:1-36:124\"><strong>Speci\u00e1lis kiskeresked\u0151k:<\/strong> <span class=\"citation-5 recitation citation-end-5\">Egyes kiskeresked\u0151k a petite ruh\u00e1zatra specializ\u00e1l\u00f3dtak, \u00e9s sz\u00e9lesebb v\u00e1laszt\u00e9kot k\u00edn\u00e1lnak kab\u00e1tokb\u00f3l.<\/span><span class=\"button-container hide-from-message-actions ng-star-inserted\">\u00a0 \u00a0<\/span>\n<div class=\"container ng-tns-c2960411664-131 hide\">\n<div class=\"carousel-container ng-tns-c2960411664-131\"><\/div>\n<\/div>\n<\/li>\n<li data-sourcepos=\"37:1-38:0\"><strong><span class=\"citation-6 recitation\">Online kiskeresked\u0151k:<\/span><\/strong><span class=\"citation-6 recitation citation-end-6\"> Az online kiskeresked\u0151k petite kab\u00e1tok sz\u00e9les v\u00e1laszt\u00e9k\u00e1t k\u00edn\u00e1lj\u00e1k k\u00fcl\u00f6nb\u00f6z\u0151 st\u00edlusokban \u00e9s \u00e1rkateg\u00f3ri\u00e1kban.<\/span><span class=\"button-container hide-from-message-actions ng-star-inserted\">\u00a0<\/span>\n<div class=\"container ng-tns-c2960411664-132 hide\">\n<div class=\"carousel-container ng-tns-c2960411664-132\"><\/div>\n<\/div>\n<\/li>\n<\/ul>\n<p data-sourcepos=\"39:1-39:150\">Ha ezeket a tippeket szem el\u0151tt tartja, megtal\u00e1lhatja a t\u00f6k\u00e9letes kis m\u00e9ret\u0171 hossz\u00fa gyapj\u00fakab\u00e1tot, amely eg\u00e9sz t\u00e9len melegen, st\u00edlusosan \u00e9s magabiztosan tartja majd.<\/p>","protected":false},"excerpt":{"rendered":"<table style=\"height: 521px;\" width=\"496\">\n<tbody>\n<tr>\n<td width=\"146\"><strong><b>Term\u00e9k<\/b><\/strong>\u00a0<strong><b>N\u00e9v:<\/b><\/strong><\/td>\n<td width=\"601\"><strong>N\u0151i Petite hossz\u00fa gyapj\u00fa kab\u00e1t<\/strong><\/td>\n<\/tr>\n<tr>\n<td width=\"146\"><strong><b>Materlal:<\/b><\/strong><\/td>\n<td width=\"601\">K\u00f6t\u00e9s<\/td>\n<\/tr>\n<tr>\n<td width=\"146\"><strong><b>Technika:<\/b><\/strong><\/td>\n<td width=\"601\">H\u00edmzett<\/td>\n<\/tr>\n<tr>\n<td width=\"146\"><strong><b>St\u00edlus:<\/b><\/strong><\/td>\n<td width=\"601\">Alkalmi<\/td>\n<\/tr>\n<tr>\n<td width=\"146\"><strong><b>Sz\u00ednes<\/b><\/strong><strong><b>:<\/b><\/strong><\/td>\n<td width=\"601\">\u00a0Egyedi sz\u00ednek<\/td>\n<\/tr>\n<tr>\n<td width=\"146\"><strong><b>M\u00e9ret:<\/b><\/strong><\/td>\n<td width=\"601\">S \/M \/L \/XL \/2XL<\/td>\n<\/tr>\n<tr>\n<td width=\"146\"><strong><b>OEM\/ODM:<\/b><\/strong><\/td>\n<td width=\"601\">Elfogadhat\u00f3<\/td>\n<\/tr>\n<tr>\n<td width=\"146\"><strong><b>Min\u0151s\u00e9g:<\/b><\/strong><\/td>\n<td width=\"601\">100% Kiv\u00e1l\u00f3 min\u0151s\u00e9g<\/td>\n<\/tr>\n<tr>\n<td width=\"146\"><strong><b>M<\/b><\/strong><strong><b>OQ:<\/b><\/strong><\/td>\n<td width=\"601\">200 db<\/td>\n<\/tr>\n<\/tbody>\n<\/table>","protected":false},"featured_media":2014,"template":"","meta":[],"product_brand":[],"product_cat":[39],"product_tag":[],"class_list":{"0":"post-2013","1":"product","2":"type-product","3":"status-publish","4":"has-post-thumbnail","6":"product_cat-womens-clothing","8":"first","9":"instock","10":"shipping-taxable","11":"product-type-simple"},"_links":{"self":[{"href":"https:\/\/mj-clothing.com\/hu\/wp-json\/wp\/v2\/product\/2013","targetHints":{"allow":["GET"]}}],"collection":[{"href":"https:\/\/mj-clothing.com\/hu\/wp-json\/wp\/v2\/product"}],"about":[{"href":"https:\/\/mj-clothing.com\/hu\/wp-json\/wp\/v2\/types\/product"}],"wp:featuredmedia":[{"embeddable":true,"href":"https:\/\/mj-clothing.com\/hu\/wp-json\/wp\/v2\/media\/2014"}],"wp:attachment":[{"href":"https:\/\/mj-clothing.com\/hu\/wp-json\/wp\/v2\/media?parent=2013"}],"wp:term":[{"taxonomy":"product_brand","embeddable":true,"href":"https:\/\/mj-clothing.com\/hu\/wp-json\/wp\/v2\/product_brand?post=2013"},{"taxonomy":"product_cat","embeddable":true,"href":"https:\/\/mj-clothing.com\/hu\/wp-json\/wp\/v2\/product_cat?post=2013"},{"taxonomy":"product_tag","embeddable":true,"href":"https:\/\/mj-clothing.com\/hu\/wp-json\/wp\/v2\/product_tag?post=2013"}],"curies":[{"name":"wp","href":"https:\/\/api.w.org\/{rel}","templated":true}]}}