{"id":2020,"date":"2024-12-17T09:14:47","date_gmt":"2024-12-17T09:14:47","guid":{"rendered":"https:\/\/mj-clothing.com\/?post_type=product&#038;p=2020"},"modified":"2024-12-19T03:40:02","modified_gmt":"2024-12-19T03:40:02","slug":"long-shearling-coat-womens","status":"publish","type":"product","link":"https:\/\/mj-clothing.com\/hu\/manufacturer\/long-shearling-coat-womens\/","title":{"rendered":"Hossz\u00fa ny\u00edrbund\u00e1s n\u0151i kab\u00e1t"},"content":{"rendered":"<p data-sourcepos=\"1:1-1:209\">A hossz\u00fa n\u0151i ny\u00edrbund\u00e1s kab\u00e1t egy luxus \u00e9s hihetetlen\u00fcl meleg fels\u0151ruh\u00e1zati lehet\u0151s\u00e9g a n\u0151k sz\u00e1m\u00e1ra. Ez egy olyan statement darab, amely a praktikumot \u00e9s a tagadhatatlan st\u00edlust \u00f6tv\u00f6zi. \u00cdme egy bont\u00e1s arr\u00f3l, hogy mit\u0151l olyan k\u00edv\u00e1natosak:<\/p>\n<h3 data-sourcepos=\"3:1-3:22\"><strong>Mi az a hossz\u00fa n\u0151i ny\u00edrbunda kab\u00e1t?<\/strong><\/h3>\n<p data-sourcepos=\"5:1-5:190\">A shearling olyan juh- vagy b\u00e1r\u00e1nyb\u0151rb\u0151l k\u00e9sz\u00fcl, amelyet \u00fagy cserzettek \u00e9s dolgoztak fel, hogy a gyapj\u00fa m\u00e9g megmaradt. Ez\u00e1ltal puha, pl\u00fcss bels\u0151t \u00e9s jellegzetes szarvasb\u0151r vagy b\u0151r k\u00fcls\u0151t eredm\u00e9nyez.<\/p>\n<h3 data-sourcepos=\"5:1-5:190\"><strong>Mi\u00e9rt v\u00e1lasszon hossz\u00fa ny\u00edrbund\u00e1s n\u0151i kab\u00e1tot?<\/strong><\/h3>\n<ul data-sourcepos=\"9:1-13:0\">\n<li data-sourcepos=\"9:1-9:190\"><strong>Kiv\u00e9teles melegs\u00e9g:<\/strong> A shearling az egyik legmelegebb term\u00e9szetes anyag. A s\u0171r\u0171 gyapj\u00fasz\u00e1lak megk\u00f6tik a leveg\u0151t, \u00e9s kiv\u00e1l\u00f3 szigetel\u00e9st biztos\u00edtanak m\u00e9g a leghidegebb h\u0151m\u00e9rs\u00e9klettel szemben is.<\/li>\n<li data-sourcepos=\"9:1-9:190\"><strong>K\u00e9nyelem:<\/strong> A shearling bunda puha, pl\u00fcss b\u00e9l\u00e9se hihetetlen\u00fcl kellemes \u00e9rz\u00e9s a b\u0151r\u00f6n.<\/li>\n<li data-sourcepos=\"11:1-11:98\"><strong>Tart\u00f3ss\u00e1g:<\/strong> A shearling tart\u00f3s anyag, amely megfelel\u0151 \u00e1pol\u00e1s mellett hossz\u00fa \u00e9veken \u00e1t tarthat.<\/li>\n<li data-sourcepos=\"12:1-13:0\"><strong>St\u00edlus:<\/strong> A hossz\u00fa ny\u00edrbunda kab\u00e1t olyan statement darab, amely luxus \u00e9s kifinomults\u00e1got k\u00f6lcs\u00f6n\u00f6z minden ruh\u00e1nak.<\/li>\n<\/ul>\n<h3 data-sourcepos=\"14:1-14:42\"><strong>A n\u0151i hossz\u00fa ny\u00edrbund\u00e1s kab\u00e1t f\u0151bb jellemz\u0151i:<\/strong><\/h3>\n<ul data-sourcepos=\"16:1-21:0\">\n<li data-sourcepos=\"16:1-16:86\"><strong>Hossz\u00fas\u00e1g:<\/strong> \u00c1ltal\u00e1ban t\u00e9rd al\u00e1 \u00e9r, maxim\u00e1lis fed\u00e9st \u00e9s meleget biztos\u00edt.<\/li>\n<li data-sourcepos=\"17:1-17:66\"><strong>K\u00fcls\u0151:<\/strong> Lehet vel\u00far, b\u0151r, vagy a kett\u0151 kombin\u00e1ci\u00f3ja.<\/li>\n<li data-sourcepos=\"18:1-18:46\"><strong>Bels\u0151 t\u00e9r:<\/strong> A puha, pl\u00fcss gyapj\u00fab\u00e9l\u00e9s.<\/li>\n<li data-sourcepos=\"19:1-19:100\"><strong>Nyak\u00f6rv:<\/strong> K\u00fcl\u00f6nb\u00f6z\u0151 gall\u00e9rst\u00edlusok, p\u00e9ld\u00e1ul s\u00e1lgall\u00e9r, rov\u00e1tkolt gall\u00e9r vagy kapucni.<\/li>\n<li data-sourcepos=\"20:1-21:0\"><strong>Z\u00e1r\u00e1s:<\/strong> Lehetnek gombok, cipz\u00e1rak vagy gombok.<\/li>\n<\/ul>\n<h3 data-sourcepos=\"22:1-22:57\"><strong>Dolgok, amelyeket figyelembe kell venni, amikor v\u00e1s\u00e1rol egy hossz\u00fa shearling kab\u00e1tot:<\/strong><\/h3>\n<ul data-sourcepos=\"24:1-28:0\">\n<li data-sourcepos=\"24:1-24:87\"><strong>Min\u0151s\u00e9g:<\/strong> Keresse a kiv\u00e1l\u00f3 min\u0151s\u00e9g\u0171, s\u0171r\u0171, egyenletes gyapj\u00fab\u00f3l k\u00e9sz\u00fclt kab\u00e1tokat.<\/li>\n<li data-sourcepos=\"25:1-25:129\"><strong>S\u00faly:<\/strong> A ny\u00edrbund\u00e1s kab\u00e1tok nehezek lehetnek, ez\u00e9rt m\u00e9rlegelje a s\u00falyt \u00e9s azt, hogy mennyire lesz k\u00e9nyelmes viselet hosszabb ideig.<\/li>\n<li data-sourcepos=\"26:1-26:99\"><strong>Illeszked\u00e9s:<\/strong> Gy\u0151z\u0151dj\u00f6n meg r\u00f3la, hogy a kab\u00e1t j\u00f3l illeszkedik a v\u00e1llakon, \u00e9s lehet\u0151v\u00e9 teszi a k\u00e9nyelmes r\u00e9tegez\u00e9st.<\/li>\n<li data-sourcepos=\"27:1-28:0\"><strong>\u00c1r:<\/strong> A ny\u00edrbund\u00e1s kab\u00e1tok befektet\u00e9st jelentenek, ez\u00e9rt k\u00e9sz\u00fclj\u00f6n fel arra, hogy jelent\u0151s \u00f6sszeget fog k\u00f6lteni.<\/li>\n<\/ul>\n<h3 data-sourcepos=\"29:1-29:39\"><strong>Hogyan kell st\u00edlusosan viselni egy hossz\u00fa ny\u00edrbund\u00e1s kab\u00e1tot:<\/strong><\/h3>\n<ul data-sourcepos=\"31:1-33:0\">\n<li data-sourcepos=\"31:1-31:94\"><strong>Alkalmi:<\/strong> P\u00e1ros\u00edtsd farmerrel, pul\u00f3verrel \u00e9s csizm\u00e1val a meleg \u00e9s eleg\u00e1ns h\u00e9tk\u00f6znapi megjelen\u00e9shez.<\/li>\n<li data-sourcepos=\"32:1-33:0\"><strong>Eleg\u00e1ns:<\/strong> R\u00e9tegezze egy ruha vagy est\u00e9lyi ruha f\u00f6l\u00e9 a f\u00e9ny\u0171z\u0151 \u00e9s kifinomult megjelen\u00e9s\u00e9rt.<\/li>\n<\/ul>\n<h3 data-sourcepos=\"34:1-34:35\"><strong>Hossz\u00fa nyirkos kab\u00e1t \u00e1pol\u00e1sa:<\/strong><\/h3>\n<ul data-sourcepos=\"36:1-39:0\">\n<li data-sourcepos=\"36:1-36:115\"><strong>Professzion\u00e1lis tiszt\u00edt\u00e1s:<\/strong> Aj\u00e1nlatos szakemberrel szakszer\u0171en tiszt\u00edttatni a ny\u00edrbund\u00e1t.<\/li>\n<li data-sourcepos=\"36:1-36:115\"><strong>Foltos tiszt\u00edt\u00e1s:<\/strong> A kisebb foltokat nedves ruh\u00e1val \u00e9s enyhe mos\u00f3szerrel tiszt\u00edthatja.<\/li>\n<li data-sourcepos=\"38:1-39:0\"><strong>T\u00e1rol\u00e1s:<\/strong> T\u00e1rolja a ny\u00edrbund\u00e1t h\u0171v\u00f6s, sz\u00e1raz helyen, k\u00f6zvetlen napf\u00e9nyt\u0151l v\u00e9dve.<\/li>\n<\/ul>\n<p data-sourcepos=\"40:1-40:121\">Egy hossz\u00fa ny\u00edrbunda kab\u00e1t luxus \u00e9s praktikus befektet\u00e9s, amely hossz\u00fa \u00e9veken \u00e1t melegen \u00e9s st\u00edlusosan tart majd.<\/p>","protected":false},"excerpt":{"rendered":"<table style=\"height: 560px;\" width=\"542\">\n<tbody>\n<tr>\n<td width=\"146\"><strong><b>Term\u00e9k<\/b><\/strong>\u00a0<strong><b>N\u00e9v:<\/b><\/strong><\/td>\n<td width=\"601\"><strong>Hossz\u00fa ny\u00edrbund\u00e1s n\u0151i kab\u00e1t<\/strong><\/td>\n<\/tr>\n<tr>\n<td width=\"146\"><strong><b>Materlal:<\/b><\/strong><\/td>\n<td width=\"601\">K\u00f6t\u00e9s<\/td>\n<\/tr>\n<tr>\n<td width=\"146\"><strong><b>Technika:<\/b><\/strong><\/td>\n<td width=\"601\">H\u00edmzett<\/td>\n<\/tr>\n<tr>\n<td width=\"146\"><strong><b>St\u00edlus:<\/b><\/strong><\/td>\n<td width=\"601\">Alkalmi<\/td>\n<\/tr>\n<tr>\n<td width=\"146\"><strong><b>Sz\u00ednes<\/b><\/strong><strong><b>:<\/b><\/strong><\/td>\n<td width=\"601\">\u00a0Egyedi sz\u00ednek<\/td>\n<\/tr>\n<tr>\n<td width=\"146\"><strong><b>M\u00e9ret:<\/b><\/strong><\/td>\n<td width=\"601\">S \/M \/L \/XL \/2XL<\/td>\n<\/tr>\n<tr>\n<td width=\"146\"><strong><b>OEM\/ODM:<\/b><\/strong><\/td>\n<td width=\"601\">Elfogadhat\u00f3<\/td>\n<\/tr>\n<tr>\n<td width=\"146\"><strong><b>Min\u0151s\u00e9g:<\/b><\/strong><\/td>\n<td width=\"601\">100% Kiv\u00e1l\u00f3 min\u0151s\u00e9g<\/td>\n<\/tr>\n<tr>\n<td width=\"146\"><strong><b>M<\/b><\/strong><strong><b>OQ:<\/b><\/strong><\/td>\n<td width=\"601\">200 db<\/td>\n<\/tr>\n<\/tbody>\n<\/table>","protected":false},"featured_media":2026,"template":"","meta":[],"product_brand":[],"product_cat":[39],"product_tag":[],"class_list":{"0":"post-2020","1":"product","2":"type-product","3":"status-publish","4":"has-post-thumbnail","6":"product_cat-womens-clothing","8":"first","9":"instock","10":"shipping-taxable","11":"product-type-simple"},"_links":{"self":[{"href":"https:\/\/mj-clothing.com\/hu\/wp-json\/wp\/v2\/product\/2020","targetHints":{"allow":["GET"]}}],"collection":[{"href":"https:\/\/mj-clothing.com\/hu\/wp-json\/wp\/v2\/product"}],"about":[{"href":"https:\/\/mj-clothing.com\/hu\/wp-json\/wp\/v2\/types\/product"}],"wp:featuredmedia":[{"embeddable":true,"href":"https:\/\/mj-clothing.com\/hu\/wp-json\/wp\/v2\/media\/2026"}],"wp:attachment":[{"href":"https:\/\/mj-clothing.com\/hu\/wp-json\/wp\/v2\/media?parent=2020"}],"wp:term":[{"taxonomy":"product_brand","embeddable":true,"href":"https:\/\/mj-clothing.com\/hu\/wp-json\/wp\/v2\/product_brand?post=2020"},{"taxonomy":"product_cat","embeddable":true,"href":"https:\/\/mj-clothing.com\/hu\/wp-json\/wp\/v2\/product_cat?post=2020"},{"taxonomy":"product_tag","embeddable":true,"href":"https:\/\/mj-clothing.com\/hu\/wp-json\/wp\/v2\/product_tag?post=2020"}],"curies":[{"name":"wp","href":"https:\/\/api.w.org\/{rel}","templated":true}]}}