{"id":2044,"date":"2024-12-18T03:15:03","date_gmt":"2024-12-18T03:15:03","guid":{"rendered":"https:\/\/mj-clothing.com\/?post_type=product&#038;p=2044"},"modified":"2024-12-18T03:23:05","modified_gmt":"2024-12-18T03:23:05","slug":"womens-petite-long-winter-coats","status":"publish","type":"product","link":"https:\/\/mj-clothing.com\/hu\/manufacturer\/womens-petite-long-winter-coats\/","title":{"rendered":"N\u0151i Petite hossz\u00fa t\u00e9li kab\u00e1tok"},"content":{"rendered":"<p data-sourcepos=\"1:1-1:158\">A n\u0151i petite hossz\u00fa t\u00e9likab\u00e1tokat kifejezetten alacsonyabb n\u0151k sz\u00e1m\u00e1ra tervezt\u00e9k, hogy biztos\u00edts\u00e1k a megfelel\u0151 illeszked\u00e9st \u00e9s a h\u00edzelg\u0151 sziluettet. \u00cdme, mi teszi \u0151ket k\u00fcl\u00f6nlegess\u00e9:<\/p>\n<ul data-sourcepos=\"3:1-6:0\">\n<li data-sourcepos=\"3:1-3:155\"><strong>R\u00f6videbb keretekhez ar\u00e1nyos\u00edtva:<\/strong> Ezeket a kab\u00e1tokat a r\u00f6videbb t\u00f6rzsek \u00e9s a r\u00f6videbb l\u00e1bsz\u00e1rak figyelembev\u00e9tel\u00e9vel tervezt\u00e9k, \u00edgy megakad\u00e1lyozz\u00e1k, hogy t\u00falterhelj\u00e9k a v\u00e9kony testalkatot.<\/li>\n<li data-sourcepos=\"4:1-4:144\"><strong>Ide\u00e1lis hossz\u00fas\u00e1g:<\/strong> B\u00e1r m\u00e9g mindig \"hossz\u00fanak\" sz\u00e1m\u00edt, a hossz\u00e1t \u00fagy \u00e1ll\u00edtj\u00e1k be, hogy ne h\u00faz\u00f3djon a f\u00f6ld\u00f6n, vagy ne keltsen t\u00fals\u00e1gosan terjedelmes megjelen\u00e9st.<\/li>\n<li data-sourcepos=\"5:1-6:0\"><strong>Fokozott illeszked\u00e9s:<\/strong> Az olyan jellemz\u0151k, mint a r\u00f6videbb ujjak \u00e9s az igaz\u00edtott der\u00e9kvonal, biztos\u00edtj\u00e1k, hogy a kab\u00e1t k\u00e9nyelmesen \u00e9s ar\u00e1nyosan illeszkedjen.<\/li>\n<\/ul>\n<h3 data-sourcepos=\"7:1-7:19\"><strong>N\u00e9pszer\u0171 st\u00edlusok:<\/strong><\/h3>\n<ul data-sourcepos=\"9:1-12:0\">\n<li data-sourcepos=\"9:1-9:102\"><strong>Petite gyapj\u00fa kab\u00e1tok:<\/strong> Klasszikus \u00e9s id\u0151tlen, gyakran olyan st\u00edlusokban, mint a p\u00e1vakab\u00e1tok vagy a k\u00e9tsoros kab\u00e1tok.<\/li>\n<li data-sourcepos=\"10:1-10:118\"><strong>Petite puffer kab\u00e1tok:<\/strong> Kiv\u00e1l\u00f3 meleget biztos\u00edtanak, \u00e9s k\u00fcl\u00f6nb\u00f6z\u0151 hossz\u00fas\u00e1g\u00fa \u00e9s st\u00edlus\u00fa, a karcs\u00fat\u00f3l a lezserig terjed\u0151 v\u00e1ltozatokban kaphat\u00f3k.<\/li>\n<li data-sourcepos=\"11:1-12:0\"><strong>Petite Parkas:<\/strong> Ide\u00e1lis hidegebb \u00e9ghajlatra, gyakran kapucnival, sz\u0151rmebor\u00edt\u00e1ssal \u00e9s t\u00f6bb zsebbel.<\/li>\n<\/ul>\n<h3 data-sourcepos=\"13:1-13:23\"><strong>Hol tal\u00e1lok n\u0151i kis m\u00e9ret\u0171 hossz\u00fa t\u00e9likab\u00e1tokat:<\/strong><\/h3>\n<p data-sourcepos=\"15:1-15:54\">Sok kiskeresked\u0151 k\u00edn\u00e1l petite m\u00e9retez\u00e9si lehet\u0151s\u00e9geket, t\u00f6bbek k\u00f6z\u00f6tt:<\/p>\n<ul data-sourcepos=\"17:1-20:0\">\n<li data-sourcepos=\"17:1-17:58\"><strong>\u00c1ruh\u00e1zak:<\/strong> Nordstrom, Macy's, Bloomingdale's<\/li>\n<li data-sourcepos=\"18:1-18:52\"><strong>Speci\u00e1lis kiskeresked\u0151k:<\/strong> Ann Taylor, Loft, Talbots<\/li>\n<li data-sourcepos=\"19:1-20:0\"><strong>Online kiskeresked\u0151k:<\/strong> ASOS, Nordstrom Rack, Amazon<\/li>\n<\/ul>\n<h3 data-sourcepos=\"21:1-21:22\"><strong>Tippek a v\u00e1laszt\u00e1shoz:<\/strong><\/h3>\n<ul data-sourcepos=\"23:1-26:0\">\n<li data-sourcepos=\"23:1-23:102\"><strong>Tekints\u00fck a sz\u00f6vetet:<\/strong> Keresse a meleg \u00e9s tart\u00f3s anyagokat, mint p\u00e9ld\u00e1ul a gyapj\u00fa, a pehely vagy a szintetikus szigetel\u00e9s.<\/li>\n<li data-sourcepos=\"24:1-24:106\"><strong>Ellen\u0151rizze a hossz\u00e1t:<\/strong> Gy\u0151z\u0151dj\u00f6n meg r\u00f3la, hogy a kab\u00e1t a l\u00e1b\u00e1n a megfelel\u0151 helyen van, elker\u00fclve a \"fullaszt\u00f3\" hat\u00e1st.<\/li>\n<li data-sourcepos=\"25:1-26:0\"><strong>Pr\u00f3b\u00e1lja ki:<\/strong> Mindig pr\u00f3b\u00e1ljon fel egy petite kab\u00e1tot, hogy biztos legyen benne, hogy megfelel\u0151en illeszkedik \u00e9s h\u00edzeleg az alakj\u00e1nak.<\/li>\n<\/ul>\n<p data-sourcepos=\"27:1-27:121\">A j\u00f3l illeszked\u0151 n\u0151i kis m\u00e9ret\u0171 hossz\u00fa t\u00e9likab\u00e1tok kiv\u00e1laszt\u00e1s\u00e1val az alacsonyabb n\u0151k melegek \u00e9s st\u00edlusosak maradhatnak a hidegebb h\u00f3napokban.<\/p>","protected":false},"excerpt":{"rendered":"<table style=\"height: 572px;\" width=\"534\">\n<tbody>\n<tr>\n<td width=\"146\"><strong><b>Term\u00e9k<\/b><\/strong>\u00a0<strong><b>N\u00e9v:<\/b><\/strong><\/td>\n<td width=\"601\"><strong>N\u0151i Petite hossz\u00fa t\u00e9li kab\u00e1tok<\/strong><\/td>\n<\/tr>\n<tr>\n<td width=\"146\"><strong><b>Materlal:<\/b><\/strong><\/td>\n<td width=\"601\">K\u00f6t\u00e9s<\/td>\n<\/tr>\n<tr>\n<td width=\"146\"><strong><b>Technika:<\/b><\/strong><\/td>\n<td width=\"601\">H\u00edmzett<\/td>\n<\/tr>\n<tr>\n<td width=\"146\"><strong><b>St\u00edlus:<\/b><\/strong><\/td>\n<td width=\"601\">Alkalmi<\/td>\n<\/tr>\n<tr>\n<td width=\"146\"><strong><b>Sz\u00ednes<\/b><\/strong><strong><b>:<\/b><\/strong><\/td>\n<td width=\"601\">\u00a0Egyedi sz\u00ednek<\/td>\n<\/tr>\n<tr>\n<td width=\"146\"><strong><b>M\u00e9ret:<\/b><\/strong><\/td>\n<td width=\"601\">S \/M \/L \/XL \/2XL<\/td>\n<\/tr>\n<tr>\n<td width=\"146\"><strong><b>OEM\/ODM:<\/b><\/strong><\/td>\n<td width=\"601\">Elfogadhat\u00f3<\/td>\n<\/tr>\n<tr>\n<td width=\"146\"><strong><b>Min\u0151s\u00e9g:<\/b><\/strong><\/td>\n<td width=\"601\">100% Kiv\u00e1l\u00f3 min\u0151s\u00e9g<\/td>\n<\/tr>\n<tr>\n<td width=\"146\"><strong><b>M<\/b><\/strong><strong><b>OQ:<\/b><\/strong><\/td>\n<td width=\"601\">200 db<\/td>\n<\/tr>\n<\/tbody>\n<\/table>","protected":false},"featured_media":2045,"template":"","meta":[],"product_brand":[],"product_cat":[39],"product_tag":[],"class_list":{"0":"post-2044","1":"product","2":"type-product","3":"status-publish","4":"has-post-thumbnail","6":"product_cat-womens-clothing","8":"first","9":"instock","10":"shipping-taxable","11":"product-type-simple"},"_links":{"self":[{"href":"https:\/\/mj-clothing.com\/hu\/wp-json\/wp\/v2\/product\/2044","targetHints":{"allow":["GET"]}}],"collection":[{"href":"https:\/\/mj-clothing.com\/hu\/wp-json\/wp\/v2\/product"}],"about":[{"href":"https:\/\/mj-clothing.com\/hu\/wp-json\/wp\/v2\/types\/product"}],"wp:featuredmedia":[{"embeddable":true,"href":"https:\/\/mj-clothing.com\/hu\/wp-json\/wp\/v2\/media\/2045"}],"wp:attachment":[{"href":"https:\/\/mj-clothing.com\/hu\/wp-json\/wp\/v2\/media?parent=2044"}],"wp:term":[{"taxonomy":"product_brand","embeddable":true,"href":"https:\/\/mj-clothing.com\/hu\/wp-json\/wp\/v2\/product_brand?post=2044"},{"taxonomy":"product_cat","embeddable":true,"href":"https:\/\/mj-clothing.com\/hu\/wp-json\/wp\/v2\/product_cat?post=2044"},{"taxonomy":"product_tag","embeddable":true,"href":"https:\/\/mj-clothing.com\/hu\/wp-json\/wp\/v2\/product_tag?post=2044"}],"curies":[{"name":"wp","href":"https:\/\/api.w.org\/{rel}","templated":true}]}}