{"id":2066,"date":"2024-12-19T03:05:05","date_gmt":"2024-12-19T03:05:05","guid":{"rendered":"https:\/\/mj-clothing.com\/?post_type=product&#038;p=2066"},"modified":"2024-12-19T03:05:05","modified_gmt":"2024-12-19T03:05:05","slug":"spring-coats-for-ladies","status":"publish","type":"product","link":"https:\/\/mj-clothing.com\/hu\/manufacturer\/spring-coats-for-ladies\/","title":{"rendered":"Tavaszi kab\u00e1tok h\u00f6lgyeknek"},"content":{"rendered":"<p data-sourcepos=\"1:1-1:154\">A tavaszi kab\u00e1tok h\u00f6lgyeknek gy\u00f6ny\u00f6r\u0171 \u00e9vszak, \u00e9s ez a t\u00f6k\u00e9letes alkalom, hogy felfriss\u00edtsd a ruhat\u00e1radat n\u00e9h\u00e1ny st\u00edlusos tavaszi kab\u00e1ttal. \u00cdme n\u00e9h\u00e1ny n\u00e9pszer\u0171 lehet\u0151s\u00e9g h\u00f6lgyek sz\u00e1m\u00e1ra:<\/p>\n<h3 data-sourcepos=\"3:1-3:19\"><strong>1. Tavaszi kab\u00e1tok h\u00f6lgyeknek:<\/strong><\/h3>\n<ul data-sourcepos=\"5:1-8:0\">\n<li style=\"list-style-type: none;\">\n<ul data-sourcepos=\"5:1-8:0\">\n<li data-sourcepos=\"5:1-5:94\"><strong>Klasszikus \u00e9s id\u0151tlen:<\/strong> A trench coat egy olyan ruhat\u00e1r alapdarab, amelyet fel vagy le lehet \u00f6lt\u00f6ztetni.<\/li>\n<li data-sourcepos=\"6:1-6:60\"><strong>Sokoldal\u00fa:<\/strong> T\u00f6k\u00e9letes es\u0151s \u00e9s napos napokra egyar\u00e1nt.<\/li>\n<li data-sourcepos=\"7:1-8:0\"><strong>St\u00edlusos:<\/strong> V\u00e1lasszon a k\u00fcl\u00f6nb\u00f6z\u0151 sz\u00ednek \u00e9s st\u00edlusok k\u00f6z\u00fcl, hogy megfeleljen szem\u00e9lyes \u00edzl\u00e9s\u00e9nek.<\/li>\n<\/ul>\n<\/li>\n<\/ul>\n<div class=\"attachment-container search-images\">\n<div class=\"image-container hide-from-message-actions ng-star-inserted\"><strong style=\"color: #555555; font-size: 14.4px;\">2. Farmerdzseki:<\/strong><\/div>\n<\/div>\n<ul data-sourcepos=\"13:1-16:0\">\n<li style=\"list-style-type: none;\">\n<ul data-sourcepos=\"13:1-16:0\">\n<li data-sourcepos=\"13:1-13:91\"><strong>Laza \u00e9s laza:<\/strong> A farmerdzseki nagyszer\u0171 m\u00f3dja annak, hogy egy kis \u00e9less\u00e9get adj az \u00f6lt\u00f6z\u00e9kednek.<\/li>\n<li data-sourcepos=\"14:1-14:65\"><strong>Sokoldal\u00fa:<\/strong> P\u00e1ros\u00edthat\u00f3 farmerrel, ruh\u00e1val vagy szokny\u00e1val.<\/li>\n<li data-sourcepos=\"15:1-16:0\"><strong>K\u00e9nyelmes:<\/strong> A farmer tart\u00f3s \u00e9s k\u00e9nyelmes anyag.<\/li>\n<\/ul>\n<\/li>\n<\/ul>\n<div class=\"attachment-container search-images\">\n<div class=\"image-container hide-from-message-actions ng-star-inserted\">\n<div class=\"caption ellipsis gds-label-m-alt ng-star-inserted\" aria-hidden=\"true\"><strong style=\"color: #555555; font-size: 14.4px;\">3.Spring Coats For Ladies Blazer:<\/strong><\/div>\n<\/div>\n<\/div>\n<ul data-sourcepos=\"21:1-24:0\">\n<li style=\"list-style-type: none;\">\n<ul data-sourcepos=\"21:1-24:0\">\n<li data-sourcepos=\"21:1-21:75\"><strong>Eleg\u00e1ns \u00e9s kifinomult:<\/strong> Egy bl\u00e9zer nagyszer\u0171 m\u00f3dja annak, hogy feldobja megjelen\u00e9s\u00e9t.<\/li>\n<li data-sourcepos=\"22:1-22:80\"><strong>Sokoldal\u00fa:<\/strong> Viselhet\u0151 munk\u00e1ba, vacsor\u00e1zni, vagy egy h\u00e9tv\u00e9gi alkalmi h\u00e9tv\u00e9g\u00e9n.<\/li>\n<li data-sourcepos=\"23:1-24:0\"><strong>St\u00edlusos:<\/strong> V\u00e1lasszon a k\u00fcl\u00f6nb\u00f6z\u0151 sz\u00ednek, mint\u00e1k \u00e9s st\u00edlusok k\u00f6z\u00fcl.<\/li>\n<\/ul>\n<\/li>\n<\/ul>\n<div class=\"attachment-container search-images\">\n<div class=\"image-container hide-from-message-actions ng-star-inserted\">\n<div class=\"caption ellipsis gds-label-m-alt ng-star-inserted\" aria-hidden=\"true\"><strong style=\"color: #555555; font-size: 14.4px;\">4. Tavaszi kab\u00e1tok n\u0151i b\u0151rdzseki:<\/strong><\/div>\n<\/div>\n<\/div>\n<ul data-sourcepos=\"29:1-32:0\">\n<li style=\"list-style-type: none;\">\n<ul data-sourcepos=\"29:1-32:0\">\n<li data-sourcepos=\"29:1-29:89\"><strong>Eleg\u00e1ns \u00e9s vag\u00e1ny:<\/strong> A b\u0151rdzseki remek m\u00f3dja annak, hogy egy kis tart\u00e1st adj az \u00f6lt\u00f6z\u00e9kedhez.<\/li>\n<li data-sourcepos=\"30:1-30:46\"><strong>Sokoldal\u00fa:<\/strong> Fel vagy le lehet \u00f6lt\u00f6ztetni.<\/li>\n<li data-sourcepos=\"31:1-32:0\"><strong>St\u00edlusos:<\/strong> V\u00e1lasszon a k\u00fcl\u00f6nb\u00f6z\u0151 sz\u00ednek \u00e9s st\u00edlusok k\u00f6z\u00fcl.<\/li>\n<\/ul>\n<\/li>\n<\/ul>\n<div class=\"attachment-container search-images\">\n<div class=\"image-container hide-from-message-actions ng-star-inserted\">\n<div class=\"caption ellipsis gds-label-m-alt ng-star-inserted\" aria-hidden=\"true\"><strong style=\"color: #555555; font-size: 14.4px;\">5. Puffer dzseki:<\/strong><\/div>\n<\/div>\n<\/div>\n<ul data-sourcepos=\"37:1-40:0\">\n<li style=\"list-style-type: none;\">\n<ul data-sourcepos=\"37:1-40:0\">\n<li data-sourcepos=\"37:1-37:87\"><strong>Meleg \u00e9s otthonos:<\/strong> A pufferdzseki remek m\u00f3dja annak, hogy a h\u0171v\u00f6s tavaszi napokon melegen maradjon.<\/li>\n<li data-sourcepos=\"38:1-38:66\"><strong>Sokoldal\u00fa:<\/strong> P\u00e1ros\u00edthat\u00f3 farmerrel, leggingsszel vagy szokny\u00e1val.<\/li>\n<li data-sourcepos=\"39:1-40:0\"><strong>St\u00edlusos:<\/strong> V\u00e1lasszon a k\u00fcl\u00f6nb\u00f6z\u0151 sz\u00ednek \u00e9s st\u00edlusok k\u00f6z\u00fcl.<\/li>\n<\/ul>\n<\/li>\n<\/ul>\n<div class=\"attachment-container search-images\"><\/div>\n<p data-sourcepos=\"43:1-43:46\"><strong>Tippek a t\u00f6k\u00e9letes tavaszi kab\u00e1t kiv\u00e1laszt\u00e1s\u00e1hoz:<\/strong><\/p>\n<ul data-sourcepos=\"45:1-49:0\">\n<li data-sourcepos=\"45:1-45:184\"><strong>Vegye figyelembe az \u00e9ghajlatot:<\/strong> Ha meleg \u00e9ghajlaton \u00e9l, \u00e9rdemes k\u00f6nnyebb kab\u00e1tot v\u00e1lasztania. Ha hidegebb \u00e9ghajlaton \u00e9l, \u00e9rdemes nehezebb s\u00faly\u00fa kab\u00e1tot v\u00e1lasztania.<\/li>\n<li data-sourcepos=\"46:1-46:188\"><strong>Gondoljon az \u00e9letm\u00f3dj\u00e1ra:<\/strong> Ha akt\u00edvan mozogsz, \u00e9rdemes olyan kab\u00e1tot v\u00e1lasztanod, amelyben k\u00f6nny\u0171 mozogni. Ha professzion\u00e1lis k\u00f6rnyezetben dolgozik, tal\u00e1n egy form\u00e1lisabb kab\u00e1tot szeretne v\u00e1lasztani.<\/li>\n<li data-sourcepos=\"47:1-47:87\"><strong>V\u00e1lasszon egy olyan sz\u00ednt, amelyet szeret:<\/strong> Nagyobb val\u00f3sz\u00edn\u0171s\u00e9ggel viselsz majd olyan kab\u00e1tot, amelyet szeretsz.<\/li>\n<li data-sourcepos=\"48:1-49:0\"><strong>Vegye figyelembe az illeszked\u00e9st:<\/strong> Egy j\u00f3l illeszked\u0151 kab\u00e1t j\u00f3l n\u00e9z ki \u00e9s j\u00f3l \u00e9rzi mag\u00e1t.<\/li>\n<\/ul>\n<p data-sourcepos=\"50:1-50:202\">Nem sz\u00e1m\u00edt, milyen a st\u00edlusod, van egy t\u00f6k\u00e9letes tavaszi kab\u00e1t a sz\u00e1modra. Annyi nagyszer\u0171 lehet\u0151s\u00e9g k\u00f6z\u00fcl v\u00e1laszthatsz, hogy biztosan megtal\u00e1lod a t\u00f6k\u00e9letes kab\u00e1tot, amely az eg\u00e9sz szezonban melegen \u00e9s st\u00edlusosan tart.<\/p>","protected":false},"excerpt":{"rendered":"<table style=\"height: 611px;\" width=\"429\">\n<tbody>\n<tr>\n<td width=\"146\"><strong><b>Term\u00e9k<\/b><\/strong>\u00a0<strong><b>N\u00e9v:<\/b><\/strong><\/td>\n<td width=\"601\"><strong>Tavaszi kab\u00e1tok h\u00f6lgyeknek<\/strong><\/td>\n<\/tr>\n<tr>\n<td width=\"146\"><strong><b>Materlal:<\/b><\/strong><\/td>\n<td width=\"601\">K\u00f6t\u00e9s<\/td>\n<\/tr>\n<tr>\n<td width=\"146\"><strong><b>Technika:<\/b><\/strong><\/td>\n<td width=\"601\">H\u00edmzett<\/td>\n<\/tr>\n<tr>\n<td width=\"146\"><strong><b>St\u00edlus:<\/b><\/strong><\/td>\n<td width=\"601\">Alkalmi<\/td>\n<\/tr>\n<tr>\n<td width=\"146\"><strong><b>Sz\u00ednes<\/b><\/strong><strong><b>:<\/b><\/strong><\/td>\n<td width=\"601\">\u00a0Egyedi sz\u00ednek<\/td>\n<\/tr>\n<tr>\n<td width=\"146\"><strong><b>M\u00e9ret:<\/b><\/strong><\/td>\n<td width=\"601\">S \/M \/L \/XL \/2XL<\/td>\n<\/tr>\n<tr>\n<td width=\"146\"><strong><b>OEM\/ODM:<\/b><\/strong><\/td>\n<td width=\"601\">Elfogadhat\u00f3<\/td>\n<\/tr>\n<tr>\n<td width=\"146\"><strong><b>Min\u0151s\u00e9g:<\/b><\/strong><\/td>\n<td width=\"601\">100% Kiv\u00e1l\u00f3 min\u0151s\u00e9g<\/td>\n<\/tr>\n<tr>\n<td width=\"146\"><strong><b>M<\/b><\/strong><strong><b>OQ:<\/b><\/strong><\/td>\n<td width=\"601\">200 db<\/td>\n<\/tr>\n<\/tbody>\n<\/table>","protected":false},"featured_media":2075,"template":"","meta":[],"product_brand":[],"product_cat":[39],"product_tag":[],"class_list":{"0":"post-2066","1":"product","2":"type-product","3":"status-publish","4":"has-post-thumbnail","6":"product_cat-womens-clothing","8":"first","9":"instock","10":"shipping-taxable","11":"product-type-simple"},"_links":{"self":[{"href":"https:\/\/mj-clothing.com\/hu\/wp-json\/wp\/v2\/product\/2066","targetHints":{"allow":["GET"]}}],"collection":[{"href":"https:\/\/mj-clothing.com\/hu\/wp-json\/wp\/v2\/product"}],"about":[{"href":"https:\/\/mj-clothing.com\/hu\/wp-json\/wp\/v2\/types\/product"}],"wp:featuredmedia":[{"embeddable":true,"href":"https:\/\/mj-clothing.com\/hu\/wp-json\/wp\/v2\/media\/2075"}],"wp:attachment":[{"href":"https:\/\/mj-clothing.com\/hu\/wp-json\/wp\/v2\/media?parent=2066"}],"wp:term":[{"taxonomy":"product_brand","embeddable":true,"href":"https:\/\/mj-clothing.com\/hu\/wp-json\/wp\/v2\/product_brand?post=2066"},{"taxonomy":"product_cat","embeddable":true,"href":"https:\/\/mj-clothing.com\/hu\/wp-json\/wp\/v2\/product_cat?post=2066"},{"taxonomy":"product_tag","embeddable":true,"href":"https:\/\/mj-clothing.com\/hu\/wp-json\/wp\/v2\/product_tag?post=2066"}],"curies":[{"name":"wp","href":"https:\/\/api.w.org\/{rel}","templated":true}]}}