{"id":2078,"date":"2024-12-19T03:32:27","date_gmt":"2024-12-19T03:32:27","guid":{"rendered":"https:\/\/mj-clothing.com\/?post_type=product&#038;p=2078"},"modified":"2024-12-19T03:32:27","modified_gmt":"2024-12-19T03:32:27","slug":"womens-winter-coats","status":"publish","type":"product","link":"https:\/\/mj-clothing.com\/hu\/manufacturer\/womens-winter-coats\/","title":{"rendered":"N\u0151i t\u00e9li kab\u00e1tok"},"content":{"rendered":"<p data-sourcepos=\"1:1-1:131\">A n\u0151i t\u00e9likab\u00e1tok elengedhetetlenek ahhoz, hogy a hidegebb h\u00f3napokban meleg \u00e9s st\u00edlusos maradjon. \u00cdme n\u00e9h\u00e1ny n\u00e9pszer\u0171 st\u00edlus:<\/p>\n<h3 data-sourcepos=\"3:1-3:19\"><strong>1. N\u0151i t\u00e9likab\u00e1tok:<\/strong><\/h3>\n<ul data-sourcepos=\"5:1-8:0\">\n<li style=\"list-style-type: none;\">\n<ul data-sourcepos=\"5:1-8:0\">\n<li data-sourcepos=\"5:1-5:113\"><strong>Meleg \u00e9s otthonos:<\/strong> A puffer kab\u00e1tok kiv\u00e1l\u00f3 szigetel\u00e9s\u00fckr\u0151l ismertek, \u00edgy t\u00f6k\u00e9letesek a hideg id\u0151ben.<\/li>\n<li data-sourcepos=\"6:1-6:96\"><strong>Sokoldal\u00fa:<\/strong> K\u00fcl\u00f6nb\u00f6z\u0151 hossz\u00fas\u00e1gban, st\u00edlusban \u00e9s sz\u00ednben kaphat\u00f3k, hogy megfeleljenek a k\u00fcl\u00f6nb\u00f6z\u0151 preferenci\u00e1knak.<\/li>\n<li data-sourcepos=\"7:1-8:0\"><strong>Funkcion\u00e1lis:<\/strong> Sok pufferkab\u00e1t kapucnival, zsebekkel \u00e9s egy\u00e9b praktikus r\u00e9szletekkel rendelkezik.<\/li>\n<\/ul>\n<\/li>\n<\/ul>\n<div class=\"attachment-container search-images\"><\/div>\n<h3 data-sourcepos=\"11:1-11:17\"><strong>2. Gyapj\u00fa n\u0151i t\u00e9likab\u00e1tok:<\/strong><\/h3>\n<ul data-sourcepos=\"13:1-16:0\">\n<li style=\"list-style-type: none;\">\n<ul data-sourcepos=\"13:1-16:0\">\n<li data-sourcepos=\"13:1-13:85\"><strong>Eleg\u00e1ns \u00e9s id\u0151tlen:<\/strong> A gyapj\u00fakab\u00e1tok klasszikus v\u00e1laszt\u00e1s a kifinomult megjelen\u00e9shez.<\/li>\n<li data-sourcepos=\"14:1-14:95\"><strong>Meleg \u00e9s tart\u00f3s:<\/strong> A gyapj\u00fa term\u00e9szetes szigetel\u0151anyag, amely ellen\u00e1ll a zord t\u00e9li k\u00f6r\u00fclm\u00e9nyeknek.<\/li>\n<li data-sourcepos=\"15:1-16:0\"><strong>Sokoldal\u00fa:<\/strong> A gyapj\u00fakab\u00e1tokat alkalomt\u00f3l f\u00fcgg\u0151en lehet fel- vagy le\u00f6lt\u00f6ztetni.<\/li>\n<\/ul>\n<\/li>\n<\/ul>\n<div class=\"attachment-container search-images\">\n<div class=\"image-container hide-from-message-actions ng-star-inserted\">\n<h3 class=\"caption ellipsis gds-label-m-alt ng-star-inserted\" aria-hidden=\"true\"><strong style=\"color: #555555; font-size: 14.4px;\">3. Parka kab\u00e1t:<\/strong><\/h3>\n<\/div>\n<\/div>\n<ul data-sourcepos=\"21:1-24:0\">\n<li style=\"list-style-type: none;\">\n<ul data-sourcepos=\"21:1-24:0\">\n<li data-sourcepos=\"21:1-21:88\"><strong>Meleg \u00e9s v\u00e9d\u0151:<\/strong> A park\u00e1kat \u00fagy tervezt\u00e9k, hogy extr\u00e9m hideg id\u0151ben is melegen tarts\u00e1k \u00d6nt.<\/li>\n<li data-sourcepos=\"22:1-22:75\"><strong>Funkcion\u00e1lis:<\/strong> Gyakran rendelkeznek kapucnival, sz\u0151rmeberak\u00e1ssal \u00e9s t\u00f6bb zsebbel.<\/li>\n<li data-sourcepos=\"23:1-24:0\"><strong>St\u00edlusos:<\/strong> A park\u00e1k st\u00edlusosak \u00e9s divatosak lehetnek, k\u00fcl\u00f6n\u00f6sen a modern mint\u00e1k \u00e9s sz\u00ednek eset\u00e9ben.<\/li>\n<\/ul>\n<\/li>\n<\/ul>\n<div class=\"attachment-container search-images\">\n<div class=\"image-container hide-from-message-actions ng-star-inserted\">\n<h3 class=\"caption ellipsis gds-label-m-alt ng-star-inserted\" aria-hidden=\"true\"><strong style=\"color: #555555; font-size: 14.4px;\">4. Peacoat n\u0151i t\u00e9likab\u00e1tok:<\/strong><\/h3>\n<\/div>\n<\/div>\n<ul data-sourcepos=\"29:1-32:0\">\n<li style=\"list-style-type: none;\">\n<ul data-sourcepos=\"29:1-32:0\">\n<li data-sourcepos=\"29:1-29:83\"><strong>Klasszikus \u00e9s tengeri:<\/strong> A peac\u00f3k id\u0151tlen st\u00edlus\u00faak, tenger\u00e9szeti \u00f6r\u00f6ks\u00e9ggel.<\/li>\n<li data-sourcepos=\"30:1-30:102\"><strong>Meleg \u00e9s st\u00edlusos:<\/strong> Vastag, meleg gyapj\u00fab\u00f3l k\u00e9sz\u00fclnek, \u00e9s el\u00f6l gyakran dupla mellv\u00e9rtes.<\/li>\n<li data-sourcepos=\"31:1-32:0\"><strong>Sokoldal\u00fa:<\/strong> A kab\u00e1tokat alkalomt\u00f3l f\u00fcgg\u0151en lehet fel- vagy le\u00f6lt\u00f6ztetni.<\/li>\n<\/ul>\n<\/li>\n<\/ul>\n<div class=\"attachment-container search-images\">\n<div class=\"image-container hide-from-message-actions ng-star-inserted\">\n<div class=\"caption ellipsis gds-label-m-alt ng-star-inserted\" aria-hidden=\"true\"><strong style=\"color: #555555; font-size: 14.4px;\">5. B\u0151rkab\u00e1t:<\/strong><\/div>\n<\/div>\n<\/div>\n<ul data-sourcepos=\"37:1-40:0\">\n<li style=\"list-style-type: none;\">\n<ul data-sourcepos=\"37:1-40:0\">\n<li data-sourcepos=\"37:1-37:72\"><strong>Eleg\u00e1ns \u00e9s eleg\u00e1ns:<\/strong> A b\u0151rkab\u00e1tok b\u00e1rmilyen \u00f6lt\u00f6z\u00e9khez adnak egy kis \u00e9less\u00e9get.<\/li>\n<li data-sourcepos=\"38:1-38:87\"><strong>Tart\u00f3s \u00e9s id\u0151t\u00e1ll\u00f3:<\/strong> A b\u0151r tart\u00f3s anyag, amely hossz\u00fa \u00e9veken \u00e1t kitart.<\/li>\n<li data-sourcepos=\"39:1-40:0\"><strong>Sokoldal\u00fa:<\/strong> A b\u0151rkab\u00e1tokat st\u00edlust\u00f3l \u00e9s alkalomt\u00f3l f\u00fcgg\u0151en fel lehet \u00f6lt\u00f6ztetni vagy le lehet venni.<\/li>\n<\/ul>\n<\/li>\n<\/ul>\n<div class=\"attachment-container search-images\">\n<div class=\"image-container hide-from-message-actions ng-star-inserted\">\n<div class=\"caption ellipsis gds-label-m-alt ng-star-inserted\" aria-hidden=\"true\"><strong style=\"color: #555555; font-size: 14.4px;\">Tippek a n\u0151i t\u00e9likab\u00e1tok kiv\u00e1laszt\u00e1s\u00e1hoz:<\/strong><\/div>\n<\/div>\n<\/div>\n<ul data-sourcepos=\"45:1-50:0\">\n<li data-sourcepos=\"45:1-45:91\"><strong>Vegye figyelembe az \u00e9ghajlatot:<\/strong> V\u00e1lasszon olyan kab\u00e1tot, amely megfelel az \u00e9ghajlatnak, amelyben \u00e9l.<\/li>\n<li data-sourcepos=\"46:1-46:117\"><strong>Gondoljon az \u00e9letm\u00f3dj\u00e1ra:<\/strong> Vegye figyelembe a napi tev\u00e9kenys\u00e9geit, \u00e9s v\u00e1lasszon olyan kab\u00e1tot, amely praktikus \u00e9s k\u00e9nyelmes.<\/li>\n<li data-sourcepos=\"47:1-47:91\"><strong>Figyeljen az illeszked\u00e9sre:<\/strong> A kab\u00e1tnak j\u00f3l kell illeszkednie, \u00e9s nem szabad t\u00fal szorosnak vagy t\u00fal b\u0151nek lennie.<\/li>\n<li data-sourcepos=\"48:1-48:98\"><strong>V\u00e1lasszon a szem\u00e9lyis\u00e9g\u00e9hez ill\u0151 st\u00edlust:<\/strong> V\u00e1lasszon olyan kab\u00e1tot, amely t\u00fckr\u00f6zi szem\u00e9lyes st\u00edlus\u00e1t.<\/li>\n<li data-sourcepos=\"49:1-50:0\"><strong>Vegy\u00fck figyelembe az anyagokat:<\/strong> Keresse a kiv\u00e1l\u00f3 min\u0151s\u00e9g\u0171 anyagokat, amelyek melegen \u00e9s sz\u00e1razon tartj\u00e1k \u00d6nt.<\/li>\n<\/ul>\n<p data-sourcepos=\"51:1-51:149\">A sokf\u00e9le st\u00edlus \u00e9s anyag k\u00f6z\u00fcl v\u00e1laszthatsz, \u00edgy biztosan megtal\u00e1lod a t\u00f6k\u00e9letes t\u00e9likab\u00e1tot, amely eg\u00e9sz szezonban melegen \u00e9s st\u00edlusosan tart.<\/p>","protected":false},"excerpt":{"rendered":"<table style=\"height: 500px;\" width=\"479\">\n<tbody>\n<tr>\n<td width=\"146\"><strong><b>Term\u00e9k<\/b><\/strong>\u00a0<strong><b>N\u00e9v:<\/b><\/strong><\/td>\n<td width=\"601\"><strong>N\u0151i t\u00e9li kab\u00e1tok<\/strong><\/td>\n<\/tr>\n<tr>\n<td width=\"146\"><strong><b>Materlal:<\/b><\/strong><\/td>\n<td width=\"601\">K\u00f6t\u00e9s<\/td>\n<\/tr>\n<tr>\n<td width=\"146\"><strong><b>Technika:<\/b><\/strong><\/td>\n<td width=\"601\">H\u00edmzett<\/td>\n<\/tr>\n<tr>\n<td width=\"146\"><strong><b>St\u00edlus:<\/b><\/strong><\/td>\n<td width=\"601\">Alkalmi<\/td>\n<\/tr>\n<tr>\n<td width=\"146\"><strong><b>Sz\u00ednes<\/b><\/strong><strong><b>:<\/b><\/strong><\/td>\n<td width=\"601\">\u00a0Egyedi sz\u00ednek<\/td>\n<\/tr>\n<tr>\n<td width=\"146\"><strong><b>M\u00e9ret:<\/b><\/strong><\/td>\n<td width=\"601\">S \/M \/L \/XL \/2XL<\/td>\n<\/tr>\n<tr>\n<td width=\"146\"><strong><b>OEM\/ODM:<\/b><\/strong><\/td>\n<td width=\"601\">Elfogadhat\u00f3<\/td>\n<\/tr>\n<tr>\n<td width=\"146\"><strong><b>Min\u0151s\u00e9g:<\/b><\/strong><\/td>\n<td width=\"601\">100% Kiv\u00e1l\u00f3 min\u0151s\u00e9g<\/td>\n<\/tr>\n<tr>\n<td width=\"146\"><strong><b>M<\/b><\/strong><strong><b>OQ:<\/b><\/strong><\/td>\n<td width=\"601\">200 db<\/td>\n<\/tr>\n<\/tbody>\n<\/table>","protected":false},"featured_media":2079,"template":"","meta":[],"product_brand":[],"product_cat":[39],"product_tag":[],"class_list":{"0":"post-2078","1":"product","2":"type-product","3":"status-publish","4":"has-post-thumbnail","6":"product_cat-womens-clothing","8":"first","9":"instock","10":"shipping-taxable","11":"product-type-simple"},"_links":{"self":[{"href":"https:\/\/mj-clothing.com\/hu\/wp-json\/wp\/v2\/product\/2078","targetHints":{"allow":["GET"]}}],"collection":[{"href":"https:\/\/mj-clothing.com\/hu\/wp-json\/wp\/v2\/product"}],"about":[{"href":"https:\/\/mj-clothing.com\/hu\/wp-json\/wp\/v2\/types\/product"}],"wp:featuredmedia":[{"embeddable":true,"href":"https:\/\/mj-clothing.com\/hu\/wp-json\/wp\/v2\/media\/2079"}],"wp:attachment":[{"href":"https:\/\/mj-clothing.com\/hu\/wp-json\/wp\/v2\/media?parent=2078"}],"wp:term":[{"taxonomy":"product_brand","embeddable":true,"href":"https:\/\/mj-clothing.com\/hu\/wp-json\/wp\/v2\/product_brand?post=2078"},{"taxonomy":"product_cat","embeddable":true,"href":"https:\/\/mj-clothing.com\/hu\/wp-json\/wp\/v2\/product_cat?post=2078"},{"taxonomy":"product_tag","embeddable":true,"href":"https:\/\/mj-clothing.com\/hu\/wp-json\/wp\/v2\/product_tag?post=2078"}],"curies":[{"name":"wp","href":"https:\/\/api.w.org\/{rel}","templated":true}]}}