{"id":1630,"date":"2024-12-12T01:46:18","date_gmt":"2024-12-12T01:46:18","guid":{"rendered":"https:\/\/mj-clothing.com\/?post_type=product&#038;p=1630"},"modified":"2024-12-17T07:22:20","modified_gmt":"2024-12-17T07:22:20","slug":"mens-long-sleeve-shirt","status":"publish","type":"product","link":"https:\/\/mj-clothing.com\/lt\/manufacturer\/mens-long-sleeve-shirt\/","title":{"rendered":"Vyri\u0161ki mar\u0161kiniai ilgomis rankov\u0117mis"},"content":{"rendered":"<p><span class=\"citation-0 recitation citation-end-0\">Vyri\u0161ki mar\u0161kiniai ilgomis rankov\u0117mis yra universalus drabu\u017eis, kur\u012f galima d\u0117v\u0117ti ir vilk\u0117ti, priklausomai nuo progos ir audinio.<\/span> Tai pagrindinis garderobo elementas, kur\u012f tur\u0117t\u0173 tur\u0117ti kiekvienas vyras.<\/p>\n<h3 data-sourcepos=\"5:1-5:38\"><strong>Vyri\u0161k\u0173 mar\u0161kini\u0173 ilgomis rankov\u0117mis tipai:<\/strong><\/h3>\n<ul data-sourcepos=\"7:1-15:0\">\n<li data-sourcepos=\"7:1-8:30\"><strong><span class=\"citation-1 recitation\">Flanel\u0117:<\/span><\/strong><span class=\"citation-1 recitation citation-end-1\"> Klasikinis pasirinkimas rudeniui ir \u017eiemai - flaneliniai mar\u0161kiniai pagaminti i\u0161 mink\u0161to ir \u0161ilto audinio, kuris puikiai tinka sluoksniavimui.<\/span>\n<div class=\"container\"><\/div>\n<p><span class=\"citation-2 recitation citation-end-2\">J\u0173 b\u016bna \u012fvairi\u0173 ra\u0161t\u0173 - nuo languot\u0173 iki vienspalvi\u0173.<\/span><\/li>\n<li data-sourcepos=\"7:1-8:30\"><strong>Oksfordas:<\/strong> Mar\u0161kiniai, pasi\u016bti i\u0161 tankiai austo medvilninio audinio. <span class=\"citation-3 recitation citation-end-3\">Oksfordo mar\u0161kiniai da\u017enai d\u0117vimi verslo aplinkoje, ta\u010diau juos galima d\u0117v\u0117ti ir laisvalaikiu.<\/span>\n<div class=\"container\"><\/div>\n<\/li>\n<li data-sourcepos=\"7:1-8:30\"><strong>\u0160ambrai:<\/strong> <span class=\"citation-4 recitation citation-end-4\">Lengvi, laisvalaikio mar\u0161kiniai, pasi\u016bti i\u0161 medvilninio audinio, pana\u0161aus \u012f d\u017einsin\u012f.<\/span> \u0160ambrajaus mar\u0161kiniai puikiai tinka pavasariui ir vasarai.<\/li>\n<li data-sourcepos=\"7:1-8:30\"><strong><span class=\"citation-5 recitation\">Mar\u0161kin\u0117liai:<\/span><\/strong><span class=\"citation-5 recitation citation-end-5\"> Pagrindiniai, universal\u016bs mar\u0161kiniai, kuriuos galima d\u0117v\u0117ti vienus arba sluoksniuoti po kitais drabu\u017eiais.<\/span>\n<div class=\"container\"><span style=\"font-size: 14.4px;\">Mar\u0161kin\u0117liai ilgomis rankov\u0117mis puikiai tinka v\u0117sesniam orui.<\/span><\/div>\n<\/li>\n<li data-sourcepos=\"7:1-8:30\">\n<p data-sourcepos=\"16:1-16:43\"><strong>Kaip stilizuoti vyri\u0161kus mar\u0161kinius ilgomis rankov\u0117mis:<\/strong><\/p>\n<ul data-sourcepos=\"18:1-21:0\">\n<li data-sourcepos=\"18:1-18:110\"><strong><span class=\"citation-6 recitation\">Pasipuo\u0161kite:<\/span><\/strong><span class=\"citation-6 recitation citation-end-6\"> Oksfordo mar\u0161kinius ilgomis rankov\u0117mis derinkite su kaklarai\u0161\u010diu ir suknel\u0117s keln\u0117mis, kad atrodytum\u0117te oficialiai.<\/span><\/li>\n<li data-sourcepos=\"18:1-18:110\"><strong style=\"font-size: 14.4px;\"><span class=\"citation-7 recitation\">Puo\u0161kite j\u012f \u017eemesne spalva:<\/span><\/strong><span class=\"citation-7 recitation citation-end-7\" style=\"font-size: 14.4px;\"> Flanelinius mar\u0161kinius d\u0117v\u0117kite su d\u017einsais ir batais, kad atrodytum\u0117te ne\u012fpareigojan\u010diai ir tvirtai.<\/span><\/li>\n<li data-sourcepos=\"18:1-18:110\"><strong>Sluoksniuokite:<\/strong> Kad b\u016bt\u0173 \u0161il\u010diau, po flaneliniais mar\u0161kiniais ar megztiniu vilk\u0117kite mar\u0161kin\u0117lius ilgomis rankov\u0117mis.<\/li>\n<li data-sourcepos=\"18:1-18:110\">\n<p data-sourcepos=\"22:1-22:46\"><strong>Patarimai perkant vyri\u0161kus mar\u0161kinius ilgomis rankov\u0117mis:<\/strong><\/p>\n<ul data-sourcepos=\"24:1-27:0\">\n<li data-sourcepos=\"24:1-24:95\"><strong>Atsi\u017evelkite \u012f audin\u012f:<\/strong> Pasirinkite sezonui ir progai tinkam\u0105 audin\u012f.<\/li>\n<li data-sourcepos=\"25:1-25:126\"><strong>Atkreipkite d\u0117mes\u012f \u012f tinkamum\u0105:<\/strong> Mar\u0161kiniai tur\u0117t\u0173 gerai priglusti prie pe\u010di\u0173 ir kr\u016btin\u0117s, b\u016bti pakankamai ilgi, kad juos b\u016bt\u0173 galima u\u017esivilkti.<\/li>\n<li data-sourcepos=\"26:1-27:0\"><strong>Patikrinkite apykakl\u0119:<\/strong> Apykakl\u0117 turi priglusti prie kaklo ir neturi b\u016bti per daug prigludusi ar per daug laisva.<\/li>\n<\/ul>\n<\/li>\n<\/ul>\n<\/li>\n<\/ul>","protected":false},"excerpt":{"rendered":"<table style=\"height: 593px;\" width=\"513\">\n<tbody>\n<tr>\n<td width=\"146\"><strong><b>Produktas<\/b><\/strong>\u00a0<strong><b>Vardas ir pavard\u0117:<\/b><\/strong><\/td>\n<td width=\"601\"><strong>Vyri\u0161ki mar\u0161kiniai ilgomis rankov\u0117mis<\/strong><\/td>\n<\/tr>\n<tr>\n<td width=\"146\"><strong><b>Materlal:<\/b><\/strong><\/td>\n<td width=\"601\">Poliesteris \/ medviln\u0117<\/td>\n<\/tr>\n<tr>\n<td width=\"146\"><strong><b>Technika:<\/b><\/strong><\/td>\n<td width=\"601\">Spausdinimas ir da\u017eymas<\/td>\n<\/tr>\n<tr>\n<td width=\"146\"><strong><b>Stilius:<\/b><\/strong><\/td>\n<td width=\"601\">Atsitiktinis<\/td>\n<\/tr>\n<tr>\n<td width=\"146\"><strong><b>Spalva<\/b><\/strong><strong><b>:<\/b><\/strong><\/td>\n<td width=\"601\">\u00a0Pasirinktin\u0117s spalvos<\/td>\n<\/tr>\n<tr>\n<td width=\"146\"><strong><b>Dydis:<\/b><\/strong><\/td>\n<td width=\"601\">S \/M \/L \/XL \/2XL<\/td>\n<\/tr>\n<tr>\n<td width=\"146\"><strong><b>OEM\/ODM:<\/b><\/strong><\/td>\n<td width=\"601\">Priimtina<\/td>\n<\/tr>\n<tr>\n<td width=\"146\"><strong><b>Kokyb\u0117:<\/b><\/strong><\/td>\n<td width=\"601\">100% Auk\u0161ta kokyb\u0117<\/td>\n<\/tr>\n<tr>\n<td width=\"146\"><strong><b>M<\/b><\/strong><strong><b>OQ:<\/b><\/strong><\/td>\n<td width=\"601\">200 vnt.<\/td>\n<\/tr>\n<\/tbody>\n<\/table>","protected":false},"featured_media":1746,"template":"","meta":[],"product_brand":[],"product_cat":[38],"product_tag":[],"class_list":{"0":"post-1630","1":"product","2":"type-product","3":"status-publish","4":"has-post-thumbnail","6":"product_cat-mens-clothing","8":"first","9":"instock","10":"shipping-taxable","11":"product-type-simple"},"_links":{"self":[{"href":"https:\/\/mj-clothing.com\/lt\/wp-json\/wp\/v2\/product\/1630","targetHints":{"allow":["GET"]}}],"collection":[{"href":"https:\/\/mj-clothing.com\/lt\/wp-json\/wp\/v2\/product"}],"about":[{"href":"https:\/\/mj-clothing.com\/lt\/wp-json\/wp\/v2\/types\/product"}],"wp:featuredmedia":[{"embeddable":true,"href":"https:\/\/mj-clothing.com\/lt\/wp-json\/wp\/v2\/media\/1746"}],"wp:attachment":[{"href":"https:\/\/mj-clothing.com\/lt\/wp-json\/wp\/v2\/media?parent=1630"}],"wp:term":[{"taxonomy":"product_brand","embeddable":true,"href":"https:\/\/mj-clothing.com\/lt\/wp-json\/wp\/v2\/product_brand?post=1630"},{"taxonomy":"product_cat","embeddable":true,"href":"https:\/\/mj-clothing.com\/lt\/wp-json\/wp\/v2\/product_cat?post=1630"},{"taxonomy":"product_tag","embeddable":true,"href":"https:\/\/mj-clothing.com\/lt\/wp-json\/wp\/v2\/product_tag?post=1630"}],"curies":[{"name":"wp","href":"https:\/\/api.w.org\/{rel}","templated":true}]}}