{"id":1639,"date":"2024-12-12T03:09:51","date_gmt":"2024-12-12T03:09:51","guid":{"rendered":"https:\/\/mj-clothing.com\/?post_type=product&#038;p=1639"},"modified":"2024-12-17T07:21:12","modified_gmt":"2024-12-17T07:21:12","slug":"luxury-mens-white-shirt","status":"publish","type":"product","link":"https:\/\/mj-clothing.com\/lt\/manufacturer\/luxury-mens-white-shirt\/","title":{"rendered":"Prabang\u016bs vyri\u0161ki balti mar\u0161kiniai"},"content":{"rendered":"<h2>Prabang\u016bs vyri\u0161ki balti mar\u0161kiniai<\/h2>\n<p><span class=\"citation-0 recitation citation-end-0\">Prabang\u016bs vyri\u0161ki balti mar\u0161kiniai - tai nesenstanti klasika, galinti patobulinti bet kok\u012f garderob\u0105.<\/span>\u0160tai keletas pagrindini\u0173 veiksni\u0173, \u012f kuriuos reik\u0117t\u0173 atsi\u017evelgti renkantis prabangius baltus mar\u0161kinius:<\/p>\n<div id=\"model-response-message-contentr_5dd7d1f0a90fdd28\" class=\"markdown markdown-main-panel response-optimization\" dir=\"ltr\">\n<p data-sourcepos=\"3:1-3:11\"><strong>Audinys:<\/strong><\/p>\n<ul data-sourcepos=\"5:1-12:0\">\n<li data-sourcepos=\"5:1-7:29\"><strong><span class=\"citation-1 recitation\">Daili medviln\u0117:<\/span><\/strong><span class=\"citation-1 recitation citation-end-1\"> Auk\u0161tos kokyb\u0117s medviln\u0117, pavyzd\u017eiui, egiptieti\u0161ka arba Pima medviln\u0117, pasi\u017eymi i\u0161skirtiniu mink\u0161tumu, pralaidumu orui ir patvarumu.<\/span><\/li>\n<li data-sourcepos=\"5:1-7:29\"><strong><span class=\"citation-2 recitation\">\"Sea Island Cotton\":<\/span><\/strong><span class=\"citation-2 recitation citation-end-2\"> \"Sea Island\" medviln\u0117, \u017einoma d\u0117l itin ilg\u0173 pluo\u0161t\u0173, yra vienas prabangiausi\u0173 audini\u0173.<\/span> Jis ne\u012ftik\u0117tinai \u0161velnus, glotnus ir blizgus.<span class=\"button-container hide-from-message-actions ng-star-inserted\">\u00a0<\/span>\n<div class=\"container ng-tns-c3661983433-95 hide\">\n<div class=\"carousel-container ng-tns-c3661983433-95\"><\/div>\n<\/div>\n<div class=\"attachment-container search-images\"><\/div>\n<\/li>\n<li data-sourcepos=\"5:1-7:29\"><strong><span class=\"citation-3 recitation\">Linas:<\/span><\/strong><span class=\"citation-3 recitation citation-end-3\"> Nat\u016bralus, orui laidus audinys puikiai tinka \u0161iltesniam orui.<\/span>Da\u017enai jis b\u016bna \u0161iek tiek tekst\u016bruotas, o jo i\u0161vaizda - atsipalaidavusi ir eleganti\u0161ka.<span class=\"button-container hide-from-message-actions ng-star-inserted\" style=\"font-size: 14.4px;\">\u00a0\u00a0<\/span>\n<div class=\"container ng-tns-c3661983433-95 hide\">\n<div class=\"carousel-container ng-tns-c3661983433-95\"><\/div>\n<\/div>\n<div class=\"attachment-container search-images\"><\/div>\n<\/li>\n<\/ul>\n<p data-sourcepos=\"13:1-13:17\"><strong>Statyba:<\/strong><\/p>\n<ul data-sourcepos=\"15:1-18:0\">\n<li data-sourcepos=\"15:1-15:160\"><strong>Siuvimas:<\/strong> Mar\u0161kiniai turi b\u016bti gerai pasi\u016bti, tiksliai susi\u016bti ir \u0161variai u\u017ebaigti. Atkreipkite d\u0117mes\u012f \u012f tokias detales kaip apykakl\u0117, rankogaliai ir sag\u0173 kilpos.<\/li>\n<li data-sourcepos=\"16:1-16:110\"><strong>Tinka:<\/strong> Norint sukurti prabangi\u0105 i\u0161vaizd\u0105, labai svarbu, kad ji b\u016bt\u0173 tinkama. Gerai priglud\u0119 mar\u0161kiniai tur\u0117t\u0173 glotniai ir patogiai vilk\u0117ti.<\/li>\n<li data-sourcepos=\"17:1-18:0\"><strong>Apykakl\u0117s stilius:<\/strong> Rinkit\u0117s apykakl\u0117s stili\u0173, tinkant\u012f j\u016bs\u0173 veido formai ir asmeniniams pageidavimams. <span class=\"citation-4 recitation citation-end-4\">Populiariausi variantai - klasikin\u0117 apykakl\u0117 su smailia apykakle, u\u017esegama apykakl\u0117 ir i\u0161kirpta apykakl\u0117.<\/span><span class=\"button-container hide-from-message-actions ng-star-inserted\"> \u00a0<\/span>\n<div class=\"container ng-tns-c3661983433-96 hide\">\n<div class=\"carousel-container ng-tns-c3661983433-96\">\n<div class=\"carousel-content ng-tns-c3661983433-96\">\n<div class=\"sources-carousel-source ng-tns-c3661983433-96 hide ng-star-inserted\" data-test-id=\"sources-carousel-source\"><\/div>\n<\/div>\n<\/div>\n<\/div>\n<\/li>\n<\/ul>\n<p data-sourcepos=\"19:1-19:11\"><strong>Dizainas:<\/strong><\/p>\n<ul data-sourcepos=\"21:1-23:0\">\n<li data-sourcepos=\"21:1-21:168\"><strong>Minimalistin\u0117 elegancija:<\/strong> Paprastas, \u0161varus dizainas da\u017enai skleid\u017eia did\u017eiausi\u0105 prabang\u0105. Rinkit\u0117s mar\u0161kinius su subtiliomis detal\u0117mis, pavyzd\u017eiui, perlamutrin\u0117mis sagomis ar subtilia monograma.<\/li>\n<li data-sourcepos=\"22:1-23:0\"><strong>Subtil\u016bs modeliai:<\/strong> Jei pageidaujate ra\u0161to, apsvarstykite galimyb\u0119 rinktis subtil\u0173 dry\u017eel\u012f arba nedidel\u012f languot\u0105 ra\u0161t\u0105.<\/li>\n<\/ul>\n<p data-sourcepos=\"24:1-24:11\"><strong>Prek\u0117s \u017eenklai:<\/strong><\/p>\n<\/div>\n<div class=\"skeleton-loader-container\">\n<p data-sourcepos=\"26:1-26:70\">Keletas prabangi\u0173 preki\u0173 \u017eenkl\u0173 gars\u0117ja savo prabangiais vyri\u0161kais baltais mar\u0161kiniais:<\/p>\n<ul data-sourcepos=\"28:1-36:0\">\n<li data-sourcepos=\"28:1-29:43\"><strong>\"Turnbull &amp; Asser\":<\/strong> <span class=\"citation-5 recitation citation-end-5\">\u017dinomi d\u0117l pagal u\u017esakym\u0105 siuvam\u0173 drabu\u017ei\u0173 ir prabangi\u0173 audini\u0173.<\/span><\/li>\n<li data-sourcepos=\"28:1-29:43\"><strong><span class=\"citation-6 recitation\">Charvet:<\/span><\/strong><span class=\"citation-6 recitation citation-end-6\"> Istorinis pranc\u016bz\u0173 mar\u0161kini\u0173 gamintojas, si\u016blantis i\u0161skirtin\u012f meistri\u0161kum\u0105 ir eleganti\u0161k\u0105 dizain\u0105.<\/span><\/li>\n<li data-sourcepos=\"28:1-29:43\"><strong><span class=\"citation-7 recitation\">Brioni:<\/span><\/strong><span class=\"citation-7 recitation citation-end-7\"> Itali\u0161kas prabangus prek\u0117s \u017eenklas, kurio pagrindinis d\u0117mesys skiriamas puikiam siuvimui ir nepriekai\u0161tingai kokybei.<\/span><\/li>\n<li data-sourcepos=\"28:1-29:43\">\n<div class=\"container\"><strong><span class=\"citation-8 recitation\">\"Kiton\":<\/span><\/strong><span class=\"citation-8 recitation citation-end-8\"> Dar vienas prabangus itali\u0161kas prek\u0117s \u017eenklas, gaminantis vienus geriausi\u0173 mar\u0161kini\u0173 pasaulyje.<\/span><\/div>\n<p><span class=\"button-container hide-from-message-actions ng-star-inserted\"> \u00a0 <\/span><\/li>\n<\/ul>\n<\/div>\n<div class=\"response-footer gap complete\">\n<div class=\"container ng-tns-c3661983433-86\">\n<div class=\"carousel-container ng-tns-c3661983433-86\">\n<div class=\"carousel-content ng-tns-c3661983433-86\">\n<div class=\"sources-carousel-source ng-tns-c3661983433-86 ng-star-inserted\" data-test-id=\"sources-carousel-source\">\n<div class=\"source-card-container\">\n<div class=\"source-card-content\">\n<div class=\"source-card-body\">\n<div class=\"source-card-header\">\n<div class=\"source-card-title\"><\/div>\n<\/div>\n<\/div>\n<\/div>\n<\/div>\n<\/div>\n<\/div>\n<\/div>\n<\/div>\n<\/div>","protected":false},"excerpt":{"rendered":"<table style=\"height: 485px;\" width=\"491\">\n<tbody>\n<tr>\n<td width=\"146\"><strong><b>Produktas<\/b><\/strong>\u00a0<strong><b>Vardas ir pavard\u0117:<\/b><\/strong><\/td>\n<td width=\"601\"><strong>Prabang\u016bs vyri\u0161ki balti mar\u0161kiniai<\/strong><\/td>\n<\/tr>\n<tr>\n<td width=\"146\"><strong><b>Materlal:<\/b><\/strong><\/td>\n<td width=\"601\">Poliesteris \/ medviln\u0117<\/td>\n<\/tr>\n<tr>\n<td width=\"146\"><strong><b>Technika:<\/b><\/strong><\/td>\n<td width=\"601\">Spausdinimas ir da\u017eymas<\/td>\n<\/tr>\n<tr>\n<td width=\"146\"><strong><b>Stilius:<\/b><\/strong><\/td>\n<td width=\"601\">Atsitiktinis<\/td>\n<\/tr>\n<tr>\n<td width=\"146\"><strong><b>Spalva<\/b><\/strong><strong><b>:<\/b><\/strong><\/td>\n<td width=\"601\">\u00a0Pasirinktin\u0117s spalvos<\/td>\n<\/tr>\n<tr>\n<td width=\"146\"><strong><b>Dydis:<\/b><\/strong><\/td>\n<td width=\"601\">S \/M \/L \/XL \/2XL<\/td>\n<\/tr>\n<tr>\n<td width=\"146\"><strong><b>OEM\/ODM:<\/b><\/strong><\/td>\n<td width=\"601\">Priimtina<\/td>\n<\/tr>\n<tr>\n<td width=\"146\"><strong><b>Kokyb\u0117:<\/b><\/strong><\/td>\n<td width=\"601\">100% Auk\u0161ta kokyb\u0117<\/td>\n<\/tr>\n<tr>\n<td width=\"146\"><strong><b>M<\/b><\/strong><strong><b>OQ:<\/b><\/strong><\/td>\n<td width=\"601\">200 vnt.<\/td>\n<\/tr>\n<\/tbody>\n<\/table>","protected":false},"featured_media":1748,"template":"","meta":[],"product_brand":[],"product_cat":[38],"product_tag":[],"class_list":{"0":"post-1639","1":"product","2":"type-product","3":"status-publish","4":"has-post-thumbnail","6":"product_cat-mens-clothing","8":"first","9":"instock","10":"shipping-taxable","11":"product-type-simple"},"_links":{"self":[{"href":"https:\/\/mj-clothing.com\/lt\/wp-json\/wp\/v2\/product\/1639","targetHints":{"allow":["GET"]}}],"collection":[{"href":"https:\/\/mj-clothing.com\/lt\/wp-json\/wp\/v2\/product"}],"about":[{"href":"https:\/\/mj-clothing.com\/lt\/wp-json\/wp\/v2\/types\/product"}],"wp:featuredmedia":[{"embeddable":true,"href":"https:\/\/mj-clothing.com\/lt\/wp-json\/wp\/v2\/media\/1748"}],"wp:attachment":[{"href":"https:\/\/mj-clothing.com\/lt\/wp-json\/wp\/v2\/media?parent=1639"}],"wp:term":[{"taxonomy":"product_brand","embeddable":true,"href":"https:\/\/mj-clothing.com\/lt\/wp-json\/wp\/v2\/product_brand?post=1639"},{"taxonomy":"product_cat","embeddable":true,"href":"https:\/\/mj-clothing.com\/lt\/wp-json\/wp\/v2\/product_cat?post=1639"},{"taxonomy":"product_tag","embeddable":true,"href":"https:\/\/mj-clothing.com\/lt\/wp-json\/wp\/v2\/product_tag?post=1639"}],"curies":[{"name":"wp","href":"https:\/\/api.w.org\/{rel}","templated":true}]}}