{"id":1662,"date":"2024-12-12T03:40:11","date_gmt":"2024-12-12T03:40:11","guid":{"rendered":"https:\/\/mj-clothing.com\/?post_type=product&#038;p=1662"},"modified":"2024-12-17T07:20:07","modified_gmt":"2024-12-17T07:20:07","slug":"mens-lounge-shirts","status":"publish","type":"product","link":"https:\/\/mj-clothing.com\/lt\/manufacturer\/mens-lounge-shirts\/","title":{"rendered":"Vyri\u0161ki poilsio mar\u0161kiniai"},"content":{"rendered":"<div class=\"user-query-container ng-star-inserted\">\n<div id=\"user-query-content-5\" class=\"query-content\">\n<div class=\"query-text ng-star-inserted\" dir=\"ltr\" role=\"heading\" aria-level=\"2\">\n<h2 class=\"query-text-line ng-star-inserted\">Vyri\u0161ki poilsio mar\u0161kiniai<\/h2>\n<\/div>\n<\/div>\n<div class=\"button-gutter\"><span class=\"citation-0 recitation citation-end-0\" style=\"font-size: 14.4px; color: #555555;\">Vyri\u0161ki laisvalaikio mar\u0161kiniai - tai patogus ir stilingas drabu\u017eis, skirtas poilsiui ir laisvalaikiui.<\/span><span style=\"font-size: 14.4px; color: #555555;\"> Ji puikiai tinka ils\u0117tis namuose, tvarkyti reikalus ar tiesiog m\u0117gautis laisvalaikiu.<\/span><\/div>\n<div>\n<p data-sourcepos=\"3:1-3:61\">\u0160tai kelios pagrindin\u0117s vyri\u0161k\u0173 poilsio mar\u0161kini\u0173 savyb\u0117s ir stiliai:<\/p>\n<p data-sourcepos=\"5:1-5:17\"><strong>Pagrindin\u0117s savyb\u0117s:<\/strong><\/p>\n<ul data-sourcepos=\"7:1-10:0\">\n<li data-sourcepos=\"7:1-7:123\"><strong><span class=\"citation-1 recitation\">Patogumas:<\/span><\/strong><span class=\"citation-1 recitation citation-end-1\"> Laisvalaikio mar\u0161kiniai paprastai gaminami i\u0161 mink\u0161t\u0173, orui laid\u017ei\u0173 audini\u0173, pavyzd\u017eiui, medviln\u0117s, flanel\u0117s ar trikota\u017eo.<\/span><\/li>\n<li data-sourcepos=\"7:1-7:123\"><strong>Atpalaiduojan\u010dio kirpimo:<\/strong> Da\u017enai jie b\u016bna laisvo arba per didelio dyd\u017eio, kad b\u016bt\u0173 kuo patogesni.<\/li>\n<li data-sourcepos=\"7:1-7:123\"><strong>Laisvalaikio stilius:<\/strong> Laisvalaikio mar\u0161kiniai yra \u012fvairi\u0173 laisvalaikio stili\u0173, \u012fskaitant vienspalvius, dry\u017euotus ir ra\u0161tuotus.\n<p data-sourcepos=\"11:1-11:19\"><strong>Populiariausi stiliai:<\/strong><\/p>\n<\/li>\n<li data-sourcepos=\"7:1-7:123\">\n<p data-sourcepos=\"11:1-11:19\"><strong style=\"color: #333333; font-size: 14.4px;\">Flaneliniai mar\u0161kiniai:<\/strong><span style=\"color: #333333; font-size: 14.4px;\"> Flaneliniai mar\u0161kiniai - klasikinis \u0161altesnio oro pasirinkimas, puikiai tinkantis jaukiai \u012fsitaisyti ant sofos.<\/span><\/p>\n<\/li>\n<li data-sourcepos=\"7:1-7:123\"><strong><span class=\"citation-2 recitation\">Oksfordo mar\u0161kiniai:<\/span><\/strong><span class=\"citation-2 recitation citation-end-2\"> Oksfordo mar\u0161kinius galima d\u0117v\u0117ti tiek su puo\u0161nesniais, tiek su trumpesniais drabu\u017eiais.<\/span><\/li>\n<li data-sourcepos=\"7:1-7:123\"><strong><span class=\"citation-3 recitation\">Mar\u0161kin\u0117liai su mar\u0161kin\u0117liais:<\/span><\/strong><span class=\"citation-3 recitation citation-end-3\"> Mink\u0161ti ir elastingi mar\u0161kin\u0117liai i\u0161 trikota\u017eo idealiai tinka ils\u0117tis namuose.<sup class=\"superscript visible\" data-turn-source-index=\"4\">\u00a0<\/sup><\/span><\/li>\n<li data-sourcepos=\"7:1-7:123\"><strong><span class=\"citation-4 recitation\">Henley mar\u0161kin\u0117liai:<\/span><\/strong><span class=\"citation-4 recitation citation-end-4\"> \"Henley\" mar\u0161kin\u0117liai yra laisvalaikio ir patog\u016bs, tod\u0117l puikiai tinka laisvalaikiui.<\/span>\n<div class=\"container\">\n<p data-sourcepos=\"22:1-22:38\"><strong>Kaip stilizuoti vyri\u0161kus poilsio mar\u0161kinius:<\/strong><\/p>\n<ul data-sourcepos=\"24:1-27:0\">\n<li data-sourcepos=\"24:1-24:88\"><strong>Atsitiktinis \u017evilgsnis:<\/strong> Flanelinius ar trikota\u017einius mar\u0161kinius derinkite su d\u017einsais ar sportin\u0117mis keln\u0117mis ir sportba\u010diais.<\/li>\n<li data-sourcepos=\"25:1-25:85\"><strong>Patobulintas \u017evilgsnis:<\/strong> Oksfordo mar\u0161kinius vilk\u0117kite su chinos arba suknel\u0117s keln\u0117mis ir mokasinais.<\/li>\n<li data-sourcepos=\"26:1-27:0\"><strong>Sluoksniuotas \u017evilgsnis:<\/strong> Flanelinius mar\u0161kinius d\u0117v\u0117kite ant mar\u0161kin\u0117li\u0173, kad atrodytum\u0117te jaukiai ir stilingai.<\/li>\n<\/ul>\n<\/div>\n<\/li>\n<\/ul>\n<\/div>\n<\/div>","protected":false},"excerpt":{"rendered":"<table style=\"height: 527px;\" width=\"492\">\n<tbody>\n<tr>\n<td width=\"146\"><strong><b>Produktas<\/b><\/strong>\u00a0<strong><b>Vardas ir pavard\u0117:<\/b><\/strong><\/td>\n<td width=\"601\"><strong>Vyri\u0161ki poilsio mar\u0161kiniai<\/strong><\/td>\n<\/tr>\n<tr>\n<td width=\"146\"><strong><b>Materlal:<\/b><\/strong><\/td>\n<td width=\"601\">Poliesteris \/ medviln\u0117<\/td>\n<\/tr>\n<tr>\n<td width=\"146\"><strong><b>Technika:<\/b><\/strong><\/td>\n<td width=\"601\">Spausdinimas ir da\u017eymas<\/td>\n<\/tr>\n<tr>\n<td width=\"146\"><strong><b>Stilius:<\/b><\/strong><\/td>\n<td width=\"601\">Atsitiktinis<\/td>\n<\/tr>\n<tr>\n<td width=\"146\"><strong><b>Spalva<\/b><\/strong><strong><b>:<\/b><\/strong><\/td>\n<td width=\"601\">\u00a0Pasirinktin\u0117s spalvos<\/td>\n<\/tr>\n<tr>\n<td width=\"146\"><strong><b>Dydis:<\/b><\/strong><\/td>\n<td width=\"601\">S \/M \/L \/XL \/2XL<\/td>\n<\/tr>\n<tr>\n<td width=\"146\"><strong><b>OEM\/ODM:<\/b><\/strong><\/td>\n<td width=\"601\">Priimtina<\/td>\n<\/tr>\n<tr>\n<td width=\"146\"><strong><b>Kokyb\u0117:<\/b><\/strong><\/td>\n<td width=\"601\">100% Auk\u0161ta kokyb\u0117<\/td>\n<\/tr>\n<tr>\n<td width=\"146\"><strong><b>M<\/b><\/strong><strong><b>OQ:<\/b><\/strong><\/td>\n<td width=\"601\">200 vnt.<\/td>\n<\/tr>\n<\/tbody>\n<\/table>","protected":false},"featured_media":1747,"template":"","meta":[],"product_brand":[],"product_cat":[38],"product_tag":[],"class_list":{"0":"post-1662","1":"product","2":"type-product","3":"status-publish","4":"has-post-thumbnail","6":"product_cat-mens-clothing","8":"first","9":"instock","10":"shipping-taxable","11":"product-type-simple"},"_links":{"self":[{"href":"https:\/\/mj-clothing.com\/lt\/wp-json\/wp\/v2\/product\/1662","targetHints":{"allow":["GET"]}}],"collection":[{"href":"https:\/\/mj-clothing.com\/lt\/wp-json\/wp\/v2\/product"}],"about":[{"href":"https:\/\/mj-clothing.com\/lt\/wp-json\/wp\/v2\/types\/product"}],"wp:featuredmedia":[{"embeddable":true,"href":"https:\/\/mj-clothing.com\/lt\/wp-json\/wp\/v2\/media\/1747"}],"wp:attachment":[{"href":"https:\/\/mj-clothing.com\/lt\/wp-json\/wp\/v2\/media?parent=1662"}],"wp:term":[{"taxonomy":"product_brand","embeddable":true,"href":"https:\/\/mj-clothing.com\/lt\/wp-json\/wp\/v2\/product_brand?post=1662"},{"taxonomy":"product_cat","embeddable":true,"href":"https:\/\/mj-clothing.com\/lt\/wp-json\/wp\/v2\/product_cat?post=1662"},{"taxonomy":"product_tag","embeddable":true,"href":"https:\/\/mj-clothing.com\/lt\/wp-json\/wp\/v2\/product_tag?post=1662"}],"curies":[{"name":"wp","href":"https:\/\/api.w.org\/{rel}","templated":true}]}}