{"id":1687,"date":"2024-12-12T06:29:02","date_gmt":"2024-12-12T06:29:02","guid":{"rendered":"https:\/\/mj-clothing.com\/?post_type=product&#038;p=1687"},"modified":"2024-12-13T03:09:53","modified_gmt":"2024-12-13T03:09:53","slug":"mens-linnen-ecru-shirt","status":"publish","type":"product","link":"https:\/\/mj-clothing.com\/lt\/manufacturer\/mens-linnen-ecru-shirt\/","title":{"rendered":"Vyri\u0161ki mar\u0161kiniai Linnen Ecru"},"content":{"rendered":"<h2><strong>Vyri\u0161ki mar\u0161kiniai Linnen Ecru<\/strong><\/h2>\n<p><span class=\"citation-0 recitation citation-end-0\">Vyri\u0161ki \"Linnen Ecru\" mar\u0161kiniai yra stilingas ir universalus drabu\u017eis, puikiai tinkantis \u0161iltam orui.<\/span> \u0160tai kod\u0117l:<\/p>\n<h3 data-sourcepos=\"3:1-3:14\"><strong>\u00a0 \u00a0 \u00a0 Kod\u0117l linas?<\/strong><\/h3>\n<ul data-sourcepos=\"5:1-9:0\">\n<li data-sourcepos=\"5:1-5:157\"><strong>Kv\u0117pavimas:<\/strong> <span class=\"citation-1 recitation citation-end-1\">Linas yra nat\u016bralus pluo\u0161tas, kuris puikiai sugeria dr\u0117gm\u0119 ir leid\u017eia orui cirkuliuoti, tod\u0117l i\u0161lieka v\u0117sus ir patogus.<\/span><\/li>\n<li data-sourcepos=\"5:1-5:157\"><strong style=\"font-size: 14.4px;\"><span class=\"citation-2 recitation\">Patvarumas:<\/span><\/strong><span class=\"citation-2 recitation citation-end-2\" style=\"font-size: 14.4px;\"> Nepaisant \u0161velnios i\u0161vaizdos, linas yra steb\u0117tinai patvarus ir ilgaam\u017eis.<\/span><\/li>\n<li data-sourcepos=\"5:1-5:157\"><strong><span class=\"citation-3 recitation\">Mink\u0161tumas:<\/span><\/strong><span class=\"citation-3 recitation citation-end-3\"> Su kiekvienu skalbimu linas tampa mink\u0161tesnis, tod\u0117l laikui b\u0117gant jis tampa vis patogesnis.<\/span><\/li>\n<li data-sourcepos=\"5:1-5:157\"><strong style=\"font-size: 14.4px;\">Atsparus rauk\u0161l\u0117ms:<\/strong><span style=\"font-size: 14.4px;\"> Linas nat\u016braliai rauk\u0161l\u0117jasi, ta\u010diau tai jam suteikia ne\u012fpareigojan\u010dio ir atsipalaidavusio \u017eavesio.<\/span><br \/>\n<h3 data-sourcepos=\"10:1-10:13\"><strong>Kod\u0117l Ecru?<\/strong><\/h3>\n<\/li>\n<li data-sourcepos=\"5:1-5:157\"><strong>Universalumas:<\/strong> <span class=\"citation-4 recitation citation-end-4\">Ecru, \u0161viesiai sm\u0117lio arba beveik balta spalva, yra ne\u012ftik\u0117tinai universali.<\/span>Jis puikiai dera su \u012fvairiomis spalvomis - nuo tamsi\u0173 d\u017eins\u0173 iki \u0161viesi\u0173 chinos.<\/li>\n<li data-sourcepos=\"13:1-13:96\"><strong>Nesenstantis:<\/strong> D\u0117l neutralaus ecru atspalvio tai yra nesenstantis daiktas, kuris niekada nei\u0161eina i\u0161 mados.<\/li>\n<li data-sourcepos=\"14:1-15:0\"><strong>Lengva kurti stili\u0173:<\/strong> <span class=\"citation-5 recitation citation-end-5\"><span class=\"citation-5 recitation citation-end-5\"><span class=\"citation-5 recitation citation-end-5\">J\u012f galima d\u0117v\u0117ti tiek su apranga, tiek su drabu\u017eiais, tod\u0117l jis puikiai tinka \u012fvairioms progoms.<\/span><\/span><\/span><br \/>\n<h3 data-sourcepos=\"16:1-16:36\"><strong>Kaip vilk\u0117ti vyri\u0161kus \"Linnen Ecru\" mar\u0161kinius?<\/strong><\/h3>\n<\/li>\n<li data-sourcepos=\"14:1-15:0\"><strong>Atsitiktinis:<\/strong> J\u0105 derinkite prie d\u017eins\u0173, chinos arba \u0161ort\u0173 ir sportba\u010di\u0173, kad atrodytum\u0117te laisvai ir kasdieni\u0161kai.<\/li>\n<li data-sourcepos=\"14:1-15:0\"><strong>Smart Casual:<\/strong> J\u012f derinkite su priderintomis keln\u0117mis ir mokasinais, kad sukurtum\u0117te rafinuot\u0105, bet nenuobod\u0173 ansambl\u012f.<\/li>\n<li data-sourcepos=\"14:1-15:0\"><strong>Atogr\u0105\u017e\u0173:<\/strong> D\u0117v\u0117kite j\u012f su kontrastingos spalvos linin\u0117mis keln\u0117mis ar \u0161ortais, kad sukurtum\u0117te vasari\u0161k\u0105 ir gaivi\u0105 aprang\u0105.<\/li>\n<\/ul>","protected":false},"excerpt":{"rendered":"<p>Med\u017eiaga: Poliesteris \/ medviln\u0117 \/ linenas<\/p>\n<p>Technika: Siuvin\u0117ta<\/p>\n<p>Stilius: Atsitiktinis<\/p>\n<p>Spalva: juoda ir pasirinktin\u0117s spalvos<\/p>\n<p>Dydis: S \/M \/L \/XL \/2XL<\/p>","protected":false},"featured_media":1750,"template":"","meta":[],"product_brand":[],"product_cat":[38],"product_tag":[],"class_list":{"0":"post-1687","1":"product","2":"type-product","3":"status-publish","4":"has-post-thumbnail","6":"product_cat-mens-clothing","8":"first","9":"instock","10":"shipping-taxable","11":"product-type-simple"},"_links":{"self":[{"href":"https:\/\/mj-clothing.com\/lt\/wp-json\/wp\/v2\/product\/1687","targetHints":{"allow":["GET"]}}],"collection":[{"href":"https:\/\/mj-clothing.com\/lt\/wp-json\/wp\/v2\/product"}],"about":[{"href":"https:\/\/mj-clothing.com\/lt\/wp-json\/wp\/v2\/types\/product"}],"wp:featuredmedia":[{"embeddable":true,"href":"https:\/\/mj-clothing.com\/lt\/wp-json\/wp\/v2\/media\/1750"}],"wp:attachment":[{"href":"https:\/\/mj-clothing.com\/lt\/wp-json\/wp\/v2\/media?parent=1687"}],"wp:term":[{"taxonomy":"product_brand","embeddable":true,"href":"https:\/\/mj-clothing.com\/lt\/wp-json\/wp\/v2\/product_brand?post=1687"},{"taxonomy":"product_cat","embeddable":true,"href":"https:\/\/mj-clothing.com\/lt\/wp-json\/wp\/v2\/product_cat?post=1687"},{"taxonomy":"product_tag","embeddable":true,"href":"https:\/\/mj-clothing.com\/lt\/wp-json\/wp\/v2\/product_tag?post=1687"}],"curies":[{"name":"wp","href":"https:\/\/api.w.org\/{rel}","templated":true}]}}