{"id":1744,"date":"2024-12-13T02:59:23","date_gmt":"2024-12-13T02:59:23","guid":{"rendered":"https:\/\/mj-clothing.com\/?post_type=product&#038;p=1744"},"modified":"2024-12-17T07:18:06","modified_gmt":"2024-12-17T07:18:06","slug":"mens-pocket-t-shirts","status":"publish","type":"product","link":"https:\/\/mj-clothing.com\/lt\/manufacturer\/mens-pocket-t-shirts\/","title":{"rendered":"Vyri\u0161ki ki\u0161eniniai mar\u0161kin\u0117liai"},"content":{"rendered":"<div id=\"chat-history\" class=\"chat-history-scroll-container\">\n<div id=\"e1f51b489f031adc\" class=\"conversation-container ng-tns-c2150043242-1 message-actions-hover-boundary response-optimization ng-star-inserted\">\n<div class=\"response-container ng-tns-c1933435332-46 response-optimization response-container-with-gpi ng-star-inserted response-container-has-multiple-responses\">\n<div class=\"presented-response-container ng-tns-c1933435332-46\">\n<div class=\"response-container-content ng-tns-c1933435332-46 tunable-selection-with-avatar\">\n<div class=\"response-content ng-tns-c1933435332-46\">\n<div id=\"model-response-message-contentr_e1f51b489f031adc\" class=\"markdown markdown-main-panel response-optimization\" dir=\"ltr\">\n<h3 data-sourcepos=\"1:1-1:78\">Vyri\u0161ki ki\u0161eniniai mar\u0161kin\u0117liai<\/h3>\n<p data-sourcepos=\"1:1-1:78\">\u0160tai keletas vyri\u0161k\u0173 ki\u0161enini\u0173 mar\u0161kin\u0117li\u0173, kurie \u0161iuo metu yra Singap\u016bre:<\/p>\n<p data-sourcepos=\"3:1-3:19\"><strong>Atsitiktin\u0117s galimyb\u0117s:<\/strong><\/p>\n<ul data-sourcepos=\"5:1-10:0\">\n<li data-sourcepos=\"5:1-7:0\">\n<p data-sourcepos=\"5:3-6:64\"><strong>\"Uniqlo\" mar\u0161kin\u0117liai \"Oversized Pocket Crew Neck Half Sleeve T-Shirt\":<\/strong> <span class=\"citation-0 recitation citation-end-0\">Tai patogus ir stilingas variantas, kur\u012f galima rinktis i\u0161 \u012fvairi\u0173 spalv\u0173.<\/span> Puikiai tinka d\u0117v\u0117ti kasdien.<span class=\"button-container hide-from-message-actions ng-star-inserted\">\u00a0 \u00a0<\/span><\/p>\n<div class=\"container ng-tns-c2946245707-59 hide\">\n<div class=\"carousel-container ng-tns-c2946245707-59\"><\/div>\n<\/div>\n<div class=\"attachment-container search-images\"><\/div>\n<\/li>\n<li data-sourcepos=\"8:1-10:0\">\n<p data-sourcepos=\"8:3-9:47\"><strong>\"Carhartt WIP S\/S Work Pocket T-Shirt\" mar\u0161kin\u0117liai:<\/strong> Tai patvaresnis ir tvirtesnis variantas, puikiai tinkantis darbui ar veiklai lauke. <span class=\"citation-1 recitation citation-end-1\">Jame yra ki\u0161en\u0117 ant kr\u016btin\u0117s ir laisvas kirpimas.<\/span><span class=\"button-container hide-from-message-actions ng-star-inserted\">\u00a0 \u00a0<\/span><\/p>\n<div class=\"container ng-tns-c2946245707-60 hide\">\n<div class=\"carousel-container ng-tns-c2946245707-60\"><\/div>\n<\/div>\n<div class=\"attachment-container search-images\"><\/div>\n<\/li>\n<\/ul>\n<p data-sourcepos=\"11:1-11:20\"><strong>\"Premium\" parinktys:<\/strong><\/p>\n<ul data-sourcepos=\"13:1-18:0\">\n<li data-sourcepos=\"13:1-15:0\">\n<p data-sourcepos=\"13:3-14:45\"><strong>Ralph Lauren mar\u0161kin\u0117liai su ki\u0161en\u0117mis:<\/strong> <span class=\"citation-2 recitation citation-end-2\">Tai auk\u0161tos kokyb\u0117s mar\u0161kin\u0117liai, pagaminti i\u0161 auk\u0161\u010diausios kokyb\u0117s medviln\u0117s.<\/span> Ji yra klasikinio dizaino ir turi nedidel\u0119 ki\u0161en\u0119 ant kr\u016btin\u0117s.<\/p>\n<\/li>\n<li data-sourcepos=\"13:1-15:0\">\n<p data-sourcepos=\"13:3-14:45\"><strong style=\"font-size: 14.4px;\">\"Timberland\" vyri\u0161ki mar\u0161kin\u0117liai \"Oxford Chest Pocket\":<\/strong> <span class=\"citation-3 recitation citation-end-3\" style=\"font-size: 14.4px;\">Tai unikalus ir stilingas variantas, pagamintas i\u0161 100% medviln\u0117s.<\/span> <span class=\"citation-4 recitation citation-end-4\" style=\"font-size: 14.4px;\">Jame yra sagomis u\u017esegama apykakl\u0117 ir ki\u0161en\u0117 ant kr\u016btin\u0117s.<\/span><span class=\"button-container hide-from-message-actions ng-star-inserted\" style=\"font-size: 14.4px;\">\u00a0 \u00a0<\/span><\/p>\n<div class=\"container ng-tns-c2946245707-62 hide\">\n<div class=\"carousel-container ng-tns-c2946245707-62\">\n<div class=\"carousel-content ng-tns-c2946245707-62\">\n<div class=\"sources-carousel-source ng-tns-c2946245707-62 hide ng-star-inserted\" data-test-id=\"sources-carousel-source\"><\/div>\n<\/div>\n<\/div>\n<\/div>\n<div class=\"attachment-container search-images\"><\/div>\n<\/li>\n<\/ul>\n<p data-sourcepos=\"19:1-19:24\"><strong>Veikimo parinktys:<\/strong><\/p>\n<ul data-sourcepos=\"21:1-23:0\">\n<li data-sourcepos=\"21:1-23:0\"><strong>\"Under Armour\" vyri\u0161ki ki\u0161eniniai mar\u0161kin\u0117liai UA:<\/strong> \u0160ie mar\u0161kin\u0117liai puikiai tinka treniruot\u0117ms ar kitoms aktyvioms veikloms. <span class=\"citation-5 recitation citation-end-5\">Jame \u012fdiegta dr\u0117gm\u0117s \u0161alinimo technologija ir ki\u0161en\u0117 ant kr\u016btin\u0117s.<\/span><span class=\"button-container hide-from-message-actions ng-star-inserted\"> \u00a0<\/span>\n<div class=\"container ng-tns-c2946245707-63 hide\">\n<div class=\"carousel-container ng-tns-c2946245707-63\"><\/div>\n<\/div>\n<div class=\"attachment-container search-images\">\n<div class=\"image-container hide-from-message-actions ng-star-inserted\">\n<div class=\"caption ellipsis gmat-caption ng-star-inserted\" aria-hidden=\"true\"><\/div>\n<\/div>\n<\/div>\n<\/li>\n<\/ul>\n<p data-sourcepos=\"24:1-24:171\">Tai tik keletas i\u0161 daugelio Singap\u016bre si\u016blom\u0173 vyri\u0161k\u0173 ki\u0161enini\u0173 mar\u0161kin\u0117li\u0173. Platesn\u012f pasirinkim\u0105 rasite vietin\u0117je universalin\u0117je parduotuv\u0117je arba internetin\u0117je parduotuv\u0117je.<\/p>\n<p data-sourcepos=\"26:1-26:56\"><strong>Papildomi patarimai, kaip pasirinkti vyri\u0161kus ki\u0161eninius mar\u0161kin\u0117lius:<\/strong><\/p>\n<ul data-sourcepos=\"28:1-32:0\">\n<li data-sourcepos=\"28:1-28:273\">Atsi\u017evelkite \u012f audin\u012f: Medviln\u0117 yra populiarus ki\u0161enini\u0173 mar\u0161kin\u0117li\u0173 pasirinkimas, nes ji patogi ir pralaidi orui. Ta\u010diau, jei ie\u0161kote mar\u0161kin\u0117li\u0173, kurie pa\u0161alint\u0173 dr\u0117gm\u0119 ir i\u0161laikyt\u0173 v\u0117s\u0105, taip pat galite apsvarstyti tokius audinius, kaip poliesteris ar nailonas.<\/li>\n<li data-sourcepos=\"29:1-29:174\">Pasirinkite tinkam\u0105 drabu\u017e\u012f: Ki\u0161eniniai mar\u0161kin\u0117liai b\u016bna \u012fvairi\u0173 kirpim\u0173: nuo siauro iki laisvo kirpimo. Rinkit\u0117s tok\u012f, kuris patikt\u0173 j\u016bs\u0173 fig\u016bros tipui ir b\u016bt\u0173 patogus d\u0117v\u0117ti.<\/li>\n<li data-sourcepos=\"30:1-30:209\">Apsvarstykite ki\u0161en\u0117s stili\u0173: Vieni mar\u0161kin\u0117liai su ki\u0161en\u0117mis turi nedidel\u0119 ki\u0161en\u0119 ant kr\u016btin\u0117s, kiti - didesn\u0119 ki\u0161en\u0119 \u0161one. Pasirinkite jums patinkant\u012f ki\u0161eni\u0173 stili\u0173, kuris bus prakti\u0161kas j\u016bs\u0173 poreikiams.<\/li>\n<li data-sourcepos=\"31:1-32:0\">Pagalvokite apie prog\u0105: Jei ie\u0161kote ki\u0161enini\u0173 mar\u0161kin\u0117li\u0173, kuriuos nor\u0117tum\u0117te d\u0117v\u0117ti \u012f darb\u0105, galb\u016bt nor\u0117site rinktis oficialesn\u012f stili\u0173. Jei ie\u0161kote mar\u0161kin\u0117li\u0173 savaitgaliui, galb\u016bt nor\u0117site rinktis laisvesnio stiliaus mar\u0161kin\u0117lius.<\/li>\n<\/ul>\n<p data-sourcepos=\"33:1-33:86\">Vadovaudamiesi \u0161iais patarimais galite rasti savo poreikius atitinkan\u010dius vyri\u0161kus mar\u0161kin\u0117lius su ki\u0161en\u0117mis.<\/p>\n<\/div>\n<\/div>\n<\/div>\n<\/div>\n<\/div>\n<\/div>\n<\/div>\n<div class=\"input-area-container\">\n<div class=\"input-area\" data-node-type=\"input-area\">\n<div class=\"text-input-field\">\n<div class=\"text-input-field_textarea-wrapper\">\n<div class=\"text-input-field-main-area\">\n<div class=\"text-input-field_textarea-inner\">\n<div class=\"ql-editor textarea new-input-ui ql-blank\" role=\"textbox\" contenteditable=\"true\" data-gramm=\"false\" aria-multiline=\"true\" aria-label=\"\u010cia \u012fveskite raginim\u0105\" data-placeholder=\"Ask Gemini\"><\/div>\n<\/div>\n<\/div>\n<\/div>\n<\/div>\n<\/div>\n<\/div>","protected":false},"excerpt":{"rendered":"<table style=\"height: 530px;\" width=\"498\">\n<tbody>\n<tr>\n<td width=\"146\"><strong><b>Produktas<\/b><\/strong>\u00a0<strong><b>Vardas ir pavard\u0117:<\/b><\/strong><\/td>\n<td width=\"601\"><strong>Vyri\u0161ki ki\u0161eniniai mar\u0161kin\u0117liai<\/strong><\/td>\n<\/tr>\n<tr>\n<td width=\"146\"><strong><b>Materlal:<\/b><\/strong><\/td>\n<td width=\"601\">Poliesteris \/ medviln\u0117<\/td>\n<\/tr>\n<tr>\n<td width=\"146\"><strong><b>Technika:<\/b><\/strong><\/td>\n<td width=\"601\">Spausdinimas ir da\u017eymas<\/td>\n<\/tr>\n<tr>\n<td width=\"146\"><strong><b>Stilius:<\/b><\/strong><\/td>\n<td width=\"601\">Atsitiktinis<\/td>\n<\/tr>\n<tr>\n<td width=\"146\"><strong><b>Spalva<\/b><\/strong><strong><b>:<\/b><\/strong><\/td>\n<td width=\"601\">\u00a0Pasirinktin\u0117s spalvos<\/td>\n<\/tr>\n<tr>\n<td width=\"146\"><strong><b>Dydis:<\/b><\/strong><\/td>\n<td width=\"601\">S \/M \/L \/XL \/2XL<\/td>\n<\/tr>\n<tr>\n<td width=\"146\"><strong><b>OEM\/ODM:<\/b><\/strong><\/td>\n<td width=\"601\">Priimtina<\/td>\n<\/tr>\n<tr>\n<td width=\"146\"><strong><b>Kokyb\u0117:<\/b><\/strong><\/td>\n<td width=\"601\">100% Auk\u0161ta kokyb\u0117<\/td>\n<\/tr>\n<tr>\n<td width=\"146\"><strong><b>M<\/b><\/strong><strong><b>OQ:<\/b><\/strong><\/td>\n<td width=\"601\">200 vnt.<\/td>\n<\/tr>\n<\/tbody>\n<\/table>","protected":false},"featured_media":1751,"template":"","meta":[],"product_brand":[],"product_cat":[38],"product_tag":[],"class_list":{"0":"post-1744","1":"product","2":"type-product","3":"status-publish","4":"has-post-thumbnail","6":"product_cat-mens-clothing","8":"first","9":"instock","10":"shipping-taxable","11":"product-type-simple"},"_links":{"self":[{"href":"https:\/\/mj-clothing.com\/lt\/wp-json\/wp\/v2\/product\/1744","targetHints":{"allow":["GET"]}}],"collection":[{"href":"https:\/\/mj-clothing.com\/lt\/wp-json\/wp\/v2\/product"}],"about":[{"href":"https:\/\/mj-clothing.com\/lt\/wp-json\/wp\/v2\/types\/product"}],"wp:featuredmedia":[{"embeddable":true,"href":"https:\/\/mj-clothing.com\/lt\/wp-json\/wp\/v2\/media\/1751"}],"wp:attachment":[{"href":"https:\/\/mj-clothing.com\/lt\/wp-json\/wp\/v2\/media?parent=1744"}],"wp:term":[{"taxonomy":"product_brand","embeddable":true,"href":"https:\/\/mj-clothing.com\/lt\/wp-json\/wp\/v2\/product_brand?post=1744"},{"taxonomy":"product_cat","embeddable":true,"href":"https:\/\/mj-clothing.com\/lt\/wp-json\/wp\/v2\/product_cat?post=1744"},{"taxonomy":"product_tag","embeddable":true,"href":"https:\/\/mj-clothing.com\/lt\/wp-json\/wp\/v2\/product_tag?post=1744"}],"curies":[{"name":"wp","href":"https:\/\/api.w.org\/{rel}","templated":true}]}}