{"id":1759,"date":"2024-12-14T02:59:47","date_gmt":"2024-12-14T02:59:47","guid":{"rendered":"https:\/\/mj-clothing.com\/?post_type=product&#038;p=1759"},"modified":"2024-12-17T07:16:49","modified_gmt":"2024-12-17T07:16:49","slug":"black-denim-jacket","status":"publish","type":"product","link":"https:\/\/mj-clothing.com\/lt\/manufacturer\/black-denim-jacket\/","title":{"rendered":"Juoda d\u017einsin\u0117 striuk\u0117"},"content":{"rendered":"<h2 data-sourcepos=\"1:1-1:173\">Juoda d\u017einsin\u0117 striuk\u0117<\/h2>\n<p data-sourcepos=\"1:1-1:173\">Juoda d\u017einsin\u0117 striuk\u0117 yra universali detal\u0117, galinti patobulinti bet koki\u0105 aprang\u0105. Tai klasikinis, laikui nepavaldus daiktas, kur\u012f galima pasipuo\u0161ti arba pasimatuoti, tod\u0117l j\u012f b\u016btina tur\u0117ti bet kuriame garderobe.<\/p>\n<p data-sourcepos=\"3:1-3:54\"><strong>\u0160tai kod\u0117l juoda d\u017einsin\u0117 striuk\u0117 yra puikus pasirinkimas:<\/strong><\/p>\n<ul data-sourcepos=\"5:1-9:0\">\n<li data-sourcepos=\"5:1-5:94\"><strong>Universalumas:<\/strong> J\u012f galima derinti prie d\u017eins\u0173, chinos ar net kostiumo, kad atrodytum\u0117te oficialiau.<\/li>\n<li data-sourcepos=\"6:1-6:70\"><strong>Nesenstantis:<\/strong> Juodi d\u017einsai yra klasika, kuri niekada nei\u0161eina i\u0161 mados.<\/li>\n<li data-sourcepos=\"7:1-7:76\"><strong>Patvarumas:<\/strong> D\u017einsinis audinys yra tvirtas ir atsparus d\u0117v\u0117jimuisi.<\/li>\n<li data-sourcepos=\"8:1-9:0\"><strong>I\u0161\u0161aukiantis:<\/strong> Juodi d\u017einsai bet kokiai aprangai suteikia \u0161maik\u0161tumo.<\/li>\n<\/ul>\n<p data-sourcepos=\"10:1-10:38\"><strong>Kaip vilk\u0117ti juod\u0105 d\u017einsin\u012f \u0161vark\u0105:<\/strong><\/p>\n<ul data-sourcepos=\"12:1-16:0\">\n<li data-sourcepos=\"12:1-12:84\"><strong>Atsitiktinis \u017evilgsnis:<\/strong> J\u0105 derinkite su d\u017einsais, mar\u0161kin\u0117liais ir sportiniais bateliais, kad atrodytum\u0117te laisvai.<\/li>\n<li data-sourcepos=\"13:1-13:99\"><strong>Smart Casual:<\/strong> Jei norite atrodyti eleganti\u0161kiau, d\u0117v\u0117kite j\u012f su chinos, mar\u0161kiniais su sagomis ir mokasinais.<\/li>\n<li data-sourcepos=\"14:1-14:95\"><strong>I\u0161\u0161aukiantis \u017evilgsnis:<\/strong> J\u0105 derinkite su odin\u0117mis keln\u0117mis, grafine mar\u0161kin\u0117li\u0173 palaidine ir batais, kad sukurtum\u0117te rokenrolo stili\u0173.<\/li>\n<li data-sourcepos=\"15:1-16:0\"><strong>Formalus \u017evilgsnis:<\/strong> Sluoksniuokite j\u012f ant kostiumo \u0161varkelio, kad sukurtum\u0117te i\u0161skirtin\u012f oficialios aprangos stili\u0173.<\/li>\n<\/ul>\n<p data-sourcepos=\"17:1-17:43\"><strong>Patarimai, kaip pasirinkti juod\u0105 d\u017einsin\u0119 striuk\u0119:<\/strong><\/p>\n<ul data-sourcepos=\"19:1-22:0\">\n<li data-sourcepos=\"19:1-19:71\"><strong>Tinka:<\/strong> Rinkit\u0117s gerai prigludus\u012f ir j\u016bs\u0173 k\u016bno formoms tinkant\u012f \u0161vark\u0105.<\/li>\n<li data-sourcepos=\"20:1-20:78\"><strong>Med\u017eiaga:<\/strong> Ie\u0161kokite auk\u0161tos kokyb\u0117s d\u017einsinio audinio, kuris b\u016bt\u0173 patvarus ir patogus.<\/li>\n<li data-sourcepos=\"21:1-22:0\"><strong>Stilius:<\/strong> Atsi\u017evelkite \u012f savo asmenin\u012f stili\u0173 ir pasirinkite j\u016bs\u0173 skon\u012f atspindint\u012f \u0161vark\u0105.<\/li>\n<\/ul>","protected":false},"excerpt":{"rendered":"<table style=\"height: 491px;\" width=\"498\">\n<tbody>\n<tr>\n<td width=\"146\"><strong><b>Produktas<\/b><\/strong>\u00a0<strong><b>Vardas ir pavard\u0117:<\/b><\/strong><\/td>\n<td width=\"601\"><strong>Juoda d\u017einsin\u0117 striuk\u0117<\/strong><\/td>\n<\/tr>\n<tr>\n<td width=\"146\"><strong><b>Materlal:<\/b><\/strong><\/td>\n<td width=\"601\">Poliesteris \/ medviln\u0117<\/td>\n<\/tr>\n<tr>\n<td width=\"146\"><strong><b>Technika:<\/b><\/strong><\/td>\n<td width=\"601\">Spausdinimas ir da\u017eymas<\/td>\n<\/tr>\n<tr>\n<td width=\"146\"><strong><b>Stilius:<\/b><\/strong><\/td>\n<td width=\"601\">Atsitiktinis<\/td>\n<\/tr>\n<tr>\n<td width=\"146\"><strong><b>Spalva<\/b><\/strong><strong><b>:<\/b><\/strong><\/td>\n<td width=\"601\">\u00a0Pasirinktin\u0117s spalvos<\/td>\n<\/tr>\n<tr>\n<td width=\"146\"><strong><b>Dydis:<\/b><\/strong><\/td>\n<td width=\"601\">S \/M \/L \/XL \/2XL<\/td>\n<\/tr>\n<tr>\n<td width=\"146\"><strong><b>OEM\/ODM:<\/b><\/strong><\/td>\n<td width=\"601\">Priimtina<\/td>\n<\/tr>\n<tr>\n<td width=\"146\"><strong><b>Kokyb\u0117:<\/b><\/strong><\/td>\n<td width=\"601\">100% Auk\u0161ta kokyb\u0117<\/td>\n<\/tr>\n<tr>\n<td width=\"146\"><strong><b>M<\/b><\/strong><strong><b>OQ:<\/b><\/strong><\/td>\n<td width=\"601\">200 vnt.<\/td>\n<\/tr>\n<\/tbody>\n<\/table>","protected":false},"featured_media":1760,"template":"","meta":[],"product_brand":[],"product_cat":[38],"product_tag":[],"class_list":{"0":"post-1759","1":"product","2":"type-product","3":"status-publish","4":"has-post-thumbnail","6":"product_cat-mens-clothing","8":"first","9":"instock","10":"shipping-taxable","11":"product-type-simple"},"_links":{"self":[{"href":"https:\/\/mj-clothing.com\/lt\/wp-json\/wp\/v2\/product\/1759","targetHints":{"allow":["GET"]}}],"collection":[{"href":"https:\/\/mj-clothing.com\/lt\/wp-json\/wp\/v2\/product"}],"about":[{"href":"https:\/\/mj-clothing.com\/lt\/wp-json\/wp\/v2\/types\/product"}],"wp:featuredmedia":[{"embeddable":true,"href":"https:\/\/mj-clothing.com\/lt\/wp-json\/wp\/v2\/media\/1760"}],"wp:attachment":[{"href":"https:\/\/mj-clothing.com\/lt\/wp-json\/wp\/v2\/media?parent=1759"}],"wp:term":[{"taxonomy":"product_brand","embeddable":true,"href":"https:\/\/mj-clothing.com\/lt\/wp-json\/wp\/v2\/product_brand?post=1759"},{"taxonomy":"product_cat","embeddable":true,"href":"https:\/\/mj-clothing.com\/lt\/wp-json\/wp\/v2\/product_cat?post=1759"},{"taxonomy":"product_tag","embeddable":true,"href":"https:\/\/mj-clothing.com\/lt\/wp-json\/wp\/v2\/product_tag?post=1759"}],"curies":[{"name":"wp","href":"https:\/\/api.w.org\/{rel}","templated":true}]}}