{"id":1761,"date":"2024-12-14T03:02:38","date_gmt":"2024-12-14T03:02:38","guid":{"rendered":"https:\/\/mj-clothing.com\/?post_type=product&#038;p=1761"},"modified":"2024-12-17T07:15:13","modified_gmt":"2024-12-17T07:15:13","slug":"floral-quilted-jacket","status":"publish","type":"product","link":"https:\/\/mj-clothing.com\/lt\/manufacturer\/floral-quilted-jacket\/","title":{"rendered":"G\u0117l\u0117ta dygsniuota striuk\u0117"},"content":{"rendered":"<h2 data-sourcepos=\"1:1-1:143\">G\u0117l\u0117ta dygsniuota striuk\u0117<\/h2>\n<p data-sourcepos=\"1:1-1:143\">G\u0117l\u0117ta dygsniuota striuk\u0117 yra stilingas ir jaukus drabu\u017eis, kuris bet kokiai aprangai suteiks moteri\u0161kumo ir \u0161ilumos. \u0160tai kod\u0117l jums gali patikti:<\/p>\n<p data-sourcepos=\"3:1-3:39\"><strong>Kod\u0117l verta rinktis g\u0117l\u0117t\u0105 dygsniuot\u0105 striuk\u0119?<\/strong><\/p>\n<ul data-sourcepos=\"5:1-9:0\">\n<li data-sourcepos=\"5:1-5:159\"><strong>Stilingas ir universalus:<\/strong> Tai puikus patogumo ir mados derinys. J\u012f galite apsivilkti su sijonu ir batais arba vilk\u0117ti laisvalaikiu su d\u017einsais ir sportba\u010diais.<\/li>\n<li data-sourcepos=\"6:1-6:100\"><strong>\u0160ilta ir jauku:<\/strong> D\u0117l dygsniuoto dizaino ir da\u017enai ap\u0161iltinto pamu\u0161alo ji idealiai tinka v\u0117sesniam orui.<\/li>\n<li data-sourcepos=\"7:1-7:86\"><strong>Moteri\u0161kas ir romanti\u0161kas:<\/strong> G\u0117li\u0173 ra\u0161tas suteikia \u0161velnumo ir elegancijos.<\/li>\n<li data-sourcepos=\"8:1-9:0\"><strong>Madinga:<\/strong> G\u0117li\u0173 ra\u0161tai visada madingi, ypa\u010d pavasario ir rudens sezonais.<\/li>\n<\/ul>\n<p data-sourcepos=\"10:1-10:41\"><strong>Kaip stilizuoti g\u0117li\u0173 dygsniuot\u0105 \u0161vark\u0105:<\/strong><\/p>\n<ul data-sourcepos=\"12:1-15:0\">\n<li data-sourcepos=\"12:1-12:82\"><strong>Atsitiktinis pra\u0161matnumas:<\/strong> J\u0105 derinkite prie d\u017eins\u0173, mar\u0161kin\u0117li\u0173 ir sportba\u010di\u0173, kad atrodytum\u0117te laisvai.<\/li>\n<li data-sourcepos=\"13:1-13:85\"><strong>Boho Chic:<\/strong> Sluoksniuokite j\u012f ant plazdan\u010dios suknel\u0117s ir av\u0117kite kulk\u0161ninius batus, kad sukurtum\u0117te bohemi\u0161k\u0105 nuotaik\u0105.<\/li>\n<li data-sourcepos=\"14:1-15:0\"><strong>Smart Casual:<\/strong> D\u0117v\u0117kite j\u012f su megztiniu, keln\u0117mis ir mokasinais, kad atrodytum\u0117te eleganti\u0161kai.<\/li>\n<\/ul>\n<p data-sourcepos=\"16:1-16:46\"><strong>Patarimai renkantis g\u0117li\u0173 dygsniuot\u0105 \u0161vark\u0105:<\/strong><\/p>\n<ul data-sourcepos=\"18:1-22:0\">\n<li data-sourcepos=\"18:1-18:93\"><strong>Pasirinkite tinkam\u0105:<\/strong> \u012esitikinkite, kad \u0161varkas gerai tinka ir neu\u017ego\u017eia j\u016bs\u0173 fig\u016bros.<\/li>\n<li data-sourcepos=\"19:1-19:80\"><strong>Apsvarstykite prog\u0105:<\/strong> Pasirinkite progai tinkant\u012f ra\u0161t\u0105 ir spalv\u0105.<\/li>\n<li data-sourcepos=\"20:1-20:105\"><strong>Atkreipkite d\u0117mes\u012f \u012f audin\u012f:<\/strong> Pasirinkite patvar\u0173 ir patog\u0173 audin\u012f, pavyzd\u017eiui, medviln\u0119 arba poliester\u012f.<\/li>\n<li data-sourcepos=\"21:1-22:0\"><strong>Pasipuo\u0161kite aksesuarais:<\/strong> \u012evaizd\u012f papildysite \u0161aliku, skryb\u0117le ar rankine.<\/li>\n<\/ul>","protected":false},"excerpt":{"rendered":"<table style=\"height: 542px;\" width=\"483\">\n<tbody>\n<tr>\n<td width=\"146\"><strong><b>Produktas<\/b><\/strong>\u00a0<strong><b>Vardas ir pavard\u0117:<\/b><\/strong><\/td>\n<td width=\"601\"><strong>G\u0117l\u0117ta dygsniuota striuk\u0117<\/strong><\/td>\n<\/tr>\n<tr>\n<td width=\"146\"><strong><b>Materlal:<\/b><\/strong><\/td>\n<td width=\"601\">Poliesteris \/ medviln\u0117<\/td>\n<\/tr>\n<tr>\n<td width=\"146\"><strong><b>Technika:<\/b><\/strong><\/td>\n<td width=\"601\">Spausdinimas ir da\u017eymas<\/td>\n<\/tr>\n<tr>\n<td width=\"146\"><strong><b>Stilius:<\/b><\/strong><\/td>\n<td width=\"601\">Atsitiktinis<\/td>\n<\/tr>\n<tr>\n<td width=\"146\"><strong><b>Spalva<\/b><\/strong><strong><b>:<\/b><\/strong><\/td>\n<td width=\"601\">\u00a0Pasirinktin\u0117s spalvos<\/td>\n<\/tr>\n<tr>\n<td width=\"146\"><strong><b>Dydis:<\/b><\/strong><\/td>\n<td width=\"601\">S \/M \/L \/XL \/2XL<\/td>\n<\/tr>\n<tr>\n<td width=\"146\"><strong><b>OEM\/ODM:<\/b><\/strong><\/td>\n<td width=\"601\">Priimtina<\/td>\n<\/tr>\n<tr>\n<td width=\"146\"><strong><b>Kokyb\u0117:<\/b><\/strong><\/td>\n<td width=\"601\">100% Auk\u0161ta kokyb\u0117<\/td>\n<\/tr>\n<tr>\n<td width=\"146\"><strong><b>M<\/b><\/strong><strong><b>OQ:<\/b><\/strong><\/td>\n<td width=\"601\">200 vnt.<\/td>\n<\/tr>\n<\/tbody>\n<\/table>","protected":false},"featured_media":1762,"template":"","meta":[],"product_brand":[],"product_cat":[38],"product_tag":[],"class_list":{"0":"post-1761","1":"product","2":"type-product","3":"status-publish","4":"has-post-thumbnail","6":"product_cat-mens-clothing","8":"first","9":"instock","10":"shipping-taxable","11":"product-type-simple"},"_links":{"self":[{"href":"https:\/\/mj-clothing.com\/lt\/wp-json\/wp\/v2\/product\/1761","targetHints":{"allow":["GET"]}}],"collection":[{"href":"https:\/\/mj-clothing.com\/lt\/wp-json\/wp\/v2\/product"}],"about":[{"href":"https:\/\/mj-clothing.com\/lt\/wp-json\/wp\/v2\/types\/product"}],"wp:featuredmedia":[{"embeddable":true,"href":"https:\/\/mj-clothing.com\/lt\/wp-json\/wp\/v2\/media\/1762"}],"wp:attachment":[{"href":"https:\/\/mj-clothing.com\/lt\/wp-json\/wp\/v2\/media?parent=1761"}],"wp:term":[{"taxonomy":"product_brand","embeddable":true,"href":"https:\/\/mj-clothing.com\/lt\/wp-json\/wp\/v2\/product_brand?post=1761"},{"taxonomy":"product_cat","embeddable":true,"href":"https:\/\/mj-clothing.com\/lt\/wp-json\/wp\/v2\/product_cat?post=1761"},{"taxonomy":"product_tag","embeddable":true,"href":"https:\/\/mj-clothing.com\/lt\/wp-json\/wp\/v2\/product_tag?post=1761"}],"curies":[{"name":"wp","href":"https:\/\/api.w.org\/{rel}","templated":true}]}}