{"id":1763,"date":"2024-12-14T03:06:05","date_gmt":"2024-12-14T03:06:05","guid":{"rendered":"https:\/\/mj-clothing.com\/?post_type=product&#038;p=1763"},"modified":"2024-12-17T07:11:45","modified_gmt":"2024-12-17T07:11:45","slug":"black-tweed-jacket","status":"publish","type":"product","link":"https:\/\/mj-clothing.com\/lt\/manufacturer\/black-tweed-jacket\/","title":{"rendered":"Juodos spalvos tvido \u0161varkas"},"content":{"rendered":"<h2 data-sourcepos=\"1:1-1:113\">Juodos spalvos tvido \u0161varkas<\/h2>\n<p data-sourcepos=\"1:1-1:113\">Juodas tvido \u0161varkas yra universalus ir stilingas drabu\u017eis, galintis patobulinti bet koki\u0105 aprang\u0105. \u0160tai kod\u0117l jums gali patikti:<\/p>\n<p data-sourcepos=\"3:1-3:36\"><strong>Kod\u0117l verta rinktis juod\u0105 tvido \u0161vark\u0105?<\/strong><\/p>\n<ul data-sourcepos=\"5:1-9:0\">\n<li data-sourcepos=\"5:1-5:101\"><strong>Nesenstantis eleganti\u0161kumas:<\/strong> Juodas tvidas yra klasikinis, rafinuotas audinys, kuris niekada nei\u0161eina i\u0161 mados.<\/li>\n<li data-sourcepos=\"6:1-6:95\"><strong>Universalus stilius:<\/strong> J\u012f galima d\u0117v\u0117ti tiek su apranga, tiek su drabu\u017eiais, tod\u0117l jis puikiai tinka \u012fvairioms progoms.<\/li>\n<li data-sourcepos=\"7:1-7:103\"><strong>\u0160iluma ir patogumas:<\/strong> Tvidas yra patvarus ir izoliuojantis audinys, tod\u0117l idealiai tinka \u0161altesniam orui.<\/li>\n<li data-sourcepos=\"8:1-9:0\"><strong>Tekst\u016brinis vaizdas:<\/strong> Unikalus tvido pynimas suteikia aprangai vizualinio \u012fdomumo.<\/li>\n<\/ul>\n<p data-sourcepos=\"10:1-10:38\"><strong>Kaip vilk\u0117ti juod\u0105 tvido \u0161vark\u0105:<\/strong><\/p>\n<ul data-sourcepos=\"12:1-15:0\">\n<li data-sourcepos=\"12:1-12:93\"><strong>Smart Casual:<\/strong> Rafinuotai atrodysite prie \u0161varko, mar\u0161kini\u0173 su sagomis ir mokasin\u0173.<\/li>\n<li data-sourcepos=\"13:1-13:102\"><strong>Darbo reikalais:<\/strong> D\u0117v\u0117kite j\u012f su suknel\u0117s keln\u0117mis, mar\u0161kiniais ir kaklarai\u0161\u010diu, kad sukurtum\u0117te profesional\u0173 ansambl\u012f.<\/li>\n<li data-sourcepos=\"14:1-15:0\"><strong>Atsitiktinis pra\u0161matnumas:<\/strong> J\u0105 derinkite su d\u017einsais, mar\u0161kin\u0117liais ir sportiniais bateliais, kad stilius b\u016bt\u0173 nenuobodus.<\/li>\n<\/ul>\n<p data-sourcepos=\"16:1-16:43\"><strong>Patarimai renkantis juod\u0105 tvido \u0161vark\u0105:<\/strong><\/p>\n<ul data-sourcepos=\"18:1-22:0\">\n<li data-sourcepos=\"18:1-18:71\"><strong>Tinka:<\/strong> Rinkit\u0117s gerai prigludus\u012f ir j\u016bs\u0173 k\u016bno formoms tinkant\u012f \u0161vark\u0105.<\/li>\n<li data-sourcepos=\"19:1-19:109\"><strong>Modelis:<\/strong> Atkreipkite d\u0117mes\u012f \u012f tvido ra\u0161t\u0105 - ar tai b\u016bt\u0173 klasikin\u0117 eglut\u0117, ar modernesnis dizainas.<\/li>\n<li data-sourcepos=\"20:1-20:76\"><strong>Svoris:<\/strong> Nuo tvido svorio priklauso, kiek \u0161ilta bus striuk\u0117.<\/li>\n<li data-sourcepos=\"21:1-22:0\"><strong>Priedai:<\/strong> Prisid\u0117kite ki\u0161eni\u0173 skvern\u0105, kaklarai\u0161t\u012f ar \u0161alik\u0105, kad prid\u0117tum\u0117te asmenin\u012f akcent\u0105.<\/li>\n<\/ul>","protected":false},"excerpt":{"rendered":"<table style=\"height: 587px;\" width=\"485\">\n<tbody>\n<tr>\n<td width=\"146\"><strong><b>Produktas<\/b><\/strong>\u00a0<strong><b>Vardas ir pavard\u0117:<\/b><\/strong><\/td>\n<td width=\"601\"><strong>Juodos spalvos tvido \u0161varkas<\/strong><\/td>\n<\/tr>\n<tr>\n<td width=\"146\"><strong><b>Materlal:<\/b><\/strong><\/td>\n<td width=\"601\">Poliesteris \/ medviln\u0117<\/td>\n<\/tr>\n<tr>\n<td width=\"146\"><strong><b>Technika:<\/b><\/strong><\/td>\n<td width=\"601\">Spausdinimas ir da\u017eymas<\/td>\n<\/tr>\n<tr>\n<td width=\"146\"><strong><b>Stilius:<\/b><\/strong><\/td>\n<td width=\"601\">Atsitiktinis<\/td>\n<\/tr>\n<tr>\n<td width=\"146\"><strong><b>Spalva<\/b><\/strong><strong><b>:<\/b><\/strong><\/td>\n<td width=\"601\">\u00a0Pasirinktin\u0117s spalvos<\/td>\n<\/tr>\n<tr>\n<td width=\"146\"><strong><b>Dydis:<\/b><\/strong><\/td>\n<td width=\"601\">S \/M \/L \/XL \/2XL<\/td>\n<\/tr>\n<tr>\n<td width=\"146\"><strong><b>OEM\/ODM:<\/b><\/strong><\/td>\n<td width=\"601\">Priimtina<\/td>\n<\/tr>\n<tr>\n<td width=\"146\"><strong><b>Kokyb\u0117:<\/b><\/strong><\/td>\n<td width=\"601\">100% Auk\u0161ta kokyb\u0117<\/td>\n<\/tr>\n<tr>\n<td width=\"146\"><strong><b>M<\/b><\/strong><strong><b>OQ:<\/b><\/strong><\/td>\n<td width=\"601\">200 vnt.<\/td>\n<\/tr>\n<\/tbody>\n<\/table>","protected":false},"featured_media":1764,"template":"","meta":[],"product_brand":[],"product_cat":[38],"product_tag":[],"class_list":{"0":"post-1763","1":"product","2":"type-product","3":"status-publish","4":"has-post-thumbnail","6":"product_cat-mens-clothing","8":"first","9":"instock","10":"shipping-taxable","11":"product-type-simple"},"_links":{"self":[{"href":"https:\/\/mj-clothing.com\/lt\/wp-json\/wp\/v2\/product\/1763","targetHints":{"allow":["GET"]}}],"collection":[{"href":"https:\/\/mj-clothing.com\/lt\/wp-json\/wp\/v2\/product"}],"about":[{"href":"https:\/\/mj-clothing.com\/lt\/wp-json\/wp\/v2\/types\/product"}],"wp:featuredmedia":[{"embeddable":true,"href":"https:\/\/mj-clothing.com\/lt\/wp-json\/wp\/v2\/media\/1764"}],"wp:attachment":[{"href":"https:\/\/mj-clothing.com\/lt\/wp-json\/wp\/v2\/media?parent=1763"}],"wp:term":[{"taxonomy":"product_brand","embeddable":true,"href":"https:\/\/mj-clothing.com\/lt\/wp-json\/wp\/v2\/product_brand?post=1763"},{"taxonomy":"product_cat","embeddable":true,"href":"https:\/\/mj-clothing.com\/lt\/wp-json\/wp\/v2\/product_cat?post=1763"},{"taxonomy":"product_tag","embeddable":true,"href":"https:\/\/mj-clothing.com\/lt\/wp-json\/wp\/v2\/product_tag?post=1763"}],"curies":[{"name":"wp","href":"https:\/\/api.w.org\/{rel}","templated":true}]}}