{"id":1765,"date":"2024-12-14T03:13:20","date_gmt":"2024-12-14T03:13:20","guid":{"rendered":"https:\/\/mj-clothing.com\/?post_type=product&#038;p=1765"},"modified":"2024-12-17T07:10:04","modified_gmt":"2024-12-17T07:10:04","slug":"vintage-jacket","status":"publish","type":"product","link":"https:\/\/mj-clothing.com\/lt\/manufacturer\/vintage-jacket\/","title":{"rendered":"Derliaus striuk\u0117"},"content":{"rendered":"<p data-sourcepos=\"1:1-1:110\">Senovinis \u0161varkas - tai nesenstanti detal\u0117, galinti suteikti unikal\u0173 akcent\u0105 bet kokiai aprangai. \u0160tai kod\u0117l jums gali patikti:<\/p>\n<h3 data-sourcepos=\"3:1-3:32\"><strong>Kod\u0117l verta rinktis senovin\u0119 striuk\u0119?<\/strong><\/h3>\n<ul data-sourcepos=\"5:1-9:0\">\n<li data-sourcepos=\"5:1-5:118\"><strong>Unikalus stilius:<\/strong>\u00a0 Striuk\u0117s da\u017enai turi i\u0161skirtin\u012f dizain\u0105 ir detales, kuri\u0173 nerasite \u0161iuolaikiniuose drabu\u017eiuose.<\/li>\n<li data-sourcepos=\"6:1-6:111\"><strong>Auk\u0161ta kokyb\u0117:<\/strong> Daugelis \u0161vark\u0173 yra pagaminti i\u0161 auk\u0161tos kokyb\u0117s med\u017eiag\u0173, kurios atlaik\u0117 laiko i\u0161bandym\u0105.<\/li>\n<li data-sourcepos=\"7:1-7:125\"><strong>Tvari mada:<\/strong> Rinkdamiesi vinta\u017einius drabu\u017eius ma\u017einate poveik\u012f aplinkai ir suteikiate drabu\u017eiui antr\u0105 gyvenim\u0105.<\/li>\n<li data-sourcepos=\"8:1-9:0\"><strong>Charakteris ir istorija:<\/strong> Striuk\u0117s gali papasakoti istorij\u0105, suteikti j\u016bs\u0173 garderobui nostalgijos ir asmeni\u0161kumo.<\/li>\n<\/ul>\n<h3 data-sourcepos=\"10:1-10:34\"><strong>Kaip sukurti vinta\u017ein\u012f \u0161vark\u0105:<\/strong><\/h3>\n<ul data-sourcepos=\"12:1-16:0\">\n<li data-sourcepos=\"12:1-12:79\"><strong>Atsitiktinis:<\/strong> J\u0105 derinkite su d\u017einsais, mar\u0161kin\u0117liais ir sportiniais bateliais, kad atrodytum\u0117te laisvai.<\/li>\n<li data-sourcepos=\"13:1-13:98\"><strong>Smart Casual:<\/strong> D\u0117v\u0117kite j\u012f su chinos, mar\u0161kiniais su sagomis ir mokasinais, kad sukurtum\u0117te eleganti\u0161k\u0105 ansambl\u012f.<\/li>\n<li data-sourcepos=\"14:1-14:93\"><strong>I\u0161\u0161aukiantis:<\/strong> Derinkite j\u012f su odin\u0117mis keln\u0117mis, grafine mar\u0161kin\u0117li\u0173 palaidine ir batais, kad sukurtum\u0117te rokenrolo stili\u0173.<\/li>\n<li data-sourcepos=\"15:1-16:0\"><strong>Formalus:<\/strong> Sluoksniuokite j\u012f ant kostiumo \u0161varkelio, kad sukurtum\u0117te i\u0161skirtin\u012f oficialios aprangos stili\u0173.<\/li>\n<\/ul>\n<h3 data-sourcepos=\"17:1-17:39\"><strong>Patarimai renkantis Senovin\u012f \u0161vark\u0105:<\/strong><\/h3>\n<ul data-sourcepos=\"19:1-23:0\">\n<li data-sourcepos=\"19:1-19:82\"><strong>Tinka:<\/strong> \u012esitikinkite, kad striuk\u0117 gerai tinka, atsi\u017evelgdami \u012f galimus pakeitimus.<\/li>\n<li data-sourcepos=\"20:1-20:64\"><strong>B\u016bkl\u0117:<\/strong> Patikrinkite, ar n\u0117ra pa\u017eeidim\u0173, d\u0117mi\u0173 ar nusid\u0117v\u0117jimo.<\/li>\n<li data-sourcepos=\"21:1-21:93\"><strong>Stilius:<\/strong> Atsi\u017evelkite \u012f savo asmenin\u012f stili\u0173 ir pasirinkite striuk\u0119, kuri papildyt\u0173 j\u016bs\u0173 garderob\u0105.<\/li>\n<li data-sourcepos=\"22:1-23:0\"><strong>Med\u017eiaga:<\/strong> Ie\u0161kokite auk\u0161tos kokyb\u0117s med\u017eiag\u0173, pavyzd\u017eiui, odos, vilnos ar d\u017einsinio audinio.<\/li>\n<\/ul>\n<h3 data-sourcepos=\"24:1-24:34\"><strong>Kur rasti Vinta\u017ein\u0117 striuk\u0117:<\/strong><\/h3>\n<ul data-sourcepos=\"26:1-30:0\">\n<li data-sourcepos=\"26:1-26:76\"><strong>Taupumo parduotuv\u0117s:<\/strong> Puiki vieta rasti pasl\u0117pt\u0173 brangakmeni\u0173 u\u017e prieinam\u0105 kain\u0105.<\/li>\n<li data-sourcepos=\"27:1-27:89\"><strong>Siunt\u0173 parduotuv\u0117s:<\/strong> \u0160iose parduotuv\u0117se da\u017enai b\u016bna kuruojamos senovini\u0173 drabu\u017ei\u0173 kolekcijos.<\/li>\n<li data-sourcepos=\"28:1-28:97\"><strong>Internetin\u0117s prekyviet\u0117s:<\/strong> Tokiose svetain\u0117se kaip \"eBay\" ir \"Etsy\" si\u016blomas platus \u0161vark\u0173 pasirinkimas.<\/li>\n<li data-sourcepos=\"29:1-30:0\"><strong>Senovini\u0173 drabu\u017ei\u0173 parduotuv\u0117s:<\/strong> Specializuotos parduotuv\u0117s, kuriose prekiaujama vinta\u017eine mada.<\/li>\n<\/ul>\n<div class=\"attachment-container search-images\">\n<div class=\"image-container hide-from-message-actions ng-star-inserted\">\n<div class=\"overlay-container ng-star-inserted\"><\/div>\n<\/div>\n<\/div>","protected":false},"excerpt":{"rendered":"<table style=\"height: 442px;\" width=\"514\">\n<tbody>\n<tr>\n<td width=\"146\"><strong><b>Produktas<\/b><\/strong>\u00a0<strong><b>Vardas ir pavard\u0117:<\/b><\/strong><\/td>\n<td width=\"601\"><strong>Derliaus striuk\u0117<\/strong><\/td>\n<\/tr>\n<tr>\n<td width=\"146\"><strong><b>Materlal:<\/b><\/strong><\/td>\n<td width=\"601\">Poliesteris \/ medviln\u0117<\/td>\n<\/tr>\n<tr>\n<td width=\"146\"><strong><b>Technika:<\/b><\/strong><\/td>\n<td width=\"601\">Spausdinimas ir da\u017eymas<\/td>\n<\/tr>\n<tr>\n<td width=\"146\"><strong><b>Stilius:<\/b><\/strong><\/td>\n<td width=\"601\">Atsitiktinis<\/td>\n<\/tr>\n<tr>\n<td width=\"146\"><strong><b>Spalva<\/b><\/strong><strong><b>:<\/b><\/strong><\/td>\n<td width=\"601\">\u00a0Pasirinktin\u0117s spalvos<\/td>\n<\/tr>\n<tr>\n<td width=\"146\"><strong><b>Dydis:<\/b><\/strong><\/td>\n<td width=\"601\">S \/M \/L \/XL \/2XL<\/td>\n<\/tr>\n<tr>\n<td width=\"146\"><strong><b>OEM\/ODM:<\/b><\/strong><\/td>\n<td width=\"601\">Priimtina<\/td>\n<\/tr>\n<tr>\n<td width=\"146\"><strong><b>Kokyb\u0117:<\/b><\/strong><\/td>\n<td width=\"601\">100% Auk\u0161ta kokyb\u0117<\/td>\n<\/tr>\n<tr>\n<td width=\"146\"><strong><b>M<\/b><\/strong><strong><b>OQ:<\/b><\/strong><\/td>\n<td width=\"601\">200 vnt.<\/td>\n<\/tr>\n<\/tbody>\n<\/table>","protected":false},"featured_media":1769,"template":"","meta":[],"product_brand":[],"product_cat":[38],"product_tag":[],"class_list":{"0":"post-1765","1":"product","2":"type-product","3":"status-publish","4":"has-post-thumbnail","6":"product_cat-mens-clothing","8":"first","9":"instock","10":"shipping-taxable","11":"product-type-simple"},"_links":{"self":[{"href":"https:\/\/mj-clothing.com\/lt\/wp-json\/wp\/v2\/product\/1765","targetHints":{"allow":["GET"]}}],"collection":[{"href":"https:\/\/mj-clothing.com\/lt\/wp-json\/wp\/v2\/product"}],"about":[{"href":"https:\/\/mj-clothing.com\/lt\/wp-json\/wp\/v2\/types\/product"}],"wp:featuredmedia":[{"embeddable":true,"href":"https:\/\/mj-clothing.com\/lt\/wp-json\/wp\/v2\/media\/1769"}],"wp:attachment":[{"href":"https:\/\/mj-clothing.com\/lt\/wp-json\/wp\/v2\/media?parent=1765"}],"wp:term":[{"taxonomy":"product_brand","embeddable":true,"href":"https:\/\/mj-clothing.com\/lt\/wp-json\/wp\/v2\/product_brand?post=1765"},{"taxonomy":"product_cat","embeddable":true,"href":"https:\/\/mj-clothing.com\/lt\/wp-json\/wp\/v2\/product_cat?post=1765"},{"taxonomy":"product_tag","embeddable":true,"href":"https:\/\/mj-clothing.com\/lt\/wp-json\/wp\/v2\/product_tag?post=1765"}],"curies":[{"name":"wp","href":"https:\/\/api.w.org\/{rel}","templated":true}]}}