{"id":1777,"date":"2024-12-14T03:30:07","date_gmt":"2024-12-14T03:30:07","guid":{"rendered":"https:\/\/mj-clothing.com\/?post_type=product&#038;p=1777"},"modified":"2024-12-17T07:04:15","modified_gmt":"2024-12-17T07:04:15","slug":"cropped-leather-jacket","status":"publish","type":"product","link":"https:\/\/mj-clothing.com\/lt\/manufacturer\/cropped-leather-jacket\/","title":{"rendered":"Apkarpyta odin\u0117 striuk\u0117"},"content":{"rendered":"<p data-sourcepos=\"1:1-1:117\">Apkarpyta odin\u0117 striuk\u0117 yra stilinga ir universali detal\u0117, kuri gali patobulinti bet koki\u0105 aprang\u0105. \u0160tai kod\u0117l jums gali patikti:<\/p>\n<h3 data-sourcepos=\"3:1-3:40\"><strong>Kod\u0117l verta rinktis apkarpyt\u0105 odin\u0119 striuk\u0119?<\/strong><\/h3>\n<ul data-sourcepos=\"5:1-9:0\">\n<li data-sourcepos=\"5:1-5:120\"><strong><span class=\"citation-0 recitation\">Madingas ir modernus:<\/span><\/strong><span class=\"citation-0 recitation citation-end-0\"> Apkarpyti \u0161varkai - populiari tendencija, kuri j\u016bs\u0173 \u012fvaizd\u017eiui gali suteikti \u0161iuolaiki\u0161kumo.<\/span><\/li>\n<li data-sourcepos=\"5:1-5:120\"><strong style=\"font-size: 14.4px;\">Universalus stilius:<\/strong><span style=\"font-size: 14.4px;\"> J\u012f galima d\u0117v\u0117ti tiek su apranga, tiek su drabu\u017eiais, tod\u0117l jis puikiai tinka \u012fvairioms progoms.<\/span><\/li>\n<li data-sourcepos=\"7:1-7:113\"><strong><span class=\"citation-1 recitation\">Priglud\u0119s tinka:<\/span><\/strong><span class=\"citation-1 recitation citation-end-1\"> I\u0161kirptas \u0161varkas gali pary\u0161kinti j\u016bs\u0173 liemen\u012f ir sukurti prigludus\u012f siluet\u0105.<\/span><\/li>\n<li data-sourcepos=\"7:1-7:113\"><strong style=\"font-size: 14.4px;\">Eleganti\u0161ka ir eleganti\u0161ka:<\/strong><span style=\"font-size: 14.4px;\"> Oda suteikia tvirtumo ir rafinuotumo.<\/span><\/li>\n<\/ul>\n<h3 data-sourcepos=\"10:1-10:42\"><strong>Kaip d\u0117v\u0117ti apkarpyt\u0105 odin\u0119 striuk\u0119:<\/strong><\/h3>\n<ul data-sourcepos=\"12:1-15:0\">\n<li data-sourcepos=\"12:1-12:82\"><strong>Atsitiktinis pra\u0161matnumas:<\/strong> J\u0105 derinkite prie d\u017eins\u0173, mar\u0161kin\u0117li\u0173 ir sportba\u010di\u0173, kad atrodytum\u0117te laisvai.<\/li>\n<li data-sourcepos=\"13:1-13:102\"><strong>Smart Casual:<\/strong> D\u0117v\u0117kite j\u012f su sijonu, palaidine ir kulk\u0161niniais bateliais, kad apranga b\u016bt\u0173 moteri\u0161ka ir stilinga.<\/li>\n<li data-sourcepos=\"14:1-15:0\"><strong>I\u0161\u0161aukiantis \u017evilgsnis:<\/strong> Derinkite j\u012f su odin\u0117mis keln\u0117mis, grafine mar\u0161kin\u0117li\u0173 palaidine ir batais, kad sukurtum\u0117te rokenrolo stili\u0173.<\/li>\n<\/ul>\n<h3 data-sourcepos=\"16:1-16:47\"><strong>Patarimai renkantis apkarpyt\u0105 odin\u0119 striuk\u0119:<\/strong><\/h3>\n<ul data-sourcepos=\"18:1-22:0\">\n<li data-sourcepos=\"18:1-18:71\"><strong>Tinka:<\/strong> Rinkit\u0117s gerai prigludus\u012f ir j\u016bs\u0173 k\u016bno formoms tinkant\u012f \u0161vark\u0105.<\/li>\n<li data-sourcepos=\"19:1-19:60\"><strong>Med\u017eiaga:<\/strong> Rinkit\u0117s auk\u0161tos kokyb\u0117s od\u0105, kuri bus ilgaam\u017e\u0117.<\/li>\n<li data-sourcepos=\"20:1-20:87\"><strong>Stilius:<\/strong> Atsi\u017evelkite \u012f savo asmenin\u012f stili\u0173 ir pasirinkite j\u016bs\u0173 skon\u012f atspindint\u012f \u0161vark\u0105.<\/li>\n<li data-sourcepos=\"21:1-22:0\"><strong>Spalva:<\/strong> Juoda spalva yra klasikinis pasirinkimas, ta\u010diau galite rinktis ir kitas spalvas, pavyzd\u017eiui, rud\u0105 ar bordo.<\/li>\n<\/ul>","protected":false},"excerpt":{"rendered":"<table style=\"height: 523px;\" width=\"508\">\n<tbody>\n<tr>\n<td width=\"146\"><strong><b>Produktas<\/b><\/strong>\u00a0<strong><b>Vardas ir pavard\u0117:<\/b><\/strong><\/td>\n<td width=\"601\"><strong>Apkarpyta odin\u0117 striuk\u0117<\/strong><\/td>\n<\/tr>\n<tr>\n<td width=\"146\"><strong><b>Materlal:<\/b><\/strong><\/td>\n<td width=\"601\">Poliesteris \/ medviln\u0117<\/td>\n<\/tr>\n<tr>\n<td width=\"146\"><strong><b>Technika:<\/b><\/strong><\/td>\n<td width=\"601\">Odos<\/td>\n<\/tr>\n<tr>\n<td width=\"146\"><strong><b>Stilius:<\/b><\/strong><\/td>\n<td width=\"601\">Atsitiktinis<\/td>\n<\/tr>\n<tr>\n<td width=\"146\"><strong><b>Spalva<\/b><\/strong><strong><b>:<\/b><\/strong><\/td>\n<td width=\"601\">\u00a0Pasirinktin\u0117s spalvos<\/td>\n<\/tr>\n<tr>\n<td width=\"146\"><strong><b>Dydis:<\/b><\/strong><\/td>\n<td width=\"601\">S \/M \/L \/XL \/2XL<\/td>\n<\/tr>\n<tr>\n<td width=\"146\"><strong><b>OEM\/ODM:<\/b><\/strong><\/td>\n<td width=\"601\">Priimtina<\/td>\n<\/tr>\n<tr>\n<td width=\"146\"><strong><b>Kokyb\u0117:<\/b><\/strong><\/td>\n<td width=\"601\">100% Auk\u0161ta kokyb\u0117<\/td>\n<\/tr>\n<tr>\n<td width=\"146\"><strong><b>M<\/b><\/strong><strong><b>OQ:<\/b><\/strong><\/td>\n<td width=\"601\">200 vnt.<\/td>\n<\/tr>\n<\/tbody>\n<\/table>","protected":false},"featured_media":1781,"template":"","meta":[],"product_brand":[],"product_cat":[38],"product_tag":[],"class_list":{"0":"post-1777","1":"product","2":"type-product","3":"status-publish","4":"has-post-thumbnail","6":"product_cat-mens-clothing","8":"first","9":"instock","10":"shipping-taxable","11":"product-type-simple"},"_links":{"self":[{"href":"https:\/\/mj-clothing.com\/lt\/wp-json\/wp\/v2\/product\/1777","targetHints":{"allow":["GET"]}}],"collection":[{"href":"https:\/\/mj-clothing.com\/lt\/wp-json\/wp\/v2\/product"}],"about":[{"href":"https:\/\/mj-clothing.com\/lt\/wp-json\/wp\/v2\/types\/product"}],"wp:featuredmedia":[{"embeddable":true,"href":"https:\/\/mj-clothing.com\/lt\/wp-json\/wp\/v2\/media\/1781"}],"wp:attachment":[{"href":"https:\/\/mj-clothing.com\/lt\/wp-json\/wp\/v2\/media?parent=1777"}],"wp:term":[{"taxonomy":"product_brand","embeddable":true,"href":"https:\/\/mj-clothing.com\/lt\/wp-json\/wp\/v2\/product_brand?post=1777"},{"taxonomy":"product_cat","embeddable":true,"href":"https:\/\/mj-clothing.com\/lt\/wp-json\/wp\/v2\/product_cat?post=1777"},{"taxonomy":"product_tag","embeddable":true,"href":"https:\/\/mj-clothing.com\/lt\/wp-json\/wp\/v2\/product_tag?post=1777"}],"curies":[{"name":"wp","href":"https:\/\/api.w.org\/{rel}","templated":true}]}}