{"id":1785,"date":"2024-12-14T03:42:50","date_gmt":"2024-12-14T03:42:50","guid":{"rendered":"https:\/\/mj-clothing.com\/?post_type=product&#038;p=1785"},"modified":"2024-12-17T07:02:12","modified_gmt":"2024-12-17T07:02:12","slug":"mens-full-zip-sweater","status":"publish","type":"product","link":"https:\/\/mj-clothing.com\/lt\/manufacturer\/mens-full-zip-sweater\/","title":{"rendered":"Vyri\u0161kas megztinis su u\u017etrauktuku"},"content":{"rendered":"<p data-sourcepos=\"1:1-1:236\"><span class=\"citation-0 recitation citation-end-0\">Vyri\u0161kas megztinis su u\u017etrauktuku yra universalus drabu\u017eis, kur\u012f galima d\u0117v\u0117ti \u012fvairiomis oro s\u0105lygomis ir d\u0117v\u0117ti \u012fvairiomis progomis.<\/span> Tai patogi ir stilinga tradicinio megztinio alternatyva.<span class=\"button-container hide-from-message-actions ng-star-inserted\"> \u00a0<\/span><\/p>\n<h3><strong style=\"font-size: 14.4px;\">Pagrindin\u0117s vyri\u0161ko d\u017eemperio su u\u017etrauktuku savyb\u0117s:<\/strong><\/h3>\n<ul data-sourcepos=\"5:1-9:0\">\n<li data-sourcepos=\"5:1-5:116\"><strong>Pilnas u\u017etrauktukas u\u017edarymas:<\/strong> Visi\u0161kai u\u017esegama u\u017etrauktuku konstrukcija leid\u017eia lengvai u\u017esid\u0117ti ir nusisegti, be to, galima reguliuoti temperat\u016br\u0105.<\/li>\n<li data-sourcepos=\"6:1-6:127\"><strong>\u0160iluma ir patogumas:<\/strong> <span class=\"citation-1 recitation citation-end-1\">D\u017eemperiai su u\u017etrauktuku da\u017enai gaminami i\u0161 \u0161ilt\u0173 med\u017eiag\u0173, pavyzd\u017eiui, vilnos, vilnos arba vilnos mi\u0161inio.<\/span><span class=\"button-container hide-from-message-actions ng-star-inserted\">\u00a0 \u00a0<\/span>\n<div class=\"container ng-tns-c2946245707-175 hide\">\n<div class=\"carousel-container ng-tns-c2946245707-175\"><\/div>\n<\/div>\n<\/li>\n<li data-sourcepos=\"7:1-7:134\"><strong>Universalus stilius:<\/strong> <span class=\"citation-2 recitation citation-end-2\">Priklausomai nuo oro s\u0105lyg\u0173 ir norimo \u012fvaizd\u017eio, juos galima sluoksniuoti ant mar\u0161kini\u0173 arba d\u0117v\u0117ti atskirai.<\/span><\/li>\n<li data-sourcepos=\"7:1-7:134\"><strong><span class=\"citation-3 recitation\">Funkcin\u0117s ki\u0161en\u0117s:<\/span><\/strong><span class=\"citation-3 recitation citation-end-3\"> Daugelis megztini\u0173 su u\u017etrauktukais turi ki\u0161enes, kad rankos b\u016bt\u0173 \u0161iltos arba gal\u0117tum\u0117te laikyti smulkius daiktus.<\/span><span class=\"button-container hide-from-message-actions ng-star-inserted\">\u00a0<\/span>\n<div class=\"container ng-tns-c2946245707-177 hide\">\n<div class=\"carousel-container ng-tns-c2946245707-177\"><\/div>\n<\/div>\n<\/li>\n<\/ul>\n<h2 data-sourcepos=\"10:1-10:42\"><strong>Kaip stilizuoti vyri\u0161k\u0105 megztin\u012f su u\u017etrauktuku:<\/strong><\/h2>\n<ul data-sourcepos=\"12:1-15:0\">\n<li data-sourcepos=\"12:1-12:77\"><strong>Atsitiktinis:<\/strong> J\u0105 derinkite prie d\u017eins\u0173, mar\u0161kin\u0117li\u0173 ir sportba\u010di\u0173, kad atrodytum\u0117te laisvai.<\/li>\n<li data-sourcepos=\"13:1-13:96\"><strong>Smart Casual:<\/strong> D\u0117v\u0117kite j\u012f su chinos, mar\u0161kiniais su sagomis ir mokasinais, kad sukurtum\u0117te eleganti\u0161k\u0105 aprang\u0105.<\/li>\n<li data-sourcepos=\"14:1-15:0\"><strong>Veikla lauke:<\/strong> Sluoksniuokite j\u0105 ant vilnonio audinio ar striuk\u0117s su gobtuvu, kad b\u016bt\u0173 dar \u0161il\u010diau per nuotykius lauke.<\/li>\n<\/ul>\n<h3 data-sourcepos=\"16:1-16:47\"><strong>Populiariausi preki\u0173 \u017eenklai vyri\u0161kam d\u017eemperiui su u\u017etrauktuku:<\/strong><\/h3>\n<ul data-sourcepos=\"18:1-21:0\">\n<li data-sourcepos=\"18:1-18:71\"><strong><span class=\"citation-4 recitation\">Lauko preki\u0173 \u017eenklai:<\/span><\/strong><span class=\"citation-4 recitation citation-end-4\"> The North Face, Patagonia, Arc'teryx<\/span><span class=\"button-container hide-from-message-actions ng-star-inserted\"> \u00a0<\/span><\/li>\n<li data-sourcepos=\"18:1-18:71\"><strong style=\"font-size: 14.4px;\">Gyvenimo b\u016bdo preki\u0173 \u017eenklai:<\/strong><span style=\"font-size: 14.4px;\"> Ralph Lauren, Tommy Hilfiger, J.Crew<\/span><\/li>\n<li data-sourcepos=\"20:1-21:0\"><strong>Techniniai preki\u0173 \u017eenklai:<\/strong> \"Under Armour\", \"Nike\", \"Adidas<\/li>\n<\/ul>\n<p data-sourcepos=\"22:1-22:111\"><strong>Atminkite, kad svarbiausia renkantis megztin\u012f su u\u017etrauktuku yra atsi\u017evelgti \u012f med\u017eiag\u0105, tinkamum\u0105 ir asmenin\u012f stili\u0173.<\/strong><\/p>","protected":false},"excerpt":{"rendered":"<table style=\"height: 424px;\" width=\"509\">\n<tbody>\n<tr>\n<td width=\"146\"><strong><b>Produktas<\/b><\/strong>\u00a0<strong><b>Vardas ir pavard\u0117:<\/b><\/strong><\/td>\n<td width=\"601\"><strong>Vyri\u0161kas megztinis su u\u017etrauktuku<\/strong><\/td>\n<\/tr>\n<tr>\n<td width=\"146\"><strong><b>Materlal:<\/b><\/strong><\/td>\n<td width=\"601\">Poliesteris \/ medviln\u0117<\/td>\n<\/tr>\n<tr>\n<td width=\"146\"><strong><b>Technika:<\/b><\/strong><\/td>\n<td width=\"601\">Audimas<\/td>\n<\/tr>\n<tr>\n<td width=\"146\"><strong><b>Stilius:<\/b><\/strong><\/td>\n<td width=\"601\">Atsitiktinis<\/td>\n<\/tr>\n<tr>\n<td width=\"146\"><strong><b>Spalva<\/b><\/strong><strong><b>:<\/b><\/strong><\/td>\n<td width=\"601\">\u00a0Pasirinktin\u0117s spalvos<\/td>\n<\/tr>\n<tr>\n<td width=\"146\"><strong><b>Dydis:<\/b><\/strong><\/td>\n<td width=\"601\">S \/M \/L \/XL \/2XL<\/td>\n<\/tr>\n<tr>\n<td width=\"146\"><strong><b>OEM\/ODM:<\/b><\/strong><\/td>\n<td width=\"601\">Priimtina<\/td>\n<\/tr>\n<tr>\n<td width=\"146\"><strong><b>Kokyb\u0117:<\/b><\/strong><\/td>\n<td width=\"601\">100% Auk\u0161ta kokyb\u0117<\/td>\n<\/tr>\n<tr>\n<td width=\"146\"><strong><b>M<\/b><\/strong><strong><b>OQ:<\/b><\/strong><\/td>\n<td width=\"601\">200 vnt.<\/td>\n<\/tr>\n<\/tbody>\n<\/table>","protected":false},"featured_media":1790,"template":"","meta":[],"product_brand":[],"product_cat":[38],"product_tag":[],"class_list":{"0":"post-1785","1":"product","2":"type-product","3":"status-publish","4":"has-post-thumbnail","6":"product_cat-mens-clothing","8":"first","9":"instock","10":"shipping-taxable","11":"product-type-simple"},"_links":{"self":[{"href":"https:\/\/mj-clothing.com\/lt\/wp-json\/wp\/v2\/product\/1785","targetHints":{"allow":["GET"]}}],"collection":[{"href":"https:\/\/mj-clothing.com\/lt\/wp-json\/wp\/v2\/product"}],"about":[{"href":"https:\/\/mj-clothing.com\/lt\/wp-json\/wp\/v2\/types\/product"}],"wp:featuredmedia":[{"embeddable":true,"href":"https:\/\/mj-clothing.com\/lt\/wp-json\/wp\/v2\/media\/1790"}],"wp:attachment":[{"href":"https:\/\/mj-clothing.com\/lt\/wp-json\/wp\/v2\/media?parent=1785"}],"wp:term":[{"taxonomy":"product_brand","embeddable":true,"href":"https:\/\/mj-clothing.com\/lt\/wp-json\/wp\/v2\/product_brand?post=1785"},{"taxonomy":"product_cat","embeddable":true,"href":"https:\/\/mj-clothing.com\/lt\/wp-json\/wp\/v2\/product_cat?post=1785"},{"taxonomy":"product_tag","embeddable":true,"href":"https:\/\/mj-clothing.com\/lt\/wp-json\/wp\/v2\/product_tag?post=1785"}],"curies":[{"name":"wp","href":"https:\/\/api.w.org\/{rel}","templated":true}]}}