{"id":1792,"date":"2024-12-14T03:52:01","date_gmt":"2024-12-14T03:52:01","guid":{"rendered":"https:\/\/mj-clothing.com\/?post_type=product&#038;p=1792"},"modified":"2024-12-17T07:00:56","modified_gmt":"2024-12-17T07:00:56","slug":"mens-alpaca-sweater","status":"publish","type":"product","link":"https:\/\/mj-clothing.com\/lt\/manufacturer\/mens-alpaca-sweater\/","title":{"rendered":"Vyri\u0161kas d\u017eemperis i\u0161 alpakos"},"content":{"rendered":"<p data-sourcepos=\"1:1-1:198\"><span class=\"citation-0 recitation citation-end-0\">Vyri\u0161kas alpakos megztinis - tai prabangus ir \u0161iltas drabu\u017eis, pagamintas i\u0161 \u0161velnaus ir mink\u0161to Piet\u0173 Amerikos kupranugari\u0173 alpak\u0173 pluo\u0161to.<\/span> Alpakos pluo\u0161tas gars\u0117ja i\u0161skirtin\u0117mis savyb\u0117mis, \u012fskaitant:<span class=\"button-container hide-from-message-actions ng-star-inserted\"> \u00a0<\/span><\/p>\n<ul data-sourcepos=\"3:1-7:0\">\n<li data-sourcepos=\"3:1-3:89\"><strong><span class=\"citation-1 recitation\">Mink\u0161tumas:<\/span><\/strong><span class=\"citation-1 recitation citation-end-1\"> Alpakos pluo\u0161tas yra ne\u012ftik\u0117tinai mink\u0161tas, da\u017enai \u0161velnesnis u\u017e ka\u0161myr\u0105.<\/span><\/li>\n<li data-sourcepos=\"3:1-3:89\"><span class=\"button-container hide-from-message-actions ng-star-inserted\"><strong style=\"font-size: 14.4px;\">\u0160iluma:<\/strong> <span class=\"citation-2 recitation citation-end-2\" style=\"font-size: 14.4px;\">Ji puikiai izoliuoja, tod\u0117l \u0161altuoju met\u0173 laiku i\u0161lieka \u0161ilta.<\/span><\/span>\n<div class=\"container ng-tns-c2946245707-269 hide\">\n<div class=\"carousel-container ng-tns-c2946245707-269\"><\/div>\n<\/div>\n<\/li>\n<li data-sourcepos=\"5:1-5:80\"><strong>Patvarumas:<\/strong> <span class=\"citation-3 recitation citation-end-3\">Alpakos pluo\u0161tas yra patvarus ir atsparus pelyjimui.<\/span><\/li>\n<li data-sourcepos=\"5:1-5:80\"><span class=\"button-container hide-from-message-actions ng-star-inserted\">\u00a0<\/span><span class=\"button-container hide-from-message-actions ng-star-inserted\"><strong style=\"font-size: 14.4px;\">Hipoalerginis:<\/strong> <span class=\"citation-4 recitation citation-end-4\" style=\"font-size: 14.4px;\">Jis nat\u016braliai hipoalerginis, tod\u0117l puikiai tinka jautri\u0105 od\u0105 turintiems \u017emon\u0117ms.<\/span><span class=\"button-container hide-from-message-actions ng-star-inserted\" style=\"font-size: 14.4px;\"> \u00a0<\/span><\/span>\n<div class=\"container ng-tns-c2946245707-271 hide\">\n<div class=\"carousel-container ng-tns-c2946245707-271\"><\/div>\n<\/div>\n<\/li>\n<\/ul>\n<h3 data-sourcepos=\"8:1-8:33\"><strong>Kod\u0117l verta rinktis vyri\u0161k\u0105 alpakos megztin\u012f?<\/strong><\/h3>\n<ul data-sourcepos=\"10:1-14:0\">\n<li data-sourcepos=\"10:1-10:93\"><strong>Prabangus poj\u016btis:<\/strong> Mink\u0161ta, \u0161ilkin\u0117 alpakos pluo\u0161to tekst\u016bra nuostabiai priglunda prie odos.<\/li>\n<li data-sourcepos=\"11:1-11:118\"><strong><span class=\"citation-5 recitation\">I\u0161skirtin\u0117 \u0161iluma:<\/span><\/strong><span class=\"citation-5 recitation citation-end-5\"> Alpakos megztiniai puikiai tinka \u0161altam orui, kad b\u016bt\u0173 jauku ir patogu.<\/span><\/li>\n<li data-sourcepos=\"11:1-11:118\"><strong style=\"font-size: 14.4px;\">Stilius ir elegancija:<\/strong><span style=\"font-size: 14.4px;\"> Alpakos megztiniai gali patobulinti bet koki\u0105 aprang\u0105 ir suteikti rafinuotumo.<\/span><\/li>\n<li data-sourcepos=\"13:1-14:0\"><strong><span class=\"citation-6 recitation\">Eti\u0161kas ir tvarus:<\/span><\/strong><span class=\"citation-6 recitation citation-end-6\"> Alpak\u0173 auginimas da\u017enai laikomas humani\u0161kesniu ir ekologi\u0161kesniu nei avi\u0173 auginimas.<\/span><span class=\"button-container hide-from-message-actions ng-star-inserted\">\u00a0 \u00a0<\/span>\n<div class=\"container ng-tns-c2946245707-273 hide\">\n<div class=\"carousel-container ng-tns-c2946245707-273\"><\/div>\n<\/div>\n<\/li>\n<\/ul>\n<h3 data-sourcepos=\"15:1-15:35\"><strong>Kaip sukurti vyri\u0161k\u0105 alpakos megztin\u012f:<\/strong><\/h3>\n<ul data-sourcepos=\"17:1-20:0\">\n<li data-sourcepos=\"17:1-17:77\"><strong>Atsitiktinis:<\/strong> J\u0105 derinkite prie d\u017eins\u0173, mar\u0161kin\u0117li\u0173 ir sportba\u010di\u0173, kad atrodytum\u0117te laisvai.<\/li>\n<li data-sourcepos=\"18:1-18:96\"><strong>Smart Casual:<\/strong> D\u0117v\u0117kite j\u012f su chinos, mar\u0161kiniais su sagomis ir mokasinais, kad sukurtum\u0117te eleganti\u0161k\u0105 aprang\u0105.<\/li>\n<li data-sourcepos=\"19:1-20:0\"><strong>Formalus:<\/strong> Sluoksniuokite j\u012f ant mar\u0161kini\u0173 ir kaklarai\u0161\u010dio, kad atrodytum\u0117te rafinuotai.<\/li>\n<\/ul>\n<p data-sourcepos=\"21:1-21:40\"><strong>Kur rasti vyri\u0161k\u0173 alpakos megztini\u0173:<\/strong><\/p>\n<ul data-sourcepos=\"23:1-26:0\">\n<li data-sourcepos=\"23:1-23:116\"><strong><span class=\"citation-7 recitation\">Interneto ma\u017emenininkai:<\/span><\/strong><span class=\"citation-7 recitation citation-end-7\"> \"Amazon\", \"Etsy\" ir kitos internetin\u0117s parduotuv\u0117s si\u016blo plat\u0173 alpakos megztini\u0173 asortiment\u0105.<\/span><\/li>\n<li data-sourcepos=\"23:1-23:116\"><strong style=\"font-size: 14.4px;\">Universalin\u0117s parduotuv\u0117s:<\/strong><span style=\"font-size: 14.4px;\"> Auk\u0161tos klas\u0117s universalin\u0117se parduotuv\u0117se da\u017enai galima \u012fsigyti prabangi\u0173 preki\u0173 \u017eenkl\u0173 alpakos megztini\u0173.<\/span><\/li>\n<li data-sourcepos=\"25:1-26:0\"><strong>Specializuotos parduotuv\u0117s:<\/strong> Ie\u0161kokite parduotuvi\u0173, kurios specializuojasi prabangi\u0173 pluo\u0161t\u0173 ir tvarios mados srityje.<\/li>\n<\/ul>\n<p data-sourcepos=\"27:1-27:223\"><strong>Atminkite:<\/strong> Pirkdami alpakos megztin\u012f ie\u0161kokite auk\u0161tos kokyb\u0117s, eti\u0161kai i\u0161gauto pluo\u0161to. Taip pat atsi\u017evelkite \u012f megztinio svor\u012f ir stor\u012f, nes nuo to priklauso jo \u0161iluma ir tinkamumas skirtingoms klimato s\u0105lygoms.<\/p>","protected":false},"excerpt":{"rendered":"<table style=\"height: 483px;\" width=\"499\">\n<tbody>\n<tr>\n<td width=\"146\"><strong><b>Produktas<\/b><\/strong>\u00a0<strong><b>Vardas ir pavard\u0117:<\/b><\/strong><\/td>\n<td width=\"601\"><strong>Vyri\u0161kas d\u017eemperis i\u0161 alpakos<\/strong><\/td>\n<\/tr>\n<tr>\n<td width=\"146\"><strong><b>Materlal:<\/b><\/strong><\/td>\n<td width=\"601\">Poliesteris \/ medviln\u0117<\/td>\n<\/tr>\n<tr>\n<td width=\"146\"><strong><b>Technika:<\/b><\/strong><\/td>\n<td width=\"601\">Audimas<\/td>\n<\/tr>\n<tr>\n<td width=\"146\"><strong><b>Stilius:<\/b><\/strong><\/td>\n<td width=\"601\">Atsitiktinis<\/td>\n<\/tr>\n<tr>\n<td width=\"146\"><strong><b>Spalva<\/b><\/strong><strong><b>:<\/b><\/strong><\/td>\n<td width=\"601\">\u00a0Pasirinktin\u0117s spalvos<\/td>\n<\/tr>\n<tr>\n<td width=\"146\"><strong><b>Dydis:<\/b><\/strong><\/td>\n<td width=\"601\">S \/M \/L \/XL \/2XL<\/td>\n<\/tr>\n<tr>\n<td width=\"146\"><strong><b>OEM\/ODM:<\/b><\/strong><\/td>\n<td width=\"601\">Priimtina<\/td>\n<\/tr>\n<tr>\n<td width=\"146\"><strong><b>Kokyb\u0117:<\/b><\/strong><\/td>\n<td width=\"601\">100% Auk\u0161ta kokyb\u0117<\/td>\n<\/tr>\n<tr>\n<td width=\"146\"><strong><b>M<\/b><\/strong><strong><b>OQ:<\/b><\/strong><\/td>\n<td width=\"601\">200 vnt.<\/td>\n<\/tr>\n<\/tbody>\n<\/table>","protected":false},"featured_media":1793,"template":"","meta":[],"product_brand":[],"product_cat":[38],"product_tag":[],"class_list":{"0":"post-1792","1":"product","2":"type-product","3":"status-publish","4":"has-post-thumbnail","6":"product_cat-mens-clothing","8":"first","9":"instock","10":"shipping-taxable","11":"product-type-simple"},"_links":{"self":[{"href":"https:\/\/mj-clothing.com\/lt\/wp-json\/wp\/v2\/product\/1792","targetHints":{"allow":["GET"]}}],"collection":[{"href":"https:\/\/mj-clothing.com\/lt\/wp-json\/wp\/v2\/product"}],"about":[{"href":"https:\/\/mj-clothing.com\/lt\/wp-json\/wp\/v2\/types\/product"}],"wp:featuredmedia":[{"embeddable":true,"href":"https:\/\/mj-clothing.com\/lt\/wp-json\/wp\/v2\/media\/1793"}],"wp:attachment":[{"href":"https:\/\/mj-clothing.com\/lt\/wp-json\/wp\/v2\/media?parent=1792"}],"wp:term":[{"taxonomy":"product_brand","embeddable":true,"href":"https:\/\/mj-clothing.com\/lt\/wp-json\/wp\/v2\/product_brand?post=1792"},{"taxonomy":"product_cat","embeddable":true,"href":"https:\/\/mj-clothing.com\/lt\/wp-json\/wp\/v2\/product_cat?post=1792"},{"taxonomy":"product_tag","embeddable":true,"href":"https:\/\/mj-clothing.com\/lt\/wp-json\/wp\/v2\/product_tag?post=1792"}],"curies":[{"name":"wp","href":"https:\/\/api.w.org\/{rel}","templated":true}]}}