{"id":1802,"date":"2024-12-14T06:48:03","date_gmt":"2024-12-14T06:48:03","guid":{"rendered":"https:\/\/mj-clothing.com\/?post_type=product&#038;p=1802"},"modified":"2024-12-17T06:59:40","modified_gmt":"2024-12-17T06:59:40","slug":"mens-mohair-sweater","status":"publish","type":"product","link":"https:\/\/mj-clothing.com\/lt\/manufacturer\/mens-mohair-sweater\/","title":{"rendered":"Vyri\u0161kas megztinis i\u0161 moherio"},"content":{"rendered":"<h2 data-sourcepos=\"1:1-1:44\">Vyri\u0161ki megztiniai i\u0161 moherio: Prabangus pasirinkimas<\/h2>\n<p data-sourcepos=\"3:1-3:167\"><span class=\"citation-0 recitation citation-end-0\">Vyri\u0161kas moherio megztinis - tai prabangus drabu\u017eis, pagamintas i\u0161 \u0161velnaus ir mink\u0161to Angoros o\u017ekos pluo\u0161to.<\/span> Moheris pasi\u017eymi i\u0161skirtin\u0117mis savyb\u0117mis, \u012fskaitant:<span class=\"button-container hide-from-message-actions ng-star-inserted\">\u00a0<\/span><\/p>\n<div class=\"container ng-tns-c2946245707-308 hide\">\n<div class=\"carousel-container ng-tns-c2946245707-308\">\n<div class=\"carousel-content ng-tns-c2946245707-308\">\n<div class=\"sources-carousel-source ng-tns-c2946245707-308 hide ng-star-inserted\" data-test-id=\"sources-carousel-source\"><\/div>\n<\/div>\n<\/div>\n<\/div>\n<ul data-sourcepos=\"5:1-9:0\">\n<li data-sourcepos=\"5:1-5:70\"><strong>Mink\u0161tumas:<\/strong> Moheris yra ne\u012ftik\u0117tinai mink\u0161tas, da\u017enai \u0161velnesnis u\u017e ka\u0161myr\u0105.<\/li>\n<li data-sourcepos=\"6:1-6:94\"><strong>\u0160iluma:<\/strong> <span class=\"citation-1 recitation citation-end-1\">Ji puikiai izoliuoja, tod\u0117l \u0161altuoju met\u0173 laiku i\u0161lieka \u0161ilta.<\/span><span class=\"button-container hide-from-message-actions ng-star-inserted\"> \u00a0<\/span><\/li>\n<li data-sourcepos=\"6:1-6:94\"><span class=\"button-container hide-from-message-actions ng-star-inserted\"><strong style=\"font-size: 14.4px;\"><span class=\"citation-2 recitation\">Patvarumas:<\/span><\/strong><span class=\"citation-2 recitation citation-end-2\" style=\"font-size: 14.4px;\"> Moheris yra patvarus ir atsparus pelyjimui.<\/span><\/span>\n<div class=\"container ng-tns-c2946245707-310 hide\">\n<div class=\"carousel-container ng-tns-c2946245707-310\"><\/div>\n<\/div>\n<\/li>\n<li data-sourcepos=\"8:1-9:0\"><strong><span class=\"citation-3 recitation\">Blizgesys:<\/span><\/strong><span class=\"citation-3 recitation citation-end-3\"> Moheris pasi\u017eymi nat\u016braliu blizgesiu, kuris jam suteikia nepakartojamo blizgesio.<\/span>\n<div class=\"container ng-tns-c2946245707-311 hide\">\n<div class=\"carousel-container ng-tns-c2946245707-311\"><\/div>\n<\/div>\n<\/li>\n<\/ul>\n<h3 data-sourcepos=\"10:1-10:32\"><strong>Kod\u0117l verta rinktis vyri\u0161k\u0105 moherio megztin\u012f?<\/strong><\/h3>\n<ul data-sourcepos=\"12:1-16:0\">\n<li data-sourcepos=\"12:1-12:93\"><strong>Prabangus poj\u016btis:<\/strong> \u0160velni, \u0161ilkin\u0117 moheros pluo\u0161to tekst\u016bra nuostabiai priglunda prie odos.<\/li>\n<li data-sourcepos=\"13:1-13:118\"><strong><span class=\"citation-4 recitation\">I\u0161skirtin\u0117 \u0161iluma:<\/span><\/strong><span class=\"citation-4 recitation citation-end-4\"> Moherio megztiniai puikiai tinka \u0161altam orui, kad b\u016bt\u0173 jauku ir patogu.<\/span><span class=\"button-container hide-from-message-actions ng-star-inserted\">\u00a0<\/span>\n<div class=\"container ng-tns-c2946245707-312 hide\">\n<div class=\"carousel-container ng-tns-c2946245707-312\"><\/div>\n<\/div>\n<\/li>\n<li data-sourcepos=\"14:1-14:99\"><strong>Stilius ir elegancija:<\/strong> Moherio megztiniai gali patobulinti bet koki\u0105 aprang\u0105 ir suteikti rafinuotumo.<\/li>\n<li data-sourcepos=\"15:1-16:0\"><strong>Unikali tekst\u016bra:<\/strong> Unikali moherio tekst\u016bra suteikia j\u016bs\u0173 garderobui vizualinio \u012fdomumo.<\/li>\n<\/ul>\n<h3 data-sourcepos=\"17:1-17:34\"><strong>Kaip stilizuoti moherio megztin\u012f:<\/strong><\/h3>\n<ul data-sourcepos=\"19:1-22:0\">\n<li data-sourcepos=\"19:1-19:77\"><strong>Atsitiktinis:<\/strong> J\u0105 derinkite prie d\u017eins\u0173, mar\u0161kin\u0117li\u0173 ir sportba\u010di\u0173, kad atrodytum\u0117te laisvai.<\/li>\n<li data-sourcepos=\"20:1-20:96\"><strong>Smart Casual:<\/strong> D\u0117v\u0117kite j\u012f su chinos, mar\u0161kiniais su sagomis ir mokasinais, kad sukurtum\u0117te eleganti\u0161k\u0105 aprang\u0105.<\/li>\n<li data-sourcepos=\"21:1-22:0\"><strong>Formalus:<\/strong> Sluoksniuokite j\u012f ant mar\u0161kini\u0173 ir kaklarai\u0161\u010dio, kad atrodytum\u0117te rafinuotai.<\/li>\n<\/ul>\n<h3 data-sourcepos=\"23:1-23:40\"><strong>Kur rasti vyri\u0161k\u0173 megztini\u0173 i\u0161 moherio:<\/strong><\/h3>\n<ul data-sourcepos=\"25:1-28:0\">\n<li data-sourcepos=\"25:1-25:90\"><strong>Auk\u0161tos klas\u0117s universalin\u0117s parduotuv\u0117s:<\/strong> Ie\u0161kokite prabangi\u0173 preki\u0173 \u017eenkl\u0173, kurie specializuojasi megzt\u0173 drabu\u017ei\u0173 gamyboje.<\/li>\n<li data-sourcepos=\"26:1-26:130\"><strong><span class=\"citation-5 recitation\">Interneto ma\u017emenininkai:<\/span><\/strong><span class=\"citation-5 recitation citation-end-5\"> Tokiose svetain\u0117se kaip \"Amazon\", \"Etsy\" ir kitose internetin\u0117se parduotuv\u0117se galima rasti \u012fvairi\u0173 moherio megztini\u0173.<\/span>\n<div class=\"container ng-tns-c2946245707-313 hide\">\n<div class=\"carousel-container ng-tns-c2946245707-313\"><\/div>\n<\/div>\n<\/li>\n<li data-sourcepos=\"27:1-28:0\"><strong>Specializuotos parduotuv\u0117s:<\/strong> Prabangi\u0173 pluo\u0161t\u0173 ir tvarios mados parduotuv\u0117se gali b\u016bti moherio megztini\u0173.<\/li>\n<\/ul>\n<p data-sourcepos=\"29:1-29:222\"><strong>Atminkite:<\/strong> Pirkdami moherio megztin\u012f ie\u0161kokite auk\u0161tos kokyb\u0117s, eti\u0161kai gauto pluo\u0161to. Taip pat atsi\u017evelkite \u012f megztinio svor\u012f ir stor\u012f, nes nuo to priklauso jo \u0161iluma ir tinkamumas skirtingoms klimato s\u0105lygoms.<\/p>","protected":false},"excerpt":{"rendered":"<table style=\"height: 484px;\" width=\"506\">\n<tbody>\n<tr>\n<td width=\"146\"><strong><b>Produktas<\/b><\/strong>\u00a0<strong><b>Vardas ir pavard\u0117:<\/b><\/strong><\/td>\n<td width=\"601\"><strong>Vyri\u0161kas megztinis i\u0161 moherio<\/strong><\/td>\n<\/tr>\n<tr>\n<td width=\"146\"><strong><b>Materlal:<\/b><\/strong><\/td>\n<td width=\"601\">Poliesteris \/ medviln\u0117<\/td>\n<\/tr>\n<tr>\n<td width=\"146\"><strong><b>Technika:<\/b><\/strong><\/td>\n<td width=\"601\">Audimas<\/td>\n<\/tr>\n<tr>\n<td width=\"146\"><strong><b>Stilius:<\/b><\/strong><\/td>\n<td width=\"601\">Atsitiktinis<\/td>\n<\/tr>\n<tr>\n<td width=\"146\"><strong><b>Spalva<\/b><\/strong><strong><b>:<\/b><\/strong><\/td>\n<td width=\"601\">\u00a0Pasirinktin\u0117s spalvos<\/td>\n<\/tr>\n<tr>\n<td width=\"146\"><strong><b>Dydis:<\/b><\/strong><\/td>\n<td width=\"601\">S \/M \/L \/XL \/2XL<\/td>\n<\/tr>\n<tr>\n<td width=\"146\"><strong><b>OEM\/ODM:<\/b><\/strong><\/td>\n<td width=\"601\">Priimtina<\/td>\n<\/tr>\n<tr>\n<td width=\"146\"><strong><b>Kokyb\u0117:<\/b><\/strong><\/td>\n<td width=\"601\">100% Auk\u0161ta kokyb\u0117<\/td>\n<\/tr>\n<tr>\n<td width=\"146\"><strong><b>M<\/b><\/strong><strong><b>OQ:<\/b><\/strong><\/td>\n<td width=\"601\">200 vnt.<\/td>\n<\/tr>\n<\/tbody>\n<\/table>","protected":false},"featured_media":1803,"template":"","meta":[],"product_brand":[],"product_cat":[38],"product_tag":[],"class_list":{"0":"post-1802","1":"product","2":"type-product","3":"status-publish","4":"has-post-thumbnail","6":"product_cat-mens-clothing","8":"first","9":"instock","10":"shipping-taxable","11":"product-type-simple"},"_links":{"self":[{"href":"https:\/\/mj-clothing.com\/lt\/wp-json\/wp\/v2\/product\/1802","targetHints":{"allow":["GET"]}}],"collection":[{"href":"https:\/\/mj-clothing.com\/lt\/wp-json\/wp\/v2\/product"}],"about":[{"href":"https:\/\/mj-clothing.com\/lt\/wp-json\/wp\/v2\/types\/product"}],"wp:featuredmedia":[{"embeddable":true,"href":"https:\/\/mj-clothing.com\/lt\/wp-json\/wp\/v2\/media\/1803"}],"wp:attachment":[{"href":"https:\/\/mj-clothing.com\/lt\/wp-json\/wp\/v2\/media?parent=1802"}],"wp:term":[{"taxonomy":"product_brand","embeddable":true,"href":"https:\/\/mj-clothing.com\/lt\/wp-json\/wp\/v2\/product_brand?post=1802"},{"taxonomy":"product_cat","embeddable":true,"href":"https:\/\/mj-clothing.com\/lt\/wp-json\/wp\/v2\/product_cat?post=1802"},{"taxonomy":"product_tag","embeddable":true,"href":"https:\/\/mj-clothing.com\/lt\/wp-json\/wp\/v2\/product_tag?post=1802"}],"curies":[{"name":"wp","href":"https:\/\/api.w.org\/{rel}","templated":true}]}}